{"id":1001,"date":"2022-01-17T15:40:48","date_gmt":"2022-01-17T15:40:48","guid":{"rendered":"https:\/\/sfx.be\/uebersetzung-von-websites-internetseiten\/"},"modified":"2022-01-17T15:40:50","modified_gmt":"2022-01-17T15:40:50","slug":"uebersetzung-von-websites-internetseiten","status":"publish","type":"page","link":"https:\/\/sfx.be\/de\/uebersetzung-von-websites-internetseiten\/","title":{"rendered":"\u00dcbersetzung von Websites\/Internetseiten"},"content":{"rendered":"<p>[et_pb_section fb_built=&#8220;1&#8243; _builder_version=&#8220;4.9.4&#8243; _module_preset=&#8220;default&#8220; background_color=&#8220;#FFFFFF&#8220; width=&#8220;60%&#8220; width_tablet=&#8220;90%&#8220; width_phone=&#8220;&#8220; width_last_edited=&#8220;on|tablet&#8220; module_alignment=&#8220;center&#8220; custom_margin=&#8220;5vh||||false|false&#8220; custom_padding=&#8220;||||false|false&#8220; border_radii=&#8220;on|3px|3px|3px|3px&#8220; box_shadow_style=&#8220;preset1&#8243; box_shadow_color=&#8220;rgba(0,0,0,0.06)&#8220; global_colors_info=&#8220;{}&#8220;][et_pb_row use_custom_gutter=&#8220;on&#8220; gutter_width=&#8220;4&#8243; _builder_version=&#8220;4.9.4&#8243; _module_preset=&#8220;default&#8220; custom_padding=&#8220;0px||0px||false|false&#8220; global_colors_info=&#8220;{}&#8220;][et_pb_column type=&#8220;4_4&#8243; _builder_version=&#8220;4.9.4&#8243; _module_preset=&#8220;default&#8220; global_colors_info=&#8220;{}&#8220;][dsm_breadcrumbs home_text=&#8220;Home&#8220; _builder_version=&#8220;4.9.4&#8243; _module_preset=&#8220;default&#8220; items_font=&#8220;Nunito|700|||||||&#8220; current_font=&#8220;Nunito||||||||&#8220; width=&#8220;100%&#8220; module_alignment=&#8220;center&#8220; custom_margin=&#8220;0px||0px||false|false&#8220; custom_padding=&#8220;0px||0px||false|false&#8220; global_colors_info=&#8220;{}&#8220;][\/dsm_breadcrumbs][et_pb_text _builder_version=&#8220;4.9.4&#8243; _module_preset=&#8220;default&#8220; header_font=&#8220;Nunito|700|||||||&#8220; header_font_size=&#8220;38px&#8220; header_line_height=&#8220;1.3em&#8220; width=&#8220;100%&#8220; global_colors_info=&#8220;{}&#8220;]<\/p>\n<h1>\u00dcbersetzung von <span style=\"color: #8dc63f;\">Websites\/Internetseiten<\/span><\/h1>\n<p>[\/et_pb_text][\/et_pb_column][\/et_pb_row][et_pb_row _builder_version=&#8220;4.9.4&#8243; _module_preset=&#8220;default&#8220; width=&#8220;100%&#8220; max_width=&#8220;1477px&#8220; custom_padding=&#8220;2vh||0px||false|false&#8220; global_colors_info=&#8220;{}&#8220;][et_pb_column type=&#8220;4_4&#8243; _builder_version=&#8220;4.9.4&#8243; _module_preset=&#8220;default&#8220; background_color=&#8220;#FFFFFF&#8220; custom_padding=&#8220;||||true|false&#8220; global_colors_info=&#8220;{}&#8220;][et_pb_text _builder_version=&#8220;4.9.4&#8243; _module_preset=&#8220;default&#8220; text_font=&#8220;Nunito||||||||&#8220; text_text_color=&#8220;#000000&#8243; text_font_size=&#8220;16px&#8220; text_line_height=&#8220;1.8em&#8220; header_2_font_size=&#8220;24px&#8220; header_2_line_height=&#8220;1.7em&#8220; width=&#8220;80%&#8220; global_colors_info=&#8220;{}&#8220;]<\/p>\n<p>Wir leben in einer Hightech-Welt, d. h., wir sind permanent vernetzt und in Kontakt mit unseren Bildschirmen. Uns entgeht nichts. Diese Hightech-Verbindung f\u00fchrt dazu, dass wir jedes Detail \u00fcberpr\u00fcfen und uns \u00fcber Personen oder Firmen gr\u00fcndlich informieren. Wir durchsuchen die sozialen Netzwerke und nat\u00fcrlich auch Websites. Mithilfe dieser Websites entdecken wir direkt das eine oder andere Unternehmen. Mit der \u00dcbersetzung Ihrer Website ziehen Sie noch mehr Aufmerksamkeit auf sich.      <\/p>\n<h2>Das \u00dcbersetzungsb\u00fcro, das Ihre Website auf dem neuesten Stand h\u00e4lt<\/h2>\n<p>Wie Sie bereits wissen,<span> <\/span><strong>ist unsere Welt \u00e4u\u00dferst gut entwickelt,<\/strong><span> <\/span>ganz speziell die Reisebranche. Mit wenigen Mausklicks <span> <\/span><strong>gelangen<\/strong><span> <\/span>wir ohne Hindernisse ans andere Ende der Welt.<\/p>\n<p>Dieser geniale Fortschritt<span> <\/span><strong>hilft uns dabei, sehr einfach<\/strong> alle m\u00f6glichen <span> <\/span><strong>Unternehmen zu finden.<\/strong><\/p>\n<p>Der Reflex der modernen Zeiten besteht darin, eine Website zu erstellen, um besser gesehen zu werden, mehr Anfragen zu erhalten und schlicht mehr gefragt zu sein.<span> <\/span>Internetseiten sind genau dazu da. Die n\u00e4chste Herausforderung ist jetzt, <strong>sich an alle anzupassen<\/strong>. Dazu muss <span> <\/span><strong>der Inhalt von Websites und sonstigen Internetauftritten \u00fcbersetzt werden<\/strong><span> <\/span>, um f\u00fcr alle verst\u00e4ndlich zu sein. Gibt es eine \u00dcbersetzung in Ihrer Sprache, f\u00e4llt es leichter, sich f\u00fcr dieses Unternehmen zu entscheiden. Sie f\u00fchlen sich direkt angesprochen \u2013 das ist die Arbeit von  <span> <\/span><strong><a href=\"https:\/\/sfx.be\/de\/kontakt\/\">unserem \u00dcbersetzungsb\u00fcro SFX Translated<\/a><\/strong>.<\/p>\n<h2>Das \u00dcbersetzungsb\u00fcro in L\u00fcttich, aber auch in Ihrer N\u00e4he<\/h2>\n<p><strong><a href=\"https:\/\/sfx.be\/de\/dienste\/\">Unser \u00dcbersetzungsb\u00fcro hat seinen Sitz in L\u00fcttich, der \u201egl\u00fchenden Stadt\u201c<\/a><\/strong>. Wir sind in Ihrer N\u00e4he, auch wenn wir <span> <\/span><strong>ein internationales Netzwerk<\/strong> haben. Dadurch sind wir immer f\u00fcr Sie da, egal, wo Sie sich befinden. <\/p>\n<p>Dank dieses Netzwerks k\u00f6nnen wir alle Ihre Anfragen beantworten.<span> <\/span><strong>Unser Team besteht aus tausenden von Mitarbeitern, die auf der ganzen Welt verstreut sind und sich auf ein oder mehrere Fachgebiete spezialisiert haben.<\/strong> Das bedeutet, dass die von Ihnen gew\u00fcnschte Sprache sowie der Inhalt Ihrer Website oder Ihres Dokuments perfekt zu einem unserer Mitarbeiter passen werden. Die<span> <\/span><strong>\u00dcbersetzung wird daher makellos sein<\/strong>.<\/p>\n<h2>Ein \u00dcbersetzungsb\u00fcro \u2013 aber nicht nur<\/h2>\n<p>Wir<span> <\/span><strong>\u00fcbersetzen die verschiedensten Schriftdokumente,<\/strong><span> <\/span>wie z.<span> <\/span><strong>B. Websites,<span> <\/span><a href=\"https:\/\/sfx.be\/de\/technisch\/juristische-uebersetzungen\/\">rechtliche<\/a>,<span> <\/span><a href=\"https:\/\/sfx.be\/de\/technisch\/uebersetzungen-im-bereich-medizin-wissenschaft-oder-pharmazie\/\">medizinische <\/a><span> <\/span>oder auch <span> <\/span><a href=\"https:\/\/sfx.be\/de\/technisch\/technische-uebersetzungen\/\">technische Dokumente<\/a><\/strong>. Diese Schriftst\u00fccke erfordern<span> <\/span><strong>tadellose \u00dcbersetzungen,<\/strong><span> <\/span>da sie vor Gericht, im Verwaltungsrat oder zur Erstellung eines Vertrags verwendet werden k\u00f6nnen.<span> <\/span><strong>Wir k\u00fcmmern uns um alle Schritte, d. h. um \u00dcbersetzung, Lektorat, Beglaubigung und die Zusendung per Post.<\/strong><\/p>\n<p><strong>Wir \u00fcbersetzen auch Untertitel<\/strong><span> <\/span>f\u00fcr Werbe- oder sonstige Videos. Wir <span> <\/span><strong>\u00fcberpr\u00fcfen Ihre Texte<\/strong><span> <\/span>damit Sie ein fehlerfreies Schriftst\u00fcck erhalten. Wir bieten Ihnen auch <span> <\/span><strong>ma\u00dfgeschneiderte Dienstleitungen<\/strong><span> <\/span>f\u00fcr Ihre Bed\u00fcrfnisse an. Nehmen wir an, Sie reisen ins Ausland, wo Sie die Landessprache nicht beherrschen. Dort sollen Sie einen Vertrag f\u00fcr einen f\u00fcr Ihre T\u00e4tigkeit wichtigen Markt abschlie\u00dfen. Wenden Sie sich an uns und an unseren  <span> <\/span><strong>Dolmetscher<\/strong>.<\/p>\n<h2>Ihr \u00dcbersetzungsb\u00fcro unterst\u00fctzt Sie von A bis Z.<\/h2>\n<p><strong>Wie auch immer Ihre Anfrage lautet, egal, ob f\u00fcr Ihre Website oder Ihren Internetauftritt: Warten Sie nicht l\u00e4nger und nehmen Sie Kontakt mit uns auf!<\/strong><\/p>\n<p>Sie erhalten unser<span> <\/span><strong>Angebot innerhalb von 24 Stunden<\/strong><span> <\/span>und der<span> <\/span>Preis wird <strong>abh\u00e4ngig vom Thema, Schwierigkeitsgrad<\/strong> und der Lieferfrist angepasst. <span> <\/span><strong>SFX Translated bietet Ihnen also<\/strong><span> <\/span>eine v\u00f6llig auf Ihre Bed\u00fcrfnisse angepasste Leistung an.<\/p>\n<p>[\/et_pb_text][\/et_pb_column][\/et_pb_row][\/et_pb_section][et_pb_section fb_built=&#8220;1&#8243; _builder_version=&#8220;4.9.4&#8243; _module_preset=&#8220;default&#8220; background_color=&#8220;#FFFFFF&#8220; width=&#8220;55%&#8220; width_tablet=&#8220;80%&#8220; width_phone=&#8220;&#8220; width_last_edited=&#8220;on|phone&#8220; module_alignment=&#8220;center&#8220; custom_margin=&#8220;6vh||15vh||false|false&#8220; border_radii=&#8220;on|3px|3px|3px|3px&#8220; box_shadow_style=&#8220;preset1&#8243; box_shadow_color=&#8220;rgba(0,0,0,0.06)&#8220; global_colors_info=&#8220;{}&#8220;][et_pb_row _builder_version=&#8220;4.9.4&#8243; _module_preset=&#8220;default&#8220; custom_padding=&#8220;0px||0px||false|false&#8220; global_colors_info=&#8220;{}&#8220;][et_pb_column type=&#8220;4_4&#8243; _builder_version=&#8220;4.9.4&#8243; _module_preset=&#8220;default&#8220; global_colors_info=&#8220;{}&#8220;][et_pb_text _builder_version=&#8220;4.9.4&#8243; _module_preset=&#8220;default&#8220; text_font=&#8220;Nunito|700|||||||&#8220; text_text_color=&#8220;#000000&#8243; text_font_size=&#8220;29px&#8220; text_line_height=&#8220;1.4em&#8220; text_orientation=&#8220;center&#8220; animation_style=&#8220;slide&#8220; animation_direction=&#8220;bottom&#8220; animation_intensity_slide=&#8220;10%&#8220; animation_speed_curve=&#8220;ease-out&#8220; global_colors_info=&#8220;{}&#8220;]Warten Sie nicht l\u00e4nger und profitieren Sie von professioneller Arbeit zum besten Preis.[\/et_pb_text][et_pb_button button_url=&#8220;@ET-DC@eyJkeW5hbWljIjp0cnVlLCJjb250ZW50IjoicG9zdF9saW5rX3VybF9wYWdlIiwic2V0dGluZ3MiOnsicG9zdF9pZCI6IjIxIn19@&#8220; button_text=&#8220;Kostenloses Angebot&#8220; button_alignment=&#8220;center&#8220; _builder_version=&#8220;4.9.4&#8243; _dynamic_attributes=&#8220;button_url&#8220; _module_preset=&#8220;default&#8220; button_text_size=&#8220;26px&#8220; global_colors_info=&#8220;{}&#8220;][\/et_pb_button][\/et_pb_column][\/et_pb_row][\/et_pb_section]<\/p>\n","protected":false},"excerpt":{"rendered":"<p><div class=\"et_pb_module dsm_breadcrumbs dsm_breadcrumbs_0\">\n\t\t\t\t\n\t\t\t\t\n\t\t\t\t\n\t\t\t\t\n\t\t\t\t\n\t\t\t\t\n\t\t\t\t<div class=\"et_pb_module_inner\">\n\t\t\t\t\t<nav class=\"dsm_breadcrumbs_wrap\">\n\t\t\t\t<ul class=\"dsm_breadcrumbs\" itemscope itemtype=\"https:\/\/schema.org\/BreadcrumbList\">\t\t\t<li class=\"dsm_breadcrumbs_item dsm_home_item dsm_home_item_custom\" itemprop=\"itemListElement\" itemscope\n\t\t\titemtype=\"https:\/\/schema.org\/ListItem\">\n\t\t\t\t<a href=\"https:\/\/sfx.be\/de\/\" itemprop=\"item\" target=\"\">\n\t\t\t\t\t<span class='dsm_home_text_wrapper'>\n\t\t\t\t\t\t\t\t\t\t\t\t\t<span class=\"et-pb-icon dsm_home_icon\">\ue009<\/span>\n\t\t\t\t\t\t\t\t\t\t\t\t\t<span class=\"dsm_home_text\" itemprop=\"name\">\n\t\t\t\t\t\t\t\tHome\t\t\t\t\t\t\t<\/span>\n\t\t\t\t\t<\/span>\n\t\t\t\t<\/a>\n\t\t\t\t<meta itemprop=\"position\" content=\"1\" \/>\n\t\t\t<\/li>\n\n\t\t<li class=\"dsm_breadcrumbs_separator\"> <span class=\"et-pb-icon dsm_separator_icon\">5<\/span><\/li><\/ul>\n\t\t\t<\/nav>\n\t\t\t\t<\/div>\n\t\t\t<\/div>\u00dcbersetzung von Websites\/InternetseitenWir leben in einer Hightech-Welt, d. h., wir sind permanent vernetzt und in Kontakt mit unseren Bildschirmen. Uns entgeht nichts. Diese Hightech-Verbindung f\u00fchrt dazu, dass wir jedes Detail \u00fcberpr\u00fcfen und uns \u00fcber Personen oder Firmen gr\u00fcndlich informieren. Wir durchsuchen die sozialen Netzwerke und nat\u00fcrlich auch Websites. Mithilfe dieser Websites entdecken wir direkt das eine oder andere Unternehmen. Mit der \u00dcbersetzung Ihrer Website ziehen Sie noch mehr Aufmerksamkeit auf sich. Das \u00dcbersetzungsb\u00fcro, das Ihre Website auf dem neuesten Stand h\u00e4lt Wie Sie bereits wissen, ist unsere Welt \u00e4u\u00dferst gut entwickelt, ganz speziell die Reisebranche. Mit wenigen Mausklicks gelangen wir ohne Hindernisse ans andere Ende der Welt. Dieser geniale Fortschritt hilft uns dabei, sehr einfach alle m\u00f6glichen Unternehmen zu finden. Der Reflex der modernen Zeiten besteht darin, eine Website zu erstellen, um besser gesehen zu werden, mehr Anfragen zu erhalten und schlicht mehr gefragt zu sein. Internetseiten sind genau dazu da. Die n\u00e4chste Herausforderung ist jetzt, sich an alle anzupassen. Dazu muss der Inhalt von Websites und sonstigen Internetauftritten \u00fcbersetzt werden , um f\u00fcr alle verst\u00e4ndlich zu sein. Gibt es eine \u00dcbersetzung in Ihrer Sprache, f\u00e4llt es leichter, sich f\u00fcr [&hellip;]<\/p>\n","protected":false},"author":1,"featured_media":0,"parent":0,"menu_order":0,"comment_status":"closed","ping_status":"closed","template":"","meta":{"_et_pb_use_builder":"on","_et_pb_old_content":"","_et_gb_content_width":"","inline_featured_image":false,"footnotes":""},"class_list":["post-1001","page","type-page","status-publish","hentry"],"yoast_head":"<!-- This site is optimized with the Yoast SEO plugin v27.4 - https:\/\/yoast.com\/product\/yoast-seo-wordpress\/ -->\n<title>\u00dcbersetzung von Websites\/Internetseiten - SFX<\/title>\n<meta name=\"robots\" content=\"index, follow, max-snippet:-1, max-image-preview:large, max-video-preview:-1\" \/>\n<link rel=\"canonical\" href=\"https:\/\/sfx.be\/de\/uebersetzung-von-websites-internetseiten\/\" \/>\n<meta property=\"og:locale\" content=\"de_DE\" \/>\n<meta property=\"og:type\" content=\"article\" \/>\n<meta property=\"og:title\" content=\"\u00dcbersetzung von Websites\/Internetseiten - SFX\" \/>\n<meta property=\"og:description\" content=\"\u00dcbersetzung von Websites\/InternetseitenWir leben in einer Hightech-Welt, d. h., wir sind permanent vernetzt und in Kontakt mit unseren Bildschirmen. Uns entgeht nichts. Diese Hightech-Verbindung f\u00fchrt dazu, dass wir jedes Detail \u00fcberpr\u00fcfen und uns \u00fcber Personen oder Firmen gr\u00fcndlich informieren. Wir durchsuchen die sozialen Netzwerke und nat\u00fcrlich auch Websites. Mithilfe dieser Websites entdecken wir direkt das eine oder andere Unternehmen. Mit der \u00dcbersetzung Ihrer Website ziehen Sie noch mehr Aufmerksamkeit auf sich. Das \u00dcbersetzungsb\u00fcro, das Ihre Website auf dem neuesten Stand h\u00e4lt Wie Sie bereits wissen, ist unsere Welt \u00e4u\u00dferst gut entwickelt, ganz speziell die Reisebranche. Mit wenigen Mausklicks gelangen wir ohne Hindernisse ans andere Ende der Welt. Dieser geniale Fortschritt hilft uns dabei, sehr einfach alle m\u00f6glichen Unternehmen zu finden. Der Reflex der modernen Zeiten besteht darin, eine Website zu erstellen, um besser gesehen zu werden, mehr Anfragen zu erhalten und schlicht mehr gefragt zu sein. Internetseiten sind genau dazu da. Die n\u00e4chste Herausforderung ist jetzt, sich an alle anzupassen. Dazu muss der Inhalt von Websites und sonstigen Internetauftritten \u00fcbersetzt werden , um f\u00fcr alle verst\u00e4ndlich zu sein. Gibt es eine \u00dcbersetzung in Ihrer Sprache, f\u00e4llt es leichter, sich f\u00fcr [&hellip;]\" \/>\n<meta property=\"og:url\" content=\"https:\/\/sfx.be\/de\/uebersetzung-von-websites-internetseiten\/\" \/>\n<meta property=\"og:site_name\" content=\"SFX\" \/>\n<meta property=\"article:modified_time\" content=\"2022-01-17T15:40:50+00:00\" \/>\n<meta name=\"twitter:card\" content=\"summary_large_image\" \/>\n<meta name=\"twitter:label1\" content=\"Gesch\u00e4tzte Lesezeit\" \/>\n\t<meta name=\"twitter:data1\" content=\"5\u00a0Minuten\" \/>\n<!-- \/ Yoast SEO plugin. -->","yoast_head_json":{"title":"\u00dcbersetzung von Websites\/Internetseiten - SFX","robots":{"index":"index","follow":"follow","max-snippet":"max-snippet:-1","max-image-preview":"max-image-preview:large","max-video-preview":"max-video-preview:-1"},"canonical":"https:\/\/sfx.be\/de\/uebersetzung-von-websites-internetseiten\/","og_locale":"de_DE","og_type":"article","og_title":"\u00dcbersetzung von Websites\/Internetseiten - SFX","og_description":"\u00dcbersetzung von Websites\/InternetseitenWir leben in einer Hightech-Welt, d. h., wir sind permanent vernetzt und in Kontakt mit unseren Bildschirmen. Uns entgeht nichts. Diese Hightech-Verbindung f\u00fchrt dazu, dass wir jedes Detail \u00fcberpr\u00fcfen und uns \u00fcber Personen oder Firmen gr\u00fcndlich informieren. Wir durchsuchen die sozialen Netzwerke und nat\u00fcrlich auch Websites. Mithilfe dieser Websites entdecken wir direkt das eine oder andere Unternehmen. Mit der \u00dcbersetzung Ihrer Website ziehen Sie noch mehr Aufmerksamkeit auf sich. Das \u00dcbersetzungsb\u00fcro, das Ihre Website auf dem neuesten Stand h\u00e4lt Wie Sie bereits wissen, ist unsere Welt \u00e4u\u00dferst gut entwickelt, ganz speziell die Reisebranche. Mit wenigen Mausklicks gelangen wir ohne Hindernisse ans andere Ende der Welt. Dieser geniale Fortschritt hilft uns dabei, sehr einfach alle m\u00f6glichen Unternehmen zu finden. Der Reflex der modernen Zeiten besteht darin, eine Website zu erstellen, um besser gesehen zu werden, mehr Anfragen zu erhalten und schlicht mehr gefragt zu sein. Internetseiten sind genau dazu da. Die n\u00e4chste Herausforderung ist jetzt, sich an alle anzupassen. Dazu muss der Inhalt von Websites und sonstigen Internetauftritten \u00fcbersetzt werden , um f\u00fcr alle verst\u00e4ndlich zu sein. Gibt es eine \u00dcbersetzung in Ihrer Sprache, f\u00e4llt es leichter, sich f\u00fcr [&hellip;]","og_url":"https:\/\/sfx.be\/de\/uebersetzung-von-websites-internetseiten\/","og_site_name":"SFX","article_modified_time":"2022-01-17T15:40:50+00:00","twitter_card":"summary_large_image","twitter_misc":{"Gesch\u00e4tzte Lesezeit":"5\u00a0Minuten"},"schema":{"@context":"https:\/\/schema.org","@graph":[{"@type":"WebPage","@id":"https:\/\/sfx.be\/de\/uebersetzung-von-websites-internetseiten\/","url":"https:\/\/sfx.be\/de\/uebersetzung-von-websites-internetseiten\/","name":"\u00dcbersetzung von Websites\/Internetseiten - SFX","isPartOf":{"@id":"https:\/\/sfx.be\/en\/#website"},"datePublished":"2022-01-17T15:40:48+00:00","dateModified":"2022-01-17T15:40:50+00:00","breadcrumb":{"@id":"https:\/\/sfx.be\/de\/uebersetzung-von-websites-internetseiten\/#breadcrumb"},"inLanguage":"de","potentialAction":[{"@type":"ReadAction","target":["https:\/\/sfx.be\/de\/uebersetzung-von-websites-internetseiten\/"]}]},{"@type":"BreadcrumbList","@id":"https:\/\/sfx.be\/de\/uebersetzung-von-websites-internetseiten\/#breadcrumb","itemListElement":[{"@type":"ListItem","position":1,"name":"Accueil","item":"https:\/\/sfx.be\/de\/"},{"@type":"ListItem","position":2,"name":"\u00dcbersetzung von Websites\/Internetseiten"}]},{"@type":"WebSite","@id":"https:\/\/sfx.be\/en\/#website","url":"https:\/\/sfx.be\/en\/","name":"SFX","description":"Agence de traduction multilingue","potentialAction":[{"@type":"SearchAction","target":{"@type":"EntryPoint","urlTemplate":"https:\/\/sfx.be\/en\/?s={search_term_string}"},"query-input":{"@type":"PropertyValueSpecification","valueRequired":true,"valueName":"search_term_string"}}],"inLanguage":"de"}]}},"_links":{"self":[{"href":"https:\/\/sfx.be\/de\/wp-json\/wp\/v2\/pages\/1001","targetHints":{"allow":["GET"]}}],"collection":[{"href":"https:\/\/sfx.be\/de\/wp-json\/wp\/v2\/pages"}],"about":[{"href":"https:\/\/sfx.be\/de\/wp-json\/wp\/v2\/types\/page"}],"author":[{"embeddable":true,"href":"https:\/\/sfx.be\/de\/wp-json\/wp\/v2\/users\/1"}],"replies":[{"embeddable":true,"href":"https:\/\/sfx.be\/de\/wp-json\/wp\/v2\/comments?post=1001"}],"version-history":[{"count":2,"href":"https:\/\/sfx.be\/de\/wp-json\/wp\/v2\/pages\/1001\/revisions"}],"predecessor-version":[{"id":1003,"href":"https:\/\/sfx.be\/de\/wp-json\/wp\/v2\/pages\/1001\/revisions\/1003"}],"wp:attachment":[{"href":"https:\/\/sfx.be\/de\/wp-json\/wp\/v2\/media?parent=1001"}],"curies":[{"name":"wp","href":"https:\/\/api.w.org\/{rel}","templated":true}]}}