{"id":1010,"date":"2022-01-17T15:47:38","date_gmt":"2022-01-17T15:47:38","guid":{"rendered":"https:\/\/sfx.be\/technisch\/uebersetzungen-im-finanzwesen\/"},"modified":"2022-01-17T15:47:39","modified_gmt":"2022-01-17T15:47:39","slug":"uebersetzungen-im-finanzwesen","status":"publish","type":"page","link":"https:\/\/sfx.be\/de\/technisch\/uebersetzungen-im-finanzwesen\/","title":{"rendered":"\u00dcbersetzungen im Finanzwesen"},"content":{"rendered":"<p>[et_pb_section fb_built=&#8220;1&#8243; _builder_version=&#8220;4.9.4&#8243; _module_preset=&#8220;default&#8220; background_color=&#8220;#FFFFFF&#8220; width=&#8220;60%&#8220; width_tablet=&#8220;90%&#8220; width_phone=&#8220;&#8220; width_last_edited=&#8220;on|tablet&#8220; module_alignment=&#8220;center&#8220; custom_margin=&#8220;5vh||||false|false&#8220; custom_padding=&#8220;0px||0px||false|false&#8220; animation_style=&#8220;slide&#8220; animation_direction=&#8220;left&#8220; animation_duration=&#8220;1500ms&#8220; animation_delay=&#8220;150ms&#8220; animation_intensity_slide=&#8220;5%&#8220; animation_speed_curve=&#8220;ease&#8220; border_radii=&#8220;on|3px|3px|3px|3px&#8220; box_shadow_style=&#8220;preset1&#8243; box_shadow_color=&#8220;rgba(0,0,0,0.06)&#8220; global_colors_info=&#8220;{}&#8220;][et_pb_row _builder_version=&#8220;4.9.4&#8243; _module_preset=&#8220;default&#8220; width=&#8220;100%&#8220; max_width=&#8220;1477px&#8220; custom_padding=&#8220;7vh||7vh||false|false&#8220; global_colors_info=&#8220;{}&#8220;][et_pb_column type=&#8220;4_4&#8243; _builder_version=&#8220;4.9.4&#8243; _module_preset=&#8220;default&#8220; background_color=&#8220;#FFFFFF&#8220; custom_padding=&#8220;0px||0px||true|false&#8220; global_colors_info=&#8220;{}&#8220;][dsm_breadcrumbs home_text=&#8220;Home&#8220; _builder_version=&#8220;4.9.4&#8243; _module_preset=&#8220;default&#8220; items_font=&#8220;Nunito|700|||||||&#8220; current_font=&#8220;Nunito||||||||&#8220; width=&#8220;75%&#8220; module_alignment=&#8220;center&#8220; custom_margin=&#8220;0px||0px||false|false&#8220; custom_padding=&#8220;0px||0px||false|false&#8220; global_colors_info=&#8220;{}&#8220;][\/dsm_breadcrumbs][et_pb_text _builder_version=&#8220;4.9.4&#8243; _module_preset=&#8220;default&#8220; header_font=&#8220;Nunito|700|||||||&#8220; header_font_size=&#8220;38px&#8220; header_line_height=&#8220;1.3em&#8220; global_colors_info=&#8220;{}&#8220;]<\/p>\n<h1>SFX Translated: <span style=\"color: #8dc63f;\">Ihr Partner f\u00fcr \u00dcbersetzungen im Finanzwesen<\/span><\/h1>\n<p>[\/et_pb_text][et_pb_text _builder_version=&#8220;4.9.4&#8243; _module_preset=&#8220;default&#8220; text_font=&#8220;Nunito||||||||&#8220; text_text_color=&#8220;#000000&#8243; text_font_size=&#8220;16px&#8220; text_line_height=&#8220;1.8em&#8220; width=&#8220;75%&#8220; global_colors_info=&#8220;{}&#8220;]<\/p>\n<p><span>Finanzwesen ist ein hochspezialisierter Bereich mit eigener Terminologie. Da vertraut man die \u00dcbersetzung am besten einem Experten an. <\/span><\/p>\n<p>[\/et_pb_text][et_pb_text _builder_version=&#8220;4.9.4&#8243; _module_preset=&#8220;default&#8220; text_font=&#8220;Nunito||||||||&#8220; text_text_color=&#8220;#000000&#8243; text_font_size=&#8220;16px&#8220; text_line_height=&#8220;1.8em&#8220; header_2_font_size=&#8220;24px&#8220; header_2_line_height=&#8220;1.3em&#8220; header_3_font=&#8220;Nunito|700|||||||&#8220; header_3_line_height=&#8220;1.3em&#8220; width=&#8220;75%&#8220; global_colors_info=&#8220;{}&#8220;]<\/p>\n<h2>Das Finanzwesen ist ein komplexes Fachgebiet f\u00fcr die \u00dcbersetzung<\/h2>\n<p>[\/et_pb_text][et_pb_text _builder_version=&#8220;4.14.4&#8243; _module_preset=&#8220;default&#8220; text_font=&#8220;Nunito||||||||&#8220; text_text_color=&#8220;#000000&#8243; text_font_size=&#8220;16px&#8220; text_line_height=&#8220;1.8em&#8220; width=&#8220;75%&#8220; hover_enabled=&#8220;0&#8243; global_colors_info=&#8220;{}&#8220; sticky_enabled=&#8220;0&#8243;]<\/p>\n<p>Dokumente im Finanzwesen \u00e4ndern sich st\u00e4ndig, was f\u00fcr den \u00dcbersetzer eine st\u00e4ndige Anpassung erfordert. Deshalb m\u00fcssen auch die \u00dcbersetzungen st\u00e4ndig auf dem neuesten Stand gehalten werden. Da kommen unsere Experten zum Einsatz. Sie \u00fcbersetzen Ihre finanziellen oder Marketing-orientierten Dokumente in die gew\u00fcnschte Sprache.   <\/p>\n<p>Die Komplexit\u00e4t des Fachgebiets erfordert viele Qualit\u00e4ten wie Gr\u00fcndlichkeit und Sorgfalt. Deshalb kommen f\u00fcr Ihre Projekte die besten Fachleute zum Einsatz, weil sie das Thema perfekt beherrschen. Man kommt nicht umhin, festzustellen, dass dieses Fachgebiet keinen Platz f\u00fcr Fehler l\u00e4sst. SFX setzt alles daran, eine tadellose \u00dcbersetzung zu liefern. Deshalb kombinieren unsere \u00dcbersetzer Sprach- und spezifische Fachkenntnisse.    <\/p>\n<p>[\/et_pb_text][et_pb_text _builder_version=&#8220;4.9.4&#8243; _module_preset=&#8220;default&#8220; text_font=&#8220;Nunito||||||||&#8220; text_text_color=&#8220;#000000&#8243; text_font_size=&#8220;16px&#8220; text_line_height=&#8220;1.8em&#8220; header_2_font_size=&#8220;24px&#8220; header_2_line_height=&#8220;1.3em&#8220; header_3_font=&#8220;Nunito|700|||||||&#8220; header_3_line_height=&#8220;1.3em&#8220; width=&#8220;75%&#8220; global_colors_info=&#8220;{}&#8220;]<\/p>\n<h2>\u00dcbersetzung und \u00dcberpr\u00fcfung<\/h2>\n<p>[\/et_pb_text][et_pb_text _builder_version=&#8220;4.9.4&#8243; _module_preset=&#8220;default&#8220; text_font=&#8220;Nunito||||||||&#8220; text_text_color=&#8220;#000000&#8243; text_font_size=&#8220;16px&#8220; text_line_height=&#8220;1.8em&#8220; width=&#8220;75%&#8220; global_colors_info=&#8220;{}&#8220;]<\/p>\n<p>Neben der \u00dcbersetzung an sich bieten wir auch Lektorat und Korrektorat an. So bieten wir Ihnen eine qualitativ hochwertige Arbeit an, die so in Umlauf gebracht werden kann. Sie k\u00f6nnen Ihre Dokumente gerne selbst \u00fcbersetzen, aber lassen Sie sie von unseren Mitarbeitern \u00fcberpr\u00fcfen.  <\/p>\n<p>[\/et_pb_text][et_pb_text _builder_version=&#8220;4.9.4&#8243; _module_preset=&#8220;default&#8220; text_font=&#8220;Nunito||||||||&#8220; text_text_color=&#8220;#000000&#8243; text_font_size=&#8220;16px&#8220; text_line_height=&#8220;1.8em&#8220; header_2_font_size=&#8220;24px&#8220; header_2_line_height=&#8220;1.3em&#8220; header_3_font=&#8220;Nunito|700|||||||&#8220; header_3_line_height=&#8220;1.3em&#8220; width=&#8220;75%&#8220; global_colors_info=&#8220;{}&#8220;]<\/p>\n<h2>Profis, die f\u00fcr Sie da sind<\/h2>\n<p>[\/et_pb_text][et_pb_text _builder_version=&#8220;4.14.4&#8243; _module_preset=&#8220;default&#8220; text_font=&#8220;Nunito||||||||&#8220; text_text_color=&#8220;#000000&#8243; text_font_size=&#8220;16px&#8220; text_line_height=&#8220;1.8em&#8220; width=&#8220;75%&#8220; hover_enabled=&#8220;0&#8243; global_colors_info=&#8220;{}&#8220; sticky_enabled=&#8220;0&#8243;]<\/p>\n<p>Das Team von SFX unterh\u00e4lt regen Austausch mit seinen Kunden. Unsere Projektmanager sind unter der Woche rund um die Uhr erreichbar. <\/p>\n<p>Wir sind immer f\u00fcr Sie da und machen Ihnen<span> <\/span><a href=\"https:\/\/sfx.be\/de\/angebot\/\">ein detailliertes Angebot innerhalb von 24 Stunden,<\/a><span> <\/span>nachdem Sie Ihre Anfrage gesendet haben. Wir st\u00fctzen uns auf unser weltweites Netzwerk an \u00dcbersetzern. Unsere Experten haben eine solide Erfahrung im Finanzbereich. Wir bieten Ihnen pr\u00e4zisen, effizienten und schnellen Service.   <\/p>\n<p>Wir verb\u00fcrgen uns f\u00fcr eine originalgetreue Wiedergabe, die Sinn, Form und Inhalt ber\u00fccksichtigt und beibeh\u00e4lt. F\u00fcr uns ist entscheidend, Ihnen eine Arbeit zu liefern, die Ihren Erwartungen entspricht. <\/p>\n<p><a href=\"https:\/\/sfx.be\/de\/kontakt\/\">Kontaktieren Sie uns, um weitere Informationen zu erhalten!<\/a><\/p>\n<p>[\/et_pb_text][\/et_pb_column][\/et_pb_row][\/et_pb_section][et_pb_section fb_built=&#8220;1&#8243; _builder_version=&#8220;4.9.4&#8243; _module_preset=&#8220;default&#8220; background_color=&#8220;#FFFFFF&#8220; width=&#8220;55%&#8220; width_tablet=&#8220;80%&#8220; width_phone=&#8220;&#8220; width_last_edited=&#8220;on|phone&#8220; module_alignment=&#8220;center&#8220; custom_margin=&#8220;6vh||15vh||false|false&#8220; border_radii=&#8220;on|3px|3px|3px|3px&#8220; box_shadow_style=&#8220;preset1&#8243; box_shadow_color=&#8220;rgba(0,0,0,0.06)&#8220; global_colors_info=&#8220;{}&#8220;][et_pb_row _builder_version=&#8220;4.9.4&#8243; _module_preset=&#8220;default&#8220; custom_padding=&#8220;0px||0px||false|false&#8220; global_colors_info=&#8220;{}&#8220;][et_pb_column type=&#8220;4_4&#8243; _builder_version=&#8220;4.9.4&#8243; _module_preset=&#8220;default&#8220; global_colors_info=&#8220;{}&#8220;][et_pb_text _builder_version=&#8220;4.9.4&#8243; _module_preset=&#8220;default&#8220; text_font=&#8220;Nunito|700|||||||&#8220; text_text_color=&#8220;#000000&#8243; text_font_size=&#8220;29px&#8220; text_line_height=&#8220;1.4em&#8220; text_orientation=&#8220;center&#8220; animation_style=&#8220;slide&#8220; animation_direction=&#8220;bottom&#8220; animation_intensity_slide=&#8220;10%&#8220; animation_speed_curve=&#8220;ease-out&#8220; global_colors_info=&#8220;{}&#8220;]<\/p>\n<p>Warten Sie nicht l\u00e4nger und profitieren Sie<br \/>von professioneller Arbeit zum besten Preis. <span style=\"color: #8dc63f;\"><\/span><\/p>\n<p>[\/et_pb_text][et_pb_button button_url=&#8220;@ET-DC@eyJkeW5hbWljIjp0cnVlLCJjb250ZW50IjoicG9zdF9saW5rX3VybF9wYWdlIiwic2V0dGluZ3MiOnsicG9zdF9pZCI6IjIxIn19@&#8220; button_text=&#8220;Kostenloses Angebot&#8220; button_alignment=&#8220;center&#8220; _builder_version=&#8220;4.9.4&#8243; _dynamic_attributes=&#8220;button_url&#8220; _module_preset=&#8220;default&#8220; button_text_size=&#8220;26px&#8220; global_colors_info=&#8220;{}&#8220;][\/et_pb_button][\/et_pb_column][\/et_pb_row][\/et_pb_section]<\/p>\n","protected":false},"excerpt":{"rendered":"<p><div class=\"et_pb_module dsm_breadcrumbs dsm_breadcrumbs_0\">\n\t\t\t\t\n\t\t\t\t\n\t\t\t\t\n\t\t\t\t\n\t\t\t\t\n\t\t\t\t\n\t\t\t\t<div class=\"et_pb_module_inner\">\n\t\t\t\t\t<nav class=\"dsm_breadcrumbs_wrap\">\n\t\t\t\t<ul class=\"dsm_breadcrumbs\" itemscope itemtype=\"https:\/\/schema.org\/BreadcrumbList\">\t\t\t<li class=\"dsm_breadcrumbs_item dsm_home_item dsm_home_item_custom\" itemprop=\"itemListElement\" itemscope\n\t\t\titemtype=\"https:\/\/schema.org\/ListItem\">\n\t\t\t\t<a href=\"https:\/\/sfx.be\/de\/\" itemprop=\"item\" target=\"\">\n\t\t\t\t\t<span class='dsm_home_text_wrapper'>\n\t\t\t\t\t\t\t\t\t\t\t\t\t<span class=\"et-pb-icon dsm_home_icon\">\ue009<\/span>\n\t\t\t\t\t\t\t\t\t\t\t\t\t<span class=\"dsm_home_text\" itemprop=\"name\">\n\t\t\t\t\t\t\t\tHome\t\t\t\t\t\t\t<\/span>\n\t\t\t\t\t<\/span>\n\t\t\t\t<\/a>\n\t\t\t\t<meta itemprop=\"position\" content=\"1\" \/>\n\t\t\t<\/li>\n\n\t\t<li class=\"dsm_breadcrumbs_separator\"> <span class=\"et-pb-icon dsm_separator_icon\">5<\/span><\/li><\/ul>\n\t\t\t<\/nav>\n\t\t\t\t<\/div>\n\t\t\t<\/div>SFX Translated: Ihr Partner f\u00fcr \u00dcbersetzungen im FinanzwesenFinanzwesen ist ein hochspezialisierter Bereich mit eigener Terminologie. Da vertraut man die \u00dcbersetzung am besten einem Experten an. Das Finanzwesen ist ein komplexes Fachgebiet f\u00fcr die \u00dcbersetzungDokumente im Finanzwesen \u00e4ndern sich st\u00e4ndig, was f\u00fcr den \u00dcbersetzer eine st\u00e4ndige Anpassung erfordert. Deshalb m\u00fcssen auch die \u00dcbersetzungen st\u00e4ndig auf dem neuesten Stand gehalten werden. Da kommen unsere Experten zum Einsatz. Sie \u00fcbersetzen Ihre finanziellen oder Marketing-orientierten Dokumente in die gew\u00fcnschte Sprache. Die Komplexit\u00e4t des Fachgebiets erfordert viele Qualit\u00e4ten wie Gr\u00fcndlichkeit und Sorgfalt. Deshalb kommen f\u00fcr Ihre Projekte die besten Fachleute zum Einsatz, weil sie das Thema perfekt beherrschen. Man kommt nicht umhin, festzustellen, dass dieses Fachgebiet keinen Platz f\u00fcr Fehler l\u00e4sst. SFX setzt alles daran, eine tadellose \u00dcbersetzung zu liefern. Deshalb kombinieren unsere \u00dcbersetzer Sprach- und spezifische Fachkenntnisse. \u00dcbersetzung und \u00dcberpr\u00fcfungNeben der \u00dcbersetzung an sich bieten wir auch Lektorat und Korrektorat an. So bieten wir Ihnen eine qualitativ hochwertige Arbeit an, die so in Umlauf gebracht werden kann. Sie k\u00f6nnen Ihre Dokumente gerne selbst \u00fcbersetzen, aber lassen Sie sie von unseren Mitarbeitern \u00fcberpr\u00fcfen. Profis, die f\u00fcr Sie da sindDas Team von SFX unterh\u00e4lt regen Austausch [&hellip;]<\/p>\n","protected":false},"author":1,"featured_media":0,"parent":852,"menu_order":0,"comment_status":"closed","ping_status":"closed","template":"","meta":{"_et_pb_use_builder":"on","_et_pb_old_content":"","_et_gb_content_width":"","inline_featured_image":false,"footnotes":""},"class_list":["post-1010","page","type-page","status-publish","hentry"],"yoast_head":"<!-- This site is optimized with the Yoast SEO plugin v27.3 - https:\/\/yoast.com\/product\/yoast-seo-wordpress\/ -->\n<title>\u00dcbersetzungen im Finanzwesen - SFX<\/title>\n<meta name=\"robots\" content=\"index, follow, max-snippet:-1, max-image-preview:large, max-video-preview:-1\" \/>\n<link rel=\"canonical\" href=\"https:\/\/sfx.be\/de\/technisch\/uebersetzungen-im-finanzwesen\/\" \/>\n<meta property=\"og:locale\" content=\"de_DE\" \/>\n<meta property=\"og:type\" content=\"article\" \/>\n<meta property=\"og:title\" content=\"\u00dcbersetzungen im Finanzwesen - SFX\" \/>\n<meta property=\"og:description\" content=\"SFX Translated: Ihr Partner f\u00fcr \u00dcbersetzungen im FinanzwesenFinanzwesen ist ein hochspezialisierter Bereich mit eigener Terminologie. Da vertraut man die \u00dcbersetzung am besten einem Experten an. Das Finanzwesen ist ein komplexes Fachgebiet f\u00fcr die \u00dcbersetzungDokumente im Finanzwesen \u00e4ndern sich st\u00e4ndig, was f\u00fcr den \u00dcbersetzer eine st\u00e4ndige Anpassung erfordert. Deshalb m\u00fcssen auch die \u00dcbersetzungen st\u00e4ndig auf dem neuesten Stand gehalten werden. Da kommen unsere Experten zum Einsatz. Sie \u00fcbersetzen Ihre finanziellen oder Marketing-orientierten Dokumente in die gew\u00fcnschte Sprache. Die Komplexit\u00e4t des Fachgebiets erfordert viele Qualit\u00e4ten wie Gr\u00fcndlichkeit und Sorgfalt. Deshalb kommen f\u00fcr Ihre Projekte die besten Fachleute zum Einsatz, weil sie das Thema perfekt beherrschen. Man kommt nicht umhin, festzustellen, dass dieses Fachgebiet keinen Platz f\u00fcr Fehler l\u00e4sst. SFX setzt alles daran, eine tadellose \u00dcbersetzung zu liefern. Deshalb kombinieren unsere \u00dcbersetzer Sprach- und spezifische Fachkenntnisse. \u00dcbersetzung und \u00dcberpr\u00fcfungNeben der \u00dcbersetzung an sich bieten wir auch Lektorat und Korrektorat an. So bieten wir Ihnen eine qualitativ hochwertige Arbeit an, die so in Umlauf gebracht werden kann. Sie k\u00f6nnen Ihre Dokumente gerne selbst \u00fcbersetzen, aber lassen Sie sie von unseren Mitarbeitern \u00fcberpr\u00fcfen. Profis, die f\u00fcr Sie da sindDas Team von SFX unterh\u00e4lt regen Austausch [&hellip;]\" \/>\n<meta property=\"og:url\" content=\"https:\/\/sfx.be\/de\/technisch\/uebersetzungen-im-finanzwesen\/\" \/>\n<meta property=\"og:site_name\" content=\"SFX\" \/>\n<meta property=\"article:modified_time\" content=\"2022-01-17T15:47:39+00:00\" \/>\n<meta name=\"twitter:card\" content=\"summary_large_image\" \/>\n<meta name=\"twitter:label1\" content=\"Gesch\u00e4tzte Lesezeit\" \/>\n\t<meta name=\"twitter:data1\" content=\"5\u00a0Minuten\" \/>\n<!-- \/ Yoast SEO plugin. -->","yoast_head_json":{"title":"\u00dcbersetzungen im Finanzwesen - SFX","robots":{"index":"index","follow":"follow","max-snippet":"max-snippet:-1","max-image-preview":"max-image-preview:large","max-video-preview":"max-video-preview:-1"},"canonical":"https:\/\/sfx.be\/de\/technisch\/uebersetzungen-im-finanzwesen\/","og_locale":"de_DE","og_type":"article","og_title":"\u00dcbersetzungen im Finanzwesen - SFX","og_description":"SFX Translated: Ihr Partner f\u00fcr \u00dcbersetzungen im FinanzwesenFinanzwesen ist ein hochspezialisierter Bereich mit eigener Terminologie. Da vertraut man die \u00dcbersetzung am besten einem Experten an. Das Finanzwesen ist ein komplexes Fachgebiet f\u00fcr die \u00dcbersetzungDokumente im Finanzwesen \u00e4ndern sich st\u00e4ndig, was f\u00fcr den \u00dcbersetzer eine st\u00e4ndige Anpassung erfordert. Deshalb m\u00fcssen auch die \u00dcbersetzungen st\u00e4ndig auf dem neuesten Stand gehalten werden. Da kommen unsere Experten zum Einsatz. Sie \u00fcbersetzen Ihre finanziellen oder Marketing-orientierten Dokumente in die gew\u00fcnschte Sprache. Die Komplexit\u00e4t des Fachgebiets erfordert viele Qualit\u00e4ten wie Gr\u00fcndlichkeit und Sorgfalt. Deshalb kommen f\u00fcr Ihre Projekte die besten Fachleute zum Einsatz, weil sie das Thema perfekt beherrschen. Man kommt nicht umhin, festzustellen, dass dieses Fachgebiet keinen Platz f\u00fcr Fehler l\u00e4sst. SFX setzt alles daran, eine tadellose \u00dcbersetzung zu liefern. Deshalb kombinieren unsere \u00dcbersetzer Sprach- und spezifische Fachkenntnisse. \u00dcbersetzung und \u00dcberpr\u00fcfungNeben der \u00dcbersetzung an sich bieten wir auch Lektorat und Korrektorat an. So bieten wir Ihnen eine qualitativ hochwertige Arbeit an, die so in Umlauf gebracht werden kann. Sie k\u00f6nnen Ihre Dokumente gerne selbst \u00fcbersetzen, aber lassen Sie sie von unseren Mitarbeitern \u00fcberpr\u00fcfen. Profis, die f\u00fcr Sie da sindDas Team von SFX unterh\u00e4lt regen Austausch [&hellip;]","og_url":"https:\/\/sfx.be\/de\/technisch\/uebersetzungen-im-finanzwesen\/","og_site_name":"SFX","article_modified_time":"2022-01-17T15:47:39+00:00","twitter_card":"summary_large_image","twitter_misc":{"Gesch\u00e4tzte Lesezeit":"5\u00a0Minuten"},"schema":{"@context":"https:\/\/schema.org","@graph":[{"@type":"WebPage","@id":"https:\/\/sfx.be\/de\/technisch\/uebersetzungen-im-finanzwesen\/","url":"https:\/\/sfx.be\/de\/technisch\/uebersetzungen-im-finanzwesen\/","name":"\u00dcbersetzungen im Finanzwesen - SFX","isPartOf":{"@id":"https:\/\/sfx.be\/en\/#website"},"datePublished":"2022-01-17T15:47:38+00:00","dateModified":"2022-01-17T15:47:39+00:00","breadcrumb":{"@id":"https:\/\/sfx.be\/de\/technisch\/uebersetzungen-im-finanzwesen\/#breadcrumb"},"inLanguage":"de","potentialAction":[{"@type":"ReadAction","target":["https:\/\/sfx.be\/de\/technisch\/uebersetzungen-im-finanzwesen\/"]}]},{"@type":"BreadcrumbList","@id":"https:\/\/sfx.be\/de\/technisch\/uebersetzungen-im-finanzwesen\/#breadcrumb","itemListElement":[{"@type":"ListItem","position":1,"name":"Accueil","item":"https:\/\/sfx.be\/de\/"},{"@type":"ListItem","position":2,"name":"Technisch","item":"https:\/\/sfx.be\/de\/technisch\/"},{"@type":"ListItem","position":3,"name":"\u00dcbersetzungen im Finanzwesen"}]},{"@type":"WebSite","@id":"https:\/\/sfx.be\/en\/#website","url":"https:\/\/sfx.be\/en\/","name":"SFX","description":"Agence de traduction multilingue","potentialAction":[{"@type":"SearchAction","target":{"@type":"EntryPoint","urlTemplate":"https:\/\/sfx.be\/en\/?s={search_term_string}"},"query-input":{"@type":"PropertyValueSpecification","valueRequired":true,"valueName":"search_term_string"}}],"inLanguage":"de"}]}},"_links":{"self":[{"href":"https:\/\/sfx.be\/de\/wp-json\/wp\/v2\/pages\/1010","targetHints":{"allow":["GET"]}}],"collection":[{"href":"https:\/\/sfx.be\/de\/wp-json\/wp\/v2\/pages"}],"about":[{"href":"https:\/\/sfx.be\/de\/wp-json\/wp\/v2\/types\/page"}],"author":[{"embeddable":true,"href":"https:\/\/sfx.be\/de\/wp-json\/wp\/v2\/users\/1"}],"replies":[{"embeddable":true,"href":"https:\/\/sfx.be\/de\/wp-json\/wp\/v2\/comments?post=1010"}],"version-history":[{"count":2,"href":"https:\/\/sfx.be\/de\/wp-json\/wp\/v2\/pages\/1010\/revisions"}],"predecessor-version":[{"id":1012,"href":"https:\/\/sfx.be\/de\/wp-json\/wp\/v2\/pages\/1010\/revisions\/1012"}],"up":[{"embeddable":true,"href":"https:\/\/sfx.be\/de\/wp-json\/wp\/v2\/pages\/852"}],"wp:attachment":[{"href":"https:\/\/sfx.be\/de\/wp-json\/wp\/v2\/media?parent=1010"}],"curies":[{"name":"wp","href":"https:\/\/api.w.org\/{rel}","templated":true}]}}