{"id":1025,"date":"2022-01-18T07:44:28","date_gmt":"2022-01-18T07:44:28","guid":{"rendered":"https:\/\/sfx.be\/technisch\/uebersetzung-wissenschaftlicher-artikel\/"},"modified":"2022-01-18T07:44:32","modified_gmt":"2022-01-18T07:44:32","slug":"uebersetzung-wissenschaftlicher-artikel","status":"publish","type":"page","link":"https:\/\/sfx.be\/de\/technisch\/uebersetzung-wissenschaftlicher-artikel\/","title":{"rendered":"\u00dcbersetzung wissenschaftlicher Artikel"},"content":{"rendered":"<p>[et_pb_section fb_built=&#8220;1&#8243; _builder_version=&#8220;4.9.4&#8243; _module_preset=&#8220;default&#8220; background_color=&#8220;#FFFFFF&#8220; width=&#8220;60%&#8220; width_tablet=&#8220;90%&#8220; width_phone=&#8220;&#8220; width_last_edited=&#8220;on|tablet&#8220; module_alignment=&#8220;center&#8220; custom_margin=&#8220;5vh||||false|false&#8220; custom_padding=&#8220;0px||0px||false|false&#8220; animation_style=&#8220;slide&#8220; animation_direction=&#8220;left&#8220; animation_duration=&#8220;1500ms&#8220; animation_delay=&#8220;150ms&#8220; animation_intensity_slide=&#8220;5%&#8220; animation_speed_curve=&#8220;ease&#8220; border_radii=&#8220;on|3px|3px|3px|3px&#8220; box_shadow_style=&#8220;preset1&#8243; box_shadow_color=&#8220;rgba(0,0,0,0.06)&#8220; global_colors_info=&#8220;{}&#8220;][et_pb_row _builder_version=&#8220;4.9.4&#8243; _module_preset=&#8220;default&#8220; width=&#8220;100%&#8220; max_width=&#8220;1477px&#8220; custom_padding=&#8220;7vh||7vh||false|false&#8220; global_colors_info=&#8220;{}&#8220;][et_pb_column type=&#8220;4_4&#8243; _builder_version=&#8220;4.9.4&#8243; _module_preset=&#8220;default&#8220; background_color=&#8220;#FFFFFF&#8220; custom_padding=&#8220;0px||0px||true|false&#8220; global_colors_info=&#8220;{}&#8220;][dsm_breadcrumbs home_text=&#8220;Home&#8220; _builder_version=&#8220;4.9.4&#8243; _module_preset=&#8220;default&#8220; items_font=&#8220;Nunito|700|||||||&#8220; current_font=&#8220;Nunito||||||||&#8220; width=&#8220;75%&#8220; module_alignment=&#8220;center&#8220; custom_margin=&#8220;0px||0px||false|false&#8220; custom_padding=&#8220;0px||0px||false|false&#8220; global_colors_info=&#8220;{}&#8220;][\/dsm_breadcrumbs][et_pb_text _builder_version=&#8220;4.9.4&#8243; _module_preset=&#8220;default&#8220; header_font=&#8220;Nunito|700|||||||&#8220; header_font_size=&#8220;38px&#8220; header_line_height=&#8220;1.3em&#8220; global_colors_info=&#8220;{}&#8220;]<\/p>\n<h1>\u00dcbersetzung <span style=\"color: #8dc63f;\">wissenschaftlicher Artikel<\/span><\/h1>\n<p>[\/et_pb_text][et_pb_text _builder_version=&#8220;4.9.4&#8243; _module_preset=&#8220;default&#8220; text_font=&#8220;Nunito||||||||&#8220; text_text_color=&#8220;#000000&#8243; text_font_size=&#8220;16px&#8220; text_line_height=&#8220;1.8em&#8220; width=&#8220;75%&#8220; global_colors_info=&#8220;{}&#8220;]<\/p>\n<p><span>W\u00e4hrend Ihres Studiums sind bzw. werden Sie mit der \u00dcbersetzung von wissenschaftlichen Artikeln konfrontiert, damit Sie diese v\u00f6llig verstehen und Ihre Studienarbeit erfolgreich zu Ende bringen k\u00f6nnen. Auch sp\u00e4ter im Berufsleben k\u00f6nnen Sie mit wissenschaftlichen Artikeln konfrontiert werden, die oft in einer Fremdsprache verfasst sind. In diesem Fall empfiehlt es sich, mit einer hervorragenden \u00dcbersetzung zu arbeiten.  <\/span><\/p>\n<p>[\/et_pb_text][et_pb_text _builder_version=&#8220;4.9.4&#8243; _module_preset=&#8220;default&#8220; text_font=&#8220;Nunito||||||||&#8220; text_text_color=&#8220;#000000&#8243; text_font_size=&#8220;16px&#8220; text_line_height=&#8220;1.8em&#8220; header_2_font_size=&#8220;24px&#8220; header_2_line_height=&#8220;1.3em&#8220; header_3_font=&#8220;Nunito|700|||||||&#8220; header_3_line_height=&#8220;1.3em&#8220; width=&#8220;75%&#8220; global_colors_info=&#8220;{}&#8220;]<\/p>\n<h2>Wissenschaftliche Artikel: Eine perfekte \u00dcbersetzung in s\u00e4mtlichen Sprachen<\/h2>\n<p>[\/et_pb_text][et_pb_text _builder_version=&#8220;4.9.4&#8243; _module_preset=&#8220;default&#8220; text_font=&#8220;Nunito||||||||&#8220; text_text_color=&#8220;#000000&#8243; text_font_size=&#8220;16px&#8220; text_line_height=&#8220;1.8em&#8220; width=&#8220;75%&#8220; global_colors_info=&#8220;{}&#8220;]<\/p>\n<p><strong><a href=\"https:\/\/sfx.be\/de\/dienste\/\">Unser B\u00fcro befindet sich in L\u00fcttich<\/a><\/strong><span> <\/span>und verf\u00fcgt \u00fcber ein einzigartiges<span> <\/span><strong>Netzwerk<\/strong><span> <\/span>von \u00dcbersetzern, das sich<span> <\/span><strong>\u00fcber die ganze Welt<\/strong> erstreckt. Jeder unserer<span> <\/span><strong>Mitarbeiter<\/strong><span> <\/span>hat sein<span> <\/span><strong>Fachgebiet<\/strong>. Das bedeutet, dass wir, abh\u00e4ngig von der Thematik des zu \u00fcbersetzenden Dokuments und der ben\u00f6tigten Sprachen, den richtigen Mitarbeiter immer parat haben.<\/p>\n<p>Da wir<span> <\/span><strong>immer das Beste f\u00fcr Sie wollen<\/strong>, hat unsere Agentur<span> <\/span><strong><a href=\"https:\/\/sfx.be\/de\/team\/\">SFX Translated<\/a><\/strong>, Tausende Mitarbeiter. So k\u00f6nnen wir uns sicher sein, <span> <\/span><strong>die geeignete Person bei uns zu finden,<\/strong><span> <\/span>damit Ihre \u00dcbersetzung unter idealen Bedingungen erledigt werden kann.<\/p>\n<p>[\/et_pb_text][et_pb_text _builder_version=&#8220;4.14.4&#8243; _module_preset=&#8220;default&#8220; text_font=&#8220;Nunito||||||||&#8220; text_text_color=&#8220;#000000&#8243; text_font_size=&#8220;16px&#8220; text_line_height=&#8220;1.8em&#8220; header_2_font_size=&#8220;24px&#8220; header_2_line_height=&#8220;1.3em&#8220; header_3_font=&#8220;Nunito|700|||||||&#8220; header_3_line_height=&#8220;1.3em&#8220; width=&#8220;75%&#8220; hover_enabled=&#8220;0&#8243; global_colors_info=&#8220;{}&#8220; sticky_enabled=&#8220;0&#8243;]<\/p>\n<h2>Ein \u00dcbersetzungsb\u00fcro f\u00fcr wissenschaftliche Artikel \u2013 aber nicht nur &#8230;<\/h2>\n<p>[\/et_pb_text][et_pb_text _builder_version=&#8220;4.14.4&#8243; _module_preset=&#8220;default&#8220; text_font=&#8220;Nunito||||||||&#8220; text_text_color=&#8220;#000000&#8243; text_font_size=&#8220;16px&#8220; text_line_height=&#8220;1.8em&#8220; width=&#8220;75%&#8220; hover_enabled=&#8220;0&#8243; global_colors_info=&#8220;{}&#8220; sticky_enabled=&#8220;0&#8243;]<\/p>\n<p>Unser \u00dcbersetzungsb\u00fcro<span> <\/span><strong>hat sich auf die \u00dcbersetzung verschiedenster Dokumente spezialisiert<\/strong>. Schriftlich, m\u00fcndlich oder visuell: Wir \u00fcbersetzen alles, was Sie wollen. <\/p>\n<p>Es gibt viele<span> <\/span><strong>verschiedene Formate<\/strong><span> <\/span>bei Dokumenten. Wir <strong>nehmen jedes Dokument problemlos an<\/strong> <span> <\/span>und k\u00fcmmern uns um die gew\u00fcnschte \u00dcbersetzung.<\/p>\n<p>[\/et_pb_text][et_pb_text _builder_version=&#8220;4.9.4&#8243; _module_preset=&#8220;default&#8220; text_font=&#8220;Nunito||||||||&#8220; text_text_color=&#8220;#000000&#8243; text_font_size=&#8220;16px&#8220; text_line_height=&#8220;1.8em&#8220; header_2_font_size=&#8220;24px&#8220; header_2_line_height=&#8220;1.3em&#8220; header_3_font=&#8220;Nunito|700|||||||&#8220; header_3_line_height=&#8220;1.3em&#8220; width=&#8220;75%&#8220; global_colors_info=&#8220;{}&#8220;]<\/p>\n<h2>Ein \u00dcbersetzungsb\u00fcro mit Komplettservice von A bis Z<\/h2>\n<p>[\/et_pb_text][et_pb_text _builder_version=&#8220;4.9.4&#8243; _module_preset=&#8220;default&#8220; text_font=&#8220;Nunito||||||||&#8220; text_text_color=&#8220;#000000&#8243; text_font_size=&#8220;16px&#8220; text_line_height=&#8220;1.8em&#8220; width=&#8220;75%&#8220; global_colors_info=&#8220;{}&#8220;]<\/p>\n<p>Neben den \u00fcblichen \u00dcbersetzungen \u00fcberpr\u00fcfen wir auch <span> <\/span><strong>Texte, untertiteln Audiomaterial, beglaubigen \u00dcbersetzungen <\/strong><span> <\/span>und bieten einen \u00c0-la-carte-Service.<\/p>\n<p><strong>Unter beglaubigten Texten<\/strong> verstehen wir alle Dokumente,<span> <\/span><strong><a href=\"https:\/\/sfx.be\/de\/technisch\/juristische-uebersetzungen\/\">die sich auf das Rechtswesen beziehen<\/a>,<span> <\/span><a href=\"https:\/\/sfx.be\/de\/technisch\/uebersetzungen-im-bereich-medizin-wissenschaft-oder-pharmazie\/\">die Medizin <\/a><span> <\/span><span>auch <\/span><a href=\"https:\/\/sfx.be\/de\/technisch\/technische-uebersetzungen\/\">die Technik<\/a><\/strong><span> <\/span>die vor Gericht oder in einem Verwaltungsrat verwendet werden. Wir k\u00fcmmern uns um den gesamten Arbeitsprozess, d. h.: <span> <\/span><strong>die \u00dcbersetzung, die \u00dcberpr\u00fcfung, die Beglaubigung und den Versand per Post<\/strong>.<\/p>\n<p>Unser letztgenannter Service bedeutet, dass wir<span> <\/span><strong>unsere Kompetenzen<\/strong><span> <\/span>an Ihre Bed\u00fcrfnisse <span> <\/span><strong>anpassen.<\/strong><span> <\/span>Wir bieten Ihnen also einen ma\u00dfgeschneiderten Service an. Sie reisen beruflich ins Ausland und beherrschen die dortige Landessprache nicht. Sie wollen sich auf einem spezifischen Markt etablieren und m\u00f6chten diese Gelegenheit nicht verpassen. Mithilfe eines   <span> <\/span><strong>Dolmetschers<\/strong> l\u00f6sen Sie alle Verst\u00e4ndigungsprobleme auf einen Schlag. Sie k\u00f6nnen also <span> <\/span><strong>ruhigen Gewissens Ihren Gesch\u00e4ftstermin wahrnehmen<\/strong>.<\/p>\n<p>[\/et_pb_text][et_pb_text _builder_version=&#8220;4.9.4&#8243; _module_preset=&#8220;default&#8220; text_font=&#8220;Nunito||||||||&#8220; text_text_color=&#8220;#000000&#8243; text_font_size=&#8220;16px&#8220; text_line_height=&#8220;1.8em&#8220; header_2_font_size=&#8220;24px&#8220; header_2_line_height=&#8220;1.3em&#8220; header_3_font=&#8220;Nunito|700|||||||&#8220; header_3_line_height=&#8220;1.3em&#8220; width=&#8220;75%&#8220; global_colors_info=&#8220;{}&#8220;]<\/p>\n<h3>Unser \u00dcbersetzungsb\u00fcro \u2013 ein gewichtiger Verb\u00fcndeter f\u00fcr eine bl\u00fchende Zukunft<\/h3>\n<p>[\/et_pb_text][et_pb_text _builder_version=&#8220;4.14.4&#8243; _module_preset=&#8220;default&#8220; text_font=&#8220;Nunito||||||||&#8220; text_text_color=&#8220;#000000&#8243; text_font_size=&#8220;16px&#8220; text_line_height=&#8220;1.8em&#8220; width=&#8220;75%&#8220; hover_enabled=&#8220;0&#8243; global_colors_info=&#8220;{}&#8220; sticky_enabled=&#8220;0&#8243;]<\/p>\n<p>Wir befinden uns in einer Zeit, in der die<span> <\/span><strong>\u00d6ffnung gegen\u00fcber der Welt<\/strong><span> <\/span>eine der wichtigsten Eigenschaften darstellt. Diese \u00d6ffnung bringt uns dazu, <span> <\/span><strong>zahlreiche Orte zu entdecken und Personen mit unterschiedlichen interessanten Kulturen zu treffen<\/strong>. Deshalb sind jetzt \u00dcbersetzungen wichtiger denn je! Es wird immer schwieriger, in nur einer einzigen Sprache zu kommunizieren.  <\/p>\n<p>M\u00f6chten Sie Ihren Kunden qualitativ hochwertige Inhalte bieten,<span> <\/span><strong>dann sind wir der richtige Ansprechpartner f\u00fcr schnelle Kommunikation<\/strong>. Sie erhalten<span> <\/span><strong>Ihr detailliertes Angebot<\/strong><span> <\/span>innerhalb von<span> <\/span><strong>24 Stunden<\/strong><span> <\/span>und<span> <\/span><strong>der Preis<\/strong><span> <\/span>wird in Abh\u00e4ngigkeit vom<span> <\/span><strong>Schwierigkeitsgrad<\/strong>, von der<span> <\/span><strong>Lieferfrist sowie vom Thema angepasst<\/strong>. Wir bieten Ihnen also einen Rundumservice. <\/p>\n<p><strong>Ihre wissenschaftlichen Artikel m\u00fcssen \u00fcbersetzt werden?<span> <\/span><a href=\"https:\/\/sfx.be\/de\/kontakt\/\">Z\u00f6gern Sie nicht mehr und wenden Sie sich an uns, Ihr \u00dcbersetzungsb\u00fcro SFX Translated<\/a><\/strong><\/p>\n<p>[\/et_pb_text][\/et_pb_column][\/et_pb_row][\/et_pb_section][et_pb_section fb_built=&#8220;1&#8243; _builder_version=&#8220;4.9.4&#8243; _module_preset=&#8220;default&#8220; background_color=&#8220;#FFFFFF&#8220; width=&#8220;55%&#8220; width_tablet=&#8220;80%&#8220; width_phone=&#8220;&#8220; width_last_edited=&#8220;on|phone&#8220; module_alignment=&#8220;center&#8220; custom_margin=&#8220;6vh||15vh||false|false&#8220; border_radii=&#8220;on|3px|3px|3px|3px&#8220; box_shadow_style=&#8220;preset1&#8243; box_shadow_color=&#8220;rgba(0,0,0,0.06)&#8220; global_colors_info=&#8220;{}&#8220;][et_pb_row _builder_version=&#8220;4.9.4&#8243; _module_preset=&#8220;default&#8220; custom_padding=&#8220;0px||0px||false|false&#8220; global_colors_info=&#8220;{}&#8220;][et_pb_column type=&#8220;4_4&#8243; _builder_version=&#8220;4.9.4&#8243; _module_preset=&#8220;default&#8220; global_colors_info=&#8220;{}&#8220;][et_pb_text _builder_version=&#8220;4.9.4&#8243; _module_preset=&#8220;default&#8220; text_font=&#8220;Nunito|700|||||||&#8220; text_text_color=&#8220;#000000&#8243; text_font_size=&#8220;29px&#8220; text_line_height=&#8220;1.4em&#8220; text_orientation=&#8220;center&#8220; animation_style=&#8220;slide&#8220; animation_direction=&#8220;bottom&#8220; animation_intensity_slide=&#8220;10%&#8220; animation_speed_curve=&#8220;ease-out&#8220; global_colors_info=&#8220;{}&#8220;]<\/p>\n<p>Warten Sie nicht l\u00e4nger und profitieren Sie<br \/>von professioneller Arbeit zum besten Preis. <span style=\"color: #8dc63f;\"><\/span><\/p>\n<p>[\/et_pb_text][et_pb_button button_url=&#8220;@ET-DC@eyJkeW5hbWljIjp0cnVlLCJjb250ZW50IjoicG9zdF9saW5rX3VybF9wYWdlIiwic2V0dGluZ3MiOnsicG9zdF9pZCI6IjIxIn19@&#8220; button_text=&#8220;Kostenloses Angebot&#8220; button_alignment=&#8220;center&#8220; _builder_version=&#8220;4.9.4&#8243; _dynamic_attributes=&#8220;button_url&#8220; _module_preset=&#8220;default&#8220; button_text_size=&#8220;26px&#8220; global_colors_info=&#8220;{}&#8220;][\/et_pb_button][\/et_pb_column][\/et_pb_row][\/et_pb_section]<\/p>\n","protected":false},"excerpt":{"rendered":"<p><div class=\"et_pb_module dsm_breadcrumbs dsm_breadcrumbs_0\">\n\t\t\t\t\n\t\t\t\t\n\t\t\t\t\n\t\t\t\t\n\t\t\t\t\n\t\t\t\t\n\t\t\t\t<div class=\"et_pb_module_inner\">\n\t\t\t\t\t<nav class=\"dsm_breadcrumbs_wrap\">\n\t\t\t\t<ul class=\"dsm_breadcrumbs\" itemscope itemtype=\"https:\/\/schema.org\/BreadcrumbList\">\t\t\t<li class=\"dsm_breadcrumbs_item dsm_home_item dsm_home_item_custom\" itemprop=\"itemListElement\" itemscope\n\t\t\titemtype=\"https:\/\/schema.org\/ListItem\">\n\t\t\t\t<a href=\"https:\/\/sfx.be\/de\/\" itemprop=\"item\" target=\"\">\n\t\t\t\t\t<span class='dsm_home_text_wrapper'>\n\t\t\t\t\t\t\t\t\t\t\t\t\t<span class=\"et-pb-icon dsm_home_icon\">\ue009<\/span>\n\t\t\t\t\t\t\t\t\t\t\t\t\t<span class=\"dsm_home_text\" itemprop=\"name\">\n\t\t\t\t\t\t\t\tHome\t\t\t\t\t\t\t<\/span>\n\t\t\t\t\t<\/span>\n\t\t\t\t<\/a>\n\t\t\t\t<meta itemprop=\"position\" content=\"1\" \/>\n\t\t\t<\/li>\n\n\t\t<li class=\"dsm_breadcrumbs_separator\"> <span class=\"et-pb-icon dsm_separator_icon\">5<\/span><\/li><\/ul>\n\t\t\t<\/nav>\n\t\t\t\t<\/div>\n\t\t\t<\/div>\u00dcbersetzung wissenschaftlicher ArtikelW\u00e4hrend Ihres Studiums sind bzw. werden Sie mit der \u00dcbersetzung von wissenschaftlichen Artikeln konfrontiert, damit Sie diese v\u00f6llig verstehen und Ihre Studienarbeit erfolgreich zu Ende bringen k\u00f6nnen. Auch sp\u00e4ter im Berufsleben k\u00f6nnen Sie mit wissenschaftlichen Artikeln konfrontiert werden, die oft in einer Fremdsprache verfasst sind. In diesem Fall empfiehlt es sich, mit einer hervorragenden \u00dcbersetzung zu arbeiten. Wissenschaftliche Artikel: Eine perfekte \u00dcbersetzung in s\u00e4mtlichen SprachenUnser B\u00fcro befindet sich in L\u00fcttich und verf\u00fcgt \u00fcber ein einzigartiges Netzwerk von \u00dcbersetzern, das sich \u00fcber die ganze Welt erstreckt. Jeder unserer Mitarbeiter hat sein Fachgebiet. Das bedeutet, dass wir, abh\u00e4ngig von der Thematik des zu \u00fcbersetzenden Dokuments und der ben\u00f6tigten Sprachen, den richtigen Mitarbeiter immer parat haben. Da wir immer das Beste f\u00fcr Sie wollen, hat unsere Agentur SFX Translated, Tausende Mitarbeiter. So k\u00f6nnen wir uns sicher sein, die geeignete Person bei uns zu finden, damit Ihre \u00dcbersetzung unter idealen Bedingungen erledigt werden kann.Ein \u00dcbersetzungsb\u00fcro f\u00fcr wissenschaftliche Artikel \u2013 aber nicht nur &#8230;Unser \u00dcbersetzungsb\u00fcro hat sich auf die \u00dcbersetzung verschiedenster Dokumente spezialisiert. Schriftlich, m\u00fcndlich oder visuell: Wir \u00fcbersetzen alles, was Sie wollen. Es gibt viele verschiedene Formate bei Dokumenten. Wir nehmen jedes [&hellip;]<\/p>\n","protected":false},"author":1,"featured_media":0,"parent":852,"menu_order":0,"comment_status":"closed","ping_status":"closed","template":"","meta":{"_et_pb_use_builder":"on","_et_pb_old_content":"","_et_gb_content_width":"","inline_featured_image":false,"footnotes":""},"class_list":["post-1025","page","type-page","status-publish","hentry"],"yoast_head":"<!-- This site is optimized with the Yoast SEO plugin v27.4 - https:\/\/yoast.com\/product\/yoast-seo-wordpress\/ -->\n<title>\u00dcbersetzung wissenschaftlicher Artikel - SFX<\/title>\n<meta name=\"robots\" content=\"index, follow, max-snippet:-1, max-image-preview:large, max-video-preview:-1\" \/>\n<link rel=\"canonical\" href=\"https:\/\/sfx.be\/de\/technisch\/uebersetzung-wissenschaftlicher-artikel\/\" \/>\n<meta property=\"og:locale\" content=\"de_DE\" \/>\n<meta property=\"og:type\" content=\"article\" \/>\n<meta property=\"og:title\" content=\"\u00dcbersetzung wissenschaftlicher Artikel - SFX\" \/>\n<meta property=\"og:description\" content=\"\u00dcbersetzung wissenschaftlicher ArtikelW\u00e4hrend Ihres Studiums sind bzw. werden Sie mit der \u00dcbersetzung von wissenschaftlichen Artikeln konfrontiert, damit Sie diese v\u00f6llig verstehen und Ihre Studienarbeit erfolgreich zu Ende bringen k\u00f6nnen. Auch sp\u00e4ter im Berufsleben k\u00f6nnen Sie mit wissenschaftlichen Artikeln konfrontiert werden, die oft in einer Fremdsprache verfasst sind. In diesem Fall empfiehlt es sich, mit einer hervorragenden \u00dcbersetzung zu arbeiten. Wissenschaftliche Artikel: Eine perfekte \u00dcbersetzung in s\u00e4mtlichen SprachenUnser B\u00fcro befindet sich in L\u00fcttich und verf\u00fcgt \u00fcber ein einzigartiges Netzwerk von \u00dcbersetzern, das sich \u00fcber die ganze Welt erstreckt. Jeder unserer Mitarbeiter hat sein Fachgebiet. Das bedeutet, dass wir, abh\u00e4ngig von der Thematik des zu \u00fcbersetzenden Dokuments und der ben\u00f6tigten Sprachen, den richtigen Mitarbeiter immer parat haben. Da wir immer das Beste f\u00fcr Sie wollen, hat unsere Agentur SFX Translated, Tausende Mitarbeiter. So k\u00f6nnen wir uns sicher sein, die geeignete Person bei uns zu finden, damit Ihre \u00dcbersetzung unter idealen Bedingungen erledigt werden kann.Ein \u00dcbersetzungsb\u00fcro f\u00fcr wissenschaftliche Artikel \u2013 aber nicht nur ...Unser \u00dcbersetzungsb\u00fcro hat sich auf die \u00dcbersetzung verschiedenster Dokumente spezialisiert. Schriftlich, m\u00fcndlich oder visuell: Wir \u00fcbersetzen alles, was Sie wollen. Es gibt viele verschiedene Formate bei Dokumenten. Wir nehmen jedes [&hellip;]\" \/>\n<meta property=\"og:url\" content=\"https:\/\/sfx.be\/de\/technisch\/uebersetzung-wissenschaftlicher-artikel\/\" \/>\n<meta property=\"og:site_name\" content=\"SFX\" \/>\n<meta property=\"article:modified_time\" content=\"2022-01-18T07:44:32+00:00\" \/>\n<meta name=\"twitter:card\" content=\"summary_large_image\" \/>\n<meta name=\"twitter:label1\" content=\"Gesch\u00e4tzte Lesezeit\" \/>\n\t<meta name=\"twitter:data1\" content=\"6\u00a0Minuten\" \/>\n<!-- \/ Yoast SEO plugin. -->","yoast_head_json":{"title":"\u00dcbersetzung wissenschaftlicher Artikel - SFX","robots":{"index":"index","follow":"follow","max-snippet":"max-snippet:-1","max-image-preview":"max-image-preview:large","max-video-preview":"max-video-preview:-1"},"canonical":"https:\/\/sfx.be\/de\/technisch\/uebersetzung-wissenschaftlicher-artikel\/","og_locale":"de_DE","og_type":"article","og_title":"\u00dcbersetzung wissenschaftlicher Artikel - SFX","og_description":"\u00dcbersetzung wissenschaftlicher ArtikelW\u00e4hrend Ihres Studiums sind bzw. werden Sie mit der \u00dcbersetzung von wissenschaftlichen Artikeln konfrontiert, damit Sie diese v\u00f6llig verstehen und Ihre Studienarbeit erfolgreich zu Ende bringen k\u00f6nnen. Auch sp\u00e4ter im Berufsleben k\u00f6nnen Sie mit wissenschaftlichen Artikeln konfrontiert werden, die oft in einer Fremdsprache verfasst sind. In diesem Fall empfiehlt es sich, mit einer hervorragenden \u00dcbersetzung zu arbeiten. Wissenschaftliche Artikel: Eine perfekte \u00dcbersetzung in s\u00e4mtlichen SprachenUnser B\u00fcro befindet sich in L\u00fcttich und verf\u00fcgt \u00fcber ein einzigartiges Netzwerk von \u00dcbersetzern, das sich \u00fcber die ganze Welt erstreckt. Jeder unserer Mitarbeiter hat sein Fachgebiet. Das bedeutet, dass wir, abh\u00e4ngig von der Thematik des zu \u00fcbersetzenden Dokuments und der ben\u00f6tigten Sprachen, den richtigen Mitarbeiter immer parat haben. Da wir immer das Beste f\u00fcr Sie wollen, hat unsere Agentur SFX Translated, Tausende Mitarbeiter. So k\u00f6nnen wir uns sicher sein, die geeignete Person bei uns zu finden, damit Ihre \u00dcbersetzung unter idealen Bedingungen erledigt werden kann.Ein \u00dcbersetzungsb\u00fcro f\u00fcr wissenschaftliche Artikel \u2013 aber nicht nur ...Unser \u00dcbersetzungsb\u00fcro hat sich auf die \u00dcbersetzung verschiedenster Dokumente spezialisiert. Schriftlich, m\u00fcndlich oder visuell: Wir \u00fcbersetzen alles, was Sie wollen. Es gibt viele verschiedene Formate bei Dokumenten. Wir nehmen jedes [&hellip;]","og_url":"https:\/\/sfx.be\/de\/technisch\/uebersetzung-wissenschaftlicher-artikel\/","og_site_name":"SFX","article_modified_time":"2022-01-18T07:44:32+00:00","twitter_card":"summary_large_image","twitter_misc":{"Gesch\u00e4tzte Lesezeit":"6\u00a0Minuten"},"schema":{"@context":"https:\/\/schema.org","@graph":[{"@type":"WebPage","@id":"https:\/\/sfx.be\/de\/technisch\/uebersetzung-wissenschaftlicher-artikel\/","url":"https:\/\/sfx.be\/de\/technisch\/uebersetzung-wissenschaftlicher-artikel\/","name":"\u00dcbersetzung wissenschaftlicher Artikel - SFX","isPartOf":{"@id":"https:\/\/sfx.be\/en\/#website"},"datePublished":"2022-01-18T07:44:28+00:00","dateModified":"2022-01-18T07:44:32+00:00","breadcrumb":{"@id":"https:\/\/sfx.be\/de\/technisch\/uebersetzung-wissenschaftlicher-artikel\/#breadcrumb"},"inLanguage":"de","potentialAction":[{"@type":"ReadAction","target":["https:\/\/sfx.be\/de\/technisch\/uebersetzung-wissenschaftlicher-artikel\/"]}]},{"@type":"BreadcrumbList","@id":"https:\/\/sfx.be\/de\/technisch\/uebersetzung-wissenschaftlicher-artikel\/#breadcrumb","itemListElement":[{"@type":"ListItem","position":1,"name":"Accueil","item":"https:\/\/sfx.be\/de\/"},{"@type":"ListItem","position":2,"name":"Technisch","item":"https:\/\/sfx.be\/de\/technisch\/"},{"@type":"ListItem","position":3,"name":"\u00dcbersetzung wissenschaftlicher Artikel"}]},{"@type":"WebSite","@id":"https:\/\/sfx.be\/en\/#website","url":"https:\/\/sfx.be\/en\/","name":"SFX","description":"Agence de traduction multilingue","potentialAction":[{"@type":"SearchAction","target":{"@type":"EntryPoint","urlTemplate":"https:\/\/sfx.be\/en\/?s={search_term_string}"},"query-input":{"@type":"PropertyValueSpecification","valueRequired":true,"valueName":"search_term_string"}}],"inLanguage":"de"}]}},"_links":{"self":[{"href":"https:\/\/sfx.be\/de\/wp-json\/wp\/v2\/pages\/1025","targetHints":{"allow":["GET"]}}],"collection":[{"href":"https:\/\/sfx.be\/de\/wp-json\/wp\/v2\/pages"}],"about":[{"href":"https:\/\/sfx.be\/de\/wp-json\/wp\/v2\/types\/page"}],"author":[{"embeddable":true,"href":"https:\/\/sfx.be\/de\/wp-json\/wp\/v2\/users\/1"}],"replies":[{"embeddable":true,"href":"https:\/\/sfx.be\/de\/wp-json\/wp\/v2\/comments?post=1025"}],"version-history":[{"count":6,"href":"https:\/\/sfx.be\/de\/wp-json\/wp\/v2\/pages\/1025\/revisions"}],"predecessor-version":[{"id":1031,"href":"https:\/\/sfx.be\/de\/wp-json\/wp\/v2\/pages\/1025\/revisions\/1031"}],"up":[{"embeddable":true,"href":"https:\/\/sfx.be\/de\/wp-json\/wp\/v2\/pages\/852"}],"wp:attachment":[{"href":"https:\/\/sfx.be\/de\/wp-json\/wp\/v2\/media?parent=1025"}],"curies":[{"name":"wp","href":"https:\/\/api.w.org\/{rel}","templated":true}]}}