{"id":832,"date":"2021-11-24T08:38:27","date_gmt":"2021-11-24T08:38:27","guid":{"rendered":"https:\/\/sfx.be\/allgemeine-bedingungen\/"},"modified":"2021-11-24T08:38:28","modified_gmt":"2021-11-24T08:38:28","slug":"allgemeine-bedingungen","status":"publish","type":"page","link":"https:\/\/sfx.be\/de\/allgemeine-bedingungen\/","title":{"rendered":"Allgemeine Bedingungen"},"content":{"rendered":"<p>[et_pb_section fb_built=&#8220;1&#8243; _builder_version=&#8220;4.9.4&#8243; _module_preset=&#8220;default&#8220; background_color=&#8220;#FFFFFF&#8220; width=&#8220;60%&#8220; width_tablet=&#8220;90%&#8220; width_phone=&#8220;&#8220; width_last_edited=&#8220;on|tablet&#8220; module_alignment=&#8220;center&#8220; custom_margin=&#8220;5vh||5vh||false|false&#8220; custom_padding=&#8220;||||false|false&#8220; hover_enabled=&#8220;0&#8243; border_radii=&#8220;on|3px|3px|3px|3px&#8220; box_shadow_style=&#8220;preset1&#8243; box_shadow_color=&#8220;rgba(0,0,0,0.06)&#8220; sticky_enabled=&#8220;0&#8243;][et_pb_row use_custom_gutter=&#8220;on&#8220; gutter_width=&#8220;4&#8243; _builder_version=&#8220;4.9.4&#8243; _module_preset=&#8220;default&#8220; custom_padding=&#8220;0px||0px||false|false&#8220;][et_pb_column type=&#8220;4_4&#8243; _builder_version=&#8220;4.9.4&#8243; _module_preset=&#8220;default&#8220;][dsm_breadcrumbs home_text=&#8220;Home&#8220; _builder_version=&#8220;4.9.4&#8243; _module_preset=&#8220;default&#8220; items_font=&#8220;Nunito|700|||||||&#8220; current_font=&#8220;Nunito||||||||&#8220; width=&#8220;100%&#8220; module_alignment=&#8220;center&#8220; custom_margin=&#8220;0px||0px||false|false&#8220; custom_padding=&#8220;0px||0px||false|false&#8220;][\/dsm_breadcrumbs][et_pb_text _builder_version=&#8220;4.9.4&#8243; _module_preset=&#8220;default&#8220; text_font=&#8220;Quicksand||||||||&#8220; text_text_color=&#8220;#8DC63F&#8220; text_font_size=&#8220;35px&#8220; header_font=&#8220;Nunito|900|||||||&#8220; header_text_align=&#8220;left&#8220; header_text_color=&#8220;#8DC63F&#8220; header_font_size=&#8220;62px&#8220; header_line_height=&#8220;1.2em&#8220; width=&#8220;100%&#8220; custom_margin=&#8220;||0px||false|false&#8220; hover_enabled=&#8220;0&#8243; sticky_enabled=&#8220;0&#8243;]<\/p>\n<h1 id=%22RESEAUtexte%22><span>Allgemeine Gesch\u00e4ftsbedingungen<\/span><\/h1>\n<p>[\/et_pb_text][et_pb_text _builder_version=&#8220;4.9.4&#8243; _module_preset=&#8220;default&#8220; text_font=&#8220;Nunito||||||||&#8220; text_text_color=&#8220;#8DC63F&#8220; text_font_size=&#8220;15px&#8220; header_font=&#8220;Nunito|700|||||||&#8220; header_text_align=&#8220;left&#8220; header_text_color=&#8220;#000000&#8243; header_font_size=&#8220;35px&#8220; header_line_height=&#8220;1.2em&#8220; width=&#8220;100%&#8220; hover_enabled=&#8220;0&#8243; text_line_height=&#8220;1.1em&#8220; sticky_enabled=&#8220;0&#8243;]<\/p>\n<p><span>Dienstleistungsvertrag zwischen dem Kunden und Fran\u00e7ois-Xavier P\u00e2que, SFX Translated, im Folgenden als Anbieter bezeichnet.<\/span><\/p>\n<p>[\/et_pb_text][\/et_pb_column][\/et_pb_row][et_pb_row _builder_version=&#8220;4.9.4&#8243; _module_preset=&#8220;default&#8220; width=&#8220;100%&#8220; max_width=&#8220;1477px&#8220; custom_padding=&#8220;2vh||0px||false|false&#8220;][et_pb_column type=&#8220;4_4&#8243; _builder_version=&#8220;4.9.4&#8243; _module_preset=&#8220;default&#8220; background_color=&#8220;#FFFFFF&#8220; custom_padding=&#8220;||||true|false&#8220;][et_pb_text _builder_version=&#8220;4.9.4&#8243; _module_preset=&#8220;default&#8220; text_font=&#8220;Nunito|700|||||||&#8220; text_text_color=&#8220;#000000&#8243; text_font_size=&#8220;16px&#8220; text_line_height=&#8220;1.8em&#8220; header_2_line_height=&#8220;1.7em&#8220; width=&#8220;80%&#8220; hover_enabled=&#8220;0&#8243; sticky_enabled=&#8220;0&#8243;]<\/p>\n<p><span>Artikel 1 \u2013 Verpflichtungen des Anbieters<\/span><\/p>\n<p><span>1.1 \u2013 Verpflichtungen des Anbieters<br \/>Der Anbieter verpflichtet sich dazu, die Dienstleistungen bestm\u00f6glich gem\u00e4\u00df seinen F\u00e4higkeiten sowie unter Einsatz seiner Kompetenz und seiner Fachkenntnis zu erbringen. Zudem verpflichtet er sich dazu, alles zu tun, um sicherzustellen, dass der Kunde vollst\u00e4ndig zufrieden ist. Der Anbieter muss den Kunden \u00fcber den Fortschritt der Dienstleistungen auf dem Laufenden halten und muss den Kunden \u00fcber jegliche Schwierigkeiten in Kenntnis setzen, auf welche der Anbieter bei der Erf\u00fcllung seiner Verpflichtungen gem\u00e4\u00df dem vorliegenden Vertrag sto\u00dfen kann. <\/span><\/p>\n<p><span>1.2 \u2013 Rechtlicher Status<br \/>Der Anbieter verpflichtet sich dazu, den Kunden \u00fcber seinen gesetzlichen, rechtlichen und steuerlichen Status zu informieren. Der Kunde beh\u00e4lt sich das Recht vor, den Nachweis daf\u00fcr zu verlangen, dass bei den betreffenden Regierungsstellen nichts gegen den Anbieter vorliegt. Der Kunde best\u00e4tigt, dass er sich an das Arbeitsrecht h\u00e4lt.  <\/span><\/p>\n<p><span>Artikel 2 \u2013 Verpflichtungen des Kunden<\/span><\/p>\n<p><span>2.1 \u2013 Der Kunde verpflichtet sich zu Folgendem:<br \/>a. Sicherstellung, dass der Anbieter rechtzeitig die Informationen und Dokumente erh\u00e4lt, die f\u00fcr die korrekte Erbringung der Dienstleistungen erforderlich sind. <br \/>b. Bezahlung f\u00fcr die Dienstleistungen gem\u00e4\u00df Artikel 5 des vorliegenden Vertrags. <br \/>c. Information des Anbieters im Falle eines Insolvenz- oder Liquidationsverfahrens durch Einschreiben mit Empfangsbest\u00e4tigung, um es dem Anbieter zu erm\u00f6glichen, rechtzeitig seine Forderungen bei der zust\u00e4ndigen Beh\u00f6rde geltend zu machen. <\/span><\/p>\n<p><span>2.2 \u2013 Stornierung<br \/>Der Kunde darf ein Gesch\u00e4ft nicht stornieren, wenn der Kunde beim Anbieter schriftlich darum gebeten hat, Waren oder Dienstleistungen aufgrund eines Notfalls oder einer au\u00dfergew\u00f6hnlichen Situation so schnell wie m\u00f6glich zu liefern und\/oder wenn der Anbieter in gutem Glauben bereits einen erheblichen Teil des Vertrags erf\u00fcllt hat, bevor der Kunde ihn \u00fcber die Stornierung in Kenntnis setzt.<\/span><\/p>\n<p><span>Artikel 3 \u2013 Zust\u00e4ndigkeiten<\/span><\/p>\n<p><span>Der Kunde muss einen Ansprechpartner f\u00fcr den Anbieter bestimmen.<br \/>Der bestimmte Anbieter Fran\u00e7ois-Xavier P\u00e2que ist jene Person, die f\u00fcr die Erbringung der Dienstleistungen zust\u00e4ndig ist.<\/span><\/p>\n<p><span>Artikel 4 \u2013 Fristen<\/span><\/p>\n<p><span>Die Dienstleistungen werden innerhalb jener Fristen erbracht, die zwischen dem Kunden und dem Anbieter vereinbart werden.<\/span><\/p>\n<p><span>Artikel 5 \u2013 Zahlungsverz\u00f6gerungen<\/span><\/p>\n<p><span>a. Der Kunde muss die Rechnungen bei Erhalt so bezahlen, wie dies mit dem Anbieter vereinbart wurde. <br \/>b. Wenn die Zahlung nicht vor dem F\u00e4lligkeitsdatum erfolgt: <br \/>b&#8216;. Der Anbieter beh\u00e4lt sich das Recht vor, den Vertrag auszusetzen. <br \/>b&#8220;. Dem Kunden wird eine Verzugsstrafe in H\u00f6he von 9 % pro Jahr in Rechnung gestellt, welche an jenem Datum wirksam wird, an welchem die Rechnung ausgestellt wurde und welche eine Mindesth\u00f6he von 50,00 \u20ac hat. <br \/>b&#8220;&#8216;. Sollte der Kunde nicht innerhalb von 30 Tagen ab dem F\u00e4lligkeitsdatum bezahlen, kann der Anbieter den Vertrag rechtm\u00e4\u00dfig k\u00fcndigen. <br \/><\/span><\/p>\n<p><span>Artikel 6 \u2013 Vertraulichkeit<\/span><\/p>\n<p><span>Der Anbieter verpflichtet sich dazu, alle Informationen, die er im Laufe der Dienstleistung erh\u00e4lt, und die Gesch\u00e4ftskunden, Organisation und Personal des Kunden betreffen, vertraulich zu behandeln. Der Anbieter verpflichtet sich dazu, diese vertraulichen Informationen nicht gegen\u00fcber Dritten offenzulegen, es sei denn, es liegt das vorherige Einverst\u00e4ndnis des Kunden vor. Zudem verpflichtet er sich dazu, diese Geheimhaltungsklausel einzuhalten, solange der Kunde nicht selbst diese Informationen f\u00fcr Dritte offenlegt. <\/span><\/p>\n<p><span>Artikel 7 \u2013 Anwendbares Recht<\/span><\/p>\n<p><span>Die G\u00fcltigkeit, Umsetzung, Auslegung und K\u00fcndigung des vorliegenden Vertrags richten sich nach dem belgischen Recht und werden von diesem geregelt. Die Parteien erkl\u00e4ren sich dazu bereit, alles zu versuchen, um zu einer g\u00fctlichen Einigung in jeglichem Rechtsstreit zu gelangen, welcher sich aus der Umsetzung, Auslegung oder der K\u00fcndigung des vorliegenden Vertrags ergibt. Sollte es zu keiner g\u00fctlichen Einigung kommen, wird der Rechtsstreit an das Handelsgericht von L\u00fcttich, Belgien, weitergeleitet.  <\/span><\/p>\n<p>[\/et_pb_text][\/et_pb_column][\/et_pb_row][\/et_pb_section]<\/p>\n","protected":false},"excerpt":{"rendered":"<p><div class=\"et_pb_module dsm_breadcrumbs dsm_breadcrumbs_0\">\n\t\t\t\t\n\t\t\t\t\n\t\t\t\t\n\t\t\t\t\n\t\t\t\t\n\t\t\t\t\n\t\t\t\t<div class=\"et_pb_module_inner\">\n\t\t\t\t\t<nav class=\"dsm_breadcrumbs_wrap\">\n\t\t\t\t<ul class=\"dsm_breadcrumbs\" itemscope itemtype=\"https:\/\/schema.org\/BreadcrumbList\">\t\t\t<li class=\"dsm_breadcrumbs_item dsm_home_item dsm_home_item_custom\" itemprop=\"itemListElement\" itemscope\n\t\t\titemtype=\"https:\/\/schema.org\/ListItem\">\n\t\t\t\t<a href=\"https:\/\/sfx.be\/de\/\" itemprop=\"item\" target=\"\">\n\t\t\t\t\t<span class='dsm_home_text_wrapper'>\n\t\t\t\t\t\t\t\t\t\t\t\t\t<span class=\"et-pb-icon dsm_home_icon\">\ue009<\/span>\n\t\t\t\t\t\t\t\t\t\t\t\t\t<span class=\"dsm_home_text\" itemprop=\"name\">\n\t\t\t\t\t\t\t\tHome\t\t\t\t\t\t\t<\/span>\n\t\t\t\t\t<\/span>\n\t\t\t\t<\/a>\n\t\t\t\t<meta itemprop=\"position\" content=\"1\" \/>\n\t\t\t<\/li>\n\n\t\t<li class=\"dsm_breadcrumbs_separator\"> <span class=\"et-pb-icon dsm_separator_icon\">5<\/span><\/li><\/ul>\n\t\t\t<\/nav>\n\t\t\t\t<\/div>\n\t\t\t<\/div>Allgemeine Gesch\u00e4ftsbedingungenDienstleistungsvertrag zwischen dem Kunden und Fran\u00e7ois-Xavier P\u00e2que, SFX Translated, im Folgenden als Anbieter bezeichnet.Artikel 1 \u2013 Verpflichtungen des Anbieters 1.1 \u2013 Verpflichtungen des AnbietersDer Anbieter verpflichtet sich dazu, die Dienstleistungen bestm\u00f6glich gem\u00e4\u00df seinen F\u00e4higkeiten sowie unter Einsatz seiner Kompetenz und seiner Fachkenntnis zu erbringen. Zudem verpflichtet er sich dazu, alles zu tun, um sicherzustellen, dass der Kunde vollst\u00e4ndig zufrieden ist. Der Anbieter muss den Kunden \u00fcber den Fortschritt der Dienstleistungen auf dem Laufenden halten und muss den Kunden \u00fcber jegliche Schwierigkeiten in Kenntnis setzen, auf welche der Anbieter bei der Erf\u00fcllung seiner Verpflichtungen gem\u00e4\u00df dem vorliegenden Vertrag sto\u00dfen kann. 1.2 \u2013 Rechtlicher StatusDer Anbieter verpflichtet sich dazu, den Kunden \u00fcber seinen gesetzlichen, rechtlichen und steuerlichen Status zu informieren. Der Kunde beh\u00e4lt sich das Recht vor, den Nachweis daf\u00fcr zu verlangen, dass bei den betreffenden Regierungsstellen nichts gegen den Anbieter vorliegt. Der Kunde best\u00e4tigt, dass er sich an das Arbeitsrecht h\u00e4lt. Artikel 2 \u2013 Verpflichtungen des Kunden 2.1 \u2013 Der Kunde verpflichtet sich zu Folgendem:a. Sicherstellung, dass der Anbieter rechtzeitig die Informationen und Dokumente erh\u00e4lt, die f\u00fcr die korrekte Erbringung der Dienstleistungen erforderlich sind. b. Bezahlung f\u00fcr die Dienstleistungen gem\u00e4\u00df Artikel [&hellip;]<\/p>\n","protected":false},"author":1,"featured_media":0,"parent":0,"menu_order":0,"comment_status":"closed","ping_status":"closed","template":"","meta":{"_et_pb_use_builder":"on","_et_pb_old_content":"","_et_gb_content_width":"","inline_featured_image":false,"footnotes":""},"class_list":["post-832","page","type-page","status-publish","hentry"],"yoast_head":"<!-- This site is optimized with the Yoast SEO plugin v27.4 - https:\/\/yoast.com\/product\/yoast-seo-wordpress\/ -->\n<title>Allgemeine Bedingungen - SFX<\/title>\n<meta name=\"robots\" content=\"index, follow, max-snippet:-1, max-image-preview:large, max-video-preview:-1\" \/>\n<link rel=\"canonical\" href=\"https:\/\/sfx.be\/de\/allgemeine-bedingungen\/\" \/>\n<meta property=\"og:locale\" content=\"de_DE\" \/>\n<meta property=\"og:type\" content=\"article\" \/>\n<meta property=\"og:title\" content=\"Allgemeine Bedingungen - SFX\" \/>\n<meta property=\"og:description\" content=\"Allgemeine Gesch\u00e4ftsbedingungenDienstleistungsvertrag zwischen dem Kunden und Fran\u00e7ois-Xavier P\u00e2que, SFX Translated, im Folgenden als Anbieter bezeichnet.Artikel 1 \u2013 Verpflichtungen des Anbieters 1.1 \u2013 Verpflichtungen des AnbietersDer Anbieter verpflichtet sich dazu, die Dienstleistungen bestm\u00f6glich gem\u00e4\u00df seinen F\u00e4higkeiten sowie unter Einsatz seiner Kompetenz und seiner Fachkenntnis zu erbringen. Zudem verpflichtet er sich dazu, alles zu tun, um sicherzustellen, dass der Kunde vollst\u00e4ndig zufrieden ist. Der Anbieter muss den Kunden \u00fcber den Fortschritt der Dienstleistungen auf dem Laufenden halten und muss den Kunden \u00fcber jegliche Schwierigkeiten in Kenntnis setzen, auf welche der Anbieter bei der Erf\u00fcllung seiner Verpflichtungen gem\u00e4\u00df dem vorliegenden Vertrag sto\u00dfen kann. 1.2 \u2013 Rechtlicher StatusDer Anbieter verpflichtet sich dazu, den Kunden \u00fcber seinen gesetzlichen, rechtlichen und steuerlichen Status zu informieren. Der Kunde beh\u00e4lt sich das Recht vor, den Nachweis daf\u00fcr zu verlangen, dass bei den betreffenden Regierungsstellen nichts gegen den Anbieter vorliegt. Der Kunde best\u00e4tigt, dass er sich an das Arbeitsrecht h\u00e4lt. Artikel 2 \u2013 Verpflichtungen des Kunden 2.1 \u2013 Der Kunde verpflichtet sich zu Folgendem:a. Sicherstellung, dass der Anbieter rechtzeitig die Informationen und Dokumente erh\u00e4lt, die f\u00fcr die korrekte Erbringung der Dienstleistungen erforderlich sind. b. Bezahlung f\u00fcr die Dienstleistungen gem\u00e4\u00df Artikel [&hellip;]\" \/>\n<meta property=\"og:url\" content=\"https:\/\/sfx.be\/de\/allgemeine-bedingungen\/\" \/>\n<meta property=\"og:site_name\" content=\"SFX\" \/>\n<meta property=\"article:modified_time\" content=\"2021-11-24T08:38:28+00:00\" \/>\n<meta name=\"twitter:card\" content=\"summary_large_image\" \/>\n<meta name=\"twitter:label1\" content=\"Gesch\u00e4tzte Lesezeit\" \/>\n\t<meta name=\"twitter:data1\" content=\"5\u00a0Minuten\" \/>\n<!-- \/ Yoast SEO plugin. -->","yoast_head_json":{"title":"Allgemeine Bedingungen - SFX","robots":{"index":"index","follow":"follow","max-snippet":"max-snippet:-1","max-image-preview":"max-image-preview:large","max-video-preview":"max-video-preview:-1"},"canonical":"https:\/\/sfx.be\/de\/allgemeine-bedingungen\/","og_locale":"de_DE","og_type":"article","og_title":"Allgemeine Bedingungen - SFX","og_description":"Allgemeine Gesch\u00e4ftsbedingungenDienstleistungsvertrag zwischen dem Kunden und Fran\u00e7ois-Xavier P\u00e2que, SFX Translated, im Folgenden als Anbieter bezeichnet.Artikel 1 \u2013 Verpflichtungen des Anbieters 1.1 \u2013 Verpflichtungen des AnbietersDer Anbieter verpflichtet sich dazu, die Dienstleistungen bestm\u00f6glich gem\u00e4\u00df seinen F\u00e4higkeiten sowie unter Einsatz seiner Kompetenz und seiner Fachkenntnis zu erbringen. Zudem verpflichtet er sich dazu, alles zu tun, um sicherzustellen, dass der Kunde vollst\u00e4ndig zufrieden ist. Der Anbieter muss den Kunden \u00fcber den Fortschritt der Dienstleistungen auf dem Laufenden halten und muss den Kunden \u00fcber jegliche Schwierigkeiten in Kenntnis setzen, auf welche der Anbieter bei der Erf\u00fcllung seiner Verpflichtungen gem\u00e4\u00df dem vorliegenden Vertrag sto\u00dfen kann. 1.2 \u2013 Rechtlicher StatusDer Anbieter verpflichtet sich dazu, den Kunden \u00fcber seinen gesetzlichen, rechtlichen und steuerlichen Status zu informieren. Der Kunde beh\u00e4lt sich das Recht vor, den Nachweis daf\u00fcr zu verlangen, dass bei den betreffenden Regierungsstellen nichts gegen den Anbieter vorliegt. Der Kunde best\u00e4tigt, dass er sich an das Arbeitsrecht h\u00e4lt. Artikel 2 \u2013 Verpflichtungen des Kunden 2.1 \u2013 Der Kunde verpflichtet sich zu Folgendem:a. Sicherstellung, dass der Anbieter rechtzeitig die Informationen und Dokumente erh\u00e4lt, die f\u00fcr die korrekte Erbringung der Dienstleistungen erforderlich sind. b. Bezahlung f\u00fcr die Dienstleistungen gem\u00e4\u00df Artikel [&hellip;]","og_url":"https:\/\/sfx.be\/de\/allgemeine-bedingungen\/","og_site_name":"SFX","article_modified_time":"2021-11-24T08:38:28+00:00","twitter_card":"summary_large_image","twitter_misc":{"Gesch\u00e4tzte Lesezeit":"5\u00a0Minuten"},"schema":{"@context":"https:\/\/schema.org","@graph":[{"@type":"WebPage","@id":"https:\/\/sfx.be\/de\/allgemeine-bedingungen\/","url":"https:\/\/sfx.be\/de\/allgemeine-bedingungen\/","name":"Allgemeine Bedingungen - SFX","isPartOf":{"@id":"https:\/\/sfx.be\/en\/#website"},"datePublished":"2021-11-24T08:38:27+00:00","dateModified":"2021-11-24T08:38:28+00:00","breadcrumb":{"@id":"https:\/\/sfx.be\/de\/allgemeine-bedingungen\/#breadcrumb"},"inLanguage":"de","potentialAction":[{"@type":"ReadAction","target":["https:\/\/sfx.be\/de\/allgemeine-bedingungen\/"]}]},{"@type":"BreadcrumbList","@id":"https:\/\/sfx.be\/de\/allgemeine-bedingungen\/#breadcrumb","itemListElement":[{"@type":"ListItem","position":1,"name":"Accueil","item":"https:\/\/sfx.be\/de\/"},{"@type":"ListItem","position":2,"name":"Allgemeine Bedingungen"}]},{"@type":"WebSite","@id":"https:\/\/sfx.be\/en\/#website","url":"https:\/\/sfx.be\/en\/","name":"SFX","description":"Agence de traduction multilingue","potentialAction":[{"@type":"SearchAction","target":{"@type":"EntryPoint","urlTemplate":"https:\/\/sfx.be\/en\/?s={search_term_string}"},"query-input":{"@type":"PropertyValueSpecification","valueRequired":true,"valueName":"search_term_string"}}],"inLanguage":"de"}]}},"_links":{"self":[{"href":"https:\/\/sfx.be\/de\/wp-json\/wp\/v2\/pages\/832","targetHints":{"allow":["GET"]}}],"collection":[{"href":"https:\/\/sfx.be\/de\/wp-json\/wp\/v2\/pages"}],"about":[{"href":"https:\/\/sfx.be\/de\/wp-json\/wp\/v2\/types\/page"}],"author":[{"embeddable":true,"href":"https:\/\/sfx.be\/de\/wp-json\/wp\/v2\/users\/1"}],"replies":[{"embeddable":true,"href":"https:\/\/sfx.be\/de\/wp-json\/wp\/v2\/comments?post=832"}],"version-history":[{"count":2,"href":"https:\/\/sfx.be\/de\/wp-json\/wp\/v2\/pages\/832\/revisions"}],"predecessor-version":[{"id":834,"href":"https:\/\/sfx.be\/de\/wp-json\/wp\/v2\/pages\/832\/revisions\/834"}],"wp:attachment":[{"href":"https:\/\/sfx.be\/de\/wp-json\/wp\/v2\/media?parent=832"}],"curies":[{"name":"wp","href":"https:\/\/api.w.org\/{rel}","templated":true}]}}