{"id":835,"date":"2021-11-24T08:56:22","date_gmt":"2021-11-24T08:56:22","guid":{"rendered":"https:\/\/sfx.be\/kontakt\/"},"modified":"2021-11-24T08:56:23","modified_gmt":"2021-11-24T08:56:23","slug":"kontakt","status":"publish","type":"page","link":"https:\/\/sfx.be\/de\/kontakt\/","title":{"rendered":"Kontakt"},"content":{"rendered":"<p>[et_pb_section fb_built=&#8220;1&#8243; _builder_version=&#8220;4.9.4&#8243; _module_preset=&#8220;default&#8220; background_color=&#8220;#FFFFFF&#8220; width=&#8220;60%&#8220; width_tablet=&#8220;90%&#8220; width_phone=&#8220;&#8220; width_last_edited=&#8220;on|tablet&#8220; module_alignment=&#8220;center&#8220; custom_margin=&#8220;5vh||5vh||false|false&#8220; custom_padding=&#8220;0px||0px||false|false&#8220; animation_direction=&#8220;left&#8220; border_radii=&#8220;on|3px|3px|3px|3px&#8220; box_shadow_style=&#8220;preset1&#8243; box_shadow_color=&#8220;rgba(0,0,0,0.06)&#8220;][et_pb_row _builder_version=&#8220;4.9.4&#8243; _module_preset=&#8220;default&#8220; width=&#8220;100%&#8220; max_width=&#8220;1477px&#8220; custom_padding=&#8220;7vh||7vh||false|false&#8220;][et_pb_column type=&#8220;4_4&#8243; _builder_version=&#8220;4.9.4&#8243; _module_preset=&#8220;default&#8220; background_color=&#8220;#FFFFFF&#8220; custom_padding=&#8220;0px||0px||true|false&#8220;][dsm_breadcrumbs home_text=&#8220;Home&#8220; _builder_version=&#8220;4.9.4&#8243; _module_preset=&#8220;default&#8220; width=&#8220;75%&#8220; module_alignment=&#8220;center&#8220; custom_margin=&#8220;0px||0px||false|false&#8220; custom_padding=&#8220;0px||0px||false|false&#8220;][\/dsm_breadcrumbs][et_pb_text _builder_version=&#8220;4.9.4&#8243; _module_preset=&#8220;default&#8220; header_font=&#8220;Nunito|900|||||||&#8220; header_text_color=&#8220;#8DC63F&#8220; header_font_size=&#8220;62px&#8220; header_line_height=&#8220;1.3em&#8220; custom_margin=&#8220;0px||0px||false|false&#8220; custom_padding=&#8220;0px||0px||false|false&#8220; header_font_size_tablet=&#8220;&#8220; header_font_size_phone=&#8220;40px&#8220; header_font_size_last_edited=&#8220;on|phone&#8220;]<\/p>\n<h1>KONTAKT<\/h1>\n<p>[\/et_pb_text][et_pb_text _builder_version=&#8220;4.9.4&#8243; _module_preset=&#8220;default&#8220; header_font=&#8220;Nunito|700|||||||&#8220; header_font_size=&#8220;35px&#8220; header_line_height=&#8220;1.3em&#8220; hover_enabled=&#8220;0&#8243; header_font_size_last_edited=&#8220;on|tablet&#8220; sticky_enabled=&#8220;0&#8243; header_font_size_tablet=&#8220;25px&#8220;]<\/p>\n<h1>Kontaktieren Sie uns, um weitere Informationen zu erhalten<\/h1>\n<p>[\/et_pb_text][et_pb_text _builder_version=&#8220;4.9.4&#8243; _module_preset=&#8220;default&#8220; text_font=&#8220;Nunito|600|||||||&#8220; text_text_color=&#8220;#000000&#8243; text_font_size=&#8220;16px&#8220; text_line_height=&#8220;1.8em&#8220; width=&#8220;75%&#8220; custom_margin=&#8220;||||false|false&#8220;]<\/p>\n<p>Wenn Sie weitere Informationen zu unseren Services und Leistungen erhalten m\u00f6chten, nehmen Sie bitte Kontakt mit unserem Team auf. Wir beantworten gerne all Ihre Fragen. <\/p>\n<p>Sie k\u00f6nnen uns telefonisch, per E-Mail und per Skype erreichen und uns zudem auf den sozialen Netzwerken folgen (Facebook und LinkedIn).<\/p>\n<p>[\/et_pb_text][\/et_pb_column][\/et_pb_row][et_pb_row column_structure=&#8220;1_2,1_2&#8243; use_custom_gutter=&#8220;on&#8220; gutter_width=&#8220;2&#8243; _builder_version=&#8220;4.9.4&#8243; _module_preset=&#8220;default&#8220; width=&#8220;77%&#8220; module_alignment=&#8220;center&#8220; custom_padding=&#8220;0px||3vh||false|false&#8220;][et_pb_column type=&#8220;1_2&#8243; _builder_version=&#8220;4.9.4&#8243; _module_preset=&#8220;default&#8220; background_color=&#8220;#8DC63F&#8220; custom_padding=&#8220;26px||26px|15px|true|false&#8220; custom_css_main_element=&#8220;height:160px;&#8220; border_radii=&#8220;on|3px|3px|3px|3px&#8220; box_shadow_style=&#8220;preset3&#8243; box_shadow_color=&#8220;rgba(0,0,0,0.15)&#8220; custom_css_main_element_last_edited=&#8220;on|tablet&#8220; custom_css_main_element_tablet=&#8220;height:auto;&#8220;][et_pb_blurb title=&#8220;SFX Translated&#8220; use_icon=&#8220;on&#8220; font_icon=&#8220;%%236%%&#8220; icon_color=&#8220;#FFFFFF&#8220; icon_placement=&#8220;left&#8220; content_max_width=&#8220;90%&#8220; use_icon_font_size=&#8220;on&#8220; icon_font_size=&#8220;60px&#8220; _builder_version=&#8220;4.9.4&#8243; _module_preset=&#8220;default&#8220; header_font=&#8220;Nunito|900|||||||&#8220; header_text_color=&#8220;#FFFFFF&#8220; header_font_size=&#8220;20px&#8220; body_font=&#8220;Nunito|600|||||||&#8220; body_text_color=&#8220;#FFFFFF&#8220; body_font_size=&#8220;15px&#8220; body_line_height=&#8220;1.3em&#8220;]<\/p>\n<p><span>Premi\u00e8re Avenue, 171<\/span><br \/><span>4040 Herstal, <\/span><span>Belgien<\/span><\/p>\n<p>[\/et_pb_blurb][\/et_pb_column][et_pb_column type=&#8220;1_2&#8243; _builder_version=&#8220;4.9.4&#8243; _module_preset=&#8220;default&#8220; background_color=&#8220;#8DC63F&#8220; custom_padding=&#8220;26px||26px|15px|true|false&#8220; link_option_url=&#8220;mailto:info@sfx.be&#8220; custom_css_main_element=&#8220;height:160px;&#8220; border_radii=&#8220;on|3px|3px|3px|3px&#8220; box_shadow_style=&#8220;preset3&#8243; box_shadow_color=&#8220;rgba(0,0,0,0.15)&#8220; background__hover_enabled=&#8220;on|hover&#8220; background_color__hover=&#8220;#6A942F&#8220; background_enable_color__hover=&#8220;on&#8220; custom_css_main_element_last_edited=&#8220;on|tablet&#8220; custom_css_main_element_tablet=&#8220;height:auto;&#8220;][et_pb_blurb title=&#8220;info@sfx.be&#8220; use_icon=&#8220;on&#8220; font_icon=&#8220;%%238%%&#8220; icon_color=&#8220;#FFFFFF&#8220; icon_placement=&#8220;left&#8220; content_max_width=&#8220;90%&#8220; use_icon_font_size=&#8220;on&#8220; icon_font_size=&#8220;60px&#8220; _builder_version=&#8220;4.9.4&#8243; _module_preset=&#8220;default&#8220; header_font=&#8220;Nunito|900|||||||&#8220; header_text_color=&#8220;#FFFFFF&#8220; header_font_size=&#8220;20px&#8220; body_font=&#8220;Nunito|600|||||||&#8220; body_text_color=&#8220;#FFFFFF&#8220; body_font_size=&#8220;15px&#8220; body_line_height=&#8220;1.3em&#8220; module_alignment=&#8220;left&#8220;]<\/p>\n<p><span>Um uns per E-Mail zu erreichen, k\u00f6nnen Sie auch das Formular auf der<\/span><br \/><span>Seite f\u00fcr das Angebot nutzen und eine Datei f\u00fcr uns anh\u00e4ngen.<\/span><\/p>\n<p>[\/et_pb_blurb][\/et_pb_column][\/et_pb_row][et_pb_row column_structure=&#8220;1_2,1_2&#8243; use_custom_gutter=&#8220;on&#8220; gutter_width=&#8220;2&#8243; _builder_version=&#8220;4.9.4&#8243; _module_preset=&#8220;default&#8220; width=&#8220;77%&#8220; custom_padding=&#8220;0px||||false|false&#8220;][et_pb_column type=&#8220;1_2&#8243; _builder_version=&#8220;4.9.4&#8243; _module_preset=&#8220;default&#8220; background_color=&#8220;#8DC63F&#8220; custom_padding=&#8220;26px||26px|15px|true|false&#8220; link_option_url=&#8220;tel:+3242778808&#8243; custom_css_main_element=&#8220;height:160px;&#8220; border_radii=&#8220;on|3px|3px|3px|3px&#8220; box_shadow_style=&#8220;preset3&#8243; box_shadow_color=&#8220;rgba(0,0,0,0.15)&#8220; background__hover_enabled=&#8220;on|hover&#8220; background_color__hover=&#8220;#6A942F&#8220; background_enable_color__hover=&#8220;on&#8220; custom_css_main_element_last_edited=&#8220;on|tablet&#8220; custom_css_main_element_tablet=&#8220;height:auto;&#8220;][et_pb_blurb title=&#8220;+32 42 77 88 08&#8243; use_icon=&#8220;on&#8220; font_icon=&#8220;%%264%%&#8220; icon_color=&#8220;#FFFFFF&#8220; icon_placement=&#8220;left&#8220; content_max_width=&#8220;90%&#8220; use_icon_font_size=&#8220;on&#8220; icon_font_size=&#8220;60px&#8220; _builder_version=&#8220;4.9.4&#8243; _module_preset=&#8220;default&#8220; header_font=&#8220;Nunito|900|||||||&#8220; header_text_color=&#8220;#FFFFFF&#8220; header_font_size=&#8220;20px&#8220; body_font=&#8220;Nunito|600|||||||&#8220; body_text_color=&#8220;#FFFFFF&#8220; body_font_size=&#8220;15px&#8220; body_line_height=&#8220;1.3em&#8220;]<\/p>\n<p><span>Belgische Festnetznummer,<\/span><br \/><span>Anruf zum Ortstarif.<!--83--><\/span><\/p>\n<p>[\/et_pb_blurb][\/et_pb_column][et_pb_column type=&#8220;1_2&#8243; _builder_version=&#8220;4.9.4&#8243; _module_preset=&#8220;default&#8220; background_color=&#8220;#00aff0&#8243; custom_padding=&#8220;26px||26px|15px|true|false&#8220; custom_css_main_element=&#8220;height:160px;&#8220; border_radii=&#8220;on|3px|3px|3px|3px&#8220; box_shadow_style=&#8220;preset3&#8243; box_shadow_color=&#8220;rgba(0,0,0,0.15)&#8220; custom_css_main_element_last_edited=&#8220;on|tablet&#8220; custom_css_main_element_tablet=&#8220;height:auto;&#8220;][et_pb_blurb title=&#8220;SFX_Translated&#8220; use_icon=&#8220;on&#8220; font_icon=&#8220;%%306%%&#8220; icon_color=&#8220;#FFFFFF&#8220; icon_placement=&#8220;left&#8220; content_max_width=&#8220;90%&#8220; use_icon_font_size=&#8220;on&#8220; icon_font_size=&#8220;60px&#8220; _builder_version=&#8220;4.9.4&#8243; _module_preset=&#8220;default&#8220; header_font=&#8220;Nunito|900|||||||&#8220; header_text_color=&#8220;#FFFFFF&#8220; header_font_size=&#8220;20px&#8220; body_font=&#8220;Nunito|600|||||||&#8220; body_text_color=&#8220;#FFFFFF&#8220; body_font_size=&#8220;15px&#8220; body_line_height=&#8220;1.3em&#8220;]<\/p>\n<p><span>Verwenden Sie Skype und das VoIP-Protokoll, um SFX Translated zu kontaktieren.<\/span><\/p>\n<p>[\/et_pb_blurb][\/et_pb_column][\/et_pb_row][et_pb_row column_structure=&#8220;1_2,1_2&#8243; use_custom_gutter=&#8220;on&#8220; gutter_width=&#8220;2&#8243; _builder_version=&#8220;4.9.4&#8243; _module_preset=&#8220;default&#8220; width=&#8220;77%&#8220; custom_padding=&#8220;0px||||false|false&#8220;][et_pb_column type=&#8220;1_2&#8243; _builder_version=&#8220;4.9.4&#8243; _module_preset=&#8220;default&#8220; background_color=&#8220;#4267b2&#8243; custom_padding=&#8220;26px||26px|15px|true|false&#8220; link_option_url=&#8220;https:\/\/www.facebook.com\/SFXtranslated.be&#8220; link_option_url_new_window=&#8220;on&#8220; custom_css_main_element=&#8220;height:120px;&#8220; border_radii=&#8220;on|3px|3px|3px|3px&#8220; box_shadow_style=&#8220;preset3&#8243; box_shadow_color=&#8220;rgba(0,0,0,0.15)&#8220; background__hover_enabled=&#8220;on|hover&#8220; background_color__hover=&#8220;#385599&#8243; background_enable_color__hover=&#8220;on&#8220; custom_css_main_element_last_edited=&#8220;on|tablet&#8220; custom_css_main_element_tablet=&#8220;height:auto;&#8220;][et_pb_blurb title=&#8220;SFXtranslated&#8220; use_icon=&#8220;on&#8220; font_icon=&#8220;%%291%%&#8220; icon_color=&#8220;#FFFFFF&#8220; icon_placement=&#8220;left&#8220; content_max_width=&#8220;90%&#8220; use_icon_font_size=&#8220;on&#8220; icon_font_size=&#8220;60px&#8220; _builder_version=&#8220;4.9.4&#8243; _module_preset=&#8220;default&#8220; header_font=&#8220;Nunito|900|||||||&#8220; header_text_color=&#8220;#FFFFFF&#8220; header_font_size=&#8220;20px&#8220; body_font=&#8220;Nunito|600|||||||&#8220; body_text_color=&#8220;#FFFFFF&#8220; body_font_size=&#8220;15px&#8220; body_line_height=&#8220;1.3em&#8220;]<\/p>\n<p>Besuchen Sie uns auf Facebook.<\/p>\n<p>[\/et_pb_blurb][\/et_pb_column][et_pb_column type=&#8220;1_2&#8243; _builder_version=&#8220;4.9.4&#8243; _module_preset=&#8220;default&#8220; background_color=&#8220;#0072b1&#8243; custom_padding=&#8220;26px||26px|15px|true|false&#8220; link_option_url=&#8220;https:\/\/www.linkedin.com\/company\/sfx-translated&#8220; link_option_url_new_window=&#8220;on&#8220; custom_css_main_element=&#8220;height:120px;&#8220; border_radii=&#8220;on|3px|3px|3px|3px&#8220; box_shadow_style=&#8220;preset3&#8243; box_shadow_color=&#8220;rgba(0,0,0,0.15)&#8220; background__hover_enabled=&#8220;on|hover&#8220; background_color__hover=&#8220;#00558e&#8220; background_enable_color__hover=&#8220;on&#8220; custom_css_main_element_last_edited=&#8220;on|tablet&#8220; custom_css_main_element_tablet=&#8220;height:auto;&#8220;][et_pb_blurb title=&#8220;SFX Translated&#8220; use_icon=&#8220;on&#8220; font_icon=&#8220;%%301%%&#8220; icon_color=&#8220;#FFFFFF&#8220; icon_placement=&#8220;left&#8220; content_max_width=&#8220;90%&#8220; use_icon_font_size=&#8220;on&#8220; icon_font_size=&#8220;60px&#8220; _builder_version=&#8220;4.9.4&#8243; _module_preset=&#8220;default&#8220; header_font=&#8220;Nunito|900|||||||&#8220; header_text_color=&#8220;#FFFFFF&#8220; header_font_size=&#8220;20px&#8220; body_font=&#8220;Nunito|600|||||||&#8220; body_text_color=&#8220;#FFFFFF&#8220; body_font_size=&#8220;15px&#8220; body_line_height=&#8220;1.3em&#8220;]<\/p>\n<p>Finden Sie uns auf LinkedIn<\/p>\n<p>[\/et_pb_blurb][\/et_pb_column][\/et_pb_row][\/et_pb_section]<\/p>\n","protected":false},"excerpt":{"rendered":"<p><div class=\"et_pb_module dsm_breadcrumbs dsm_breadcrumbs_0\">\n\t\t\t\t\n\t\t\t\t\n\t\t\t\t\n\t\t\t\t\n\t\t\t\t\n\t\t\t\t\n\t\t\t\t<div class=\"et_pb_module_inner\">\n\t\t\t\t\t<nav class=\"dsm_breadcrumbs_wrap\">\n\t\t\t\t<ul class=\"dsm_breadcrumbs\" itemscope itemtype=\"https:\/\/schema.org\/BreadcrumbList\">\t\t\t<li class=\"dsm_breadcrumbs_item dsm_home_item dsm_home_item_custom\" itemprop=\"itemListElement\" itemscope\n\t\t\titemtype=\"https:\/\/schema.org\/ListItem\">\n\t\t\t\t<a href=\"https:\/\/sfx.be\/de\/\" itemprop=\"item\" target=\"\">\n\t\t\t\t\t<span class='dsm_home_text_wrapper'>\n\t\t\t\t\t\t\t\t\t\t\t\t\t<span class=\"et-pb-icon dsm_home_icon\">\ue009<\/span>\n\t\t\t\t\t\t\t\t\t\t\t\t\t<span class=\"dsm_home_text\" itemprop=\"name\">\n\t\t\t\t\t\t\t\tHome\t\t\t\t\t\t\t<\/span>\n\t\t\t\t\t<\/span>\n\t\t\t\t<\/a>\n\t\t\t\t<meta itemprop=\"position\" content=\"1\" \/>\n\t\t\t<\/li>\n\n\t\t<li class=\"dsm_breadcrumbs_separator\"> <span class=\"et-pb-icon dsm_separator_icon\">5<\/span><\/li><\/ul>\n\t\t\t<\/nav>\n\t\t\t\t<\/div>\n\t\t\t<\/div>KONTAKTKontaktieren Sie uns, um weitere Informationen zu erhaltenWenn Sie weitere Informationen zu unseren Services und Leistungen erhalten m\u00f6chten, nehmen Sie bitte Kontakt mit unserem Team auf. Wir beantworten gerne all Ihre Fragen. Sie k\u00f6nnen uns telefonisch, per E-Mail und per Skype erreichen und uns zudem auf den sozialen Netzwerken folgen (Facebook und LinkedIn).Premi\u00e8re Avenue, 1714040 Herstal, BelgienUm uns per E-Mail zu erreichen, k\u00f6nnen Sie auch das Formular auf derSeite f\u00fcr das Angebot nutzen und eine Datei f\u00fcr uns anh\u00e4ngen.Belgische Festnetznummer,Anruf zum Ortstarif.Verwenden Sie Skype und das VoIP-Protokoll, um SFX Translated zu kontaktieren.Besuchen Sie uns auf Facebook.Finden Sie uns auf LinkedIn<\/p>\n","protected":false},"author":1,"featured_media":0,"parent":0,"menu_order":0,"comment_status":"closed","ping_status":"closed","template":"","meta":{"_et_pb_use_builder":"on","_et_pb_old_content":"","_et_gb_content_width":"","inline_featured_image":false,"footnotes":""},"class_list":["post-835","page","type-page","status-publish","hentry"],"yoast_head":"<!-- This site is optimized with the Yoast SEO plugin v27.3 - https:\/\/yoast.com\/product\/yoast-seo-wordpress\/ -->\n<title>Kontakt - SFX<\/title>\n<meta name=\"robots\" content=\"index, follow, max-snippet:-1, max-image-preview:large, max-video-preview:-1\" \/>\n<link rel=\"canonical\" href=\"https:\/\/sfx.be\/de\/kontakt\/\" \/>\n<meta property=\"og:locale\" content=\"de_DE\" \/>\n<meta property=\"og:type\" content=\"article\" \/>\n<meta property=\"og:title\" content=\"Kontakt - SFX\" \/>\n<meta property=\"og:description\" content=\"KONTAKTKontaktieren Sie uns, um weitere Informationen zu erhaltenWenn Sie weitere Informationen zu unseren Services und Leistungen erhalten m\u00f6chten, nehmen Sie bitte Kontakt mit unserem Team auf. Wir beantworten gerne all Ihre Fragen. Sie k\u00f6nnen uns telefonisch, per E-Mail und per Skype erreichen und uns zudem auf den sozialen Netzwerken folgen (Facebook und LinkedIn).Premi\u00e8re Avenue, 1714040 Herstal, BelgienUm uns per E-Mail zu erreichen, k\u00f6nnen Sie auch das Formular auf derSeite f\u00fcr das Angebot nutzen und eine Datei f\u00fcr uns anh\u00e4ngen.Belgische Festnetznummer,Anruf zum Ortstarif.Verwenden Sie Skype und das VoIP-Protokoll, um SFX Translated zu kontaktieren.Besuchen Sie uns auf Facebook.Finden Sie uns auf LinkedIn\" \/>\n<meta property=\"og:url\" content=\"https:\/\/sfx.be\/de\/kontakt\/\" \/>\n<meta property=\"og:site_name\" content=\"SFX\" \/>\n<meta property=\"article:modified_time\" content=\"2021-11-24T08:56:23+00:00\" \/>\n<meta name=\"twitter:card\" content=\"summary_large_image\" \/>\n<meta name=\"twitter:label1\" content=\"Gesch\u00e4tzte Lesezeit\" \/>\n\t<meta name=\"twitter:data1\" content=\"6\u00a0Minuten\" \/>\n<!-- \/ Yoast SEO plugin. -->","yoast_head_json":{"title":"Kontakt - SFX","robots":{"index":"index","follow":"follow","max-snippet":"max-snippet:-1","max-image-preview":"max-image-preview:large","max-video-preview":"max-video-preview:-1"},"canonical":"https:\/\/sfx.be\/de\/kontakt\/","og_locale":"de_DE","og_type":"article","og_title":"Kontakt - SFX","og_description":"KONTAKTKontaktieren Sie uns, um weitere Informationen zu erhaltenWenn Sie weitere Informationen zu unseren Services und Leistungen erhalten m\u00f6chten, nehmen Sie bitte Kontakt mit unserem Team auf. Wir beantworten gerne all Ihre Fragen. Sie k\u00f6nnen uns telefonisch, per E-Mail und per Skype erreichen und uns zudem auf den sozialen Netzwerken folgen (Facebook und LinkedIn).Premi\u00e8re Avenue, 1714040 Herstal, BelgienUm uns per E-Mail zu erreichen, k\u00f6nnen Sie auch das Formular auf derSeite f\u00fcr das Angebot nutzen und eine Datei f\u00fcr uns anh\u00e4ngen.Belgische Festnetznummer,Anruf zum Ortstarif.Verwenden Sie Skype und das VoIP-Protokoll, um SFX Translated zu kontaktieren.Besuchen Sie uns auf Facebook.Finden Sie uns auf LinkedIn","og_url":"https:\/\/sfx.be\/de\/kontakt\/","og_site_name":"SFX","article_modified_time":"2021-11-24T08:56:23+00:00","twitter_card":"summary_large_image","twitter_misc":{"Gesch\u00e4tzte Lesezeit":"6\u00a0Minuten"},"schema":{"@context":"https:\/\/schema.org","@graph":[{"@type":"WebPage","@id":"https:\/\/sfx.be\/de\/kontakt\/","url":"https:\/\/sfx.be\/de\/kontakt\/","name":"Kontakt - SFX","isPartOf":{"@id":"https:\/\/sfx.be\/en\/#website"},"datePublished":"2021-11-24T08:56:22+00:00","dateModified":"2021-11-24T08:56:23+00:00","breadcrumb":{"@id":"https:\/\/sfx.be\/de\/kontakt\/#breadcrumb"},"inLanguage":"de","potentialAction":[{"@type":"ReadAction","target":["https:\/\/sfx.be\/de\/kontakt\/"]}]},{"@type":"BreadcrumbList","@id":"https:\/\/sfx.be\/de\/kontakt\/#breadcrumb","itemListElement":[{"@type":"ListItem","position":1,"name":"Accueil","item":"https:\/\/sfx.be\/de\/"},{"@type":"ListItem","position":2,"name":"Kontakt"}]},{"@type":"WebSite","@id":"https:\/\/sfx.be\/en\/#website","url":"https:\/\/sfx.be\/en\/","name":"SFX","description":"Agence de traduction multilingue","potentialAction":[{"@type":"SearchAction","target":{"@type":"EntryPoint","urlTemplate":"https:\/\/sfx.be\/en\/?s={search_term_string}"},"query-input":{"@type":"PropertyValueSpecification","valueRequired":true,"valueName":"search_term_string"}}],"inLanguage":"de"}]}},"_links":{"self":[{"href":"https:\/\/sfx.be\/de\/wp-json\/wp\/v2\/pages\/835","targetHints":{"allow":["GET"]}}],"collection":[{"href":"https:\/\/sfx.be\/de\/wp-json\/wp\/v2\/pages"}],"about":[{"href":"https:\/\/sfx.be\/de\/wp-json\/wp\/v2\/types\/page"}],"author":[{"embeddable":true,"href":"https:\/\/sfx.be\/de\/wp-json\/wp\/v2\/users\/1"}],"replies":[{"embeddable":true,"href":"https:\/\/sfx.be\/de\/wp-json\/wp\/v2\/comments?post=835"}],"version-history":[{"count":2,"href":"https:\/\/sfx.be\/de\/wp-json\/wp\/v2\/pages\/835\/revisions"}],"predecessor-version":[{"id":837,"href":"https:\/\/sfx.be\/de\/wp-json\/wp\/v2\/pages\/835\/revisions\/837"}],"wp:attachment":[{"href":"https:\/\/sfx.be\/de\/wp-json\/wp\/v2\/media?parent=835"}],"curies":[{"name":"wp","href":"https:\/\/api.w.org\/{rel}","templated":true}]}}