{"id":838,"date":"2021-11-24T09:04:20","date_gmt":"2021-11-24T09:04:20","guid":{"rendered":"https:\/\/sfx.be\/angebot\/"},"modified":"2021-11-24T12:50:49","modified_gmt":"2021-11-24T12:50:49","slug":"angebot","status":"publish","type":"page","link":"https:\/\/sfx.be\/de\/angebot\/","title":{"rendered":"Angebot"},"content":{"rendered":"<p>[et_pb_section fb_built=&#8220;1&#8243; _builder_version=&#8220;4.9.4&#8243; _module_preset=&#8220;default&#8220; background_color=&#8220;#FFFFFF&#8220; width=&#8220;60%&#8220; width_tablet=&#8220;90%&#8220; width_phone=&#8220;&#8220; width_last_edited=&#8220;on|tablet&#8220; module_alignment=&#8220;center&#8220; custom_margin=&#8220;5vh||5vh||false|false&#8220; custom_padding=&#8220;0px||0px||false|false&#8220; animation_direction=&#8220;left&#8220; border_radii=&#8220;on|3px|3px|3px|3px&#8220; box_shadow_style=&#8220;preset1&#8243; box_shadow_color=&#8220;rgba(0,0,0,0.06)&#8220;][et_pb_row _builder_version=&#8220;4.9.4&#8243; _module_preset=&#8220;default&#8220; width=&#8220;100%&#8220; max_width=&#8220;1477px&#8220; custom_padding=&#8220;7vh||0px||false|false&#8220;][et_pb_column type=&#8220;4_4&#8243; _builder_version=&#8220;4.9.4&#8243; _module_preset=&#8220;default&#8220; background_color=&#8220;#FFFFFF&#8220; custom_padding=&#8220;0px||0px||true|false&#8220;][dsm_breadcrumbs _builder_version=&#8220;4.9.4&#8243; _module_preset=&#8220;default&#8220; items_font=&#8220;Nunito|700|||||||&#8220; current_font=&#8220;Nunito||||||||&#8220; width=&#8220;75%&#8220; module_alignment=&#8220;center&#8220; custom_margin=&#8220;0px||0px||false|false&#8220; custom_padding=&#8220;0px||0px||false|false&#8220;][\/dsm_breadcrumbs][et_pb_text _builder_version=&#8220;4.9.4&#8243; _module_preset=&#8220;default&#8220; header_font=&#8220;Nunito|900|||||||&#8220; header_text_color=&#8220;#8DC63F&#8220; header_font_size=&#8220;62px&#8220; header_line_height=&#8220;1.3em&#8220; custom_margin=&#8220;0px||0px||false|false&#8220; custom_padding=&#8220;0px||0px||false|false&#8220;]<\/p>\n<h1>ANGEBOT<\/h1>\n<p>[\/et_pb_text][\/et_pb_column][\/et_pb_row][et_pb_row column_structure=&#8220;1_3,1_3,1_3&#8243; _builder_version=&#8220;4.9.4&#8243; _module_preset=&#8220;default&#8220; custom_padding=&#8220;0px||||false|false&#8220;][et_pb_column type=&#8220;1_3&#8243; _builder_version=&#8220;4.9.4&#8243; _module_preset=&#8220;default&#8220; animation_style=&#8220;fade&#8220; border_radii=&#8220;on|5px|5px|5px|5px&#8220;][et_pb_image src=&#8220;https:\/\/sfx.be\/wp-content\/uploads\/2021\/11\/tarif111_DE.png&#8220; title_text=&#8220;tarif1111&#8243; align=&#8220;center&#8220; _builder_version=&#8220;4.9.4&#8243; _module_preset=&#8220;default&#8220; width=&#8220;100%&#8220;][\/et_pb_image][et_pb_text _builder_version=&#8220;4.9.4&#8243; _module_preset=&#8220;default&#8220; text_font=&#8220;Nunito|600|||||||&#8220; text_text_color=&#8220;#000000&#8243; text_font_size=&#8220;16px&#8220; text_line_height=&#8220;1.8em&#8220; width=&#8220;100%&#8220; custom_margin=&#8220;||||false|false&#8220;]<\/p>\n<p><strong>Ein \u201ewortgetreuer\u201c Tarif!<\/strong><\/p>\n<p>Weil jedes \u00dcbersetzungsprojekt einzigartig ist, werden unsere Preise je nach Thema, Komplexit\u00e4t des Textes und nach dem gew\u00fcnschten Lieferdatum angepasst.<\/p>\n<p>[\/et_pb_text][\/et_pb_column][et_pb_column type=&#8220;1_3&#8243; _builder_version=&#8220;4.9.4&#8243; _module_preset=&#8220;default&#8220; animation_style=&#8220;fade&#8220; animation_delay=&#8220;400ms&#8220;][et_pb_image src=&#8220;https:\/\/sfx.be\/wp-content\/uploads\/2021\/11\/tarif2222_DE.png&#8220; title_text=&#8220;tarif2222&#8243; _builder_version=&#8220;4.9.4&#8243; _module_preset=&#8220;default&#8220; width=&#8220;100%&#8220; module_alignment=&#8220;center&#8220;][\/et_pb_image][et_pb_text _builder_version=&#8220;4.9.4&#8243; _module_preset=&#8220;default&#8220; text_font=&#8220;Nunito|600|||||||&#8220; text_text_color=&#8220;#000000&#8243; text_font_size=&#8220;16px&#8220; text_line_height=&#8220;1.8em&#8220; width=&#8220;100%&#8220; custom_margin=&#8220;||||false|false&#8220;]<\/p>\n<p><strong>Korrekturen f\u00fcr Sie zum kleinen Preis!<\/strong><\/p>\n<p>F\u00fcr all Ihre Arbeiten in Sachen Korrekturlesen wenden wir je nach Typ und Komplexit\u00e4t des Ausgangstextes einen Tarif pro Stunde oder pro Wort an.<\/p>\n<p>[\/et_pb_text][\/et_pb_column][et_pb_column type=&#8220;1_3&#8243; _builder_version=&#8220;4.9.4&#8243; _module_preset=&#8220;default&#8220; animation_style=&#8220;fade&#8220; animation_delay=&#8220;800ms&#8220;][et_pb_image src=&#8220;https:\/\/sfx.be\/wp-content\/uploads\/2021\/07\/tarif333.png&#8220; title_text=&#8220;tarif333&#8243; align=&#8220;center&#8220; _builder_version=&#8220;4.9.4&#8243; _module_preset=&#8220;default&#8220; width=&#8220;100%&#8220;][\/et_pb_image][et_pb_text _builder_version=&#8220;4.9.4&#8243; _module_preset=&#8220;default&#8220; text_font=&#8220;Nunito|600|||||||&#8220; text_text_color=&#8220;#000000&#8243; text_font_size=&#8220;16px&#8220; text_line_height=&#8220;1.8em&#8220; width=&#8220;100%&#8220; custom_margin=&#8220;||||false|false&#8220;]<\/p>\n<p><strong>Schicken Sie uns Ihre Dokumente jetzt<\/strong><\/p>\n<p>und erhalten Sie innerhalb von 24 h ein detailliertes Angebot!<\/p>\n<p>[\/et_pb_text][\/et_pb_column][\/et_pb_row][et_pb_row _builder_version=&#8220;4.9.4&#8243; _module_preset=&#8220;default&#8220; width=&#8220;100%&#8220; max_width=&#8220;1477px&#8220; custom_padding=&#8220;7vh||7vh||false|false&#8220;][et_pb_column type=&#8220;4_4&#8243; _builder_version=&#8220;4.9.4&#8243; _module_preset=&#8220;default&#8220; background_color=&#8220;#FFFFFF&#8220; custom_padding=&#8220;0px||0px||true|false&#8220;][et_pb_text _builder_version=&#8220;4.9.4&#8243; _module_preset=&#8220;default&#8220; header_font=&#8220;Nunito|700|||||||&#8220; header_font_size=&#8220;35px&#8220; header_line_height=&#8220;1.3em&#8220; header_font_size_tablet=&#8220;25px&#8220; header_font_size_phone=&#8220;&#8220; header_font_size_last_edited=&#8220;on|tablet&#8220;]<\/p>\n<h1>Schicken Sie uns Ihre Dokumente jetzt<br \/>und erhalten Sie innerhalb von 24 h ein detailliertes Angebot!<span style=%22color: #8dc63f;%22><\/span><\/h1>\n<p>[\/et_pb_text][dsm_contact_form_7 cf7_library=&#8220;861&#8243; show_validation=&#8220;on&#8220; label_bottom_spacing=&#8220;0px&#8220; input_background_color=&#8220;#f4f4f4&#8243; file_padding=&#8220;||20px||false|false&#8220; file_background_color=&#8220;RGBA(0,0,0,0)&#8220; _builder_version=&#8220;4.9.4&#8243; _module_preset=&#8220;default&#8220; labels_font=&#8220;Nunito|800|||||||&#8220; labels_text_align=&#8220;left&#8220; labels_text_color=&#8220;#000000&#8243; input_textarea_select_font=&#8220;Nunito||||||||&#8220; input_textarea_select_text_color=&#8220;#3a3a3a&#8220; placeholder_font=&#8220;Nunito||||||||&#8220; file_font=&#8220;Nunito||||||||&#8220; file_text_color=&#8220;#000000&#8243; file_font_size=&#8220;15px&#8220; error_msg_font=&#8220;Nunito||||||||&#8220; error_validation_font=&#8220;Nunito||||||||&#8220; success_validation_font=&#8220;Nunito|700|||||||&#8220; success_validation_text_color=&#8220;#8DC63F&#8220; success_validation_font_size=&#8220;30px&#8220; success_validation_line_height=&#8220;1.8em&#8220; custom_button_one=&#8220;on&#8220; button_one_text_size=&#8220;21px&#8220; button_one_text_color=&#8220;#FFFFFF&#8220; button_one_bg_color=&#8220;#8DC63F&#8220; button_one_border_width=&#8220;0px&#8220; button_one_border_radius=&#8220;44px&#8220; button_one_font=&#8220;Nunito|700|||||||&#8220; button_one_custom_margin=&#8220;10px||||false|false&#8220; button_one_custom_padding=&#8220;|30px||30px|false|true&#8220; width=&#8220;75%&#8220; module_alignment=&#8220;center&#8220; hover_enabled=&#8220;0&#8243; border_radii_image=&#8220;on|3px|3px|3px|3px&#8220; border_width_all_validation_success=&#8220;0px&#8220; button_one_bg_color__hover_enabled=&#8220;on|hover&#8220; button_one_bg_color__hover=&#8220;#AFD081&#8243; button_one_bg_enable_color__hover=&#8220;on&#8220; sticky_enabled=&#8220;0&#8243;][\/dsm_contact_form_7][et_pb_divider color=&#8220;#8DC63F&#8220; divider_weight=&#8220;2px&#8220; _builder_version=&#8220;4.9.4&#8243; _module_preset=&#8220;default&#8220; width=&#8220;30%&#8220; module_alignment=&#8220;left&#8220; custom_margin=&#8220;8vh||6vh||false|false&#8220; custom_padding=&#8220;|||23%|false|false&#8220;][\/et_pb_divider][et_pb_text _builder_version=&#8220;4.9.4&#8243; _module_preset=&#8220;default&#8220; text_font=&#8220;Nunito|600|||||||&#8220; text_text_color=&#8220;#000000&#8243; text_font_size=&#8220;16px&#8220; text_line_height=&#8220;1.8em&#8220; width=&#8220;75%&#8220; custom_margin=&#8220;||||false|false&#8220;]<\/p>\n<p>Unsere Preise variieren je nach Schwierigkeit des Textes, nach der Sprachkombination oder auch nach dem gew\u00fcnschten Liefertermin.<br \/>Sie m\u00f6chten ein Pauschalangebot f\u00fcr die \u00dcbersetzung von Dokumenten erhalten?<br \/>Schicken Sie uns Ihre Dateien und erhalten Sie innerhalb von 24 Stunden ein Angebot.<\/p>\n<p>[\/et_pb_text][et_pb_text _builder_version=&#8220;4.9.4&#8243; _module_preset=&#8220;default&#8220; text_font=&#8220;Nunito||||||||&#8220; text_text_color=&#8220;#000000&#8243; text_font_size=&#8220;16px&#8220; text_line_height=&#8220;1.8em&#8220; header_2_font_size=&#8220;24px&#8220; header_2_line_height=&#8220;1.3em&#8220; header_3_font=&#8220;Nunito|700|||||||&#8220; header_3_line_height=&#8220;1.3em&#8220; width=&#8220;75%&#8220; custom_margin=&#8220;||||false|false&#8220;]<\/p>\n<h2>Wie k\u00f6nnen Sie uns kontaktieren?<\/h2>\n<p>[\/et_pb_text][et_pb_text _builder_version=&#8220;4.9.4&#8243; _module_preset=&#8220;default&#8220; text_font=&#8220;Nunito||||||||&#8220; text_text_color=&#8220;#000000&#8243; text_font_size=&#8220;16px&#8220; text_line_height=&#8220;1.8em&#8220; width=&#8220;75%&#8220;]<\/p>\n<ul>\n<li>Per E-Mail: info@sfx.be<\/li>\n<li>Telefonisch: +32 (0) 4 277 88 08<\/li>\n<li>Per Skype: SFX_Translated<\/li>\n<li><span>\u00dcber unsere Website, indem Sie ein Angebot \u00fcber <\/span><a href=%22https:\/\/sfx.be\/de\/angebot\/%22>unsere Benutzeroberfl\u00e4che<\/a> anfordern.<\/li>\n<\/ul>\n<p><span>Weitere Informationen finden Sie auf der Seite<\/span> <a href=%22https:\/\/sfx.be\/de\/kontakt\/%22>Kontakt<\/a><span><\/span>[\/et_pb_text][\/et_pb_column][\/et_pb_row][\/et_pb_section]<\/p>\n","protected":false},"excerpt":{"rendered":"<p><div class=\"et_pb_module dsm_breadcrumbs dsm_breadcrumbs_0\">\n\t\t\t\t\n\t\t\t\t\n\t\t\t\t\n\t\t\t\t\n\t\t\t\t\n\t\t\t\t\n\t\t\t\t<div class=\"et_pb_module_inner\">\n\t\t\t\t\t<nav class=\"dsm_breadcrumbs_wrap\">\n\t\t\t\t<ul class=\"dsm_breadcrumbs\" itemscope itemtype=\"https:\/\/schema.org\/BreadcrumbList\">\t\t\t<li class=\"dsm_breadcrumbs_item dsm_home_item dsm_home_item_custom\" itemprop=\"itemListElement\" itemscope\n\t\t\titemtype=\"https:\/\/schema.org\/ListItem\">\n\t\t\t\t<a href=\"https:\/\/sfx.be\/de\/\" itemprop=\"item\" target=\"\">\n\t\t\t\t\t<span class='dsm_home_text_wrapper'>\n\t\t\t\t\t\t\t\t\t\t\t\t\t<span class=\"et-pb-icon dsm_home_icon\">\ue009<\/span>\n\t\t\t\t\t\t\t\t\t\t\t\t\t<span class=\"dsm_home_text\" itemprop=\"name\">\n\t\t\t\t\t\t\t\tHome\t\t\t\t\t\t\t<\/span>\n\t\t\t\t\t<\/span>\n\t\t\t\t<\/a>\n\t\t\t\t<meta itemprop=\"position\" content=\"1\" \/>\n\t\t\t<\/li>\n\n\t\t<li class=\"dsm_breadcrumbs_separator\"> <span class=\"et-pb-icon dsm_separator_icon\">5<\/span><\/li><\/ul>\n\t\t\t<\/nav>\n\t\t\t\t<\/div>\n\t\t\t<\/div>ANGEBOTEin \u201ewortgetreuer\u201c Tarif! Weil jedes \u00dcbersetzungsprojekt einzigartig ist, werden unsere Preise je nach Thema, Komplexit\u00e4t des Textes und nach dem gew\u00fcnschten Lieferdatum angepasst.Korrekturen f\u00fcr Sie zum kleinen Preis! F\u00fcr all Ihre Arbeiten in Sachen Korrekturlesen wenden wir je nach Typ und Komplexit\u00e4t des Ausgangstextes einen Tarif pro Stunde oder pro Wort an.Schicken Sie uns Ihre Dokumente jetzt und erhalten Sie innerhalb von 24 h ein detailliertes Angebot!Schicken Sie uns Ihre Dokumente jetztund erhalten Sie innerhalb von 24 h ein detailliertes Angebot!<div class=\"et_pb_with_border et_pb_module dsm_contact_form_7 dsm_contact_form_7_0\">\n\t\t\t\t\n\t\t\t\t\n\t\t\t\t\n\t\t\t\t\n\t\t\t\t\n\t\t\t\t\n\t\t\t\t<div class=\"et_pb_module_inner\">\n\t\t\t\t\t<div class=\"\">\n\t\t\t\t\n<div class=\"wpcf7 no-js\" id=\"wpcf7-f861-o1\" lang=\"fr-FR\" dir=\"ltr\" data-wpcf7-id=\"861\">\n<div class=\"screen-reader-response\"><p role=\"status\" aria-live=\"polite\" aria-atomic=\"true\"><\/p> <ul><\/ul><\/div>\n<form action=\"\/de\/wp-json\/wp\/v2\/pages\/838#wpcf7-f861-o1\" method=\"post\" class=\"wpcf7-form init\" aria-label=\"Formulaire de contact\" enctype=\"multipart\/form-data\" novalidate=\"novalidate\" data-status=\"init\">\n<fieldset class=\"hidden-fields-container\"><input type=\"hidden\" name=\"_wpcf7\" value=\"861\" \/><input type=\"hidden\" name=\"_wpcf7_version\" value=\"6.1.5\" \/><input type=\"hidden\" name=\"_wpcf7_locale\" value=\"fr_FR\" \/><input type=\"hidden\" name=\"_wpcf7_unit_tag\" value=\"wpcf7-f861-o1\" \/><input type=\"hidden\" name=\"_wpcf7_container_post\" value=\"0\" \/><input type=\"hidden\" name=\"_wpcf7_posted_data_hash\" value=\"\" \/><input type=\"hidden\" name=\"_wpcf7_recaptcha_response\" value=\"\" \/>\n<\/fieldset>\n<p><label> Vorname*<br \/>\n<span class=\"wpcf7-form-control-wrap\" data-name=\"your-firstname\"><input size=\"40\" maxlength=\"400\" class=\"wpcf7-form-control wpcf7-text wpcf7-validates-as-required\" aria-required=\"true\" aria-invalid=\"false\" value=\"\" type=\"text\" name=\"your-firstname\" \/><\/span> <\/label>\n<\/p>\n<p><label> Name*<br \/>\n<span class=\"wpcf7-form-control-wrap\" data-name=\"your-name\"><input size=\"40\" maxlength=\"400\" class=\"wpcf7-form-control wpcf7-text wpcf7-validates-as-required\" aria-required=\"true\" aria-invalid=\"false\" value=\"\" type=\"text\" name=\"your-name\" \/><\/span> <\/label>\n<\/p>\n<p><label> E-Mail*<br \/>\n<span class=\"wpcf7-form-control-wrap\" data-name=\"your-email\"><input size=\"40\" maxlength=\"400\" class=\"wpcf7-form-control wpcf7-email wpcf7-validates-as-required wpcf7-text wpcf7-validates-as-email\" aria-required=\"true\" aria-invalid=\"false\" value=\"\" type=\"email\" name=\"your-email\" \/><\/span> <\/label>\n<\/p>\n<p><label> Telefon*<br \/>\n<span class=\"wpcf7-form-control-wrap\" data-name=\"your-phone\"><input size=\"40\" maxlength=\"400\" class=\"wpcf7-form-control wpcf7-tel wpcf7-validates-as-required wpcf7-text wpcf7-validates-as-tel\" aria-required=\"true\" aria-invalid=\"false\" value=\"\" type=\"tel\" name=\"your-phone\" \/><\/span> <\/label>\n<\/p>\n<p><label> Unternehmen<br \/>\n<span class=\"wpcf7-form-control-wrap\" data-name=\"your-entreprise\"><input size=\"40\" maxlength=\"400\" class=\"wpcf7-form-control wpcf7-text\" aria-invalid=\"false\" value=\"\" type=\"text\" name=\"your-entreprise\" \/><\/span> <\/label>\n<\/p>\n<p><label> Dokumentsprache*<br \/>\n<span class=\"wpcf7-form-control-wrap dsm-contact-form-7-select\" data-name=\"doc-lang\"><select class=\"wpcf7-form-control wpcf7-select wpcf7-validates-as-required et_pb_contact_select input\" aria-required=\"true\" aria-invalid=\"false\" name=\"doc-lang\"><option value=\"Deutsch\">Deutsch<\/option><option value=\"Englisch\">Englisch<\/option><option value=\"Spanisch\">Spanisch<\/option><option value=\"Franz\u00f6sisch\">Franz\u00f6sisch<\/option><option value=\"Italienisch\">Italienisch<\/option><option value=\"Niederl\u00e4ndisch\">Niederl\u00e4ndisch<\/option><option value=\"Russisch\">Russisch<\/option><option value=\"Osteurop\u00e4ische Sprache\">Osteurop\u00e4ische Sprache<\/option><option value=\"Asiatische Sprache\">Asiatische Sprache<\/option><option value=\"Sonstige\">Sonstige<\/option><\/select><\/span> <\/label>\n<\/p>\n<p><label> \u00dcbersetzungssprache*<br \/>\n<span class=\"wpcf7-form-control-wrap dsm-contact-form-7-select\" data-name=\"trad-lang\"><select class=\"wpcf7-form-control wpcf7-select wpcf7-validates-as-required et_pb_contact_select input\" aria-required=\"true\" aria-invalid=\"false\" name=\"trad-lang\"><option value=\"Deutsch\">Deutsch<\/option><option value=\"Englisch\">Englisch<\/option><option value=\"Spanisch\">Spanisch<\/option><option value=\"Franz\u00f6sisch\">Franz\u00f6sisch<\/option><option value=\"Italienisch\">Italienisch<\/option><option value=\"Niederl\u00e4ndisch\">Niederl\u00e4ndisch<\/option><option value=\"Russisch\">Russisch<\/option><option value=\"Osteurop\u00e4ische Sprache\">Osteurop\u00e4ische Sprache<\/option><option value=\"Asiatische Sprache\">Asiatische Sprache<\/option><option value=\"Sonstige\">Sonstige<\/option><\/select><\/span> <\/label>\n<\/p>\n<p><label> Nachricht*<br \/>\n<span class=\"wpcf7-form-control-wrap\" data-name=\"your-message\"><textarea cols=\"40\" rows=\"10\" maxlength=\"2000\" class=\"wpcf7-form-control wpcf7-textarea wpcf7-validates-as-required\" aria-required=\"true\" aria-invalid=\"false\" name=\"your-message\"><\/textarea><\/span> <\/label>\n<\/p>\n<p><label> Dokumentenart*<br \/>\n<span class=\"wpcf7-form-control-wrap dsm-contact-form-7-select\" data-name=\"doc-type\"><select class=\"wpcf7-form-control wpcf7-select wpcf7-validates-as-required et_pb_contact_select input\" aria-required=\"true\" aria-invalid=\"false\" name=\"doc-type\"><option value=\"Kommerziell\">Kommerziell<\/option><option value=\"Juristisch\">Juristisch<\/option><option value=\"Technisch\">Technisch<\/option><option value=\"Touristisch\">Touristisch<\/option><option value=\"Publizistisch\">Publizistisch<\/option><option value=\"Sonstige\">Sonstige<\/option><\/select><\/span> <\/label>\n<\/p>\n<p><label> Ihre Datei<br \/>\n<span class=\"wpcf7-form-control-wrap\" data-name=\"fichier\"><input size=\"40\" class=\"wpcf7-form-control wpcf7-file\" accept=\".gif,.png,.jpg,.jpeg,.pdf,.doc,.docx,.ppt,.pptx,.odt,.txt,.html,.css,.xls,.xlsx,.pages,.rtf,.psd,.inx\" aria-invalid=\"false\" type=\"file\" name=\"fichier\" \/><\/span><\/label>\n<\/p>\n<p><span class=\"wpcf7-form-control-wrap\" data-name=\"acceptance-564\"><span class=\"wpcf7-form-control wpcf7-acceptance optional\"><span class=\"wpcf7-list-item\"><label><input type=\"checkbox\" name=\"acceptance-564\" value=\"1\" aria-invalid=\"false\" \/><span class=\"wpcf7-list-item-label\">Mit dem Absenden dieses Formulars stimme ich zu, dass die erfassten Informationen verwendet werden, um mich im Rahmen einer Gesch\u00e4ftsbeziehung wieder kontaktieren zu k\u00f6nnen.<\/span><\/label><\/span><\/span><\/span>\n<\/p>\n<p><button class=\"wpcf7-form-control wpcf7-submit has-spinner et_pb_button et_pb_bg_layout_light\" type=\"submit\" value=\"Senden\">Senden<\/button>\n<\/p>\n<p>Diese Website ist durch reCAPTCHA und Google <a href=\"https:\/\/policies.google.com\/privacy\">Privatsph\u00e4re<\/a> gesch\u00fctzt und es gelten <a href=\"https:\/\/policies.google.com\/terms\">Nutzungsbedingungen<\/a>.\n<\/p><div class=\"wpcf7-response-output\" aria-hidden=\"true\"><\/div>\n<\/form>\n<\/div>\n\n\t\t\t<\/div>\n\t\t\t\t<\/div>\n\t\t\t<\/div>Unsere Preise variieren je nach Schwierigkeit des Textes, nach der Sprachkombination oder auch nach dem gew\u00fcnschten Liefertermin.Sie m\u00f6chten ein Pauschalangebot f\u00fcr die \u00dcbersetzung von Dokumenten erhalten?Schicken Sie uns Ihre Dateien und erhalten Sie innerhalb von 24 Stunden ein Angebot.Wie k\u00f6nnen Sie uns kontaktieren? Per E-Mail: info@sfx.be Telefonisch: +32 (0) 4 277 88 08 Per Skype: SFX_Translated \u00dcber unsere Website, indem Sie ein Angebot \u00fcber unsere Benutzeroberfl\u00e4che anfordern. Weitere Informationen finden Sie [&hellip;]<\/p>\n","protected":false},"author":1,"featured_media":0,"parent":0,"menu_order":0,"comment_status":"closed","ping_status":"closed","template":"","meta":{"_et_pb_use_builder":"on","_et_pb_old_content":"","_et_gb_content_width":"","inline_featured_image":false,"footnotes":""},"class_list":["post-838","page","type-page","status-publish","hentry"],"yoast_head":"<!-- This site is optimized with the Yoast SEO plugin v27.4 - https:\/\/yoast.com\/product\/yoast-seo-wordpress\/ -->\n<title>Angebot - SFX<\/title>\n<meta name=\"robots\" content=\"index, follow, max-snippet:-1, max-image-preview:large, max-video-preview:-1\" \/>\n<link rel=\"canonical\" href=\"https:\/\/sfx.be\/de\/angebot\/\" \/>\n<meta property=\"og:locale\" content=\"de_DE\" \/>\n<meta property=\"og:type\" content=\"article\" \/>\n<meta property=\"og:title\" content=\"Angebot - SFX\" \/>\n<meta property=\"og:description\" content=\"ANGEBOTEin \u201ewortgetreuer\u201c Tarif! Weil jedes \u00dcbersetzungsprojekt einzigartig ist, werden unsere Preise je nach Thema, Komplexit\u00e4t des Textes und nach dem gew\u00fcnschten Lieferdatum angepasst.Korrekturen f\u00fcr Sie zum kleinen Preis! F\u00fcr all Ihre Arbeiten in Sachen Korrekturlesen wenden wir je nach Typ und Komplexit\u00e4t des Ausgangstextes einen Tarif pro Stunde oder pro Wort an.Schicken Sie uns Ihre Dokumente jetzt und erhalten Sie innerhalb von 24 h ein detailliertes Angebot!Schicken Sie uns Ihre Dokumente jetztund erhalten Sie innerhalb von 24 h ein detailliertes Angebot!Unsere Preise variieren je nach Schwierigkeit des Textes, nach der Sprachkombination oder auch nach dem gew\u00fcnschten Liefertermin.Sie m\u00f6chten ein Pauschalangebot f\u00fcr die \u00dcbersetzung von Dokumenten erhalten?Schicken Sie uns Ihre Dateien und erhalten Sie innerhalb von 24 Stunden ein Angebot.Wie k\u00f6nnen Sie uns kontaktieren? Per E-Mail: info@sfx.be Telefonisch: +32 (0) 4 277 88 08 Per Skype: SFX_Translated \u00dcber unsere Website, indem Sie ein Angebot \u00fcber unsere Benutzeroberfl\u00e4che anfordern. Weitere Informationen finden Sie [&hellip;]\" \/>\n<meta property=\"og:url\" content=\"https:\/\/sfx.be\/de\/angebot\/\" \/>\n<meta property=\"og:site_name\" content=\"SFX\" \/>\n<meta property=\"article:modified_time\" content=\"2021-11-24T12:50:49+00:00\" \/>\n<meta name=\"twitter:card\" content=\"summary_large_image\" \/>\n<meta name=\"twitter:label1\" content=\"Gesch\u00e4tzte Lesezeit\" \/>\n\t<meta name=\"twitter:data1\" content=\"5\u00a0Minuten\" \/>\n<!-- \/ Yoast SEO plugin. -->","yoast_head_json":{"title":"Angebot - SFX","robots":{"index":"index","follow":"follow","max-snippet":"max-snippet:-1","max-image-preview":"max-image-preview:large","max-video-preview":"max-video-preview:-1"},"canonical":"https:\/\/sfx.be\/de\/angebot\/","og_locale":"de_DE","og_type":"article","og_title":"Angebot - SFX","og_description":"ANGEBOTEin \u201ewortgetreuer\u201c Tarif! Weil jedes \u00dcbersetzungsprojekt einzigartig ist, werden unsere Preise je nach Thema, Komplexit\u00e4t des Textes und nach dem gew\u00fcnschten Lieferdatum angepasst.Korrekturen f\u00fcr Sie zum kleinen Preis! F\u00fcr all Ihre Arbeiten in Sachen Korrekturlesen wenden wir je nach Typ und Komplexit\u00e4t des Ausgangstextes einen Tarif pro Stunde oder pro Wort an.Schicken Sie uns Ihre Dokumente jetzt und erhalten Sie innerhalb von 24 h ein detailliertes Angebot!Schicken Sie uns Ihre Dokumente jetztund erhalten Sie innerhalb von 24 h ein detailliertes Angebot!Unsere Preise variieren je nach Schwierigkeit des Textes, nach der Sprachkombination oder auch nach dem gew\u00fcnschten Liefertermin.Sie m\u00f6chten ein Pauschalangebot f\u00fcr die \u00dcbersetzung von Dokumenten erhalten?Schicken Sie uns Ihre Dateien und erhalten Sie innerhalb von 24 Stunden ein Angebot.Wie k\u00f6nnen Sie uns kontaktieren? Per E-Mail: info@sfx.be Telefonisch: +32 (0) 4 277 88 08 Per Skype: SFX_Translated \u00dcber unsere Website, indem Sie ein Angebot \u00fcber unsere Benutzeroberfl\u00e4che anfordern. Weitere Informationen finden Sie [&hellip;]","og_url":"https:\/\/sfx.be\/de\/angebot\/","og_site_name":"SFX","article_modified_time":"2021-11-24T12:50:49+00:00","twitter_card":"summary_large_image","twitter_misc":{"Gesch\u00e4tzte Lesezeit":"5\u00a0Minuten"},"schema":{"@context":"https:\/\/schema.org","@graph":[{"@type":"WebPage","@id":"https:\/\/sfx.be\/de\/angebot\/","url":"https:\/\/sfx.be\/de\/angebot\/","name":"Angebot - SFX","isPartOf":{"@id":"https:\/\/sfx.be\/en\/#website"},"datePublished":"2021-11-24T09:04:20+00:00","dateModified":"2021-11-24T12:50:49+00:00","breadcrumb":{"@id":"https:\/\/sfx.be\/de\/angebot\/#breadcrumb"},"inLanguage":"de","potentialAction":[{"@type":"ReadAction","target":["https:\/\/sfx.be\/de\/angebot\/"]}]},{"@type":"BreadcrumbList","@id":"https:\/\/sfx.be\/de\/angebot\/#breadcrumb","itemListElement":[{"@type":"ListItem","position":1,"name":"Accueil","item":"https:\/\/sfx.be\/de\/"},{"@type":"ListItem","position":2,"name":"Angebot"}]},{"@type":"WebSite","@id":"https:\/\/sfx.be\/en\/#website","url":"https:\/\/sfx.be\/en\/","name":"SFX","description":"Agence de traduction multilingue","potentialAction":[{"@type":"SearchAction","target":{"@type":"EntryPoint","urlTemplate":"https:\/\/sfx.be\/en\/?s={search_term_string}"},"query-input":{"@type":"PropertyValueSpecification","valueRequired":true,"valueName":"search_term_string"}}],"inLanguage":"de"}]}},"_links":{"self":[{"href":"https:\/\/sfx.be\/de\/wp-json\/wp\/v2\/pages\/838","targetHints":{"allow":["GET"]}}],"collection":[{"href":"https:\/\/sfx.be\/de\/wp-json\/wp\/v2\/pages"}],"about":[{"href":"https:\/\/sfx.be\/de\/wp-json\/wp\/v2\/types\/page"}],"author":[{"embeddable":true,"href":"https:\/\/sfx.be\/de\/wp-json\/wp\/v2\/users\/1"}],"replies":[{"embeddable":true,"href":"https:\/\/sfx.be\/de\/wp-json\/wp\/v2\/comments?post=838"}],"version-history":[{"count":9,"href":"https:\/\/sfx.be\/de\/wp-json\/wp\/v2\/pages\/838\/revisions"}],"predecessor-version":[{"id":862,"href":"https:\/\/sfx.be\/de\/wp-json\/wp\/v2\/pages\/838\/revisions\/862"}],"wp:attachment":[{"href":"https:\/\/sfx.be\/de\/wp-json\/wp\/v2\/media?parent=838"}],"curies":[{"name":"wp","href":"https:\/\/api.w.org\/{rel}","templated":true}]}}