{"id":841,"date":"2021-11-24T09:10:36","date_gmt":"2021-11-24T09:10:36","guid":{"rendered":"https:\/\/sfx.be\/team\/"},"modified":"2021-11-24T09:10:37","modified_gmt":"2021-11-24T09:10:37","slug":"team","status":"publish","type":"page","link":"https:\/\/sfx.be\/de\/team\/","title":{"rendered":"Team"},"content":{"rendered":"<p>[et_pb_section fb_built=&#8220;1&#8243; _builder_version=&#8220;4.9.4&#8243; _module_preset=&#8220;default&#8220; background_color=&#8220;#FFFFFF&#8220; width=&#8220;60%&#8220; width_tablet=&#8220;90%&#8220; width_phone=&#8220;&#8220; width_last_edited=&#8220;on|tablet&#8220; module_alignment=&#8220;center&#8220; custom_margin=&#8220;5vh||||false|false&#8220; custom_padding=&#8220;||||false|false&#8220; border_radii=&#8220;on|3px|3px|3px|3px&#8220; box_shadow_style=&#8220;preset1&#8243; box_shadow_color=&#8220;rgba(0,0,0,0.06)&#8220;][et_pb_row use_custom_gutter=&#8220;on&#8220; gutter_width=&#8220;4&#8243; _builder_version=&#8220;4.9.4&#8243; _module_preset=&#8220;default&#8220; custom_padding=&#8220;0px||0px||false|false&#8220;][et_pb_column type=&#8220;4_4&#8243; _builder_version=&#8220;4.9.4&#8243; _module_preset=&#8220;default&#8220;][dsm_breadcrumbs home_text=&#8220;Home&#8220; _builder_version=&#8220;4.9.4&#8243; _module_preset=&#8220;default&#8220; items_font=&#8220;Nunito|700|||||||&#8220; current_font=&#8220;Nunito||||||||&#8220; width=&#8220;100%&#8220; module_alignment=&#8220;center&#8220; custom_margin=&#8220;0px||0px||false|false&#8220; custom_padding=&#8220;0px||0px||false|false&#8220;][\/dsm_breadcrumbs][et_pb_text _builder_version=&#8220;4.9.4&#8243; _module_preset=&#8220;default&#8220; text_font=&#8220;Quicksand||||||||&#8220; text_text_color=&#8220;#8DC63F&#8220; text_font_size=&#8220;35px&#8220; header_font=&#8220;Nunito|700|||||||&#8220; header_text_align=&#8220;left&#8220; header_text_color=&#8220;#000000&#8243; header_font_size=&#8220;35px&#8220; width=&#8220;100%&#8220; custom_margin=&#8220;0px||0px||false|false&#8220; custom_padding=&#8220;0px||0px||false|false&#8220; header_font_size_tablet=&#8220;25px&#8220; header_font_size_phone=&#8220;&#8220; header_font_size_last_edited=&#8220;on|tablet&#8220;]<\/p>\n<h1>Unser<\/h1>\n<p>[\/et_pb_text][et_pb_text _builder_version=&#8220;4.9.4&#8243; _module_preset=&#8220;default&#8220; text_font=&#8220;Quicksand||||||||&#8220; text_text_color=&#8220;#8DC63F&#8220; text_font_size=&#8220;35px&#8220; header_font=&#8220;Nunito|900||on|||||&#8220; header_text_align=&#8220;left&#8220; header_text_color=&#8220;#8DC63F&#8220; header_font_size=&#8220;62px&#8220; header_line_height=&#8220;1.2em&#8220; width=&#8220;100%&#8220; custom_margin=&#8220;||0px||false|false&#8220;]<\/p>\n<h1 id=%22RESEAUtexte%22><span>Team<\/span><\/h1>\n<p>[\/et_pb_text][\/et_pb_column][\/et_pb_row][et_pb_row column_structure=&#8220;1_4,1_4,1_4,1_4&#8243; use_custom_gutter=&#8220;on&#8220; gutter_width=&#8220;1&#8243; _builder_version=&#8220;4.9.4&#8243; _module_preset=&#8220;default&#8220;][et_pb_column type=&#8220;1_4&#8243; _builder_version=&#8220;4.9.4&#8243; _module_preset=&#8220;default&#8220;][dsm_card title=&#8220;Fran\u00e7ois-Xavier P\u00e2que&#8220; subtitle=&#8220;Direktor und Projektmanager&#8220; image=&#8220;https:\/\/sfx.be\/wp-content\/uploads\/2021\/07\/1.jpg&#8220; image_width=&#8220;100%&#8220; image_alignment=&#8220;center&#8220; button_url_new_window=&#8220;1&#8243; _builder_version=&#8220;4.9.4&#8243; _module_preset=&#8220;default&#8220; header_font=&#8220;Nunito|700|||||||&#8220; subhead_font=&#8220;Nunito||||||||&#8220; subhead_text_color=&#8220;#8DC63F&#8220; subhead_font_size=&#8220;15px&#8220; custom_margin=&#8220;|5px|||false|false&#8220; border_radii_image=&#8220;on|3px|3px|3px|3px&#8220;][\/dsm_card][\/et_pb_column][et_pb_column type=&#8220;1_4&#8243; _builder_version=&#8220;4.9.4&#8243; _module_preset=&#8220;default&#8220;][dsm_card title=&#8220;Virginie Labeye&#8220; subtitle=&#8220;Projektmanagerin und interne \u00dcbersetzerin&#8220; image=&#8220;https:\/\/sfx.be\/wp-content\/uploads\/2021\/07\/3.jpg&#8220; image_width=&#8220;100%&#8220; image_alignment=&#8220;center&#8220; button_url_new_window=&#8220;1&#8243; _builder_version=&#8220;4.9.4&#8243; _module_preset=&#8220;default&#8220; header_font=&#8220;Nunito|700|||||||&#8220; subhead_font=&#8220;Nunito||||||||&#8220; subhead_text_color=&#8220;#8DC63F&#8220; subhead_font_size=&#8220;15px&#8220; custom_margin=&#8220;|5px|||false|false&#8220; border_radii_image=&#8220;on|3px|3px|3px|3px&#8220;][\/dsm_card][\/et_pb_column][et_pb_column type=&#8220;1_4&#8243; _builder_version=&#8220;4.9.4&#8243; _module_preset=&#8220;default&#8220;][dsm_card title=&#8220;Robin Snoeckx&#8220; subtitle=&#8220;Projektmanager und interner \u00dcbersetzer&#8220; image=&#8220;https:\/\/sfx.be\/wp-content\/uploads\/\/2021\/08\/flat-chara1.svg&#8220; image_width=&#8220;100%&#8220; image_alignment=&#8220;center&#8220; button_url_new_window=&#8220;1&#8243; _builder_version=&#8220;4.9.4&#8243; _module_preset=&#8220;default&#8220; header_font=&#8220;Nunito|700|||||||&#8220; subhead_font=&#8220;Nunito||||||||&#8220; subhead_text_color=&#8220;#8DC63F&#8220; subhead_font_size=&#8220;15px&#8220; custom_margin=&#8220;|5px|||false|false&#8220; hover_enabled=&#8220;0&#8243; border_radii_image=&#8220;on|3px|3px|3px|3px&#8220; sticky_enabled=&#8220;0&#8243; title_text=&#8220;flat-chara1&#8243;][\/dsm_card][\/et_pb_column][et_pb_column type=&#8220;1_4&#8243; _builder_version=&#8220;4.9.4&#8243; _module_preset=&#8220;default&#8220;][dsm_card title=&#8220;Catherine Deflandre &#8220; subtitle=&#8220;Interne \u00dcbersetzerin&#8220; image=&#8220;https:\/\/sfx.be\/wp-content\/uploads\/\/2021\/08\/flat-chara2.svg&#8220; image_width=&#8220;100%&#8220; image_alignment=&#8220;center&#8220; button_url_new_window=&#8220;1&#8243; _builder_version=&#8220;4.9.4&#8243; _module_preset=&#8220;default&#8220; header_font=&#8220;Nunito|700|||||||&#8220; subhead_font=&#8220;Nunito||||||||&#8220; subhead_text_color=&#8220;#8DC63F&#8220; subhead_font_size=&#8220;15px&#8220; custom_margin=&#8220;|5px|||false|false&#8220; hover_enabled=&#8220;0&#8243; border_radii_image=&#8220;on|3px|3px|3px|3px&#8220; sticky_enabled=&#8220;0&#8243; title_text=&#8220;flat-chara2&#8243;][\/dsm_card][\/et_pb_column][\/et_pb_row][et_pb_row column_structure=&#8220;1_4,1_4,1_4,1_4&#8243; use_custom_gutter=&#8220;on&#8220; gutter_width=&#8220;1&#8243; _builder_version=&#8220;4.9.4&#8243; _module_preset=&#8220;default&#8220; hover_enabled=&#8220;0&#8243; sticky_enabled=&#8220;0&#8243;][et_pb_column type=&#8220;1_4&#8243; _builder_version=&#8220;4.9.4&#8243; _module_preset=&#8220;default&#8220;][dsm_card title=&#8220;Amelia Piazza&#8220; subtitle=&#8220;Projektmanagerin und interne \u00dcbersetzerin&#8220; image=&#8220;https:\/\/sfx.be\/wp-content\/uploads\/\/2021\/08\/flat-chara3.svg&#8220; image_width=&#8220;100%&#8220; image_alignment=&#8220;center&#8220; button_url_new_window=&#8220;1&#8243; _builder_version=&#8220;4.9.4&#8243; _module_preset=&#8220;default&#8220; header_font=&#8220;Nunito|700|||||||&#8220; subhead_font=&#8220;Nunito||||||||&#8220; subhead_text_color=&#8220;#8DC63F&#8220; subhead_font_size=&#8220;15px&#8220; custom_margin=&#8220;|5px|||false|false&#8220; hover_enabled=&#8220;0&#8243; border_radii_image=&#8220;on|3px|3px|3px|3px&#8220; sticky_enabled=&#8220;0&#8243; title_text=&#8220;flat-chara3&#8243;][\/dsm_card][\/et_pb_column][et_pb_column _builder_version=&#8220;4.9.4&#8243; _module_preset=&#8220;default&#8220; type=&#8220;1_4&#8243; hover_enabled=&#8220;0&#8243; sticky_enabled=&#8220;0&#8243;][\/et_pb_column][et_pb_column _builder_version=&#8220;4.9.4&#8243; _module_preset=&#8220;default&#8220; type=&#8220;1_4&#8243; hover_enabled=&#8220;0&#8243; sticky_enabled=&#8220;0&#8243;][\/et_pb_column][et_pb_column _builder_version=&#8220;4.9.4&#8243; _module_preset=&#8220;default&#8220; type=&#8220;1_4&#8243; hover_enabled=&#8220;0&#8243; sticky_enabled=&#8220;0&#8243;][\/et_pb_column][\/et_pb_row][et_pb_row _builder_version=&#8220;4.9.4&#8243; _module_preset=&#8220;default&#8220; width=&#8220;100%&#8220; max_width=&#8220;1477px&#8220; custom_padding=&#8220;2vh||0px||false|false&#8220;][et_pb_column type=&#8220;4_4&#8243; _builder_version=&#8220;4.9.4&#8243; _module_preset=&#8220;default&#8220; background_color=&#8220;#FFFFFF&#8220; custom_padding=&#8220;||||true|false&#8220;][et_pb_text _builder_version=&#8220;4.9.4&#8243; _module_preset=&#8220;default&#8220; text_font=&#8220;Nunito|700|||||||&#8220; text_text_color=&#8220;#000000&#8243; text_font_size=&#8220;16px&#8220; text_line_height=&#8220;1.8em&#8220; header_2_font_size=&#8220;30px&#8220; header_2_line_height=&#8220;1.7em&#8220; width=&#8220;80%&#8220;]<\/p>\n<h2>SFX Translated verf\u00fcgt \u00fcber ein Netzwerk aus tausenden<br \/>professionellen \u00dcbersetzern in der ganzen Welt!<\/h2>\n<p>[\/et_pb_text][et_pb_image src=&#8220;https:\/\/sfx.be\/wp-content\/uploads\/\/2021\/06\/traduction-people-around-the-globe-Converti-1.svg&#8220; title_text=&#8220;traduction people around the globe %91Converti%93&#8243; _builder_version=&#8220;4.9.4&#8243; _module_preset=&#8220;default&#8220; width=&#8220;80%&#8220; module_alignment=&#8220;center&#8220;][\/et_pb_image][\/et_pb_column][\/et_pb_row][\/et_pb_section][et_pb_section fb_built=&#8220;1&#8243; _builder_version=&#8220;4.9.4&#8243; _module_preset=&#8220;default&#8220; background_color=&#8220;#FFFFFF&#8220; width=&#8220;55%&#8220; width_tablet=&#8220;80%&#8220; width_phone=&#8220;&#8220; width_last_edited=&#8220;on|phone&#8220; module_alignment=&#8220;center&#8220; custom_margin=&#8220;6vh||15vh||false|false&#8220; border_radii=&#8220;on|3px|3px|3px|3px&#8220; box_shadow_style=&#8220;preset1&#8243; box_shadow_color=&#8220;rgba(0,0,0,0.06)&#8220;][et_pb_row _builder_version=&#8220;4.9.4&#8243; _module_preset=&#8220;default&#8220; custom_padding=&#8220;0px||0px||false|false&#8220;][et_pb_column type=&#8220;4_4&#8243; _builder_version=&#8220;4.9.4&#8243; _module_preset=&#8220;default&#8220;][et_pb_text _builder_version=&#8220;4.9.4&#8243; _module_preset=&#8220;default&#8220; text_font=&#8220;Nunito|700|||||||&#8220; text_text_color=&#8220;#000000&#8243; text_font_size=&#8220;29px&#8220; text_line_height=&#8220;1.4em&#8220; text_orientation=&#8220;center&#8220; animation_style=&#8220;slide&#8220; animation_direction=&#8220;bottom&#8220; animation_intensity_slide=&#8220;10%&#8220; animation_speed_curve=&#8220;ease-out&#8220;]Warten Sie nicht l\u00e4nger und profitieren Sie von professioneller Arbeit zum besten Preis.[\/et_pb_text][et_pb_button button_url=&#8220;@ET-DC@eyJkeW5hbWljIjp0cnVlLCJjb250ZW50IjoicG9zdF9saW5rX3VybF9wYWdlIiwic2V0dGluZ3MiOnsicG9zdF9pZCI6IjIxIn19@&#8220; button_text=&#8220;Kostenloses Angebot&#8220; button_alignment=&#8220;center&#8220; _builder_version=&#8220;4.9.4&#8243; _dynamic_attributes=&#8220;button_url&#8220; _module_preset=&#8220;default&#8220; button_text_size=&#8220;26px&#8220;][\/et_pb_button][\/et_pb_column][\/et_pb_row][\/et_pb_section]<\/p>\n","protected":false},"excerpt":{"rendered":"<p><div class=\"et_pb_module dsm_breadcrumbs dsm_breadcrumbs_0\">\n\t\t\t\t\n\t\t\t\t\n\t\t\t\t\n\t\t\t\t\n\t\t\t\t\n\t\t\t\t\n\t\t\t\t<div class=\"et_pb_module_inner\">\n\t\t\t\t\t<nav class=\"dsm_breadcrumbs_wrap\">\n\t\t\t\t<ul class=\"dsm_breadcrumbs\" itemscope itemtype=\"https:\/\/schema.org\/BreadcrumbList\">\t\t\t<li class=\"dsm_breadcrumbs_item dsm_home_item dsm_home_item_custom\" itemprop=\"itemListElement\" itemscope\n\t\t\titemtype=\"https:\/\/schema.org\/ListItem\">\n\t\t\t\t<a href=\"https:\/\/sfx.be\/de\/\" itemprop=\"item\" target=\"\">\n\t\t\t\t\t<span class='dsm_home_text_wrapper'>\n\t\t\t\t\t\t\t\t\t\t\t\t\t<span class=\"et-pb-icon dsm_home_icon\">\ue009<\/span>\n\t\t\t\t\t\t\t\t\t\t\t\t\t<span class=\"dsm_home_text\" itemprop=\"name\">\n\t\t\t\t\t\t\t\tHome\t\t\t\t\t\t\t<\/span>\n\t\t\t\t\t<\/span>\n\t\t\t\t<\/a>\n\t\t\t\t<meta itemprop=\"position\" content=\"1\" \/>\n\t\t\t<\/li>\n\n\t\t<li class=\"dsm_breadcrumbs_separator\"> <span class=\"et-pb-icon dsm_separator_icon\">5<\/span><\/li><\/ul>\n\t\t\t<\/nav>\n\t\t\t\t<\/div>\n\t\t\t<\/div>UnserTeam<div class=\"et_pb_module dsm_card dsm_card_0 et_pb_bg_layout_light  dsm_card_layout_stacked\">\n\t\t\t\t\n\t\t\t\t\n\t\t\t\t\n\t\t\t\t\n\t\t\t\t\n\t\t\t\t\n\t\t\t\t<div class=\"et_pb_module_inner\">\n\t\t\t\t\t\n\t\t\t\n\t\t\t<figure class=\"dsm_card_image_wrapper dsm_card_badge_top_right\"><div class=\"dsm_card_image_background dsm_card_img\"><\/div><\/figure>\n\t\t\t<div class=\"et_pb_module dsm_card_wrapper et_pb_text_align_left\">\n\t\t\t\t\t\n\t\t\t\t\t<h4 class=\"dsm_card_title et_pb_module_header\">Fran\u00e7ois-Xavier P\u00e2que<\/h4>\n\t\t\t\t\t<div class=\"dsm_card_subtitle\">Direktor und Projektmanager<\/div>\n\t\t\t\t\t\n\t\t\t\t\t\n\t\t\t\t<\/div>\n\t\t\t\n\t\t\t\t<\/div>\n\t\t\t<\/div><div class=\"et_pb_module dsm_card dsm_card_1 et_pb_bg_layout_light  dsm_card_layout_stacked\">\n\t\t\t\t\n\t\t\t\t\n\t\t\t\t\n\t\t\t\t\n\t\t\t\t\n\t\t\t\t\n\t\t\t\t<div class=\"et_pb_module_inner\">\n\t\t\t\t\t\n\t\t\t\n\t\t\t<figure class=\"dsm_card_image_wrapper dsm_card_badge_top_right\"><div class=\"dsm_card_image_background dsm_card_img\"><\/div><\/figure>\n\t\t\t<div class=\"et_pb_module dsm_card_wrapper et_pb_text_align_left\">\n\t\t\t\t\t\n\t\t\t\t\t<h4 class=\"dsm_card_title et_pb_module_header\">Virginie Labeye<\/h4>\n\t\t\t\t\t<div class=\"dsm_card_subtitle\">Projektmanagerin und interne \u00dcbersetzerin<\/div>\n\t\t\t\t\t\n\t\t\t\t\t\n\t\t\t\t<\/div>\n\t\t\t\n\t\t\t\t<\/div>\n\t\t\t<\/div><div class=\"et_pb_module dsm_card dsm_card_2 et_pb_bg_layout_light  dsm_card_layout_stacked\">\n\t\t\t\t\n\t\t\t\t\n\t\t\t\t\n\t\t\t\t\n\t\t\t\t\n\t\t\t\t\n\t\t\t\t<div class=\"et_pb_module_inner\">\n\t\t\t\t\t\n\t\t\t\n\t\t\t<figure class=\"dsm_card_image_wrapper dsm_card_badge_top_right\"><div class=\"dsm_card_image_background dsm_card_img\"><\/div><\/figure>\n\t\t\t<div class=\"et_pb_module dsm_card_wrapper et_pb_text_align_left\">\n\t\t\t\t\t\n\t\t\t\t\t<h4 class=\"dsm_card_title et_pb_module_header\">Robin Snoeckx<\/h4>\n\t\t\t\t\t<div class=\"dsm_card_subtitle\">Projektmanager und interner \u00dcbersetzer<\/div>\n\t\t\t\t\t\n\t\t\t\t\t\n\t\t\t\t<\/div>\n\t\t\t\n\t\t\t\t<\/div>\n\t\t\t<\/div><div class=\"et_pb_module dsm_card dsm_card_3 et_pb_bg_layout_light  dsm_card_layout_stacked\">\n\t\t\t\t\n\t\t\t\t\n\t\t\t\t\n\t\t\t\t\n\t\t\t\t\n\t\t\t\t\n\t\t\t\t<div class=\"et_pb_module_inner\">\n\t\t\t\t\t\n\t\t\t\n\t\t\t<figure class=\"dsm_card_image_wrapper dsm_card_badge_top_right\"><div class=\"dsm_card_image_background dsm_card_img\"><\/div><\/figure>\n\t\t\t<div class=\"et_pb_module dsm_card_wrapper et_pb_text_align_left\">\n\t\t\t\t\t\n\t\t\t\t\t<h4 class=\"dsm_card_title et_pb_module_header\">Catherine Deflandre <\/h4>\n\t\t\t\t\t<div class=\"dsm_card_subtitle\">Interne \u00dcbersetzerin<\/div>\n\t\t\t\t\t\n\t\t\t\t\t\n\t\t\t\t<\/div>\n\t\t\t\n\t\t\t\t<\/div>\n\t\t\t<\/div><div class=\"et_pb_module dsm_card dsm_card_4 et_pb_bg_layout_light  dsm_card_layout_stacked\">\n\t\t\t\t\n\t\t\t\t\n\t\t\t\t\n\t\t\t\t\n\t\t\t\t\n\t\t\t\t\n\t\t\t\t<div class=\"et_pb_module_inner\">\n\t\t\t\t\t\n\t\t\t\n\t\t\t<figure class=\"dsm_card_image_wrapper dsm_card_badge_top_right\"><div class=\"dsm_card_image_background dsm_card_img\"><\/div><\/figure>\n\t\t\t<div class=\"et_pb_module dsm_card_wrapper et_pb_text_align_left\">\n\t\t\t\t\t\n\t\t\t\t\t<h4 class=\"dsm_card_title et_pb_module_header\">Amelia Piazza<\/h4>\n\t\t\t\t\t<div class=\"dsm_card_subtitle\">Projektmanagerin und interne \u00dcbersetzerin<\/div>\n\t\t\t\t\t\n\t\t\t\t\t\n\t\t\t\t<\/div>\n\t\t\t\n\t\t\t\t<\/div>\n\t\t\t<\/div>SFX Translated verf\u00fcgt \u00fcber ein Netzwerk aus tausendenprofessionellen \u00dcbersetzern in der ganzen Welt!Warten Sie nicht l\u00e4nger und profitieren Sie von professioneller Arbeit zum besten Preis.<\/p>\n","protected":false},"author":1,"featured_media":0,"parent":0,"menu_order":0,"comment_status":"closed","ping_status":"closed","template":"","meta":{"_et_pb_use_builder":"on","_et_pb_old_content":"","_et_gb_content_width":"","inline_featured_image":false,"footnotes":""},"class_list":["post-841","page","type-page","status-publish","hentry"],"yoast_head":"<!-- This site is optimized with the Yoast SEO plugin v27.4 - https:\/\/yoast.com\/product\/yoast-seo-wordpress\/ -->\n<title>Team - SFX<\/title>\n<meta name=\"robots\" content=\"index, follow, max-snippet:-1, max-image-preview:large, max-video-preview:-1\" \/>\n<link rel=\"canonical\" href=\"https:\/\/sfx.be\/de\/team\/\" \/>\n<meta property=\"og:locale\" content=\"de_DE\" \/>\n<meta property=\"og:type\" content=\"article\" \/>\n<meta property=\"og:title\" content=\"Team - SFX\" \/>\n<meta property=\"og:description\" content=\"UnserTeamSFX Translated verf\u00fcgt \u00fcber ein Netzwerk aus tausendenprofessionellen \u00dcbersetzern in der ganzen Welt!Warten Sie nicht l\u00e4nger und profitieren Sie von professioneller Arbeit zum besten Preis.\" \/>\n<meta property=\"og:url\" content=\"https:\/\/sfx.be\/de\/team\/\" \/>\n<meta property=\"og:site_name\" content=\"SFX\" \/>\n<meta property=\"article:modified_time\" content=\"2021-11-24T09:10:37+00:00\" \/>\n<meta name=\"twitter:card\" content=\"summary_large_image\" \/>\n<meta name=\"twitter:label1\" content=\"Gesch\u00e4tzte Lesezeit\" \/>\n\t<meta name=\"twitter:data1\" content=\"5\u00a0Minuten\" \/>\n<!-- \/ Yoast SEO plugin. -->","yoast_head_json":{"title":"Team - SFX","robots":{"index":"index","follow":"follow","max-snippet":"max-snippet:-1","max-image-preview":"max-image-preview:large","max-video-preview":"max-video-preview:-1"},"canonical":"https:\/\/sfx.be\/de\/team\/","og_locale":"de_DE","og_type":"article","og_title":"Team - SFX","og_description":"UnserTeamSFX Translated verf\u00fcgt \u00fcber ein Netzwerk aus tausendenprofessionellen \u00dcbersetzern in der ganzen Welt!Warten Sie nicht l\u00e4nger und profitieren Sie von professioneller Arbeit zum besten Preis.","og_url":"https:\/\/sfx.be\/de\/team\/","og_site_name":"SFX","article_modified_time":"2021-11-24T09:10:37+00:00","twitter_card":"summary_large_image","twitter_misc":{"Gesch\u00e4tzte Lesezeit":"5\u00a0Minuten"},"schema":{"@context":"https:\/\/schema.org","@graph":[{"@type":"WebPage","@id":"https:\/\/sfx.be\/de\/team\/","url":"https:\/\/sfx.be\/de\/team\/","name":"Team - SFX","isPartOf":{"@id":"https:\/\/sfx.be\/en\/#website"},"datePublished":"2021-11-24T09:10:36+00:00","dateModified":"2021-11-24T09:10:37+00:00","breadcrumb":{"@id":"https:\/\/sfx.be\/de\/team\/#breadcrumb"},"inLanguage":"de","potentialAction":[{"@type":"ReadAction","target":["https:\/\/sfx.be\/de\/team\/"]}]},{"@type":"BreadcrumbList","@id":"https:\/\/sfx.be\/de\/team\/#breadcrumb","itemListElement":[{"@type":"ListItem","position":1,"name":"Accueil","item":"https:\/\/sfx.be\/de\/"},{"@type":"ListItem","position":2,"name":"Team"}]},{"@type":"WebSite","@id":"https:\/\/sfx.be\/en\/#website","url":"https:\/\/sfx.be\/en\/","name":"SFX","description":"Agence de traduction multilingue","potentialAction":[{"@type":"SearchAction","target":{"@type":"EntryPoint","urlTemplate":"https:\/\/sfx.be\/en\/?s={search_term_string}"},"query-input":{"@type":"PropertyValueSpecification","valueRequired":true,"valueName":"search_term_string"}}],"inLanguage":"de"}]}},"_links":{"self":[{"href":"https:\/\/sfx.be\/de\/wp-json\/wp\/v2\/pages\/841","targetHints":{"allow":["GET"]}}],"collection":[{"href":"https:\/\/sfx.be\/de\/wp-json\/wp\/v2\/pages"}],"about":[{"href":"https:\/\/sfx.be\/de\/wp-json\/wp\/v2\/types\/page"}],"author":[{"embeddable":true,"href":"https:\/\/sfx.be\/de\/wp-json\/wp\/v2\/users\/1"}],"replies":[{"embeddable":true,"href":"https:\/\/sfx.be\/de\/wp-json\/wp\/v2\/comments?post=841"}],"version-history":[{"count":3,"href":"https:\/\/sfx.be\/de\/wp-json\/wp\/v2\/pages\/841\/revisions"}],"predecessor-version":[{"id":844,"href":"https:\/\/sfx.be\/de\/wp-json\/wp\/v2\/pages\/841\/revisions\/844"}],"wp:attachment":[{"href":"https:\/\/sfx.be\/de\/wp-json\/wp\/v2\/media?parent=841"}],"curies":[{"name":"wp","href":"https:\/\/api.w.org\/{rel}","templated":true}]}}