{"id":845,"date":"2021-11-24T09:53:13","date_gmt":"2021-11-24T09:53:13","guid":{"rendered":"https:\/\/sfx.be\/faq\/"},"modified":"2021-11-24T12:53:20","modified_gmt":"2021-11-24T12:53:20","slug":"faq","status":"publish","type":"page","link":"https:\/\/sfx.be\/de\/faq\/","title":{"rendered":"FAQ"},"content":{"rendered":"<p>[et_pb_section fb_built=&#8220;1&#8243; _builder_version=&#8220;4.9.4&#8243; _module_preset=&#8220;default&#8220; background_color=&#8220;#FFFFFF&#8220; width=&#8220;60%&#8220; width_tablet=&#8220;90%&#8220; width_phone=&#8220;&#8220; width_last_edited=&#8220;on|tablet&#8220; module_alignment=&#8220;center&#8220; custom_margin=&#8220;5vh||||false|false&#8220; custom_padding=&#8220;0px||0px||false|false&#8220; animation_direction=&#8220;left&#8220; border_radii=&#8220;on|3px|3px|3px|3px&#8220; box_shadow_style=&#8220;preset1&#8243; box_shadow_color=&#8220;rgba(0,0,0,0.06)&#8220;][et_pb_row _builder_version=&#8220;4.9.4&#8243; _module_preset=&#8220;default&#8220; width=&#8220;100%&#8220; max_width=&#8220;1477px&#8220; custom_padding=&#8220;7vh||7vh||false|false&#8220;][et_pb_column type=&#8220;4_4&#8243; _builder_version=&#8220;4.9.4&#8243; _module_preset=&#8220;default&#8220; background_color=&#8220;#FFFFFF&#8220; custom_padding=&#8220;0px||0px||true|false&#8220;][dsm_breadcrumbs _builder_version=&#8220;4.9.4&#8243; _module_preset=&#8220;default&#8220; items_font=&#8220;Nunito|700|||||||&#8220; current_font=&#8220;Nunito||||||||&#8220; width=&#8220;75%&#8220; module_alignment=&#8220;center&#8220; custom_margin=&#8220;0px||0px||false|false&#8220; custom_padding=&#8220;0px||0px||false|false&#8220;][\/dsm_breadcrumbs][et_pb_text _builder_version=&#8220;4.9.4&#8243; _module_preset=&#8220;default&#8220; header_font=&#8220;Nunito|900|||||||&#8220; header_text_color=&#8220;#8DC63F&#8220; header_font_size=&#8220;62px&#8220; header_line_height=&#8220;1.3em&#8220; custom_margin=&#8220;0px||0px||false|false&#8220; custom_padding=&#8220;0px||0px||false|false&#8220;]<\/p>\n<h1>FAQ<\/h1>\n<p>[\/et_pb_text][et_pb_text _builder_version=&#8220;4.9.4&#8243; _module_preset=&#8220;default&#8220; header_font=&#8220;Nunito|700|||||||&#8220; header_font_size=&#8220;35px&#8220; header_line_height=&#8220;1.3em&#8220; header_font_size_tablet=&#8220;25px&#8220; header_font_size_phone=&#8220;&#8220; header_font_size_last_edited=&#8220;on|tablet&#8220;]<\/p>\n<h1>H\u00e4ufig gestellte Fragen<span style=%22color: #8dc63f;%22><\/span><\/h1>\n<p>[\/et_pb_text][et_pb_accordion _builder_version=&#8220;4.9.4&#8243; _module_preset=&#8220;default&#8220; toggle_font=&#8220;Nunito|700|||||||&#8220; toggle_font_size=&#8220;22px&#8220; body_font=&#8220;Nunito||||||||&#8220; body_text_color=&#8220;#000000&#8243; body_font_size=&#8220;16px&#8220; width=&#8220;75%&#8220; module_alignment=&#8220;center&#8220; hover_enabled=&#8220;0&#8243; sticky_enabled=&#8220;0&#8243;][et_pb_accordion_item title=&#8220;Wie k\u00f6nnen Sie uns kontaktieren?&#8220; open=&#8220;on&#8220; _builder_version=&#8220;4.9.4&#8243; _module_preset=&#8220;default&#8220;]<\/p>\n<ul>\n<li>Per E-Mail: info@sfx.be<\/li>\n<li>Telefonisch: +32 (0) 4 277 88 08<\/li>\n<li>Per Skype: SFX_Translated<\/li>\n<li><span>\u00dcber unsere Website, indem Sie ein Angebot \u00fcber <\/span><a href=%22https:\/\/sfx.be\/de\/angebot\/%22>unsere Benutzeroberfl\u00e4che<\/a> anfordern.<\/li>\n<\/ul>\n<p><span>Weitere Informationen finden Sie auf der Seite<\/span> <a href=%22https:\/\/sfx.be\/de\/kontakt\/%22>Kontakt<\/a><\/p>\n<p>[\/et_pb_accordion_item][et_pb_accordion_item title=&#8220;Wo befindet sich die \u00dcbersetzungsagentur SFX Translated?&#8220; _builder_version=&#8220;4.9.4&#8243; _module_preset=&#8220;default&#8220; hover_enabled=&#8220;0&#8243; open=&#8220;off&#8220; sticky_enabled=&#8220;0&#8243;]<span>Unser Unternehmen befindet sich in Belgien, genauer in der Provinz L\u00fcttich, im Herzen der Industriezone Hauts-Sarts (171, Premi\u00e8re Avenue, 4040 Herstal).<\/span><\/p>\n<p><iframe width=\"100%\" height=\"450\" style=\"border: 0;\" loading=\"lazy\" allowfullscreen=\"\" src=\"https:\/\/www.google.com\/maps\/embed\/v1\/place?q=place_id:ChIJs5lMbznwwEcRC5Xx7gGK36Y&amp;key=AIzaSyAc5act08rQKkwdzmQXIRtjRww1Ph_22F8\"><\/iframe>[\/et_pb_accordion_item][et_pb_accordion_item title=&#8220;Wie wird der Preis festgelegt?&#8220; _builder_version=&#8220;4.9.4&#8243; _module_preset=&#8220;default&#8220; open=&#8220;off&#8220;]<\/p>\n<p>Der Preis wird je nach Komplexit\u00e4t des verwendeten Vokabulars, nach der Sprachkombination sowie nach der Wortanzahl der Quelldatei festgelegt.<\/p>\n<p>Zudem wird der Preis je nach Ihren Bed\u00fcrfnissen angepasst. <\/p>\n<p>SFX Translated ist die einzige Agentur, die ihr Angebot in Form dreier unterschiedlicher L\u00f6sungen vorlegt:<\/p>\n<ul>\n<li>Die<span> <\/span><strong>Premium-L\u00f6sung<\/strong><span> <\/span>Die ist das am h\u00e4ufigsten von unseren Kunden gew\u00e4hlte Paket. Sie umfasst die \u00dcbersetzung und das Korrekturlesen des Dokuments. Diese T\u00e4tigkeiten werden von zwei muttersprachlichen \u00dcbersetzern der Zielsprache durchgef\u00fchrt. Dies bedeutet, dass wenn der Text ins Englische zu \u00fcbersetzen ist, sich unsere englischsprachigen \u00dcbersetzer um die \u00dcbersetzung und das Korrekturlesen der Datei k\u00fcmmern.  <\/li>\n<li>Die<span> <\/span><strong>Basis-L\u00f6sung<\/strong><span> <\/span>bietet Ihnen eine \u00dcbersetzung, die von einem \u00dcbersetzer angefertigt wird, der Muttersprachler der Zielsprache ist. Dieses Angebot umfasst kein Korrekturlesen und kann bei sehr dringenden Auftr\u00e4gen ideal sein. <\/li>\n<li><span>Die<\/span> <strong>Optimum-L\u00f6sung<\/strong> <span>beinhaltet die \u00dcbersetzung und ein zweifaches Korrekturlesen des Dokuments. All das wird von drei \u00dcbersetzern durchgef\u00fchrt, die Muttersprachler der Zielsprache sind.<\/span><\/li>\n<\/ul>\n<p>Die Kostenvoranschl\u00e4ge sind kostenlos und werden in nur wenigen Stunden verschickt!<\/p>\n<p>[\/et_pb_accordion_item][et_pb_accordion_item title=&#8220;Bedeutet eine kosteng\u00fcnstige \u00dcbersetzung eine geringere Qualit\u00e4t?&#8220; _builder_version=&#8220;4.9.4&#8243; _module_preset=&#8220;default&#8220; open=&#8220;off&#8220;]<\/p>\n<p><span>Nein. Eine \u00dcbersetzung kann teurer sein, weil das verwendete Vokabular komplexer oder f\u00fcr einen bestimmten Bereich spezifisch ist. Dies kann mehr Arbeitszeit erfordern. Ein niedrigerer Preis stellt daher nicht die Qualit\u00e4t der \u00dcbersetzung infrage.    <\/span><\/p>\n<p>[\/et_pb_accordion_item][et_pb_accordion_item title=&#8220;Wie kann ich bezahlen?&#8220; _builder_version=&#8220;4.9.4&#8243; _module_preset=&#8220;default&#8220; open=&#8220;off&#8220;]<\/p>\n<ul>\n<li>In bar<\/li>\n<li>Mit Bank\u00fcberweisung<\/li>\n<li>Mit PayPal<\/li>\n<\/ul>\n<p>[\/et_pb_accordion_item][et_pb_accordion_item title=&#8220;Wer geh\u00f6rt zum Team von SFX Translated? &#8220; _builder_version=&#8220;4.9.4&#8243; _module_preset=&#8220;default&#8220; open=&#8220;off&#8220;]<\/p>\n<p><span>Fran\u00e7ois-Xavier P\u00e2que leitet SFX Translated und \u00fcbernimmt insbesondere administrative Aufgaben sowie die Buchhaltung und ist f\u00fcr das Personalwesen zust\u00e4ndig. F\u00fcr das Tagesgesch\u00e4ft um Unternehmen kann er sich auf ein dynamisches Team aus Projektmanagern und \u00dcbersetzern verlassen. Dieses besteht aus Virginie Labeye, Robin Snoeckx, Catherine Deflandre und Amelia Piazza. SFX Translated arbeitet zudem mit einem Netzwerk aus \u00fcber 2000 professionellen \u00dcbersetzern aus aller Welt zusammen. Jeder von ihnen hat seine eigenen St\u00e4rken und wir w\u00e4hlen immer jenen \u00dcbersetzer aus, der sich am besten f\u00fcr die Bearbeitung Ihrer Anfrage eignet.  <\/span><\/p>\n<p>[\/et_pb_accordion_item][et_pb_accordion_item title=&#8220;In welchem Format kann ich meine Dokumente schicken?&#8220; _builder_version=&#8220;4.9.4&#8243; _module_preset=&#8220;default&#8220; open=&#8220;off&#8220;]<\/p>\n<p>In den Formaten .doc, .docx, .xls, .xlsx, .html, .pages, .rtf, .txt, .psd, .ppt, .pptx, .inx, .idml etc.<\/p>\n<p>[\/et_pb_accordion_item][et_pb_accordion_item title=&#8220;Wie kann man ein Angebot anfordern?&#8220; _builder_version=&#8220;4.9.4&#8243; _module_preset=&#8220;default&#8220; open=&#8220;off&#8220;]<\/p>\n<p><span>Sie k\u00f6nnen uns Ihre Anfrage per E-Mail oder<\/span><span> <\/span><a href=%22https:\/\/sfx.be\/de\/angebot\/%22>\u00fcber unsere Benutzeroberfl\u00e4che<!--464--> zukommen lassen.<\/a><span>.<br \/>\nNous vous r\u00e9pondons en vous proposant le d\u00e9lai et le tarif sous forme de devis par mail. <\/span><\/p>\n<p>[\/et_pb_accordion_item][et_pb_accordion_item title=&#8220;Welche Leistungen bietet SFX Translated an?&#8220; _builder_version=&#8220;4.9.4&#8243; _module_preset=&#8220;default&#8220; open=&#8220;off&#8220;]<\/p>\n<p><span>Neben professionellen \u00dcbersetzungen bieten wir Ihnen eine ganze Reihe von Dienstleistungen von der Untertitelung bis hin zum Dolmetschen an, aber auch Korrekturlesen, Post-Editing, Transkription, Coaching und Terminologie-Suche.<\/span><\/p>\n<p>[\/et_pb_accordion_item][et_pb_accordion_item title=&#8220;Welche Qualit\u00e4tsgarantie bietet SFX Translated?&#8220; _builder_version=&#8220;4.9.4&#8243; _module_preset=&#8220;default&#8220; open=&#8220;off&#8220;]<\/p>\n<p>\u2022 Wir arbeiten mit \u00dcbersetzern, die folgende Kriterien erf\u00fcllen:<\/p>\n<p>&#8211; sind professionell<\/p>\n<p>&#8211; haben vor der Zusammenarbeit mit unserem Unternehmen Tests absolviert;<\/p>\n<p>&#8211; sind Muttersprachler der Zielsprache, was bedeutet, dass sie immer in ihre Muttersprache \u00fcbersetzen<\/p>\n<p>\u2022 Es werden punktuell Zufriedenheitsstudien durchgef\u00fchrt. Damit versuchen wir, eine maximale Zufriedenheit unserer Kunden zu erreichen. F\u00fcr uns ist entscheidend, Ihnen eine Arbeit zu liefern, die Ihren Erwartungen entspricht. <\/p>\n<p>\u2022 Uns vertrauen Kunden wie der Flughafen L\u00fcttich, Belgacom, 4M Europe, Oxfam oder auch MDX Health.<\/p>\n<p>[\/et_pb_accordion_item][et_pb_accordion_item title=&#8220;Welcher Stil von Dokumenten kann \u00fcbersetzt werden?&#8220; _builder_version=&#8220;4.9.4&#8243; _module_preset=&#8220;default&#8220; open=&#8220;off&#8220;]<\/p>\n<p>Alles kann \u00fcbersetzt werden. Wir vertrauen unsere Projekte diplomierten \u00dcbersetzern an, die Experten auf jenem Gebiet sind, zu welchem die zu \u00fcbersetzenden Dokumente geh\u00f6ren.  <\/p>\n<p>Es folgt eine nicht vollst\u00e4ndige Liste von Dokumenten, die wir \u00fcbernehmen \u2013 geordnet nach Themenbereich:<\/p>\n<ul>\n<li><strong><a href=%22https:\/\/sfx.be\/traduction-medicale-technique-juridique\/traduction-technique\/%22>Technischer Bereich<\/a><\/strong>: Texte aus dem Ingenieurwesen, technische Anleitungen; Lastenhefte, Gebrauchsanweisungen, Patente, Handb\u00fccher, <!--648-->Nomenklaturen, Protokolle, Forschungsprojekte, interne Mitteilungen, Niederschriften etc.<!--649--><\/li>\n<li><strong><a href=%22https:\/\/sfx.be\/traduction-medicale-technique-juridique\/traduction-medicale-scientifique-pharmaceutique\/%22>Medizinischer Bereich<\/a><\/strong>: <!--662-->pharmazeutische Dokumente, Registrierungsverfahren, Beipackzettel, Verpackungen, Marketing oder Genehmigungen f\u00fcr Markteinf\u00fchrungen, medizinische Berichte und Akten, Verordnungstexte, klinische Studien, Publikationen von Experten etc.<!--663--><\/li>\n<li><strong><a href=%22https:\/\/sfx.be\/traduction-medicale-technique-juridique\/traduction-juridique\/%22>Rechtlicher Bereich<\/a><\/strong>: <!--688-->Inverzugsetzungen, Mandate und Vollmachten, Verkaufs- oder Mietvertr\u00e4ge, Sachverst\u00e4ndigengutachten, Vorladungen, Satzungen und Vorschriften, Vertr\u00e4ge, Urteile etc.<!--689--><\/li>\n<\/ul>\n<p>[\/et_pb_accordion_item][et_pb_accordion_item title=&#8220;Es gibt irgendein Problem mit der \u00dcbersetzung, die Ihnen geliefert wurde?&#8220; _builder_version=&#8220;4.9.4&#8243; _module_preset=&#8220;default&#8220; open=&#8220;off&#8220;]<\/p>\n<p><span>Die Projektmanager sind per Mail oder telefonisch erreichbar und beantworten Ihre Fragen. Die Betreuung unserer Kunden ist uns sehr wichtig. Wir wollen Sie m\u00f6glichst zufrieden stellen und stehen Ihnen daher auch nach der Lieferung der Arbeit weiterhin zur Verf\u00fcgung.  <\/span><\/p>\n<p>[\/et_pb_accordion_item][et_pb_accordion_item title=&#8220;Wie gehen wir bei einer beglaubigten \u00dcbersetzung vor?&#8220; _builder_version=&#8220;4.9.4&#8243; _module_preset=&#8220;default&#8220; open=&#8220;off&#8220;]<\/p>\n<ul>\n<li>Wenn dies explizit verlangt wird;<\/li>\n<li>Wenn es sich um ein offizielles Dokument f\u00fcr eine \u00f6ffentliche belgische oder ausl\u00e4ndische Beh\u00f6rde handelt (Gemeinde, Mehrwertsteueramt, Arbeitserlaubnis, Praktikum im Ausland etc.).<\/li>\n<\/ul>\n<p>[\/et_pb_accordion_item][et_pb_accordion_item title=&#8220;Wie gehen wir bei einer beglaubigten \u00dcbersetzung vor?&#8220; _builder_version=&#8220;4.9.4&#8243; _module_preset=&#8220;default&#8220; open=&#8220;off&#8220;]<\/p>\n<p>SFX Translated k\u00fcmmert sich um alles!<\/p>\n<p>Unsere vereidigten \u00dcbersetzer \u00fcbersetzen das Dokument, das Sie uns vorlegen, und beglaubigen es, indem sie es mit ihrem Stempel und ihrer Unterschrift versehen. <\/p>\n<p>[\/et_pb_accordion_item][\/et_pb_accordion][\/et_pb_column][\/et_pb_row][\/et_pb_section][et_pb_section fb_built=&#8220;1&#8243; _builder_version=&#8220;4.9.4&#8243; _module_preset=&#8220;default&#8220; background_color=&#8220;#FFFFFF&#8220; width=&#8220;55%&#8220; width_tablet=&#8220;80%&#8220; width_phone=&#8220;&#8220; width_last_edited=&#8220;on|phone&#8220; module_alignment=&#8220;center&#8220; custom_margin=&#8220;6vh||15vh||false|false&#8220; border_radii=&#8220;on|3px|3px|3px|3px&#8220; box_shadow_style=&#8220;preset1&#8243; box_shadow_color=&#8220;rgba(0,0,0,0.06)&#8220;][et_pb_row _builder_version=&#8220;4.9.4&#8243; _module_preset=&#8220;default&#8220; custom_padding=&#8220;0px||0px||false|false&#8220;][et_pb_column type=&#8220;4_4&#8243; _builder_version=&#8220;4.9.4&#8243; _module_preset=&#8220;default&#8220;][et_pb_text _builder_version=&#8220;4.9.4&#8243; _module_preset=&#8220;default&#8220; text_font=&#8220;Nunito|700|||||||&#8220; text_text_color=&#8220;#000000&#8243; text_font_size=&#8220;29px&#8220; text_line_height=&#8220;1.4em&#8220; text_orientation=&#8220;center&#8220; animation_style=&#8220;slide&#8220; animation_direction=&#8220;bottom&#8220; animation_intensity_slide=&#8220;10%&#8220; animation_speed_curve=&#8220;ease-out&#8220;]Warten Sie nicht l\u00e4nger und profitieren Sie von professioneller Arbeit zum besten Preis.[\/et_pb_text][et_pb_button button_url=&#8220;@ET-DC@eyJkeW5hbWljIjp0cnVlLCJjb250ZW50IjoicG9zdF9saW5rX3VybF9wYWdlIiwic2V0dGluZ3MiOnsicG9zdF9pZCI6IjIxIn19@&#8220; button_text=&#8220;Kostenloses Angebot&#8220; button_alignment=&#8220;center&#8220; _builder_version=&#8220;4.9.4&#8243; _dynamic_attributes=&#8220;button_url&#8220; _module_preset=&#8220;default&#8220; button_text_size=&#8220;26px&#8220;][\/et_pb_button][\/et_pb_column][\/et_pb_row][\/et_pb_section]<\/p>\n","protected":false},"excerpt":{"rendered":"<p><div class=\"et_pb_module dsm_breadcrumbs dsm_breadcrumbs_0\">\n\t\t\t\t\n\t\t\t\t\n\t\t\t\t\n\t\t\t\t\n\t\t\t\t\n\t\t\t\t\n\t\t\t\t<div class=\"et_pb_module_inner\">\n\t\t\t\t\t<nav class=\"dsm_breadcrumbs_wrap\">\n\t\t\t\t<ul class=\"dsm_breadcrumbs\" itemscope itemtype=\"https:\/\/schema.org\/BreadcrumbList\">\t\t\t<li class=\"dsm_breadcrumbs_item dsm_home_item dsm_home_item_custom\" itemprop=\"itemListElement\" itemscope\n\t\t\titemtype=\"https:\/\/schema.org\/ListItem\">\n\t\t\t\t<a href=\"https:\/\/sfx.be\/de\/\" itemprop=\"item\" target=\"\">\n\t\t\t\t\t<span class='dsm_home_text_wrapper'>\n\t\t\t\t\t\t\t\t\t\t\t\t\t<span class=\"et-pb-icon dsm_home_icon\">\ue009<\/span>\n\t\t\t\t\t\t\t\t\t\t\t\t\t<span class=\"dsm_home_text\" itemprop=\"name\">\n\t\t\t\t\t\t\t\tHome\t\t\t\t\t\t\t<\/span>\n\t\t\t\t\t<\/span>\n\t\t\t\t<\/a>\n\t\t\t\t<meta itemprop=\"position\" content=\"1\" \/>\n\t\t\t<\/li>\n\n\t\t<li class=\"dsm_breadcrumbs_separator\"> <span class=\"et-pb-icon dsm_separator_icon\">5<\/span><\/li><\/ul>\n\t\t\t<\/nav>\n\t\t\t\t<\/div>\n\t\t\t<\/div>FAQH\u00e4ufig gestellte Fragen Per E-Mail: info@sfx.be Telefonisch: +32 (0) 4 277 88 08 Per Skype: SFX_Translated \u00dcber unsere Website, indem Sie ein Angebot \u00fcber unsere Benutzeroberfl\u00e4che anfordern. Weitere Informationen finden Sie auf der Seite KontaktUnser Unternehmen befindet sich in Belgien, genauer in der Provinz L\u00fcttich, im Herzen der Industriezone Hauts-Sarts (171, Premi\u00e8re Avenue, 4040 Herstal). Der Preis wird je nach Komplexit\u00e4t des verwendeten Vokabulars, nach der Sprachkombination sowie nach der Wortanzahl der Quelldatei festgelegt. Zudem wird der Preis je nach Ihren Bed\u00fcrfnissen angepasst. SFX Translated ist die einzige Agentur, die ihr Angebot in Form dreier unterschiedlicher L\u00f6sungen vorlegt: Die Premium-L\u00f6sung Die ist das am h\u00e4ufigsten von unseren Kunden gew\u00e4hlte Paket. Sie umfasst die \u00dcbersetzung und das Korrekturlesen des Dokuments. Diese T\u00e4tigkeiten werden von zwei muttersprachlichen \u00dcbersetzern der Zielsprache durchgef\u00fchrt. Dies bedeutet, dass wenn der Text ins Englische zu \u00fcbersetzen ist, sich unsere englischsprachigen \u00dcbersetzer um die \u00dcbersetzung und das Korrekturlesen der Datei k\u00fcmmern. Die Basis-L\u00f6sung bietet Ihnen eine \u00dcbersetzung, die von einem \u00dcbersetzer angefertigt wird, der Muttersprachler der Zielsprache ist. Dieses Angebot umfasst kein Korrekturlesen und kann bei sehr dringenden Auftr\u00e4gen ideal sein. Die Optimum-L\u00f6sung beinhaltet die \u00dcbersetzung und ein zweifaches Korrekturlesen [&hellip;]<\/p>\n","protected":false},"author":1,"featured_media":0,"parent":0,"menu_order":0,"comment_status":"closed","ping_status":"closed","template":"","meta":{"_et_pb_use_builder":"on","_et_pb_old_content":"","_et_gb_content_width":"","inline_featured_image":false,"footnotes":""},"class_list":["post-845","page","type-page","status-publish","hentry"],"yoast_head":"<!-- This site is optimized with the Yoast SEO plugin v27.4 - https:\/\/yoast.com\/product\/yoast-seo-wordpress\/ -->\n<title>FAQ - SFX<\/title>\n<meta name=\"robots\" content=\"index, follow, max-snippet:-1, max-image-preview:large, max-video-preview:-1\" \/>\n<link rel=\"canonical\" href=\"https:\/\/sfx.be\/de\/faq\/\" \/>\n<meta property=\"og:locale\" content=\"de_DE\" \/>\n<meta property=\"og:type\" content=\"article\" \/>\n<meta property=\"og:title\" content=\"FAQ - SFX\" \/>\n<meta property=\"og:description\" content=\"FAQH\u00e4ufig gestellte Fragen Per E-Mail: info@sfx.be Telefonisch: +32 (0) 4 277 88 08 Per Skype: SFX_Translated \u00dcber unsere Website, indem Sie ein Angebot \u00fcber unsere Benutzeroberfl\u00e4che anfordern. Weitere Informationen finden Sie auf der Seite KontaktUnser Unternehmen befindet sich in Belgien, genauer in der Provinz L\u00fcttich, im Herzen der Industriezone Hauts-Sarts (171, Premi\u00e8re Avenue, 4040 Herstal). Der Preis wird je nach Komplexit\u00e4t des verwendeten Vokabulars, nach der Sprachkombination sowie nach der Wortanzahl der Quelldatei festgelegt. Zudem wird der Preis je nach Ihren Bed\u00fcrfnissen angepasst. SFX Translated ist die einzige Agentur, die ihr Angebot in Form dreier unterschiedlicher L\u00f6sungen vorlegt: Die Premium-L\u00f6sung Die ist das am h\u00e4ufigsten von unseren Kunden gew\u00e4hlte Paket. Sie umfasst die \u00dcbersetzung und das Korrekturlesen des Dokuments. Diese T\u00e4tigkeiten werden von zwei muttersprachlichen \u00dcbersetzern der Zielsprache durchgef\u00fchrt. Dies bedeutet, dass wenn der Text ins Englische zu \u00fcbersetzen ist, sich unsere englischsprachigen \u00dcbersetzer um die \u00dcbersetzung und das Korrekturlesen der Datei k\u00fcmmern. Die Basis-L\u00f6sung bietet Ihnen eine \u00dcbersetzung, die von einem \u00dcbersetzer angefertigt wird, der Muttersprachler der Zielsprache ist. Dieses Angebot umfasst kein Korrekturlesen und kann bei sehr dringenden Auftr\u00e4gen ideal sein. Die Optimum-L\u00f6sung beinhaltet die \u00dcbersetzung und ein zweifaches Korrekturlesen [&hellip;]\" \/>\n<meta property=\"og:url\" content=\"https:\/\/sfx.be\/de\/faq\/\" \/>\n<meta property=\"og:site_name\" content=\"SFX\" \/>\n<meta property=\"article:modified_time\" content=\"2021-11-24T12:53:20+00:00\" \/>\n<meta name=\"twitter:card\" content=\"summary_large_image\" \/>\n<meta name=\"twitter:label1\" content=\"Gesch\u00e4tzte Lesezeit\" \/>\n\t<meta name=\"twitter:data1\" content=\"7\u00a0Minuten\" \/>\n<!-- \/ Yoast SEO plugin. -->","yoast_head_json":{"title":"FAQ - SFX","robots":{"index":"index","follow":"follow","max-snippet":"max-snippet:-1","max-image-preview":"max-image-preview:large","max-video-preview":"max-video-preview:-1"},"canonical":"https:\/\/sfx.be\/de\/faq\/","og_locale":"de_DE","og_type":"article","og_title":"FAQ - SFX","og_description":"FAQH\u00e4ufig gestellte Fragen Per E-Mail: info@sfx.be Telefonisch: +32 (0) 4 277 88 08 Per Skype: SFX_Translated \u00dcber unsere Website, indem Sie ein Angebot \u00fcber unsere Benutzeroberfl\u00e4che anfordern. Weitere Informationen finden Sie auf der Seite KontaktUnser Unternehmen befindet sich in Belgien, genauer in der Provinz L\u00fcttich, im Herzen der Industriezone Hauts-Sarts (171, Premi\u00e8re Avenue, 4040 Herstal). Der Preis wird je nach Komplexit\u00e4t des verwendeten Vokabulars, nach der Sprachkombination sowie nach der Wortanzahl der Quelldatei festgelegt. Zudem wird der Preis je nach Ihren Bed\u00fcrfnissen angepasst. SFX Translated ist die einzige Agentur, die ihr Angebot in Form dreier unterschiedlicher L\u00f6sungen vorlegt: Die Premium-L\u00f6sung Die ist das am h\u00e4ufigsten von unseren Kunden gew\u00e4hlte Paket. Sie umfasst die \u00dcbersetzung und das Korrekturlesen des Dokuments. Diese T\u00e4tigkeiten werden von zwei muttersprachlichen \u00dcbersetzern der Zielsprache durchgef\u00fchrt. Dies bedeutet, dass wenn der Text ins Englische zu \u00fcbersetzen ist, sich unsere englischsprachigen \u00dcbersetzer um die \u00dcbersetzung und das Korrekturlesen der Datei k\u00fcmmern. Die Basis-L\u00f6sung bietet Ihnen eine \u00dcbersetzung, die von einem \u00dcbersetzer angefertigt wird, der Muttersprachler der Zielsprache ist. Dieses Angebot umfasst kein Korrekturlesen und kann bei sehr dringenden Auftr\u00e4gen ideal sein. Die Optimum-L\u00f6sung beinhaltet die \u00dcbersetzung und ein zweifaches Korrekturlesen [&hellip;]","og_url":"https:\/\/sfx.be\/de\/faq\/","og_site_name":"SFX","article_modified_time":"2021-11-24T12:53:20+00:00","twitter_card":"summary_large_image","twitter_misc":{"Gesch\u00e4tzte Lesezeit":"7\u00a0Minuten"},"schema":{"@context":"https:\/\/schema.org","@graph":[{"@type":"WebPage","@id":"https:\/\/sfx.be\/de\/faq\/","url":"https:\/\/sfx.be\/de\/faq\/","name":"FAQ - SFX","isPartOf":{"@id":"https:\/\/sfx.be\/en\/#website"},"datePublished":"2021-11-24T09:53:13+00:00","dateModified":"2021-11-24T12:53:20+00:00","breadcrumb":{"@id":"https:\/\/sfx.be\/de\/faq\/#breadcrumb"},"inLanguage":"de","potentialAction":[{"@type":"ReadAction","target":["https:\/\/sfx.be\/de\/faq\/"]}]},{"@type":"BreadcrumbList","@id":"https:\/\/sfx.be\/de\/faq\/#breadcrumb","itemListElement":[{"@type":"ListItem","position":1,"name":"Accueil","item":"https:\/\/sfx.be\/de\/"},{"@type":"ListItem","position":2,"name":"FAQ"}]},{"@type":"WebSite","@id":"https:\/\/sfx.be\/en\/#website","url":"https:\/\/sfx.be\/en\/","name":"SFX","description":"Agence de traduction multilingue","potentialAction":[{"@type":"SearchAction","target":{"@type":"EntryPoint","urlTemplate":"https:\/\/sfx.be\/en\/?s={search_term_string}"},"query-input":{"@type":"PropertyValueSpecification","valueRequired":true,"valueName":"search_term_string"}}],"inLanguage":"de"}]}},"_links":{"self":[{"href":"https:\/\/sfx.be\/de\/wp-json\/wp\/v2\/pages\/845","targetHints":{"allow":["GET"]}}],"collection":[{"href":"https:\/\/sfx.be\/de\/wp-json\/wp\/v2\/pages"}],"about":[{"href":"https:\/\/sfx.be\/de\/wp-json\/wp\/v2\/types\/page"}],"author":[{"embeddable":true,"href":"https:\/\/sfx.be\/de\/wp-json\/wp\/v2\/users\/1"}],"replies":[{"embeddable":true,"href":"https:\/\/sfx.be\/de\/wp-json\/wp\/v2\/comments?post=845"}],"version-history":[{"count":3,"href":"https:\/\/sfx.be\/de\/wp-json\/wp\/v2\/pages\/845\/revisions"}],"predecessor-version":[{"id":863,"href":"https:\/\/sfx.be\/de\/wp-json\/wp\/v2\/pages\/845\/revisions\/863"}],"wp:attachment":[{"href":"https:\/\/sfx.be\/de\/wp-json\/wp\/v2\/media?parent=845"}],"curies":[{"name":"wp","href":"https:\/\/api.w.org\/{rel}","templated":true}]}}