{"id":914,"date":"2022-01-14T13:39:47","date_gmt":"2022-01-14T13:39:47","guid":{"rendered":"https:\/\/sfx.be\/technisch\/juristische-uebersetzungen\/"},"modified":"2022-01-14T13:39:48","modified_gmt":"2022-01-14T13:39:48","slug":"juristische-uebersetzungen","status":"publish","type":"page","link":"https:\/\/sfx.be\/de\/technisch\/juristische-uebersetzungen\/","title":{"rendered":"Juristische \u00dcbersetzungen"},"content":{"rendered":"<p>[et_pb_section fb_built=&#8220;1&#8243; _builder_version=&#8220;4.9.4&#8243; _module_preset=&#8220;default&#8220; background_color=&#8220;#FFFFFF&#8220; width=&#8220;60%&#8220; width_tablet=&#8220;90%&#8220; width_phone=&#8220;&#8220; width_last_edited=&#8220;on|tablet&#8220; module_alignment=&#8220;center&#8220; custom_margin=&#8220;5vh||||false|false&#8220; custom_padding=&#8220;0px||0px||false|false&#8220; animation_style=&#8220;slide&#8220; animation_direction=&#8220;left&#8220; animation_duration=&#8220;1500ms&#8220; animation_delay=&#8220;150ms&#8220; animation_intensity_slide=&#8220;5%&#8220; animation_speed_curve=&#8220;ease&#8220; border_radii=&#8220;on|3px|3px|3px|3px&#8220; box_shadow_style=&#8220;preset1&#8243; box_shadow_color=&#8220;rgba(0,0,0,0.06)&#8220; global_colors_info=&#8220;{}&#8220;][et_pb_row _builder_version=&#8220;4.9.4&#8243; _module_preset=&#8220;default&#8220; width=&#8220;100%&#8220; max_width=&#8220;1477px&#8220; custom_padding=&#8220;7vh||0px||false|false&#8220; global_colors_info=&#8220;{}&#8220;][et_pb_column type=&#8220;4_4&#8243; _builder_version=&#8220;4.9.4&#8243; _module_preset=&#8220;default&#8220; background_color=&#8220;#FFFFFF&#8220; custom_padding=&#8220;0px||0px||true|false&#8220; global_colors_info=&#8220;{}&#8220;][dsm_breadcrumbs home_text=&#8220;Home&#8220; _builder_version=&#8220;4.9.4&#8243; _module_preset=&#8220;default&#8220; items_font=&#8220;Nunito|700|||||||&#8220; current_font=&#8220;Nunito||||||||&#8220; width=&#8220;75%&#8220; module_alignment=&#8220;center&#8220; custom_margin=&#8220;0px||0px||false|false&#8220; custom_padding=&#8220;0px||0px||false|false&#8220; global_colors_info=&#8220;{}&#8220;][\/dsm_breadcrumbs][et_pb_text _builder_version=&#8220;4.14.4&#8243; _module_preset=&#8220;default&#8220; header_font=&#8220;Nunito|700|||||||&#8220; header_font_size=&#8220;38px&#8220; header_line_height=&#8220;1.3em&#8220; hover_enabled=&#8220;0&#8243; global_colors_info=&#8220;{}&#8220; sticky_enabled=&#8220;0&#8243;]<\/p>\n<h1>Vereidigte oder beglaubigte <span style=\"color: #8dc63f\">\u00dcbersetzungen aus L\u00fcttich<\/span><\/h1>\n<p>[\/et_pb_text][et_pb_text _builder_version=&#8220;4.14.4&#8243; _module_preset=&#8220;default&#8220; text_font=&#8220;Nunito||||||||&#8220; text_text_color=&#8220;#000000&#8243; text_font_size=&#8220;16px&#8220; text_line_height=&#8220;1.8em&#8220; width=&#8220;75%&#8220; hover_enabled=&#8220;0&#8243; global_colors_info=&#8220;{}&#8220; sticky_enabled=&#8220;0&#8243;]<\/p>\n<p><span>Sie suchen einen professionellen \u00dcbersetzer, der sich Ihrer<\/span> <strong>rechtlichen, technischen, kommerziellen oder amtlichen Dokumente annimmt und von bzw.<\/strong><span> nach Franz\u00f6sisch, Niederl\u00e4ndisch, Spanisch, Englisch, Russisch, Chinesisch, Italienisch, Schwedisch, Arabisch, Portugiesisch, Rum\u00e4nisch oder von\/in eine andere beliebige Sprache \u00fcbersetzt?  <\/span><a href=\"https:\/\/sfx.be\/de\/dienste\/\">Dann nehmen Sie direkt Kontakt<\/a> <span>mit uns auf.<\/span><\/p>\n<p>[\/et_pb_text][et_pb_text _builder_version=&#8220;4.9.4&#8243; _module_preset=&#8220;default&#8220; text_font=&#8220;Nunito||||||||&#8220; text_text_color=&#8220;#000000&#8243; text_font_size=&#8220;16px&#8220; text_line_height=&#8220;1.8em&#8220; header_2_font_size=&#8220;24px&#8220; header_2_line_height=&#8220;1.3em&#8220; header_3_font=&#8220;Nunito|700|||||||&#8220; header_3_line_height=&#8220;1.3em&#8220; width=&#8220;75%&#8220; global_colors_info=&#8220;{}&#8220;]<\/p>\n<h2>Vereidigte oder beglaubigte \u00dcbersetzungen f\u00fcr Privatpersonen und Unternehmen<br \/>\n<\/h2>\n<p>[\/et_pb_text][et_pb_text _builder_version=&#8220;4.9.4&#8243; _module_preset=&#8220;default&#8220; text_font=&#8220;Nunito||||||||&#8220; text_text_color=&#8220;#000000&#8243; text_font_size=&#8220;16px&#8220; text_line_height=&#8220;1.8em&#8220; width=&#8220;75%&#8220; global_colors_info=&#8220;{}&#8220;]<\/p>\n<p><span>In enger Zusammenarbeit mit zahlreichen<\/span> <strong>professionellen \u00dcbersetzern erstellen wir \u00dcbersetzungen f\u00fcr Privat- und Gesch\u00e4ftskunden.<\/strong><span> Dabei werden h\u00e4ufig folgende Dokumente \u00fcbersetzt: <\/span><\/p>\n<p>[\/et_pb_text][\/et_pb_column][\/et_pb_row][et_pb_row column_structure=&#8220;1_2,1_2&#8243; use_custom_gutter=&#8220;on&#8220; gutter_width=&#8220;1&#8243; _builder_version=&#8220;4.9.4&#8243; _module_preset=&#8220;default&#8220; custom_padding=&#8220;||3vh||false|false&#8220; global_colors_info=&#8220;{}&#8220;][et_pb_column type=&#8220;1_2&#8243; _builder_version=&#8220;4.9.4&#8243; _module_preset=&#8220;default&#8220; global_colors_info=&#8220;{}&#8220;][et_pb_text _builder_version=&#8220;4.14.4&#8243; _module_preset=&#8220;default&#8220; text_font=&#8220;Nunito||||||||&#8220; text_text_color=&#8220;#000000&#8243; text_font_size=&#8220;16px&#8220; text_line_height=&#8220;1.8em&#8220; width=&#8220;75%&#8220; hover_enabled=&#8220;0&#8243; global_colors_info=&#8220;{}&#8220; sticky_enabled=&#8220;0&#8243;]<\/p>\n<ul>\n<li>Mietvertr\u00e4ge<\/li>\n<li>Urteile<\/li>\n<li>Sachverst\u00e4ndigengutachten<\/li>\n<li>Arbeitsvertr\u00e4ge<\/li>\n<li>Patente<\/li>\n<li>Heiratsurkunden<\/li>\n<li>Vertr\u00e4ge<\/li>\n<li>Gehaltsabrechnungen<\/li>\n<li>Allgemeine Gesch\u00e4ftsbedingungen<\/li>\n<\/ul>\n<p>&nbsp;<\/p>\n<p>[\/et_pb_text][et_pb_text _builder_version=&#8220;4.14.4&#8243; _module_preset=&#8220;default&#8220; text_font=&#8220;Nunito||||||||&#8220; text_text_color=&#8220;#000000&#8243; text_font_size=&#8220;16px&#8220; text_line_height=&#8220;1.8em&#8220; width=&#8220;75%&#8220; hover_enabled=&#8220;0&#8243; global_colors_info=&#8220;{}&#8220; sticky_enabled=&#8220;0&#8243;]<\/p>\n<ul>\n<li>Arbeitsbescheinigungen<\/li>\n<li>Immobilienvertr\u00e4ge<\/li>\n<li>Asylantr\u00e4ge<\/li>\n<li>Einwanderungsantr\u00e4ge<\/li>\n<li>Diplome<\/li>\n<li>Erbschaften<\/li>\n<li>Unterlassungserkl\u00e4rungen<\/li>\n<li>Verm\u00e4chtnisse<\/li>\n<li>Gerichtsanordnungen<\/li>\n<\/ul>\n<p>[\/et_pb_text][\/et_pb_column][et_pb_column type=&#8220;1_2&#8243; _builder_version=&#8220;4.9.4&#8243; _module_preset=&#8220;default&#8220; global_colors_info=&#8220;{}&#8220;][et_pb_text _builder_version=&#8220;4.14.4&#8243; _module_preset=&#8220;default&#8220; text_font=&#8220;Nunito||||||||&#8220; text_text_color=&#8220;#000000&#8243; text_font_size=&#8220;16px&#8220; text_line_height=&#8220;1.8em&#8220; width=&#8220;75%&#8220; hover_enabled=&#8220;0&#8243; global_colors_info=&#8220;{}&#8220; sticky_enabled=&#8220;0&#8243;]<\/p>\n<ul>\n<li>Sterbeurkunden<\/li>\n<li><a href=\"https:\/\/sfx.be\/traduction-medicale-technique-juridique\/traduction-juridique\/traduction-actes-de-naissance\/\">Geburtsurkunden<\/a><\/li>\n<li>notarielle Urkunden<\/li>\n<li>Vorladungen<\/li>\n<li>Versicherungen<\/li>\n<li>Aufenthaltsgenehmigungen<\/li>\n<li>Aufenthaltsbescheinigungen<\/li>\n<li>Aufenthaltskarten<\/li>\n<li>Personalausweise<\/li>\n<\/ul>\n<p>&nbsp;<\/p>\n<p>[\/et_pb_text][et_pb_text _builder_version=&#8220;4.9.4&#8243; _module_preset=&#8220;default&#8220; text_font=&#8220;Nunito||||||||&#8220; text_text_color=&#8220;#000000&#8243; text_font_size=&#8220;16px&#8220; text_line_height=&#8220;1.8em&#8220; width=&#8220;75%&#8220; hover_enabled=&#8220;0&#8243; global_colors_info=&#8220;{}&#8220; sticky_enabled=&#8220;0&#8243;]<\/p>\n<ul>\n<li>Einb\u00fcrgerungen<\/li>\n<li>P\u00e4sse<\/li>\n<li>F\u00fchrerscheine<\/li>\n<li>Adoptionsverfahren<\/li>\n<li>Gerichtsverfahren<\/li>\n<li>Polizeiberichte<\/li>\n<li>Nachl\u00e4sse<\/li>\n<li>Testamente<\/li>\n<li>anerkannte \u00dcbersetzungen<\/li>\n<\/ul>\n<p>[\/et_pb_text][\/et_pb_column][\/et_pb_row][et_pb_row _builder_version=&#8220;4.9.4&#8243; _module_preset=&#8220;default&#8220; width=&#8220;100%&#8220; max_width=&#8220;1477px&#8220; custom_padding=&#8220;0px||7vh||false|false&#8220; global_colors_info=&#8220;{}&#8220;][et_pb_column type=&#8220;4_4&#8243; _builder_version=&#8220;4.9.4&#8243; _module_preset=&#8220;default&#8220; background_color=&#8220;#FFFFFF&#8220; custom_padding=&#8220;0px||0px||true|false&#8220; global_colors_info=&#8220;{}&#8220;][et_pb_text _builder_version=&#8220;4.9.4&#8243; _module_preset=&#8220;default&#8220; text_font=&#8220;Nunito||||||||&#8220; text_text_color=&#8220;#000000&#8243; text_font_size=&#8220;16px&#8220; text_line_height=&#8220;1.8em&#8220; header_2_font_size=&#8220;24px&#8220; header_2_line_height=&#8220;1.3em&#8220; header_3_font=&#8220;Nunito|700|||||||&#8220; header_3_line_height=&#8220;1.3em&#8220; width=&#8220;75%&#8220; global_colors_info=&#8220;{}&#8220;]<\/p>\n<h2>Beglaubigte \u00dcbersetzungen durch muttersprachliche Profis<br \/>\n<\/h2>\n<p>[\/et_pb_text][et_pb_text _builder_version=&#8220;4.9.4&#8243; _module_preset=&#8220;default&#8220; text_font=&#8220;Nunito||||||||&#8220; text_text_color=&#8220;#000000&#8243; text_font_size=&#8220;16px&#8220; text_line_height=&#8220;1.8em&#8220; width=&#8220;75%&#8220; global_colors_info=&#8220;{}&#8220;]<\/p>\n<p>Dank unserer muttersprachlichen \u00dcbersetzer erledigen wir juristische \u00dcbersetzungen aus bzw. in mehr als 30 Sprachen. Sie m\u00f6chten ein Angebot f\u00fcr juristische \u00dcbersetzungen? <span> <\/span><a href=\"https:\/\/sfx.be\/de\/angebot\/\">Lassen Sie uns jetzt Ihre Datei(en) zukommen<\/a>. Und Sie erhalten ein detailliertes Angebot innerhalb von 24 Stunden! <\/p>\n<p>Unsere Angebote h\u00e4ngen vom Schwierigkeitsgrad des Textes, der Wortzahl, der Sprache und der Lieferfrist der \u00dcbersetzung ab.<\/p>\n<p>Alle \u00dcbersetzungen, die von SFX angefertigt werden, unterliegen <span>einer<\/span> <strong>ausf\u00fchrlichen \u00dcberpr\u00fcfung<\/strong><span>,<\/span> um sicherzustellen, dass das Dokument korrekt und genau interpretiert wird.<\/p>\n<p>[\/et_pb_text][\/et_pb_column][\/et_pb_row][\/et_pb_section][et_pb_section fb_built=&#8220;1&#8243; _builder_version=&#8220;4.9.4&#8243; _module_preset=&#8220;default&#8220; background_color=&#8220;#FFFFFF&#8220; width=&#8220;55%&#8220; width_tablet=&#8220;80%&#8220; width_phone=&#8220;&#8220; width_last_edited=&#8220;on|phone&#8220; module_alignment=&#8220;center&#8220; custom_margin=&#8220;6vh||15vh||false|false&#8220; border_radii=&#8220;on|3px|3px|3px|3px&#8220; box_shadow_style=&#8220;preset1&#8243; box_shadow_color=&#8220;rgba(0,0,0,0.06)&#8220; global_colors_info=&#8220;{}&#8220;][et_pb_row _builder_version=&#8220;4.9.4&#8243; _module_preset=&#8220;default&#8220; custom_padding=&#8220;0px||0px||false|false&#8220; global_colors_info=&#8220;{}&#8220;][et_pb_column type=&#8220;4_4&#8243; _builder_version=&#8220;4.9.4&#8243; _module_preset=&#8220;default&#8220; global_colors_info=&#8220;{}&#8220;][et_pb_text _builder_version=&#8220;4.14.4&#8243; _module_preset=&#8220;default&#8220; text_font=&#8220;Nunito|700|||||||&#8220; text_text_color=&#8220;#000000&#8243; text_font_size=&#8220;29px&#8220; text_line_height=&#8220;1.4em&#8220; text_orientation=&#8220;center&#8220; animation_style=&#8220;slide&#8220; animation_direction=&#8220;bottom&#8220; animation_intensity_slide=&#8220;10%&#8220; animation_speed_curve=&#8220;ease-out&#8220; hover_enabled=&#8220;0&#8243; global_colors_info=&#8220;{}&#8220; sticky_enabled=&#8220;0&#8243;]<\/p>\n<p>Warten Sie nicht l\u00e4nger und profitieren Sie von professioneller Arbeit zum besten Preis. <span style=\"color: #8dc63f\"><\/span><\/p>\n<p>[\/et_pb_text][et_pb_button button_url=&#8220;@ET-DC@eyJkeW5hbWljIjp0cnVlLCJjb250ZW50IjoicG9zdF9saW5rX3VybF9wYWdlIiwic2V0dGluZ3MiOnsicG9zdF9pZCI6IjIxIn19@&#8220; button_text=&#8220;Kostenloses Angebot&#8220; button_alignment=&#8220;center&#8220; _builder_version=&#8220;4.9.4&#8243; _dynamic_attributes=&#8220;button_url&#8220; _module_preset=&#8220;default&#8220; button_text_size=&#8220;26px&#8220; global_colors_info=&#8220;{}&#8220;][\/et_pb_button][\/et_pb_column][\/et_pb_row][\/et_pb_section]<\/p>\n","protected":false},"excerpt":{"rendered":"<p><div class=\"et_pb_module dsm_breadcrumbs dsm_breadcrumbs_0\">\n\t\t\t\t\n\t\t\t\t\n\t\t\t\t\n\t\t\t\t\n\t\t\t\t\n\t\t\t\t\n\t\t\t\t<div class=\"et_pb_module_inner\">\n\t\t\t\t\t<nav class=\"dsm_breadcrumbs_wrap\">\n\t\t\t\t<ul class=\"dsm_breadcrumbs\" itemscope itemtype=\"https:\/\/schema.org\/BreadcrumbList\">\t\t\t<li class=\"dsm_breadcrumbs_item dsm_home_item dsm_home_item_custom\" itemprop=\"itemListElement\" itemscope\n\t\t\titemtype=\"https:\/\/schema.org\/ListItem\">\n\t\t\t\t<a href=\"https:\/\/sfx.be\/de\/\" itemprop=\"item\" target=\"\">\n\t\t\t\t\t<span class='dsm_home_text_wrapper'>\n\t\t\t\t\t\t\t\t\t\t\t\t\t<span class=\"et-pb-icon dsm_home_icon\">\ue009<\/span>\n\t\t\t\t\t\t\t\t\t\t\t\t\t<span class=\"dsm_home_text\" itemprop=\"name\">\n\t\t\t\t\t\t\t\tHome\t\t\t\t\t\t\t<\/span>\n\t\t\t\t\t<\/span>\n\t\t\t\t<\/a>\n\t\t\t\t<meta itemprop=\"position\" content=\"1\" \/>\n\t\t\t<\/li>\n\n\t\t<li class=\"dsm_breadcrumbs_separator\"> <span class=\"et-pb-icon dsm_separator_icon\">5<\/span><\/li><\/ul>\n\t\t\t<\/nav>\n\t\t\t\t<\/div>\n\t\t\t<\/div>Vereidigte oder beglaubigte \u00dcbersetzungen aus L\u00fcttichSie suchen einen professionellen \u00dcbersetzer, der sich Ihrer rechtlichen, technischen, kommerziellen oder amtlichen Dokumente annimmt und von bzw. nach Franz\u00f6sisch, Niederl\u00e4ndisch, Spanisch, Englisch, Russisch, Chinesisch, Italienisch, Schwedisch, Arabisch, Portugiesisch, Rum\u00e4nisch oder von\/in eine andere beliebige Sprache \u00fcbersetzt? Dann nehmen Sie direkt Kontakt mit uns auf.Vereidigte oder beglaubigte \u00dcbersetzungen f\u00fcr Privatpersonen und Unternehmen In enger Zusammenarbeit mit zahlreichen professionellen \u00dcbersetzern erstellen wir \u00dcbersetzungen f\u00fcr Privat- und Gesch\u00e4ftskunden. Dabei werden h\u00e4ufig folgende Dokumente \u00fcbersetzt: Mietvertr\u00e4ge Urteile Sachverst\u00e4ndigengutachten Arbeitsvertr\u00e4ge Patente Heiratsurkunden Vertr\u00e4ge Gehaltsabrechnungen Allgemeine Gesch\u00e4ftsbedingungen &nbsp; Arbeitsbescheinigungen Immobilienvertr\u00e4ge Asylantr\u00e4ge Einwanderungsantr\u00e4ge Diplome Erbschaften Unterlassungserkl\u00e4rungen Verm\u00e4chtnisse Gerichtsanordnungen Sterbeurkunden Geburtsurkunden notarielle Urkunden Vorladungen Versicherungen Aufenthaltsgenehmigungen Aufenthaltsbescheinigungen Aufenthaltskarten Personalausweise &nbsp; Einb\u00fcrgerungen P\u00e4sse F\u00fchrerscheine Adoptionsverfahren Gerichtsverfahren Polizeiberichte Nachl\u00e4sse Testamente anerkannte \u00dcbersetzungen Beglaubigte \u00dcbersetzungen durch muttersprachliche Profis Dank unserer muttersprachlichen \u00dcbersetzer erledigen wir juristische \u00dcbersetzungen aus bzw. in mehr als 30 Sprachen. Sie m\u00f6chten ein Angebot f\u00fcr juristische \u00dcbersetzungen? Lassen Sie uns jetzt Ihre Datei(en) zukommen. Und Sie erhalten ein detailliertes Angebot innerhalb von 24 Stunden! Unsere Angebote h\u00e4ngen vom Schwierigkeitsgrad des Textes, der Wortzahl, der Sprache und der Lieferfrist der \u00dcbersetzung ab. Alle \u00dcbersetzungen, die von SFX angefertigt werden, unterliegen einer ausf\u00fchrlichen \u00dcberpr\u00fcfung, [&hellip;]<\/p>\n","protected":false},"author":1,"featured_media":0,"parent":852,"menu_order":0,"comment_status":"closed","ping_status":"closed","template":"","meta":{"_et_pb_use_builder":"on","_et_pb_old_content":"","_et_gb_content_width":"","inline_featured_image":false,"footnotes":""},"class_list":["post-914","page","type-page","status-publish","hentry"],"yoast_head":"<!-- This site is optimized with the Yoast SEO plugin v27.3 - https:\/\/yoast.com\/product\/yoast-seo-wordpress\/ -->\n<title>Juristische \u00dcbersetzungen - SFX<\/title>\n<meta name=\"robots\" content=\"index, follow, max-snippet:-1, max-image-preview:large, max-video-preview:-1\" \/>\n<link rel=\"canonical\" href=\"https:\/\/sfx.be\/de\/technisch\/juristische-uebersetzungen\/\" \/>\n<meta property=\"og:locale\" content=\"de_DE\" \/>\n<meta property=\"og:type\" content=\"article\" \/>\n<meta property=\"og:title\" content=\"Juristische \u00dcbersetzungen - SFX\" \/>\n<meta property=\"og:description\" content=\"Vereidigte oder beglaubigte \u00dcbersetzungen aus L\u00fcttichSie suchen einen professionellen \u00dcbersetzer, der sich Ihrer rechtlichen, technischen, kommerziellen oder amtlichen Dokumente annimmt und von bzw. nach Franz\u00f6sisch, Niederl\u00e4ndisch, Spanisch, Englisch, Russisch, Chinesisch, Italienisch, Schwedisch, Arabisch, Portugiesisch, Rum\u00e4nisch oder von\/in eine andere beliebige Sprache \u00fcbersetzt? Dann nehmen Sie direkt Kontakt mit uns auf.Vereidigte oder beglaubigte \u00dcbersetzungen f\u00fcr Privatpersonen und Unternehmen In enger Zusammenarbeit mit zahlreichen professionellen \u00dcbersetzern erstellen wir \u00dcbersetzungen f\u00fcr Privat- und Gesch\u00e4ftskunden. Dabei werden h\u00e4ufig folgende Dokumente \u00fcbersetzt: Mietvertr\u00e4ge Urteile Sachverst\u00e4ndigengutachten Arbeitsvertr\u00e4ge Patente Heiratsurkunden Vertr\u00e4ge Gehaltsabrechnungen Allgemeine Gesch\u00e4ftsbedingungen &nbsp; Arbeitsbescheinigungen Immobilienvertr\u00e4ge Asylantr\u00e4ge Einwanderungsantr\u00e4ge Diplome Erbschaften Unterlassungserkl\u00e4rungen Verm\u00e4chtnisse Gerichtsanordnungen Sterbeurkunden Geburtsurkunden notarielle Urkunden Vorladungen Versicherungen Aufenthaltsgenehmigungen Aufenthaltsbescheinigungen Aufenthaltskarten Personalausweise &nbsp; Einb\u00fcrgerungen P\u00e4sse F\u00fchrerscheine Adoptionsverfahren Gerichtsverfahren Polizeiberichte Nachl\u00e4sse Testamente anerkannte \u00dcbersetzungen Beglaubigte \u00dcbersetzungen durch muttersprachliche Profis Dank unserer muttersprachlichen \u00dcbersetzer erledigen wir juristische \u00dcbersetzungen aus bzw. in mehr als 30 Sprachen. Sie m\u00f6chten ein Angebot f\u00fcr juristische \u00dcbersetzungen? Lassen Sie uns jetzt Ihre Datei(en) zukommen. Und Sie erhalten ein detailliertes Angebot innerhalb von 24 Stunden! Unsere Angebote h\u00e4ngen vom Schwierigkeitsgrad des Textes, der Wortzahl, der Sprache und der Lieferfrist der \u00dcbersetzung ab. Alle \u00dcbersetzungen, die von SFX angefertigt werden, unterliegen einer ausf\u00fchrlichen \u00dcberpr\u00fcfung, [&hellip;]\" \/>\n<meta property=\"og:url\" content=\"https:\/\/sfx.be\/de\/technisch\/juristische-uebersetzungen\/\" \/>\n<meta property=\"og:site_name\" content=\"SFX\" \/>\n<meta property=\"article:modified_time\" content=\"2022-01-14T13:39:48+00:00\" \/>\n<meta name=\"twitter:card\" content=\"summary_large_image\" \/>\n<meta name=\"twitter:label1\" content=\"Gesch\u00e4tzte Lesezeit\" \/>\n\t<meta name=\"twitter:data1\" content=\"5\u00a0Minuten\" \/>\n<!-- \/ Yoast SEO plugin. -->","yoast_head_json":{"title":"Juristische \u00dcbersetzungen - SFX","robots":{"index":"index","follow":"follow","max-snippet":"max-snippet:-1","max-image-preview":"max-image-preview:large","max-video-preview":"max-video-preview:-1"},"canonical":"https:\/\/sfx.be\/de\/technisch\/juristische-uebersetzungen\/","og_locale":"de_DE","og_type":"article","og_title":"Juristische \u00dcbersetzungen - SFX","og_description":"Vereidigte oder beglaubigte \u00dcbersetzungen aus L\u00fcttichSie suchen einen professionellen \u00dcbersetzer, der sich Ihrer rechtlichen, technischen, kommerziellen oder amtlichen Dokumente annimmt und von bzw. nach Franz\u00f6sisch, Niederl\u00e4ndisch, Spanisch, Englisch, Russisch, Chinesisch, Italienisch, Schwedisch, Arabisch, Portugiesisch, Rum\u00e4nisch oder von\/in eine andere beliebige Sprache \u00fcbersetzt? Dann nehmen Sie direkt Kontakt mit uns auf.Vereidigte oder beglaubigte \u00dcbersetzungen f\u00fcr Privatpersonen und Unternehmen In enger Zusammenarbeit mit zahlreichen professionellen \u00dcbersetzern erstellen wir \u00dcbersetzungen f\u00fcr Privat- und Gesch\u00e4ftskunden. Dabei werden h\u00e4ufig folgende Dokumente \u00fcbersetzt: Mietvertr\u00e4ge Urteile Sachverst\u00e4ndigengutachten Arbeitsvertr\u00e4ge Patente Heiratsurkunden Vertr\u00e4ge Gehaltsabrechnungen Allgemeine Gesch\u00e4ftsbedingungen &nbsp; Arbeitsbescheinigungen Immobilienvertr\u00e4ge Asylantr\u00e4ge Einwanderungsantr\u00e4ge Diplome Erbschaften Unterlassungserkl\u00e4rungen Verm\u00e4chtnisse Gerichtsanordnungen Sterbeurkunden Geburtsurkunden notarielle Urkunden Vorladungen Versicherungen Aufenthaltsgenehmigungen Aufenthaltsbescheinigungen Aufenthaltskarten Personalausweise &nbsp; Einb\u00fcrgerungen P\u00e4sse F\u00fchrerscheine Adoptionsverfahren Gerichtsverfahren Polizeiberichte Nachl\u00e4sse Testamente anerkannte \u00dcbersetzungen Beglaubigte \u00dcbersetzungen durch muttersprachliche Profis Dank unserer muttersprachlichen \u00dcbersetzer erledigen wir juristische \u00dcbersetzungen aus bzw. in mehr als 30 Sprachen. Sie m\u00f6chten ein Angebot f\u00fcr juristische \u00dcbersetzungen? Lassen Sie uns jetzt Ihre Datei(en) zukommen. Und Sie erhalten ein detailliertes Angebot innerhalb von 24 Stunden! Unsere Angebote h\u00e4ngen vom Schwierigkeitsgrad des Textes, der Wortzahl, der Sprache und der Lieferfrist der \u00dcbersetzung ab. Alle \u00dcbersetzungen, die von SFX angefertigt werden, unterliegen einer ausf\u00fchrlichen \u00dcberpr\u00fcfung, [&hellip;]","og_url":"https:\/\/sfx.be\/de\/technisch\/juristische-uebersetzungen\/","og_site_name":"SFX","article_modified_time":"2022-01-14T13:39:48+00:00","twitter_card":"summary_large_image","twitter_misc":{"Gesch\u00e4tzte Lesezeit":"5\u00a0Minuten"},"schema":{"@context":"https:\/\/schema.org","@graph":[{"@type":"WebPage","@id":"https:\/\/sfx.be\/de\/technisch\/juristische-uebersetzungen\/","url":"https:\/\/sfx.be\/de\/technisch\/juristische-uebersetzungen\/","name":"Juristische \u00dcbersetzungen - SFX","isPartOf":{"@id":"https:\/\/sfx.be\/en\/#website"},"datePublished":"2022-01-14T13:39:47+00:00","dateModified":"2022-01-14T13:39:48+00:00","breadcrumb":{"@id":"https:\/\/sfx.be\/de\/technisch\/juristische-uebersetzungen\/#breadcrumb"},"inLanguage":"de","potentialAction":[{"@type":"ReadAction","target":["https:\/\/sfx.be\/de\/technisch\/juristische-uebersetzungen\/"]}]},{"@type":"BreadcrumbList","@id":"https:\/\/sfx.be\/de\/technisch\/juristische-uebersetzungen\/#breadcrumb","itemListElement":[{"@type":"ListItem","position":1,"name":"Accueil","item":"https:\/\/sfx.be\/de\/"},{"@type":"ListItem","position":2,"name":"Technisch","item":"https:\/\/sfx.be\/de\/technisch\/"},{"@type":"ListItem","position":3,"name":"Juristische \u00dcbersetzungen"}]},{"@type":"WebSite","@id":"https:\/\/sfx.be\/en\/#website","url":"https:\/\/sfx.be\/en\/","name":"SFX","description":"Agence de traduction multilingue","potentialAction":[{"@type":"SearchAction","target":{"@type":"EntryPoint","urlTemplate":"https:\/\/sfx.be\/en\/?s={search_term_string}"},"query-input":{"@type":"PropertyValueSpecification","valueRequired":true,"valueName":"search_term_string"}}],"inLanguage":"de"}]}},"_links":{"self":[{"href":"https:\/\/sfx.be\/de\/wp-json\/wp\/v2\/pages\/914","targetHints":{"allow":["GET"]}}],"collection":[{"href":"https:\/\/sfx.be\/de\/wp-json\/wp\/v2\/pages"}],"about":[{"href":"https:\/\/sfx.be\/de\/wp-json\/wp\/v2\/types\/page"}],"author":[{"embeddable":true,"href":"https:\/\/sfx.be\/de\/wp-json\/wp\/v2\/users\/1"}],"replies":[{"embeddable":true,"href":"https:\/\/sfx.be\/de\/wp-json\/wp\/v2\/comments?post=914"}],"version-history":[{"count":3,"href":"https:\/\/sfx.be\/de\/wp-json\/wp\/v2\/pages\/914\/revisions"}],"predecessor-version":[{"id":917,"href":"https:\/\/sfx.be\/de\/wp-json\/wp\/v2\/pages\/914\/revisions\/917"}],"up":[{"embeddable":true,"href":"https:\/\/sfx.be\/de\/wp-json\/wp\/v2\/pages\/852"}],"wp:attachment":[{"href":"https:\/\/sfx.be\/de\/wp-json\/wp\/v2\/media?parent=914"}],"curies":[{"name":"wp","href":"https:\/\/api.w.org\/{rel}","templated":true}]}}