{"id":937,"date":"2022-01-17T08:13:58","date_gmt":"2022-01-17T08:13:58","guid":{"rendered":"https:\/\/sfx.be\/technisch\/juristische-uebersetzungen\/uebersetzung-von-geburtsurkunden\/"},"modified":"2022-01-17T08:14:00","modified_gmt":"2022-01-17T08:14:00","slug":"uebersetzung-von-geburtsurkunden","status":"publish","type":"page","link":"https:\/\/sfx.be\/de\/technisch\/juristische-uebersetzungen\/uebersetzung-von-geburtsurkunden\/","title":{"rendered":"\u00dcbersetzung von Geburtsurkunden"},"content":{"rendered":"<p>[et_pb_section fb_built=&#8220;1&#8243; _builder_version=&#8220;4.9.4&#8243; _module_preset=&#8220;default&#8220; background_color=&#8220;#FFFFFF&#8220; width=&#8220;60%&#8220; width_tablet=&#8220;90%&#8220; width_phone=&#8220;&#8220; width_last_edited=&#8220;on|tablet&#8220; module_alignment=&#8220;center&#8220; custom_margin=&#8220;5vh||||false|false&#8220; custom_padding=&#8220;0px||0px||false|false&#8220; animation_style=&#8220;slide&#8220; animation_direction=&#8220;left&#8220; animation_duration=&#8220;1500ms&#8220; animation_delay=&#8220;150ms&#8220; animation_intensity_slide=&#8220;5%&#8220; animation_speed_curve=&#8220;ease&#8220; border_radii=&#8220;on|3px|3px|3px|3px&#8220; box_shadow_style=&#8220;preset1&#8243; box_shadow_color=&#8220;rgba(0,0,0,0.06)&#8220; global_colors_info=&#8220;{}&#8220;][et_pb_row _builder_version=&#8220;4.9.4&#8243; _module_preset=&#8220;default&#8220; width=&#8220;100%&#8220; max_width=&#8220;1477px&#8220; custom_padding=&#8220;7vh||7vh||false|false&#8220; global_colors_info=&#8220;{}&#8220;][et_pb_column type=&#8220;4_4&#8243; _builder_version=&#8220;4.9.4&#8243; _module_preset=&#8220;default&#8220; background_color=&#8220;#FFFFFF&#8220; custom_padding=&#8220;0px||0px||true|false&#8220; global_colors_info=&#8220;{}&#8220;][dsm_breadcrumbs home_text=&#8220;Home&#8220; _builder_version=&#8220;4.9.4&#8243; _module_preset=&#8220;default&#8220; items_font=&#8220;Nunito|700|||||||&#8220; current_font=&#8220;Nunito||||||||&#8220; width=&#8220;75%&#8220; module_alignment=&#8220;center&#8220; custom_margin=&#8220;0px||0px||false|false&#8220; custom_padding=&#8220;0px||0px||false|false&#8220; global_colors_info=&#8220;{}&#8220;][\/dsm_breadcrumbs][et_pb_text _builder_version=&#8220;4.9.4&#8243; _module_preset=&#8220;default&#8220; header_font=&#8220;Nunito|700|||||||&#8220; header_font_size=&#8220;38px&#8220; header_line_height=&#8220;1.3em&#8220; global_colors_info=&#8220;{}&#8220;]<\/p>\n<h1>\u00dcbersetzung <span style=\"color: #8dc63f;\">von Geburtsurkunden<\/span><\/h1>\n<p>[\/et_pb_text][et_pb_text _builder_version=&#8220;4.9.4&#8243; _module_preset=&#8220;default&#8220; text_font=&#8220;Nunito||||||||&#8220; text_text_color=&#8220;#000000&#8243; text_font_size=&#8220;16px&#8220; text_line_height=&#8220;1.8em&#8220; width=&#8220;75%&#8220; global_colors_info=&#8220;{}&#8220;]<\/p>\n<p><span>Wenn Sie in ein neues Land ziehen und dort ans\u00e4ssig werden wollen, ist es ratsam, alle pers\u00f6nlichen Dokumente \u00fcbersetzen zu lassen, um etwaigen Problemen vorzubeugen. Aber man findet nicht unbedingt ein \u00dcbersetzungsb\u00fcro, das die Arbeit schnell, aber auch qualitativ gut erledigt. Bei SFX Translated erhalten Sie Ihre Dokumente \u2013 und vor allem auch Ihre Geburtsurkunde \u2013 in der gew\u00fcnschten Sprache.  <\/span><\/p>\n<p>[\/et_pb_text][et_pb_text _builder_version=&#8220;4.9.4&#8243; _module_preset=&#8220;default&#8220; text_font=&#8220;Nunito||||||||&#8220; text_text_color=&#8220;#000000&#8243; text_font_size=&#8220;16px&#8220; text_line_height=&#8220;1.8em&#8220; header_2_font_size=&#8220;24px&#8220; header_2_line_height=&#8220;1.3em&#8220; header_3_font=&#8220;Nunito|700|||||||&#8220; header_3_line_height=&#8220;1.3em&#8220; width=&#8220;75%&#8220; global_colors_info=&#8220;{}&#8220;]<\/p>\n<h2>Ein \u00dcbersetzungsb\u00fcro, das auf Dokumente mit Beglaubigung spezialisiert ist<\/h2>\n<p>[\/et_pb_text][et_pb_text _builder_version=&#8220;4.9.4&#8243; _module_preset=&#8220;default&#8220; text_font=&#8220;Nunito||||||||&#8220; text_text_color=&#8220;#000000&#8243; text_font_size=&#8220;16px&#8220; text_line_height=&#8220;1.8em&#8220; width=&#8220;75%&#8220; global_colors_info=&#8220;{}&#8220;]<\/p>\n<p>Dokumente, die einem<span> <\/span><strong>Gericht, einer Einrichtung des \u00f6ffentlichen Dienstes oder einem Verwaltungsrat<\/strong><span> <\/span>vorgelegt werden, m\u00fcssen<span> <\/span><strong>perfekt \u00fcbersetzt sein.<\/strong> Wenn Sie sich unsere Dienstleistungen<span> <\/span><strong><a href=\"https:\/\/sfx.be\/de\/kontakt\/\">bei SFX Traduction<\/a><\/strong>, bei SFX Traduction in Anspruch nehmen, erhalten Sie die gew\u00fcnschte \u00dcbersetzung.<\/p>\n<p>Unser Unternehmen verf\u00fcgt \u00fcber ein<span> <\/span><strong>Netzwerk von Tausenden von Mitarbeitern<\/strong><span> <\/span>auf der ganzen Welt. Jeder Einzelne ist dabei auf bestimmte Gebiete spezialisiert. Das ist auch der Grund, warum Ihre \u00dcbersetzungsanfragen erf\u00fcllt werden k\u00f6nnen. Sei es in den  <span> <\/span><strong><a href=\"https:\/\/sfx.be\/de\/technisch\/juristische-uebersetzungen\/\">Bereichen Recht<\/a>, Finanzen, Verwaltung oder<\/strong><span> <\/span>\u2013 wie in diesem Fall \u2013 f\u00fcr eine<span> <\/span><strong>\u00dcbersetzung von Geburtsurkunden<\/strong>. Dank dieses Fachgebiets und der von unseren Mitarbeitern beherrschten Sprachen haben wir auf jeden Fall die richtige Person f\u00fcr Ihre \u00dcbersetzung zur Hand. Sei es eine \u00dcbersetzung einer Geburtsurkunde aus dem Japanischen ins Russische oder sogar ein Korrektorat eines englischen Textes ins Spanische \u2013 wir sind f\u00fcr Sie da. <\/p>\n<p>[\/et_pb_text][et_pb_text _builder_version=&#8220;4.9.4&#8243; _module_preset=&#8220;default&#8220; text_font=&#8220;Nunito||||||||&#8220; text_text_color=&#8220;#000000&#8243; text_font_size=&#8220;16px&#8220; text_line_height=&#8220;1.8em&#8220; header_2_font_size=&#8220;24px&#8220; header_2_line_height=&#8220;1.3em&#8220; header_3_font=&#8220;Nunito|700|||||||&#8220; header_3_line_height=&#8220;1.3em&#8220; width=&#8220;75%&#8220; global_colors_info=&#8220;{}&#8220;]<\/p>\n<h2>Ein \u00dcbersetzungsb\u00fcro, das auf Dokumente mit Beglaubigung spezialisiert ist \u2013 aber nicht nur &#8230;<\/h2>\n<p>[\/et_pb_text][et_pb_text _builder_version=&#8220;4.9.4&#8243; _module_preset=&#8220;default&#8220; text_font=&#8220;Nunito||||||||&#8220; text_text_color=&#8220;#000000&#8243; text_font_size=&#8220;16px&#8220; text_line_height=&#8220;1.8em&#8220; width=&#8220;75%&#8220; global_colors_info=&#8220;{}&#8220;]<\/p>\n<p>Wir \u00fcbersetzen allen Arten von Texten in den unterschiedlichsten Formaten. Die Spannbreite reicht von der einfachen <span> <\/span><strong>\u00dcberpr\u00fcfung von Texten<\/strong><span> <\/span>\u00fcber<span> <\/span><strong><a href=\"https:\/\/sfx.be\/de\/technisch\/\">technische \u00dcbersetzungen<\/a><\/strong><span> <\/span>im<span> <\/span><strong><a href=\"https:\/\/sfx.be\/traduction-medicale-technique-juridique\/traduction-medicale-scientifique-pharmaceutique\/\">Bereich der Medizin<\/a><\/strong><span> <\/span>oder<span> <\/span><strong><a href=\"https:\/\/sfx.be\/de\/technisch\/juristische-uebersetzungen\/\">des Rechts<\/a><\/strong><span> <\/span>bis hin zur<span> <\/span><strong>Untertitelung von Werbevideos,<\/strong><span> <\/span>aber auch bis hin zu ma\u00dfgeschneidertem Service.<\/p>\n<p>Diese letzte Dienstleistung erfordert etwas mehr an Erkl\u00e4rungen. Wir k\u00f6nnen eine Audiodatei transkribieren, Ihr Dolmetscher sein oder Ihnen bei der Erschlie\u00dfung eines neuen Markts mit einem speziell daf\u00fcr angefertigten ein- oder mehrsprachigen Text helfen. Sie haben richtig verstanden: Was auch immer Ihre Anfrage ist, wir sind f\u00fcr Sie da.  <\/p>\n<p>[\/et_pb_text][et_pb_text _builder_version=&#8220;4.9.4&#8243; _module_preset=&#8220;default&#8220; text_font=&#8220;Nunito||||||||&#8220; text_text_color=&#8220;#000000&#8243; text_font_size=&#8220;16px&#8220; text_line_height=&#8220;1.8em&#8220; header_2_font_size=&#8220;24px&#8220; header_2_line_height=&#8220;1.3em&#8220; header_3_font=&#8220;Nunito|700|||||||&#8220; header_3_line_height=&#8220;1.3em&#8220; width=&#8220;75%&#8220; global_colors_info=&#8220;{}&#8220;]<\/p>\n<h2>Unser \u00dcbersetzungsb\u00fcro k\u00fcmmert sich um alles.<\/h2>\n<p>[\/et_pb_text][et_pb_text _builder_version=&#8220;4.9.4&#8243; _module_preset=&#8220;default&#8220; text_font=&#8220;Nunito||||||||&#8220; text_text_color=&#8220;#000000&#8243; text_font_size=&#8220;16px&#8220; text_line_height=&#8220;1.8em&#8220; width=&#8220;75%&#8220; global_colors_info=&#8220;{}&#8220;]<\/p>\n<p>Unser B\u00fcro<span> <\/span><strong>befindet sich im Herzen der \u201egl\u00fchenden Stadt\u201c<\/strong> und erf\u00fcllt alle Anfragen<span> <\/span>in k\u00fcrzester <strong>Zeit<\/strong>. Bei uns werden <span> <\/span><strong>Schnelligkeit und Effizienz<\/strong><span> <\/span>gro\u00df geschrieben.<\/p>\n<p>Sie erhalten<span> <\/span><strong><a href=\"https:\/\/sfx.be\/de\/angebot\/\">ein detailliertes Angebot innerhalb von 24 Stunden<\/a><\/strong><a href=\"https:\/\/sfx.be\/de\/angebot\/\"><span> <\/span>und eine<span> <\/span><strong>entsprechend angepasste Preisgestaltung<\/strong><span> <\/span> und eine entsprechend angepasste Preisgestaltung f\u00fcr die gew\u00fcnschte \u00dcbersetzung.<\/a>. Wir bieten Ihnen einen<span> <\/span><strong>ma\u00dfgeschneiderten Tarif in Hinsicht auf Schwierigkeitsgrad, Thema und nat\u00fcrlich auf die Lieferfrist.<\/strong><\/p>\n<p>Mit der aktuellen<span> <\/span><strong>\u00d6ffnung zur ganzen Welt und der Diversifikation<\/strong> ist es immer schwieriger, Sprachen links liegen zu lassen. Mit<span> <\/span><strong>m\u00f6glichst genauen \u00dcbersetzungen sammeln Sie Pluspunkte und stellen sich dadurch gegen\u00fcber Ihren Konkurrenten in den Vordergrund.<\/strong><\/p>\n<p>Denken Sie daran, dass das 21<sup><span>.<\/span><\/sup> Jahrhundert von der gro\u00dfen und st\u00e4ndig steigenden Anzahl an Reisenden gepr\u00e4gt sein wird. Wir z\u00e4hlen mehr als eine Milliarde Reisende pro Jahr.<span> <\/span><strong><a href=\"https:\/\/sfx.be\/de\/kontakt\/\">Begegnen Sie dieser Nachfrage mit exakten \u00dcbersetzungen \u2013 dank unseres \u00dcbersetzungsb\u00fcros in L\u00fcttich, SFX Translated.<\/a><\/strong>.<\/p>\n<p>[\/et_pb_text][\/et_pb_column][\/et_pb_row][\/et_pb_section][et_pb_section fb_built=&#8220;1&#8243; _builder_version=&#8220;4.9.4&#8243; _module_preset=&#8220;default&#8220; background_color=&#8220;#FFFFFF&#8220; width=&#8220;55%&#8220; width_tablet=&#8220;80%&#8220; width_phone=&#8220;&#8220; width_last_edited=&#8220;on|phone&#8220; module_alignment=&#8220;center&#8220; custom_margin=&#8220;6vh||15vh||false|false&#8220; border_radii=&#8220;on|3px|3px|3px|3px&#8220; box_shadow_style=&#8220;preset1&#8243; box_shadow_color=&#8220;rgba(0,0,0,0.06)&#8220; global_colors_info=&#8220;{}&#8220;][et_pb_row _builder_version=&#8220;4.9.4&#8243; _module_preset=&#8220;default&#8220; custom_padding=&#8220;0px||0px||false|false&#8220; global_colors_info=&#8220;{}&#8220;][et_pb_column type=&#8220;4_4&#8243; _builder_version=&#8220;4.9.4&#8243; _module_preset=&#8220;default&#8220; global_colors_info=&#8220;{}&#8220;][et_pb_text _builder_version=&#8220;4.9.4&#8243; _module_preset=&#8220;default&#8220; text_font=&#8220;Nunito|700|||||||&#8220; text_text_color=&#8220;#000000&#8243; text_font_size=&#8220;29px&#8220; text_line_height=&#8220;1.4em&#8220; text_orientation=&#8220;center&#8220; animation_style=&#8220;slide&#8220; animation_direction=&#8220;bottom&#8220; animation_intensity_slide=&#8220;10%&#8220; animation_speed_curve=&#8220;ease-out&#8220; global_colors_info=&#8220;{}&#8220;]<\/p>\n<p>Warten Sie nicht l\u00e4nger und profitieren Sie<br \/>von professioneller Arbeit zum besten Preis. <span style=\"color: #8dc63f;\"><\/span><\/p>\n<p>[\/et_pb_text][et_pb_button button_url=&#8220;@ET-DC@eyJkeW5hbWljIjp0cnVlLCJjb250ZW50IjoicG9zdF9saW5rX3VybF9wYWdlIiwic2V0dGluZ3MiOnsicG9zdF9pZCI6IjIxIn19@&#8220; button_text=&#8220;Kostenloses Angebot&#8220; button_alignment=&#8220;center&#8220; _builder_version=&#8220;4.9.4&#8243; _dynamic_attributes=&#8220;button_url&#8220; _module_preset=&#8220;default&#8220; button_text_size=&#8220;26px&#8220; global_colors_info=&#8220;{}&#8220;][\/et_pb_button][\/et_pb_column][\/et_pb_row][\/et_pb_section]<\/p>\n","protected":false},"excerpt":{"rendered":"<p><div class=\"et_pb_module dsm_breadcrumbs dsm_breadcrumbs_0\">\n\t\t\t\t\n\t\t\t\t\n\t\t\t\t\n\t\t\t\t\n\t\t\t\t\n\t\t\t\t\n\t\t\t\t<div class=\"et_pb_module_inner\">\n\t\t\t\t\t<nav class=\"dsm_breadcrumbs_wrap\">\n\t\t\t\t<ul class=\"dsm_breadcrumbs\" itemscope itemtype=\"https:\/\/schema.org\/BreadcrumbList\">\t\t\t<li class=\"dsm_breadcrumbs_item dsm_home_item dsm_home_item_custom\" itemprop=\"itemListElement\" itemscope\n\t\t\titemtype=\"https:\/\/schema.org\/ListItem\">\n\t\t\t\t<a href=\"https:\/\/sfx.be\/de\/\" itemprop=\"item\" target=\"\">\n\t\t\t\t\t<span class='dsm_home_text_wrapper'>\n\t\t\t\t\t\t\t\t\t\t\t\t\t<span class=\"et-pb-icon dsm_home_icon\">\ue009<\/span>\n\t\t\t\t\t\t\t\t\t\t\t\t\t<span class=\"dsm_home_text\" itemprop=\"name\">\n\t\t\t\t\t\t\t\tHome\t\t\t\t\t\t\t<\/span>\n\t\t\t\t\t<\/span>\n\t\t\t\t<\/a>\n\t\t\t\t<meta itemprop=\"position\" content=\"1\" \/>\n\t\t\t<\/li>\n\n\t\t<li class=\"dsm_breadcrumbs_separator\"> <span class=\"et-pb-icon dsm_separator_icon\">5<\/span><\/li><\/ul>\n\t\t\t<\/nav>\n\t\t\t\t<\/div>\n\t\t\t<\/div>\u00dcbersetzung von GeburtsurkundenWenn Sie in ein neues Land ziehen und dort ans\u00e4ssig werden wollen, ist es ratsam, alle pers\u00f6nlichen Dokumente \u00fcbersetzen zu lassen, um etwaigen Problemen vorzubeugen. Aber man findet nicht unbedingt ein \u00dcbersetzungsb\u00fcro, das die Arbeit schnell, aber auch qualitativ gut erledigt. Bei SFX Translated erhalten Sie Ihre Dokumente \u2013 und vor allem auch Ihre Geburtsurkunde \u2013 in der gew\u00fcnschten Sprache. Ein \u00dcbersetzungsb\u00fcro, das auf Dokumente mit Beglaubigung spezialisiert istDokumente, die einem Gericht, einer Einrichtung des \u00f6ffentlichen Dienstes oder einem Verwaltungsrat vorgelegt werden, m\u00fcssen perfekt \u00fcbersetzt sein. Wenn Sie sich unsere Dienstleistungen bei SFX Traduction, bei SFX Traduction in Anspruch nehmen, erhalten Sie die gew\u00fcnschte \u00dcbersetzung. Unser Unternehmen verf\u00fcgt \u00fcber ein Netzwerk von Tausenden von Mitarbeitern auf der ganzen Welt. Jeder Einzelne ist dabei auf bestimmte Gebiete spezialisiert. Das ist auch der Grund, warum Ihre \u00dcbersetzungsanfragen erf\u00fcllt werden k\u00f6nnen. Sei es in den Bereichen Recht, Finanzen, Verwaltung oder \u2013 wie in diesem Fall \u2013 f\u00fcr eine \u00dcbersetzung von Geburtsurkunden. Dank dieses Fachgebiets und der von unseren Mitarbeitern beherrschten Sprachen haben wir auf jeden Fall die richtige Person f\u00fcr Ihre \u00dcbersetzung zur Hand. Sei es eine \u00dcbersetzung einer Geburtsurkunde aus [&hellip;]<\/p>\n","protected":false},"author":1,"featured_media":0,"parent":914,"menu_order":0,"comment_status":"closed","ping_status":"closed","template":"","meta":{"_et_pb_use_builder":"on","_et_pb_old_content":"","_et_gb_content_width":"","inline_featured_image":false,"footnotes":""},"class_list":["post-937","page","type-page","status-publish","hentry"],"yoast_head":"<!-- This site is optimized with the Yoast SEO plugin v27.4 - https:\/\/yoast.com\/product\/yoast-seo-wordpress\/ -->\n<title>\u00dcbersetzung von Geburtsurkunden - SFX<\/title>\n<meta name=\"robots\" content=\"index, follow, max-snippet:-1, max-image-preview:large, max-video-preview:-1\" \/>\n<link rel=\"canonical\" href=\"https:\/\/sfx.be\/de\/technisch\/juristische-uebersetzungen\/uebersetzung-von-geburtsurkunden\/\" \/>\n<meta property=\"og:locale\" content=\"de_DE\" \/>\n<meta property=\"og:type\" content=\"article\" \/>\n<meta property=\"og:title\" content=\"\u00dcbersetzung von Geburtsurkunden - SFX\" \/>\n<meta property=\"og:description\" content=\"\u00dcbersetzung von GeburtsurkundenWenn Sie in ein neues Land ziehen und dort ans\u00e4ssig werden wollen, ist es ratsam, alle pers\u00f6nlichen Dokumente \u00fcbersetzen zu lassen, um etwaigen Problemen vorzubeugen. Aber man findet nicht unbedingt ein \u00dcbersetzungsb\u00fcro, das die Arbeit schnell, aber auch qualitativ gut erledigt. Bei SFX Translated erhalten Sie Ihre Dokumente \u2013 und vor allem auch Ihre Geburtsurkunde \u2013 in der gew\u00fcnschten Sprache. Ein \u00dcbersetzungsb\u00fcro, das auf Dokumente mit Beglaubigung spezialisiert istDokumente, die einem Gericht, einer Einrichtung des \u00f6ffentlichen Dienstes oder einem Verwaltungsrat vorgelegt werden, m\u00fcssen perfekt \u00fcbersetzt sein. Wenn Sie sich unsere Dienstleistungen bei SFX Traduction, bei SFX Traduction in Anspruch nehmen, erhalten Sie die gew\u00fcnschte \u00dcbersetzung. Unser Unternehmen verf\u00fcgt \u00fcber ein Netzwerk von Tausenden von Mitarbeitern auf der ganzen Welt. Jeder Einzelne ist dabei auf bestimmte Gebiete spezialisiert. Das ist auch der Grund, warum Ihre \u00dcbersetzungsanfragen erf\u00fcllt werden k\u00f6nnen. Sei es in den Bereichen Recht, Finanzen, Verwaltung oder \u2013 wie in diesem Fall \u2013 f\u00fcr eine \u00dcbersetzung von Geburtsurkunden. Dank dieses Fachgebiets und der von unseren Mitarbeitern beherrschten Sprachen haben wir auf jeden Fall die richtige Person f\u00fcr Ihre \u00dcbersetzung zur Hand. Sei es eine \u00dcbersetzung einer Geburtsurkunde aus [&hellip;]\" \/>\n<meta property=\"og:url\" content=\"https:\/\/sfx.be\/de\/technisch\/juristische-uebersetzungen\/uebersetzung-von-geburtsurkunden\/\" \/>\n<meta property=\"og:site_name\" content=\"SFX\" \/>\n<meta property=\"article:modified_time\" content=\"2022-01-17T08:14:00+00:00\" \/>\n<meta name=\"twitter:card\" content=\"summary_large_image\" \/>\n<meta name=\"twitter:label1\" content=\"Gesch\u00e4tzte Lesezeit\" \/>\n\t<meta name=\"twitter:data1\" content=\"6\u00a0Minuten\" \/>\n<!-- \/ Yoast SEO plugin. -->","yoast_head_json":{"title":"\u00dcbersetzung von Geburtsurkunden - SFX","robots":{"index":"index","follow":"follow","max-snippet":"max-snippet:-1","max-image-preview":"max-image-preview:large","max-video-preview":"max-video-preview:-1"},"canonical":"https:\/\/sfx.be\/de\/technisch\/juristische-uebersetzungen\/uebersetzung-von-geburtsurkunden\/","og_locale":"de_DE","og_type":"article","og_title":"\u00dcbersetzung von Geburtsurkunden - SFX","og_description":"\u00dcbersetzung von GeburtsurkundenWenn Sie in ein neues Land ziehen und dort ans\u00e4ssig werden wollen, ist es ratsam, alle pers\u00f6nlichen Dokumente \u00fcbersetzen zu lassen, um etwaigen Problemen vorzubeugen. Aber man findet nicht unbedingt ein \u00dcbersetzungsb\u00fcro, das die Arbeit schnell, aber auch qualitativ gut erledigt. Bei SFX Translated erhalten Sie Ihre Dokumente \u2013 und vor allem auch Ihre Geburtsurkunde \u2013 in der gew\u00fcnschten Sprache. Ein \u00dcbersetzungsb\u00fcro, das auf Dokumente mit Beglaubigung spezialisiert istDokumente, die einem Gericht, einer Einrichtung des \u00f6ffentlichen Dienstes oder einem Verwaltungsrat vorgelegt werden, m\u00fcssen perfekt \u00fcbersetzt sein. Wenn Sie sich unsere Dienstleistungen bei SFX Traduction, bei SFX Traduction in Anspruch nehmen, erhalten Sie die gew\u00fcnschte \u00dcbersetzung. Unser Unternehmen verf\u00fcgt \u00fcber ein Netzwerk von Tausenden von Mitarbeitern auf der ganzen Welt. Jeder Einzelne ist dabei auf bestimmte Gebiete spezialisiert. Das ist auch der Grund, warum Ihre \u00dcbersetzungsanfragen erf\u00fcllt werden k\u00f6nnen. Sei es in den Bereichen Recht, Finanzen, Verwaltung oder \u2013 wie in diesem Fall \u2013 f\u00fcr eine \u00dcbersetzung von Geburtsurkunden. Dank dieses Fachgebiets und der von unseren Mitarbeitern beherrschten Sprachen haben wir auf jeden Fall die richtige Person f\u00fcr Ihre \u00dcbersetzung zur Hand. Sei es eine \u00dcbersetzung einer Geburtsurkunde aus [&hellip;]","og_url":"https:\/\/sfx.be\/de\/technisch\/juristische-uebersetzungen\/uebersetzung-von-geburtsurkunden\/","og_site_name":"SFX","article_modified_time":"2022-01-17T08:14:00+00:00","twitter_card":"summary_large_image","twitter_misc":{"Gesch\u00e4tzte Lesezeit":"6\u00a0Minuten"},"schema":{"@context":"https:\/\/schema.org","@graph":[{"@type":"WebPage","@id":"https:\/\/sfx.be\/de\/technisch\/juristische-uebersetzungen\/uebersetzung-von-geburtsurkunden\/","url":"https:\/\/sfx.be\/de\/technisch\/juristische-uebersetzungen\/uebersetzung-von-geburtsurkunden\/","name":"\u00dcbersetzung von Geburtsurkunden - SFX","isPartOf":{"@id":"https:\/\/sfx.be\/en\/#website"},"datePublished":"2022-01-17T08:13:58+00:00","dateModified":"2022-01-17T08:14:00+00:00","breadcrumb":{"@id":"https:\/\/sfx.be\/de\/technisch\/juristische-uebersetzungen\/uebersetzung-von-geburtsurkunden\/#breadcrumb"},"inLanguage":"de","potentialAction":[{"@type":"ReadAction","target":["https:\/\/sfx.be\/de\/technisch\/juristische-uebersetzungen\/uebersetzung-von-geburtsurkunden\/"]}]},{"@type":"BreadcrumbList","@id":"https:\/\/sfx.be\/de\/technisch\/juristische-uebersetzungen\/uebersetzung-von-geburtsurkunden\/#breadcrumb","itemListElement":[{"@type":"ListItem","position":1,"name":"Accueil","item":"https:\/\/sfx.be\/de\/"},{"@type":"ListItem","position":2,"name":"Technisch","item":"https:\/\/sfx.be\/de\/technisch\/"},{"@type":"ListItem","position":3,"name":"Juristische \u00dcbersetzungen","item":"https:\/\/sfx.be\/de\/technisch\/juristische-uebersetzungen\/"},{"@type":"ListItem","position":4,"name":"\u00dcbersetzung von Geburtsurkunden"}]},{"@type":"WebSite","@id":"https:\/\/sfx.be\/en\/#website","url":"https:\/\/sfx.be\/en\/","name":"SFX","description":"Agence de traduction multilingue","potentialAction":[{"@type":"SearchAction","target":{"@type":"EntryPoint","urlTemplate":"https:\/\/sfx.be\/en\/?s={search_term_string}"},"query-input":{"@type":"PropertyValueSpecification","valueRequired":true,"valueName":"search_term_string"}}],"inLanguage":"de"}]}},"_links":{"self":[{"href":"https:\/\/sfx.be\/de\/wp-json\/wp\/v2\/pages\/937","targetHints":{"allow":["GET"]}}],"collection":[{"href":"https:\/\/sfx.be\/de\/wp-json\/wp\/v2\/pages"}],"about":[{"href":"https:\/\/sfx.be\/de\/wp-json\/wp\/v2\/types\/page"}],"author":[{"embeddable":true,"href":"https:\/\/sfx.be\/de\/wp-json\/wp\/v2\/users\/1"}],"replies":[{"embeddable":true,"href":"https:\/\/sfx.be\/de\/wp-json\/wp\/v2\/comments?post=937"}],"version-history":[{"count":5,"href":"https:\/\/sfx.be\/de\/wp-json\/wp\/v2\/pages\/937\/revisions"}],"predecessor-version":[{"id":943,"href":"https:\/\/sfx.be\/de\/wp-json\/wp\/v2\/pages\/937\/revisions\/943"}],"up":[{"embeddable":true,"href":"https:\/\/sfx.be\/de\/wp-json\/wp\/v2\/pages\/914"}],"wp:attachment":[{"href":"https:\/\/sfx.be\/de\/wp-json\/wp\/v2\/media?parent=937"}],"curies":[{"name":"wp","href":"https:\/\/api.w.org\/{rel}","templated":true}]}}