{"id":963,"date":"2022-01-17T09:07:43","date_gmt":"2022-01-17T09:07:43","guid":{"rendered":"https:\/\/sfx.be\/technisch\/uebersetzungen-im-bereich-medizin-wissenschaft-oder-pharmazie\/"},"modified":"2022-01-17T09:07:44","modified_gmt":"2022-01-17T09:07:44","slug":"uebersetzungen-im-bereich-medizin-wissenschaft-oder-pharmazie","status":"publish","type":"page","link":"https:\/\/sfx.be\/de\/technisch\/uebersetzungen-im-bereich-medizin-wissenschaft-oder-pharmazie\/","title":{"rendered":"\u00dcbersetzungen im Bereich Medizin, Wissenschaft oder Pharmazie"},"content":{"rendered":"<p>[et_pb_section fb_built=&#8220;1&#8243; _builder_version=&#8220;4.9.4&#8243; _module_preset=&#8220;default&#8220; background_color=&#8220;#FFFFFF&#8220; width=&#8220;60%&#8220; width_tablet=&#8220;90%&#8220; width_phone=&#8220;&#8220; width_last_edited=&#8220;on|tablet&#8220; module_alignment=&#8220;center&#8220; custom_margin=&#8220;5vh||||false|false&#8220; custom_padding=&#8220;0px||0px||false|false&#8220; animation_style=&#8220;slide&#8220; animation_direction=&#8220;left&#8220; animation_duration=&#8220;1500ms&#8220; animation_delay=&#8220;150ms&#8220; animation_intensity_slide=&#8220;5%&#8220; animation_speed_curve=&#8220;ease&#8220; border_radii=&#8220;on|3px|3px|3px|3px&#8220; box_shadow_style=&#8220;preset1&#8243; box_shadow_color=&#8220;rgba(0,0,0,0.06)&#8220; global_colors_info=&#8220;{}&#8220;][et_pb_row _builder_version=&#8220;4.9.4&#8243; _module_preset=&#8220;default&#8220; width=&#8220;100%&#8220; max_width=&#8220;1477px&#8220; custom_padding=&#8220;7vh||0px||false|false&#8220; global_colors_info=&#8220;{}&#8220;][et_pb_column type=&#8220;4_4&#8243; _builder_version=&#8220;4.9.4&#8243; _module_preset=&#8220;default&#8220; background_color=&#8220;#FFFFFF&#8220; custom_padding=&#8220;0px||0px||true|false&#8220; global_colors_info=&#8220;{}&#8220;][dsm_breadcrumbs home_text=&#8220;Home&#8220; _builder_version=&#8220;4.9.4&#8243; _module_preset=&#8220;default&#8220; items_font=&#8220;Nunito|700|||||||&#8220; current_font=&#8220;Nunito||||||||&#8220; width=&#8220;75%&#8220; module_alignment=&#8220;center&#8220; custom_margin=&#8220;0px||0px||false|false&#8220; custom_padding=&#8220;0px||0px||false|false&#8220; global_colors_info=&#8220;{}&#8220;][\/dsm_breadcrumbs][et_pb_text _builder_version=&#8220;4.9.4&#8243; _module_preset=&#8220;default&#8220; header_font=&#8220;Nunito|700|||||||&#8220; header_font_size=&#8220;38px&#8220; header_line_height=&#8220;1.3em&#8220; header_font_size_tablet=&#8220;30px&#8220; header_font_size_phone=&#8220;&#8220; header_font_size_last_edited=&#8220;on|tablet&#8220; global_colors_info=&#8220;{}&#8220;]<\/p>\n<h1>\u00dcbersetzungen<span style=\"color: #8dc63f;\">im Bereich Medizin, Wissenschaft oder Pharmazie in L\u00fcttich<\/span><\/h1>\n<p>[\/et_pb_text][et_pb_text _builder_version=&#8220;4.9.4&#8243; _module_preset=&#8220;default&#8220; text_font=&#8220;Nunito||||||||&#8220; text_text_color=&#8220;#000000&#8243; text_font_size=&#8220;16px&#8220; text_line_height=&#8220;1.8em&#8220; width=&#8220;75%&#8220; global_colors_info=&#8220;{}&#8220;]<\/p>\n<p><span>Sie suchen einen zuverl\u00e4ssigen und sorgf\u00e4ltigen Partner, der<\/span> <strong>Ihre wissenschaftlichen und medizinischen Dokumente \u00fcbersetzt<\/strong><span> ? Das \u00dcbersetzungsb\u00fcro SFX Translated verf\u00fcgt im Bereich Medizin \u00fcber ein Netzwerk von <\/span><a href=\"https:\/\/sfx.be\/traduction-professionnelle\/\">professionellen \u00dcbersetzern,<\/a><span> die Ihnen \u00dcbersetzungen im Bereich Medizin und Wissenschaft in und aus verschiedenen Sprachen anfertigen k\u00f6nnen. Neben \u00e4u\u00dferst guten Fachkenntnissen in der Medizin verf\u00fcgen unsere \u00dcbersetzer auch \u00fcber signifikante Erfahrung in diesem speziellen Bereich. <\/span><\/p>\n<p>[\/et_pb_text][et_pb_text _builder_version=&#8220;4.9.4&#8243; _module_preset=&#8220;default&#8220; text_font=&#8220;Nunito||||||||&#8220; text_text_color=&#8220;#000000&#8243; text_font_size=&#8220;16px&#8220; text_line_height=&#8220;1.8em&#8220; header_2_font_size=&#8220;24px&#8220; header_2_line_height=&#8220;1.3em&#8220; header_3_font=&#8220;Nunito|700|||||||&#8220; header_3_line_height=&#8220;1.3em&#8220; width=&#8220;75%&#8220; global_colors_info=&#8220;{}&#8220;]<\/p>\n<h2>\u00dcbersetzung von medizinischen Dokumenten und Studien sowie von medizinischen und pharmazeutischen Berichten<\/h2>\n<p>[\/et_pb_text][et_pb_text _builder_version=&#8220;4.9.4&#8243; _module_preset=&#8220;default&#8220; text_font=&#8220;Nunito||||||||&#8220; text_text_color=&#8220;#000000&#8243; text_font_size=&#8220;16px&#8220; text_line_height=&#8220;1.8em&#8220; width=&#8220;75%&#8220; global_colors_info=&#8220;{}&#8220;]<\/p>\n<p><span>Unsere Fach\u00fcbersetzer in den Bereichen Medizin und Wissenschaft k\u00f6nnen Ihnen \u00dcbersetzungen aus den und in die unterschiedlichsten Sprachen wie Franz\u00f6sisch, Englisch, Deutsch, Niederl\u00e4ndisch, Portugiesisch, Spanisch, Rum\u00e4nisch, Russisch, Chinesisch, Arabisch, Italienisch etc. anfertigen.<\/span><\/p>\n<p>[\/et_pb_text][et_pb_text _builder_version=&#8220;4.9.4&#8243; _module_preset=&#8220;default&#8220; text_font=&#8220;Nunito||||||||&#8220; text_text_color=&#8220;#000000&#8243; text_font_size=&#8220;16px&#8220; text_line_height=&#8220;1.8em&#8220; header_2_font_size=&#8220;24px&#8220; header_2_line_height=&#8220;1.3em&#8220; header_3_font=&#8220;Nunito|700|||||||&#8220; header_3_line_height=&#8220;1.3em&#8220; width=&#8220;75%&#8220; global_colors_info=&#8220;{}&#8220;]<\/p>\n<h2>Einige unserer Fachgebiete im Bereich Medizin und Wissenschaft:<\/h2>\n<div id=\"bloc1-2\"><\/div>\n<p>[\/et_pb_text][\/et_pb_column][\/et_pb_row][et_pb_row column_structure=&#8220;1_2,1_2&#8243; use_custom_gutter=&#8220;on&#8220; gutter_width=&#8220;1&#8243; _builder_version=&#8220;4.9.4&#8243; _module_preset=&#8220;default&#8220; custom_padding=&#8220;||3vh||false|false&#8220; global_colors_info=&#8220;{}&#8220;][et_pb_column type=&#8220;1_2&#8243; _builder_version=&#8220;4.9.4&#8243; _module_preset=&#8220;default&#8220; global_colors_info=&#8220;{}&#8220;][et_pb_text _builder_version=&#8220;4.9.4&#8243; _module_preset=&#8220;default&#8220; text_font=&#8220;Nunito||||||||&#8220; text_text_color=&#8220;#000000&#8243; text_font_size=&#8220;16px&#8220; text_line_height=&#8220;1.8em&#8220; header_3_font=&#8220;Nunito|600|||||||&#8220; header_3_text_color=&#8220;#8DC63F&#8220; header_3_font_size=&#8220;20px&#8220; width=&#8220;75%&#8220; global_colors_info=&#8220;{}&#8220;]<\/p>\n<h3>\u00dcbersetzungen im Bereich Medizin<\/h3>\n<p>[\/et_pb_text][et_pb_text _builder_version=&#8220;4.9.4&#8243; _module_preset=&#8220;default&#8220; text_font=&#8220;Nunito||||||||&#8220; text_text_color=&#8220;#000000&#8243; text_font_size=&#8220;16px&#8220; text_line_height=&#8220;1.8em&#8220; width=&#8220;75%&#8220; global_colors_info=&#8220;{}&#8220;]<\/p>\n<ul>\n<li>\u00dcbersetzung von medizinischen Berichten<\/li>\n<li>\u00dcbersetzung von klinischen Studien<\/li>\n<li><a href=\"https:\/\/sfx.be\/traduction-medicale-technique-juridique\/traduction-articles-scientifiques\/\">\u00dcbersetzung von wissenschaftlichen Artikeln<\/a><\/li>\n<li><a href=\"https:\/\/sfx.be\/traduction-site-web\/\">\u00dcbersetzung von Websites<\/a><\/li>\n<li>\u00dcbersetzung von Forschungsberichten<\/li>\n<li>etc.<\/li>\n<\/ul>\n<p>[\/et_pb_text][\/et_pb_column][et_pb_column type=&#8220;1_2&#8243; _builder_version=&#8220;4.9.4&#8243; _module_preset=&#8220;default&#8220; global_colors_info=&#8220;{}&#8220;][et_pb_text _builder_version=&#8220;4.9.4&#8243; _module_preset=&#8220;default&#8220; text_font=&#8220;Nunito||||||||&#8220; text_text_color=&#8220;#000000&#8243; text_font_size=&#8220;16px&#8220; text_line_height=&#8220;1.8em&#8220; header_3_font=&#8220;Nunito|600|||||||&#8220; header_3_text_color=&#8220;#8DC63F&#8220; header_3_font_size=&#8220;20px&#8220; width=&#8220;75%&#8220; global_colors_info=&#8220;{}&#8220;]<\/p>\n<h3>\u00dcbersetzungen im Bereich der Pharmazie<br \/>\n<\/h3>\n<p>[\/et_pb_text][et_pb_text _builder_version=&#8220;4.9.4&#8243; _module_preset=&#8220;default&#8220; text_font=&#8220;Nunito||||||||&#8220; text_text_color=&#8220;#000000&#8243; text_font_size=&#8220;16px&#8220; text_line_height=&#8220;1.8em&#8220; width=&#8220;75%&#8220; global_colors_info=&#8220;{}&#8220;]<\/p>\n<ul>\n<li>\u00dcbersetzung von Beipackzetteln von Medikamenten<\/li>\n<li>\u00dcbersetzung von Pharmatechnologie<\/li>\n<li>\u00dcbersetzung von Anleitungen f\u00fcr medizinische Ger\u00e4te<\/li>\n<li>\u00dcbersetzung von Vortr\u00e4gen<\/li>\n<li>etc.<\/li>\n<\/ul>\n<p>[\/et_pb_text][\/et_pb_column][\/et_pb_row][et_pb_row _builder_version=&#8220;4.9.4&#8243; _module_preset=&#8220;default&#8220; width=&#8220;100%&#8220; max_width=&#8220;1477px&#8220; custom_padding=&#8220;0px||7vh||false|false&#8220; global_colors_info=&#8220;{}&#8220;][et_pb_column type=&#8220;4_4&#8243; _builder_version=&#8220;4.9.4&#8243; _module_preset=&#8220;default&#8220; background_color=&#8220;#FFFFFF&#8220; custom_padding=&#8220;0px||0px||true|false&#8220; global_colors_info=&#8220;{}&#8220;][et_pb_text _builder_version=&#8220;4.9.4&#8243; _module_preset=&#8220;default&#8220; text_font=&#8220;Nunito||||||||&#8220; text_text_color=&#8220;#000000&#8243; text_font_size=&#8220;16px&#8220; text_line_height=&#8220;1.8em&#8220; width=&#8220;75%&#8220; global_colors_info=&#8220;{}&#8220;]<\/p>\n<p><span>Aber auch l\u00e4ngere Dokumente wie Registrierungsverfahren, Genehmigungen f\u00fcr Markteinf\u00fchrungen, Verpackungen oder Marketing, Websites, klinische Studien, medizinische Rechnungen etc.<\/span><\/p>\n<p>[\/et_pb_text][et_pb_text _builder_version=&#8220;4.9.4&#8243; _module_preset=&#8220;default&#8220; text_font=&#8220;Nunito||||||||&#8220; text_text_color=&#8220;#000000&#8243; text_font_size=&#8220;16px&#8220; text_line_height=&#8220;1.8em&#8220; header_2_font_size=&#8220;24px&#8220; header_2_line_height=&#8220;1.3em&#8220; header_3_font=&#8220;Nunito|700|||||||&#8220; header_3_line_height=&#8220;1.3em&#8220; width=&#8220;75%&#8220; global_colors_info=&#8220;{}&#8220;]<\/p>\n<h2>Wissenschaftliche und medizinische \u00dcbersetzungen von Profis<\/h2>\n<p>[\/et_pb_text][et_pb_text _builder_version=&#8220;4.9.4&#8243; _module_preset=&#8220;default&#8220; text_font=&#8220;Nunito||||||||&#8220; text_text_color=&#8220;#000000&#8243; text_font_size=&#8220;16px&#8220; text_line_height=&#8220;1.8em&#8220; width=&#8220;75%&#8220; global_colors_info=&#8220;{}&#8220;]<\/p>\n<p>Unser \u00dcbersetzungsb\u00fcro mit Schwerpunkt Medizin fertigt \u00dcbersetzungen von Dokumenten aus der Medizin, Wissenschaft und Pharmazie an und das dank unseres Netzes an Fach\u00fcbersetzern. Diese haben sich auf \u00dcbersetzungen aus der Medizin und Wissenschaft spezialisiert und sind geschult, um <span> <\/span><strong>fehlerfreie \u00dcbersetzungen<\/strong> f\u00fcr Sie zu erstellen.<\/p>\n<p>Unsere Angebote h\u00e4ngen vom Schwierigkeitsgrad des Textes, der Wortzahl, der Sprache und der Lieferfrist der \u00dcbersetzung ab.<\/p>\n<p>Alle \u00dcbersetzungen, die von SFX angefertigt werden, unterliegen <span>einer<\/span> <strong>ausf\u00fchrlichen \u00dcberpr\u00fcfung<\/strong><span>,<\/span> um sicherzustellen, dass das Dokument korrekt und genau interpretiert wird.<\/p>\n<p>[\/et_pb_text][\/et_pb_column][\/et_pb_row][\/et_pb_section][et_pb_section fb_built=&#8220;1&#8243; _builder_version=&#8220;4.9.4&#8243; _module_preset=&#8220;default&#8220; background_color=&#8220;#FFFFFF&#8220; width=&#8220;55%&#8220; width_tablet=&#8220;80%&#8220; width_phone=&#8220;&#8220; width_last_edited=&#8220;on|phone&#8220; module_alignment=&#8220;center&#8220; custom_margin=&#8220;6vh||15vh||false|false&#8220; border_radii=&#8220;on|3px|3px|3px|3px&#8220; box_shadow_style=&#8220;preset1&#8243; box_shadow_color=&#8220;rgba(0,0,0,0.06)&#8220; global_colors_info=&#8220;{}&#8220;][et_pb_row _builder_version=&#8220;4.9.4&#8243; _module_preset=&#8220;default&#8220; custom_padding=&#8220;0px||0px||false|false&#8220; global_colors_info=&#8220;{}&#8220;][et_pb_column type=&#8220;4_4&#8243; _builder_version=&#8220;4.9.4&#8243; _module_preset=&#8220;default&#8220; global_colors_info=&#8220;{}&#8220;][et_pb_text _builder_version=&#8220;4.14.4&#8243; _module_preset=&#8220;default&#8220; text_font=&#8220;Nunito|700|||||||&#8220; text_text_color=&#8220;#000000&#8243; text_font_size=&#8220;29px&#8220; text_line_height=&#8220;1.4em&#8220; text_orientation=&#8220;center&#8220; animation_style=&#8220;slide&#8220; animation_direction=&#8220;bottom&#8220; animation_intensity_slide=&#8220;10%&#8220; animation_speed_curve=&#8220;ease-out&#8220; hover_enabled=&#8220;0&#8243; global_colors_info=&#8220;{}&#8220; sticky_enabled=&#8220;0&#8243;]<\/p>\n<p>Warten Sie nicht l\u00e4nger und profitieren Sie von professioneller Arbeit zum besten Preis. <span style=\"color: #8dc63f;\"><\/span><\/p>\n<p>[\/et_pb_text][et_pb_button button_url=&#8220;@ET-DC@eyJkeW5hbWljIjp0cnVlLCJjb250ZW50IjoicG9zdF9saW5rX3VybF9wYWdlIiwic2V0dGluZ3MiOnsicG9zdF9pZCI6IjIxIn19@&#8220; button_text=&#8220;Kostenloses Angebot&#8220; button_alignment=&#8220;center&#8220; _builder_version=&#8220;4.9.4&#8243; _dynamic_attributes=&#8220;button_url&#8220; _module_preset=&#8220;default&#8220; button_text_size=&#8220;26px&#8220; global_colors_info=&#8220;{}&#8220;][\/et_pb_button][\/et_pb_column][\/et_pb_row][\/et_pb_section]<\/p>\n","protected":false},"excerpt":{"rendered":"<p><div class=\"et_pb_module dsm_breadcrumbs dsm_breadcrumbs_0\">\n\t\t\t\t\n\t\t\t\t\n\t\t\t\t\n\t\t\t\t\n\t\t\t\t\n\t\t\t\t\n\t\t\t\t<div class=\"et_pb_module_inner\">\n\t\t\t\t\t<nav class=\"dsm_breadcrumbs_wrap\">\n\t\t\t\t<ul class=\"dsm_breadcrumbs\" itemscope itemtype=\"https:\/\/schema.org\/BreadcrumbList\">\t\t\t<li class=\"dsm_breadcrumbs_item dsm_home_item dsm_home_item_custom\" itemprop=\"itemListElement\" itemscope\n\t\t\titemtype=\"https:\/\/schema.org\/ListItem\">\n\t\t\t\t<a href=\"https:\/\/sfx.be\/de\/\" itemprop=\"item\" target=\"\">\n\t\t\t\t\t<span class='dsm_home_text_wrapper'>\n\t\t\t\t\t\t\t\t\t\t\t\t\t<span class=\"et-pb-icon dsm_home_icon\">\ue009<\/span>\n\t\t\t\t\t\t\t\t\t\t\t\t\t<span class=\"dsm_home_text\" itemprop=\"name\">\n\t\t\t\t\t\t\t\tHome\t\t\t\t\t\t\t<\/span>\n\t\t\t\t\t<\/span>\n\t\t\t\t<\/a>\n\t\t\t\t<meta itemprop=\"position\" content=\"1\" \/>\n\t\t\t<\/li>\n\n\t\t<li class=\"dsm_breadcrumbs_separator\"> <span class=\"et-pb-icon dsm_separator_icon\">5<\/span><\/li><\/ul>\n\t\t\t<\/nav>\n\t\t\t\t<\/div>\n\t\t\t<\/div>\u00dcbersetzungenim Bereich Medizin, Wissenschaft oder Pharmazie in L\u00fcttichSie suchen einen zuverl\u00e4ssigen und sorgf\u00e4ltigen Partner, der Ihre wissenschaftlichen und medizinischen Dokumente \u00fcbersetzt ? Das \u00dcbersetzungsb\u00fcro SFX Translated verf\u00fcgt im Bereich Medizin \u00fcber ein Netzwerk von professionellen \u00dcbersetzern, die Ihnen \u00dcbersetzungen im Bereich Medizin und Wissenschaft in und aus verschiedenen Sprachen anfertigen k\u00f6nnen. Neben \u00e4u\u00dferst guten Fachkenntnissen in der Medizin verf\u00fcgen unsere \u00dcbersetzer auch \u00fcber signifikante Erfahrung in diesem speziellen Bereich. \u00dcbersetzung von medizinischen Dokumenten und Studien sowie von medizinischen und pharmazeutischen BerichtenUnsere Fach\u00fcbersetzer in den Bereichen Medizin und Wissenschaft k\u00f6nnen Ihnen \u00dcbersetzungen aus den und in die unterschiedlichsten Sprachen wie Franz\u00f6sisch, Englisch, Deutsch, Niederl\u00e4ndisch, Portugiesisch, Spanisch, Rum\u00e4nisch, Russisch, Chinesisch, Arabisch, Italienisch etc. anfertigen.Einige unserer Fachgebiete im Bereich Medizin und Wissenschaft: \u00dcbersetzungen im Bereich Medizin \u00dcbersetzung von medizinischen Berichten \u00dcbersetzung von klinischen Studien \u00dcbersetzung von wissenschaftlichen Artikeln \u00dcbersetzung von Websites \u00dcbersetzung von Forschungsberichten etc. \u00dcbersetzungen im Bereich der Pharmazie \u00dcbersetzung von Beipackzetteln von Medikamenten \u00dcbersetzung von Pharmatechnologie \u00dcbersetzung von Anleitungen f\u00fcr medizinische Ger\u00e4te \u00dcbersetzung von Vortr\u00e4gen etc. Aber auch l\u00e4ngere Dokumente wie Registrierungsverfahren, Genehmigungen f\u00fcr Markteinf\u00fchrungen, Verpackungen oder Marketing, Websites, klinische Studien, medizinische Rechnungen etc.Wissenschaftliche und medizinische \u00dcbersetzungen von ProfisUnser \u00dcbersetzungsb\u00fcro mit [&hellip;]<\/p>\n","protected":false},"author":1,"featured_media":0,"parent":852,"menu_order":0,"comment_status":"closed","ping_status":"closed","template":"","meta":{"_et_pb_use_builder":"on","_et_pb_old_content":"","_et_gb_content_width":"","inline_featured_image":false,"footnotes":""},"class_list":["post-963","page","type-page","status-publish","hentry"],"yoast_head":"<!-- This site is optimized with the Yoast SEO plugin v27.3 - https:\/\/yoast.com\/product\/yoast-seo-wordpress\/ -->\n<title>\u00dcbersetzungen im Bereich Medizin, Wissenschaft oder Pharmazie - SFX<\/title>\n<meta name=\"robots\" content=\"index, follow, max-snippet:-1, max-image-preview:large, max-video-preview:-1\" \/>\n<link rel=\"canonical\" href=\"https:\/\/sfx.be\/de\/technisch\/uebersetzungen-im-bereich-medizin-wissenschaft-oder-pharmazie\/\" \/>\n<meta property=\"og:locale\" content=\"de_DE\" \/>\n<meta property=\"og:type\" content=\"article\" \/>\n<meta property=\"og:title\" content=\"\u00dcbersetzungen im Bereich Medizin, Wissenschaft oder Pharmazie - SFX\" \/>\n<meta property=\"og:description\" content=\"\u00dcbersetzungenim Bereich Medizin, Wissenschaft oder Pharmazie in L\u00fcttichSie suchen einen zuverl\u00e4ssigen und sorgf\u00e4ltigen Partner, der Ihre wissenschaftlichen und medizinischen Dokumente \u00fcbersetzt ? Das \u00dcbersetzungsb\u00fcro SFX Translated verf\u00fcgt im Bereich Medizin \u00fcber ein Netzwerk von professionellen \u00dcbersetzern, die Ihnen \u00dcbersetzungen im Bereich Medizin und Wissenschaft in und aus verschiedenen Sprachen anfertigen k\u00f6nnen. Neben \u00e4u\u00dferst guten Fachkenntnissen in der Medizin verf\u00fcgen unsere \u00dcbersetzer auch \u00fcber signifikante Erfahrung in diesem speziellen Bereich. \u00dcbersetzung von medizinischen Dokumenten und Studien sowie von medizinischen und pharmazeutischen BerichtenUnsere Fach\u00fcbersetzer in den Bereichen Medizin und Wissenschaft k\u00f6nnen Ihnen \u00dcbersetzungen aus den und in die unterschiedlichsten Sprachen wie Franz\u00f6sisch, Englisch, Deutsch, Niederl\u00e4ndisch, Portugiesisch, Spanisch, Rum\u00e4nisch, Russisch, Chinesisch, Arabisch, Italienisch etc. anfertigen.Einige unserer Fachgebiete im Bereich Medizin und Wissenschaft: \u00dcbersetzungen im Bereich Medizin \u00dcbersetzung von medizinischen Berichten \u00dcbersetzung von klinischen Studien \u00dcbersetzung von wissenschaftlichen Artikeln \u00dcbersetzung von Websites \u00dcbersetzung von Forschungsberichten etc. \u00dcbersetzungen im Bereich der Pharmazie \u00dcbersetzung von Beipackzetteln von Medikamenten \u00dcbersetzung von Pharmatechnologie \u00dcbersetzung von Anleitungen f\u00fcr medizinische Ger\u00e4te \u00dcbersetzung von Vortr\u00e4gen etc. Aber auch l\u00e4ngere Dokumente wie Registrierungsverfahren, Genehmigungen f\u00fcr Markteinf\u00fchrungen, Verpackungen oder Marketing, Websites, klinische Studien, medizinische Rechnungen etc.Wissenschaftliche und medizinische \u00dcbersetzungen von ProfisUnser \u00dcbersetzungsb\u00fcro mit [&hellip;]\" \/>\n<meta property=\"og:url\" content=\"https:\/\/sfx.be\/de\/technisch\/uebersetzungen-im-bereich-medizin-wissenschaft-oder-pharmazie\/\" \/>\n<meta property=\"og:site_name\" content=\"SFX\" \/>\n<meta property=\"article:modified_time\" content=\"2022-01-17T09:07:44+00:00\" \/>\n<meta name=\"twitter:card\" content=\"summary_large_image\" \/>\n<meta name=\"twitter:label1\" content=\"Gesch\u00e4tzte Lesezeit\" \/>\n\t<meta name=\"twitter:data1\" content=\"6\u00a0Minuten\" \/>\n<!-- \/ Yoast SEO plugin. -->","yoast_head_json":{"title":"\u00dcbersetzungen im Bereich Medizin, Wissenschaft oder Pharmazie - SFX","robots":{"index":"index","follow":"follow","max-snippet":"max-snippet:-1","max-image-preview":"max-image-preview:large","max-video-preview":"max-video-preview:-1"},"canonical":"https:\/\/sfx.be\/de\/technisch\/uebersetzungen-im-bereich-medizin-wissenschaft-oder-pharmazie\/","og_locale":"de_DE","og_type":"article","og_title":"\u00dcbersetzungen im Bereich Medizin, Wissenschaft oder Pharmazie - SFX","og_description":"\u00dcbersetzungenim Bereich Medizin, Wissenschaft oder Pharmazie in L\u00fcttichSie suchen einen zuverl\u00e4ssigen und sorgf\u00e4ltigen Partner, der Ihre wissenschaftlichen und medizinischen Dokumente \u00fcbersetzt ? Das \u00dcbersetzungsb\u00fcro SFX Translated verf\u00fcgt im Bereich Medizin \u00fcber ein Netzwerk von professionellen \u00dcbersetzern, die Ihnen \u00dcbersetzungen im Bereich Medizin und Wissenschaft in und aus verschiedenen Sprachen anfertigen k\u00f6nnen. Neben \u00e4u\u00dferst guten Fachkenntnissen in der Medizin verf\u00fcgen unsere \u00dcbersetzer auch \u00fcber signifikante Erfahrung in diesem speziellen Bereich. \u00dcbersetzung von medizinischen Dokumenten und Studien sowie von medizinischen und pharmazeutischen BerichtenUnsere Fach\u00fcbersetzer in den Bereichen Medizin und Wissenschaft k\u00f6nnen Ihnen \u00dcbersetzungen aus den und in die unterschiedlichsten Sprachen wie Franz\u00f6sisch, Englisch, Deutsch, Niederl\u00e4ndisch, Portugiesisch, Spanisch, Rum\u00e4nisch, Russisch, Chinesisch, Arabisch, Italienisch etc. anfertigen.Einige unserer Fachgebiete im Bereich Medizin und Wissenschaft: \u00dcbersetzungen im Bereich Medizin \u00dcbersetzung von medizinischen Berichten \u00dcbersetzung von klinischen Studien \u00dcbersetzung von wissenschaftlichen Artikeln \u00dcbersetzung von Websites \u00dcbersetzung von Forschungsberichten etc. \u00dcbersetzungen im Bereich der Pharmazie \u00dcbersetzung von Beipackzetteln von Medikamenten \u00dcbersetzung von Pharmatechnologie \u00dcbersetzung von Anleitungen f\u00fcr medizinische Ger\u00e4te \u00dcbersetzung von Vortr\u00e4gen etc. Aber auch l\u00e4ngere Dokumente wie Registrierungsverfahren, Genehmigungen f\u00fcr Markteinf\u00fchrungen, Verpackungen oder Marketing, Websites, klinische Studien, medizinische Rechnungen etc.Wissenschaftliche und medizinische \u00dcbersetzungen von ProfisUnser \u00dcbersetzungsb\u00fcro mit [&hellip;]","og_url":"https:\/\/sfx.be\/de\/technisch\/uebersetzungen-im-bereich-medizin-wissenschaft-oder-pharmazie\/","og_site_name":"SFX","article_modified_time":"2022-01-17T09:07:44+00:00","twitter_card":"summary_large_image","twitter_misc":{"Gesch\u00e4tzte Lesezeit":"6\u00a0Minuten"},"schema":{"@context":"https:\/\/schema.org","@graph":[{"@type":"WebPage","@id":"https:\/\/sfx.be\/de\/technisch\/uebersetzungen-im-bereich-medizin-wissenschaft-oder-pharmazie\/","url":"https:\/\/sfx.be\/de\/technisch\/uebersetzungen-im-bereich-medizin-wissenschaft-oder-pharmazie\/","name":"\u00dcbersetzungen im Bereich Medizin, Wissenschaft oder Pharmazie - SFX","isPartOf":{"@id":"https:\/\/sfx.be\/en\/#website"},"datePublished":"2022-01-17T09:07:43+00:00","dateModified":"2022-01-17T09:07:44+00:00","breadcrumb":{"@id":"https:\/\/sfx.be\/de\/technisch\/uebersetzungen-im-bereich-medizin-wissenschaft-oder-pharmazie\/#breadcrumb"},"inLanguage":"de","potentialAction":[{"@type":"ReadAction","target":["https:\/\/sfx.be\/de\/technisch\/uebersetzungen-im-bereich-medizin-wissenschaft-oder-pharmazie\/"]}]},{"@type":"BreadcrumbList","@id":"https:\/\/sfx.be\/de\/technisch\/uebersetzungen-im-bereich-medizin-wissenschaft-oder-pharmazie\/#breadcrumb","itemListElement":[{"@type":"ListItem","position":1,"name":"Accueil","item":"https:\/\/sfx.be\/de\/"},{"@type":"ListItem","position":2,"name":"Technisch","item":"https:\/\/sfx.be\/de\/technisch\/"},{"@type":"ListItem","position":3,"name":"\u00dcbersetzungen im Bereich Medizin, Wissenschaft oder Pharmazie"}]},{"@type":"WebSite","@id":"https:\/\/sfx.be\/en\/#website","url":"https:\/\/sfx.be\/en\/","name":"SFX","description":"Agence de traduction multilingue","potentialAction":[{"@type":"SearchAction","target":{"@type":"EntryPoint","urlTemplate":"https:\/\/sfx.be\/en\/?s={search_term_string}"},"query-input":{"@type":"PropertyValueSpecification","valueRequired":true,"valueName":"search_term_string"}}],"inLanguage":"de"}]}},"_links":{"self":[{"href":"https:\/\/sfx.be\/de\/wp-json\/wp\/v2\/pages\/963","targetHints":{"allow":["GET"]}}],"collection":[{"href":"https:\/\/sfx.be\/de\/wp-json\/wp\/v2\/pages"}],"about":[{"href":"https:\/\/sfx.be\/de\/wp-json\/wp\/v2\/types\/page"}],"author":[{"embeddable":true,"href":"https:\/\/sfx.be\/de\/wp-json\/wp\/v2\/users\/1"}],"replies":[{"embeddable":true,"href":"https:\/\/sfx.be\/de\/wp-json\/wp\/v2\/comments?post=963"}],"version-history":[{"count":2,"href":"https:\/\/sfx.be\/de\/wp-json\/wp\/v2\/pages\/963\/revisions"}],"predecessor-version":[{"id":965,"href":"https:\/\/sfx.be\/de\/wp-json\/wp\/v2\/pages\/963\/revisions\/965"}],"up":[{"embeddable":true,"href":"https:\/\/sfx.be\/de\/wp-json\/wp\/v2\/pages\/852"}],"wp:attachment":[{"href":"https:\/\/sfx.be\/de\/wp-json\/wp\/v2\/media?parent=963"}],"curies":[{"name":"wp","href":"https:\/\/api.w.org\/{rel}","templated":true}]}}