{"id":972,"date":"2022-01-17T10:06:32","date_gmt":"2022-01-17T10:06:32","guid":{"rendered":"https:\/\/sfx.be\/technisch\/uebersetzungen-im-industriebereich\/"},"modified":"2022-01-17T10:06:34","modified_gmt":"2022-01-17T10:06:34","slug":"uebersetzungen-im-industriebereich","status":"publish","type":"page","link":"https:\/\/sfx.be\/de\/technisch\/uebersetzungen-im-industriebereich\/","title":{"rendered":"\u00dcbersetzungen im Industriebereich"},"content":{"rendered":"<p>[et_pb_section fb_built=&#8220;1&#8243; _builder_version=&#8220;4.9.4&#8243; _module_preset=&#8220;default&#8220; background_color=&#8220;#FFFFFF&#8220; width=&#8220;60%&#8220; width_tablet=&#8220;90%&#8220; width_phone=&#8220;&#8220; width_last_edited=&#8220;on|tablet&#8220; module_alignment=&#8220;center&#8220; custom_margin=&#8220;5vh||||false|false&#8220; custom_padding=&#8220;0px||0px||false|false&#8220; animation_style=&#8220;slide&#8220; animation_direction=&#8220;left&#8220; animation_duration=&#8220;1500ms&#8220; animation_delay=&#8220;150ms&#8220; animation_intensity_slide=&#8220;5%&#8220; animation_speed_curve=&#8220;ease&#8220; border_radii=&#8220;on|3px|3px|3px|3px&#8220; box_shadow_style=&#8220;preset1&#8243; box_shadow_color=&#8220;rgba(0,0,0,0.06)&#8220; global_colors_info=&#8220;{}&#8220;][et_pb_row _builder_version=&#8220;4.9.4&#8243; _module_preset=&#8220;default&#8220; width=&#8220;100%&#8220; max_width=&#8220;1477px&#8220; custom_padding=&#8220;7vh||0px||false|false&#8220; global_colors_info=&#8220;{}&#8220;][et_pb_column type=&#8220;4_4&#8243; _builder_version=&#8220;4.9.4&#8243; _module_preset=&#8220;default&#8220; background_color=&#8220;#FFFFFF&#8220; custom_padding=&#8220;0px||0px||true|false&#8220; global_colors_info=&#8220;{}&#8220;][dsm_breadcrumbs home_text=&#8220;Home&#8220; _builder_version=&#8220;4.9.4&#8243; _module_preset=&#8220;default&#8220; items_font=&#8220;Nunito|700|||||||&#8220; current_font=&#8220;Nunito||||||||&#8220; width=&#8220;75%&#8220; module_alignment=&#8220;center&#8220; custom_margin=&#8220;0px||0px||false|false&#8220; custom_padding=&#8220;0px||0px||false|false&#8220; global_colors_info=&#8220;{}&#8220;][\/dsm_breadcrumbs][et_pb_text _builder_version=&#8220;4.9.4&#8243; _module_preset=&#8220;default&#8220; header_font=&#8220;Nunito|700|||||||&#8220; header_font_size=&#8220;38px&#8220; header_line_height=&#8220;1.3em&#8220; global_colors_info=&#8220;{}&#8220;]<\/p>\n<h1>SFX Translated, <span style=\"color: #8dc63f;\">ein Experte im Industriebereich<\/span><\/h1>\n<p>[\/et_pb_text][et_pb_text _builder_version=&#8220;4.9.4&#8243; _module_preset=&#8220;default&#8220; text_font=&#8220;Nunito||||||||&#8220; text_text_color=&#8220;#000000&#8243; text_font_size=&#8220;16px&#8220; text_line_height=&#8220;1.8em&#8220; width=&#8220;75%&#8220; global_colors_info=&#8220;{}&#8220;]<\/p>\n<p><span>Dank fundierter Erfahrung im Industriebereich ist SFX Translated in der Lage, Ihren Anforderungen gerecht zu werden \u2013 und das in den verschiedensten Fachgebieten.<\/span><\/p>\n<p>[\/et_pb_text][et_pb_text _builder_version=&#8220;4.9.4&#8243; _module_preset=&#8220;default&#8220; text_font=&#8220;Nunito||||||||&#8220; text_text_color=&#8220;#000000&#8243; text_font_size=&#8220;16px&#8220; text_line_height=&#8220;1.8em&#8220; header_2_font_size=&#8220;24px&#8220; header_2_line_height=&#8220;1.3em&#8220; header_3_font=&#8220;Nunito|700|||||||&#8220; header_3_line_height=&#8220;1.3em&#8220; width=&#8220;75%&#8220; global_colors_info=&#8220;{}&#8220;]<\/p>\n<h2>Eine \u00dcbersetzung f\u00fcr verschiedene Sparten der Industrie<\/h2>\n<p>[\/et_pb_text][et_pb_text _builder_version=&#8220;4.9.4&#8243; _module_preset=&#8220;default&#8220; text_font=&#8220;Nunito||||||||&#8220; text_text_color=&#8220;#000000&#8243; text_font_size=&#8220;16px&#8220; text_line_height=&#8220;1.8em&#8220; width=&#8220;75%&#8220; global_colors_info=&#8220;{}&#8220;]<\/p>\n<p>Das \u00dcbersetzungsb\u00fcro in L\u00fcttich bietet Ihnen \u00dcbersetzungen von<span> <\/span><a href=\"https:\/\/sfx.be\/traduction-professionnelle\/\">Expertenhand<\/a> an. So bergen die Eigenheiten der verschiedenen Sprachen keine Geheimnisse f\u00fcr Ihre auf der ganzen Welt verstreuten Mitarbeiter mehr. Wir stellen Ihnen ein Netzwerk aus Profis zur Verf\u00fcgung, damit Sie eine qualitativ hochwertige und zutreffende \u00dcbersetzung erhalten. <\/p>\n<p>SFX translated<span> <\/span><a href=\"https:\/\/sfx.be\/traduction-medicale-technique-juridique\/traduction-technique\/\">\u00fcbersetzt Ihre technischen<\/a><span> <\/span>und fachspezifischen  <span> <\/span><a href=\"https:\/\/sfx.be\/traduction-medicale-technique-juridique\/traduction-articles-scientifiques\/\">Dokumente<\/a> in zahlreiche Sprachen. Worin besteht der Unterschied zwischen den beiden? Die erste Art der \u00dcbersetzung liegt im Bereich Wissenschaft. Die zweite im sozialen und kulturellen Kontext.<\/p>\n<p>[\/et_pb_text][\/et_pb_column][\/et_pb_row][et_pb_row column_structure=&#8220;1_2,1_2&#8243; use_custom_gutter=&#8220;on&#8220; gutter_width=&#8220;1&#8243; _builder_version=&#8220;4.9.4&#8243; _module_preset=&#8220;default&#8220; custom_padding=&#8220;||3vh||false|false&#8220; global_colors_info=&#8220;{}&#8220;][et_pb_column type=&#8220;1_2&#8243; _builder_version=&#8220;4.9.4&#8243; _module_preset=&#8220;default&#8220; global_colors_info=&#8220;{}&#8220;][et_pb_text _builder_version=&#8220;4.9.4&#8243; _module_preset=&#8220;default&#8220; text_font=&#8220;Nunito||||||||&#8220; text_text_color=&#8220;#000000&#8243; text_font_size=&#8220;16px&#8220; text_line_height=&#8220;1.8em&#8220; header_3_font=&#8220;Nunito|600|||||||&#8220; header_3_text_color=&#8220;#8DC63F&#8220; header_3_font_size=&#8220;20px&#8220; width=&#8220;75%&#8220; global_colors_info=&#8220;{}&#8220;]<\/p>\n<h3><strong>Technische \u00dcbersetzungen<\/strong><span><\/span><\/h3>\n<ul><\/ul>\n<p>[\/et_pb_text][et_pb_text _builder_version=&#8220;4.14.4&#8243; _module_preset=&#8220;default&#8220; text_font=&#8220;Nunito||||||||&#8220; text_text_color=&#8220;#000000&#8243; text_font_size=&#8220;16px&#8220; text_line_height=&#8220;1.8em&#8220; width=&#8220;75%&#8220; hover_enabled=&#8220;0&#8243; global_colors_info=&#8220;{}&#8220; sticky_enabled=&#8220;0&#8243;]<\/p>\n<ul>\n<li>Medizin<\/li>\n<li>Energie<\/li>\n<li>Bauwesen<\/li>\n<li>Chemie<\/li>\n<li>Landwirtschaft<\/li>\n<li>Industrie<\/li>\n<li>Informatik<\/li>\n<\/ul>\n<p>[\/et_pb_text][\/et_pb_column][et_pb_column type=&#8220;1_2&#8243; _builder_version=&#8220;4.9.4&#8243; _module_preset=&#8220;default&#8220; global_colors_info=&#8220;{}&#8220;][et_pb_text _builder_version=&#8220;4.9.4&#8243; _module_preset=&#8220;default&#8220; text_font=&#8220;Nunito||||||||&#8220; text_text_color=&#8220;#000000&#8243; text_font_size=&#8220;16px&#8220; text_line_height=&#8220;1.8em&#8220; header_3_font=&#8220;Nunito|600|||||||&#8220; header_3_text_color=&#8220;#8DC63F&#8220; header_3_font_size=&#8220;20px&#8220; width=&#8220;75%&#8220; global_colors_info=&#8220;{}&#8220;]<\/p>\n<h3><strong>Fach\u00fcbersetzungen<\/strong><span><\/span><\/h3>\n<ul><\/ul>\n<p>[\/et_pb_text][et_pb_text _builder_version=&#8220;4.14.4&#8243; _module_preset=&#8220;default&#8220; text_font=&#8220;Nunito||||||||&#8220; text_text_color=&#8220;#000000&#8243; text_font_size=&#8220;16px&#8220; text_line_height=&#8220;1.8em&#8220; width=&#8220;75%&#8220; hover_enabled=&#8220;0&#8243; global_colors_info=&#8220;{}&#8220; sticky_enabled=&#8220;0&#8243;]<\/p>\n<ul>\n<li>Recht<\/li>\n<li>Wirtschaftswissenschaften<\/li>\n<li>Wirtschaft<\/li>\n<li>Marketing<\/li>\n<li>Literatur<\/li>\n<li>etc.<\/li>\n<\/ul>\n<p>[\/et_pb_text][\/et_pb_column][\/et_pb_row][et_pb_row _builder_version=&#8220;4.9.4&#8243; _module_preset=&#8220;default&#8220; width=&#8220;100%&#8220; max_width=&#8220;1477px&#8220; custom_padding=&#8220;0px||7vh||false|false&#8220; global_colors_info=&#8220;{}&#8220;][et_pb_column type=&#8220;4_4&#8243; _builder_version=&#8220;4.9.4&#8243; _module_preset=&#8220;default&#8220; background_color=&#8220;#FFFFFF&#8220; custom_padding=&#8220;0px||0px||true|false&#8220; global_colors_info=&#8220;{}&#8220;][et_pb_text _builder_version=&#8220;4.9.4&#8243; _module_preset=&#8220;default&#8220; text_font=&#8220;Nunito||||||||&#8220; text_text_color=&#8220;#000000&#8243; text_font_size=&#8220;16px&#8220; text_line_height=&#8220;1.8em&#8220; width=&#8220;75%&#8220; global_colors_info=&#8220;{}&#8220;]<\/p>\n<p>Bei speziellen Fachgebieten wie der<span> <\/span><a href=\"https:\/\/sfx.be\/de\/technisch\/uebersetzungen-im-bereich-medizin-wissenschaft-oder-pharmazie\/\">\u00dcbersetzung im Bereich der Medizin<\/a><span> <\/span>oder<span> <\/span><a href=\"https:\/\/sfx.be\/de\/technisch\/juristische-uebersetzungen\/\">des Rechts<\/a> kommen \u00dcbersetzer zum Einsatz, die das Thema in- und auswendig kennen. So erhalten Sie eine \u00e4u\u00dferst pr\u00e4zise und stichhaltige \u00dcbersetzung. <\/p>\n<p>[\/et_pb_text][et_pb_text _builder_version=&#8220;4.9.4&#8243; _module_preset=&#8220;default&#8220; text_font=&#8220;Nunito||||||||&#8220; text_text_color=&#8220;#000000&#8243; text_font_size=&#8220;16px&#8220; text_line_height=&#8220;1.8em&#8220; header_2_font_size=&#8220;24px&#8220; header_2_line_height=&#8220;1.3em&#8220; header_3_font=&#8220;Nunito|700|||||||&#8220; header_3_line_height=&#8220;1.3em&#8220; width=&#8220;75%&#8220; global_colors_info=&#8220;{}&#8220;]<\/p>\n<h2>Unser \u00dcbersetzungsb\u00fcro bietet folgenden Service<\/h2>\n<p>[\/et_pb_text][et_pb_text _builder_version=&#8220;4.9.4&#8243; _module_preset=&#8220;default&#8220; text_font=&#8220;Nunito||||||||&#8220; text_text_color=&#8220;#000000&#8243; text_font_size=&#8220;16px&#8220; text_line_height=&#8220;1.8em&#8220; width=&#8220;75%&#8220; global_colors_info=&#8220;{}&#8220;]<\/p>\n<p>Wir sind uns der vielf\u00e4ltigen Einsatzm\u00f6glichkeiten von \u00dcbersetzungen bewusst und bearbeiten diese in verschiedenen Formaten.<\/p>\n<p>Dank \u00fcber zehn Jahren Berufserfahrung bieten wir eine Reihe an Dienstleistungen an, die \u00fcber \u00dcbersetzung im engeren Sinne hinausgehen:<\/p>\n<ul>\n<li>Untertitelung von Werbedokumenten<\/li>\n<li>Dolmetschen<\/li>\n<li>\u00dcberpr\u00fcfung von Texten<\/li>\n<li>Post-Edition<\/li>\n<li>Transkription<\/li>\n<li>Sprachunterricht<\/li>\n<li>Terminologiearbeit<\/li>\n<\/ul>\n<p>[\/et_pb_text][et_pb_text _builder_version=&#8220;4.9.4&#8243; _module_preset=&#8220;default&#8220; text_font=&#8220;Nunito||||||||&#8220; text_text_color=&#8220;#000000&#8243; text_font_size=&#8220;16px&#8220; text_line_height=&#8220;1.8em&#8220; header_2_font_size=&#8220;24px&#8220; header_2_line_height=&#8220;1.3em&#8220; header_3_font=&#8220;Nunito|700|||||||&#8220; header_3_line_height=&#8220;1.3em&#8220; width=&#8220;75%&#8220; global_colors_info=&#8220;{}&#8220;]<\/p>\n<h3>Rentabilit\u00e4t<\/h3>\n<p>[\/et_pb_text][et_pb_text _builder_version=&#8220;4.9.4&#8243; _module_preset=&#8220;default&#8220; text_font=&#8220;Nunito||||||||&#8220; text_text_color=&#8220;#000000&#8243; text_font_size=&#8220;16px&#8220; text_line_height=&#8220;1.8em&#8220; width=&#8220;75%&#8220; global_colors_info=&#8220;{}&#8220;]<\/p>\n<p><span>Eine \u00dcbersetzung stellt eine echte Investition dar. Sie bietet Ihnen M\u00f6glichkeiten zur Erschlie\u00dfung neuer M\u00e4rkte und damit eines vergr\u00f6\u00dferten geographischen Einflussbereichs. Egal welche Zielregion: Wir helfen Ihnen, Ihre Produkte anzupassen.  <\/span><\/p>\n<p>[\/et_pb_text][et_pb_text _builder_version=&#8220;4.9.4&#8243; _module_preset=&#8220;default&#8220; text_font=&#8220;Nunito||||||||&#8220; text_text_color=&#8220;#000000&#8243; text_font_size=&#8220;16px&#8220; text_line_height=&#8220;1.8em&#8220; header_2_font_size=&#8220;24px&#8220; header_2_line_height=&#8220;1.3em&#8220; header_3_font=&#8220;Nunito|700|||||||&#8220; header_3_line_height=&#8220;1.3em&#8220; width=&#8220;75%&#8220; global_colors_info=&#8220;{}&#8220;]<\/p>\n<h3>Rentabilit\u00e4t<\/h3>\n<p>[\/et_pb_text][et_pb_text _builder_version=&#8220;4.9.4&#8243; _module_preset=&#8220;default&#8220; text_font=&#8220;Nunito||||||||&#8220; text_text_color=&#8220;#000000&#8243; text_font_size=&#8220;16px&#8220; text_line_height=&#8220;1.8em&#8220; width=&#8220;75%&#8220; global_colors_info=&#8220;{}&#8220;]<\/p>\n<p>Senden Sie uns Ihre Dokumente zu und erhalten Sie innerhalb von 24 Stunden ein detailliertes Angebot.<span> <\/span><a href=\"https:\/\/sfx.be\/de\/angebot\/\">Klicken Sie hier und erhalten Sie professionelles Know-how zum besten Preis.<\/a><\/p>\n<p>Das oberste Ziel von SFX Translated ist Ihre Zufriedenheit.<\/p>\n<p>[\/et_pb_text][\/et_pb_column][\/et_pb_row][\/et_pb_section][et_pb_section fb_built=&#8220;1&#8243; _builder_version=&#8220;4.9.4&#8243; _module_preset=&#8220;default&#8220; background_color=&#8220;#FFFFFF&#8220; width=&#8220;55%&#8220; width_tablet=&#8220;80%&#8220; width_phone=&#8220;&#8220; width_last_edited=&#8220;on|phone&#8220; module_alignment=&#8220;center&#8220; custom_margin=&#8220;6vh||15vh||false|false&#8220; border_radii=&#8220;on|3px|3px|3px|3px&#8220; box_shadow_style=&#8220;preset1&#8243; box_shadow_color=&#8220;rgba(0,0,0,0.06)&#8220; global_colors_info=&#8220;{}&#8220;][et_pb_row _builder_version=&#8220;4.9.4&#8243; _module_preset=&#8220;default&#8220; custom_padding=&#8220;0px||0px||false|false&#8220; global_colors_info=&#8220;{}&#8220;][et_pb_column type=&#8220;4_4&#8243; _builder_version=&#8220;4.9.4&#8243; _module_preset=&#8220;default&#8220; global_colors_info=&#8220;{}&#8220;][et_pb_text _builder_version=&#8220;4.9.4&#8243; _module_preset=&#8220;default&#8220; text_font=&#8220;Nunito|700|||||||&#8220; text_text_color=&#8220;#000000&#8243; text_font_size=&#8220;29px&#8220; text_line_height=&#8220;1.4em&#8220; text_orientation=&#8220;center&#8220; animation_style=&#8220;slide&#8220; animation_direction=&#8220;bottom&#8220; animation_intensity_slide=&#8220;10%&#8220; animation_speed_curve=&#8220;ease-out&#8220; global_colors_info=&#8220;{}&#8220;]<\/p>\n<p>Warten Sie nicht l\u00e4nger und profitieren Sie<br \/>von professioneller Arbeit zum besten Preis. <span style=\"color: #8dc63f;\"><\/span><\/p>\n<p>[\/et_pb_text][et_pb_button button_url=&#8220;@ET-DC@eyJkeW5hbWljIjp0cnVlLCJjb250ZW50IjoicG9zdF9saW5rX3VybF9wYWdlIiwic2V0dGluZ3MiOnsicG9zdF9pZCI6IjIxIn19@&#8220; button_text=&#8220;Kostenloses Angebot&#8220; button_alignment=&#8220;center&#8220; _builder_version=&#8220;4.9.4&#8243; _dynamic_attributes=&#8220;button_url&#8220; _module_preset=&#8220;default&#8220; button_text_size=&#8220;26px&#8220; global_colors_info=&#8220;{}&#8220;][\/et_pb_button][\/et_pb_column][\/et_pb_row][\/et_pb_section]<\/p>\n","protected":false},"excerpt":{"rendered":"<p><div class=\"et_pb_module dsm_breadcrumbs dsm_breadcrumbs_0\">\n\t\t\t\t\n\t\t\t\t\n\t\t\t\t\n\t\t\t\t\n\t\t\t\t\n\t\t\t\t\n\t\t\t\t<div class=\"et_pb_module_inner\">\n\t\t\t\t\t<nav class=\"dsm_breadcrumbs_wrap\">\n\t\t\t\t<ul class=\"dsm_breadcrumbs\" itemscope itemtype=\"https:\/\/schema.org\/BreadcrumbList\">\t\t\t<li class=\"dsm_breadcrumbs_item dsm_home_item dsm_home_item_custom\" itemprop=\"itemListElement\" itemscope\n\t\t\titemtype=\"https:\/\/schema.org\/ListItem\">\n\t\t\t\t<a href=\"https:\/\/sfx.be\/de\/\" itemprop=\"item\" target=\"\">\n\t\t\t\t\t<span class='dsm_home_text_wrapper'>\n\t\t\t\t\t\t\t\t\t\t\t\t\t<span class=\"et-pb-icon dsm_home_icon\">\ue009<\/span>\n\t\t\t\t\t\t\t\t\t\t\t\t\t<span class=\"dsm_home_text\" itemprop=\"name\">\n\t\t\t\t\t\t\t\tHome\t\t\t\t\t\t\t<\/span>\n\t\t\t\t\t<\/span>\n\t\t\t\t<\/a>\n\t\t\t\t<meta itemprop=\"position\" content=\"1\" \/>\n\t\t\t<\/li>\n\n\t\t<li class=\"dsm_breadcrumbs_separator\"> <span class=\"et-pb-icon dsm_separator_icon\">5<\/span><\/li><\/ul>\n\t\t\t<\/nav>\n\t\t\t\t<\/div>\n\t\t\t<\/div>SFX Translated, ein Experte im IndustriebereichDank fundierter Erfahrung im Industriebereich ist SFX Translated in der Lage, Ihren Anforderungen gerecht zu werden \u2013 und das in den verschiedensten Fachgebieten.Eine \u00dcbersetzung f\u00fcr verschiedene Sparten der IndustrieDas \u00dcbersetzungsb\u00fcro in L\u00fcttich bietet Ihnen \u00dcbersetzungen von Expertenhand an. So bergen die Eigenheiten der verschiedenen Sprachen keine Geheimnisse f\u00fcr Ihre auf der ganzen Welt verstreuten Mitarbeiter mehr. Wir stellen Ihnen ein Netzwerk aus Profis zur Verf\u00fcgung, damit Sie eine qualitativ hochwertige und zutreffende \u00dcbersetzung erhalten. SFX translated \u00fcbersetzt Ihre technischen und fachspezifischen Dokumente in zahlreiche Sprachen. Worin besteht der Unterschied zwischen den beiden? Die erste Art der \u00dcbersetzung liegt im Bereich Wissenschaft. Die zweite im sozialen und kulturellen Kontext.Technische \u00dcbersetzungen Medizin Energie Bauwesen Chemie Landwirtschaft Industrie Informatik Fach\u00fcbersetzungen Recht Wirtschaftswissenschaften Wirtschaft Marketing Literatur etc. Bei speziellen Fachgebieten wie der \u00dcbersetzung im Bereich der Medizin oder des Rechts kommen \u00dcbersetzer zum Einsatz, die das Thema in- und auswendig kennen. So erhalten Sie eine \u00e4u\u00dferst pr\u00e4zise und stichhaltige \u00dcbersetzung. Unser \u00dcbersetzungsb\u00fcro bietet folgenden ServiceWir sind uns der vielf\u00e4ltigen Einsatzm\u00f6glichkeiten von \u00dcbersetzungen bewusst und bearbeiten diese in verschiedenen Formaten. Dank \u00fcber zehn Jahren Berufserfahrung bieten wir eine Reihe an [&hellip;]<\/p>\n","protected":false},"author":1,"featured_media":0,"parent":852,"menu_order":0,"comment_status":"closed","ping_status":"closed","template":"","meta":{"_et_pb_use_builder":"on","_et_pb_old_content":"","_et_gb_content_width":"","inline_featured_image":false,"footnotes":""},"class_list":["post-972","page","type-page","status-publish","hentry"],"yoast_head":"<!-- This site is optimized with the Yoast SEO plugin v27.4 - https:\/\/yoast.com\/product\/yoast-seo-wordpress\/ -->\n<title>\u00dcbersetzungen im Industriebereich - SFX<\/title>\n<meta name=\"robots\" content=\"index, follow, max-snippet:-1, max-image-preview:large, max-video-preview:-1\" \/>\n<link rel=\"canonical\" href=\"https:\/\/sfx.be\/de\/technisch\/uebersetzungen-im-industriebereich\/\" \/>\n<meta property=\"og:locale\" content=\"de_DE\" \/>\n<meta property=\"og:type\" content=\"article\" \/>\n<meta property=\"og:title\" content=\"\u00dcbersetzungen im Industriebereich - SFX\" \/>\n<meta property=\"og:description\" content=\"SFX Translated, ein Experte im IndustriebereichDank fundierter Erfahrung im Industriebereich ist SFX Translated in der Lage, Ihren Anforderungen gerecht zu werden \u2013 und das in den verschiedensten Fachgebieten.Eine \u00dcbersetzung f\u00fcr verschiedene Sparten der IndustrieDas \u00dcbersetzungsb\u00fcro in L\u00fcttich bietet Ihnen \u00dcbersetzungen von Expertenhand an. So bergen die Eigenheiten der verschiedenen Sprachen keine Geheimnisse f\u00fcr Ihre auf der ganzen Welt verstreuten Mitarbeiter mehr. Wir stellen Ihnen ein Netzwerk aus Profis zur Verf\u00fcgung, damit Sie eine qualitativ hochwertige und zutreffende \u00dcbersetzung erhalten. SFX translated \u00fcbersetzt Ihre technischen und fachspezifischen Dokumente in zahlreiche Sprachen. Worin besteht der Unterschied zwischen den beiden? Die erste Art der \u00dcbersetzung liegt im Bereich Wissenschaft. Die zweite im sozialen und kulturellen Kontext.Technische \u00dcbersetzungen Medizin Energie Bauwesen Chemie Landwirtschaft Industrie Informatik Fach\u00fcbersetzungen Recht Wirtschaftswissenschaften Wirtschaft Marketing Literatur etc. Bei speziellen Fachgebieten wie der \u00dcbersetzung im Bereich der Medizin oder des Rechts kommen \u00dcbersetzer zum Einsatz, die das Thema in- und auswendig kennen. So erhalten Sie eine \u00e4u\u00dferst pr\u00e4zise und stichhaltige \u00dcbersetzung. Unser \u00dcbersetzungsb\u00fcro bietet folgenden ServiceWir sind uns der vielf\u00e4ltigen Einsatzm\u00f6glichkeiten von \u00dcbersetzungen bewusst und bearbeiten diese in verschiedenen Formaten. Dank \u00fcber zehn Jahren Berufserfahrung bieten wir eine Reihe an [&hellip;]\" \/>\n<meta property=\"og:url\" content=\"https:\/\/sfx.be\/de\/technisch\/uebersetzungen-im-industriebereich\/\" \/>\n<meta property=\"og:site_name\" content=\"SFX\" \/>\n<meta property=\"article:modified_time\" content=\"2022-01-17T10:06:34+00:00\" \/>\n<meta name=\"twitter:card\" content=\"summary_large_image\" \/>\n<meta name=\"twitter:label1\" content=\"Gesch\u00e4tzte Lesezeit\" \/>\n\t<meta name=\"twitter:data1\" content=\"6\u00a0Minuten\" \/>\n<!-- \/ Yoast SEO plugin. -->","yoast_head_json":{"title":"\u00dcbersetzungen im Industriebereich - SFX","robots":{"index":"index","follow":"follow","max-snippet":"max-snippet:-1","max-image-preview":"max-image-preview:large","max-video-preview":"max-video-preview:-1"},"canonical":"https:\/\/sfx.be\/de\/technisch\/uebersetzungen-im-industriebereich\/","og_locale":"de_DE","og_type":"article","og_title":"\u00dcbersetzungen im Industriebereich - SFX","og_description":"SFX Translated, ein Experte im IndustriebereichDank fundierter Erfahrung im Industriebereich ist SFX Translated in der Lage, Ihren Anforderungen gerecht zu werden \u2013 und das in den verschiedensten Fachgebieten.Eine \u00dcbersetzung f\u00fcr verschiedene Sparten der IndustrieDas \u00dcbersetzungsb\u00fcro in L\u00fcttich bietet Ihnen \u00dcbersetzungen von Expertenhand an. So bergen die Eigenheiten der verschiedenen Sprachen keine Geheimnisse f\u00fcr Ihre auf der ganzen Welt verstreuten Mitarbeiter mehr. Wir stellen Ihnen ein Netzwerk aus Profis zur Verf\u00fcgung, damit Sie eine qualitativ hochwertige und zutreffende \u00dcbersetzung erhalten. SFX translated \u00fcbersetzt Ihre technischen und fachspezifischen Dokumente in zahlreiche Sprachen. Worin besteht der Unterschied zwischen den beiden? Die erste Art der \u00dcbersetzung liegt im Bereich Wissenschaft. Die zweite im sozialen und kulturellen Kontext.Technische \u00dcbersetzungen Medizin Energie Bauwesen Chemie Landwirtschaft Industrie Informatik Fach\u00fcbersetzungen Recht Wirtschaftswissenschaften Wirtschaft Marketing Literatur etc. Bei speziellen Fachgebieten wie der \u00dcbersetzung im Bereich der Medizin oder des Rechts kommen \u00dcbersetzer zum Einsatz, die das Thema in- und auswendig kennen. So erhalten Sie eine \u00e4u\u00dferst pr\u00e4zise und stichhaltige \u00dcbersetzung. Unser \u00dcbersetzungsb\u00fcro bietet folgenden ServiceWir sind uns der vielf\u00e4ltigen Einsatzm\u00f6glichkeiten von \u00dcbersetzungen bewusst und bearbeiten diese in verschiedenen Formaten. Dank \u00fcber zehn Jahren Berufserfahrung bieten wir eine Reihe an [&hellip;]","og_url":"https:\/\/sfx.be\/de\/technisch\/uebersetzungen-im-industriebereich\/","og_site_name":"SFX","article_modified_time":"2022-01-17T10:06:34+00:00","twitter_card":"summary_large_image","twitter_misc":{"Gesch\u00e4tzte Lesezeit":"6\u00a0Minuten"},"schema":{"@context":"https:\/\/schema.org","@graph":[{"@type":"WebPage","@id":"https:\/\/sfx.be\/de\/technisch\/uebersetzungen-im-industriebereich\/","url":"https:\/\/sfx.be\/de\/technisch\/uebersetzungen-im-industriebereich\/","name":"\u00dcbersetzungen im Industriebereich - SFX","isPartOf":{"@id":"https:\/\/sfx.be\/en\/#website"},"datePublished":"2022-01-17T10:06:32+00:00","dateModified":"2022-01-17T10:06:34+00:00","breadcrumb":{"@id":"https:\/\/sfx.be\/de\/technisch\/uebersetzungen-im-industriebereich\/#breadcrumb"},"inLanguage":"de","potentialAction":[{"@type":"ReadAction","target":["https:\/\/sfx.be\/de\/technisch\/uebersetzungen-im-industriebereich\/"]}]},{"@type":"BreadcrumbList","@id":"https:\/\/sfx.be\/de\/technisch\/uebersetzungen-im-industriebereich\/#breadcrumb","itemListElement":[{"@type":"ListItem","position":1,"name":"Accueil","item":"https:\/\/sfx.be\/de\/"},{"@type":"ListItem","position":2,"name":"Technisch","item":"https:\/\/sfx.be\/de\/technisch\/"},{"@type":"ListItem","position":3,"name":"\u00dcbersetzungen im Industriebereich"}]},{"@type":"WebSite","@id":"https:\/\/sfx.be\/en\/#website","url":"https:\/\/sfx.be\/en\/","name":"SFX","description":"Agence de traduction multilingue","potentialAction":[{"@type":"SearchAction","target":{"@type":"EntryPoint","urlTemplate":"https:\/\/sfx.be\/en\/?s={search_term_string}"},"query-input":{"@type":"PropertyValueSpecification","valueRequired":true,"valueName":"search_term_string"}}],"inLanguage":"de"}]}},"_links":{"self":[{"href":"https:\/\/sfx.be\/de\/wp-json\/wp\/v2\/pages\/972","targetHints":{"allow":["GET"]}}],"collection":[{"href":"https:\/\/sfx.be\/de\/wp-json\/wp\/v2\/pages"}],"about":[{"href":"https:\/\/sfx.be\/de\/wp-json\/wp\/v2\/types\/page"}],"author":[{"embeddable":true,"href":"https:\/\/sfx.be\/de\/wp-json\/wp\/v2\/users\/1"}],"replies":[{"embeddable":true,"href":"https:\/\/sfx.be\/de\/wp-json\/wp\/v2\/comments?post=972"}],"version-history":[{"count":2,"href":"https:\/\/sfx.be\/de\/wp-json\/wp\/v2\/pages\/972\/revisions"}],"predecessor-version":[{"id":974,"href":"https:\/\/sfx.be\/de\/wp-json\/wp\/v2\/pages\/972\/revisions\/974"}],"up":[{"embeddable":true,"href":"https:\/\/sfx.be\/de\/wp-json\/wp\/v2\/pages\/852"}],"wp:attachment":[{"href":"https:\/\/sfx.be\/de\/wp-json\/wp\/v2\/media?parent=972"}],"curies":[{"name":"wp","href":"https:\/\/api.w.org\/{rel}","templated":true}]}}