{"id":981,"date":"2022-01-17T14:05:22","date_gmt":"2022-01-17T14:05:22","guid":{"rendered":"https:\/\/sfx.be\/technisch\/technische-uebersetzungen\/"},"modified":"2022-01-17T14:05:24","modified_gmt":"2022-01-17T14:05:24","slug":"technische-uebersetzungen","status":"publish","type":"page","link":"https:\/\/sfx.be\/de\/technisch\/technische-uebersetzungen\/","title":{"rendered":"Technische \u00dcbersetzungen"},"content":{"rendered":"<p>[et_pb_section fb_built=&#8220;1&#8243; _builder_version=&#8220;4.9.4&#8243; _module_preset=&#8220;default&#8220; background_color=&#8220;#FFFFFF&#8220; width=&#8220;60%&#8220; width_tablet=&#8220;90%&#8220; width_phone=&#8220;&#8220; width_last_edited=&#8220;on|tablet&#8220; module_alignment=&#8220;center&#8220; custom_margin=&#8220;5vh||||false|false&#8220; custom_padding=&#8220;0px||0px||false|false&#8220; animation_style=&#8220;slide&#8220; animation_direction=&#8220;left&#8220; animation_duration=&#8220;1500ms&#8220; animation_delay=&#8220;150ms&#8220; animation_intensity_slide=&#8220;5%&#8220; animation_speed_curve=&#8220;ease&#8220; border_radii=&#8220;on|3px|3px|3px|3px&#8220; box_shadow_style=&#8220;preset1&#8243; box_shadow_color=&#8220;rgba(0,0,0,0.06)&#8220; global_colors_info=&#8220;{}&#8220;][et_pb_row _builder_version=&#8220;4.9.4&#8243; _module_preset=&#8220;default&#8220; width=&#8220;100%&#8220; max_width=&#8220;1477px&#8220; custom_padding=&#8220;7vh||0px||false|false&#8220; global_colors_info=&#8220;{}&#8220;][et_pb_column type=&#8220;4_4&#8243; _builder_version=&#8220;4.9.4&#8243; _module_preset=&#8220;default&#8220; background_color=&#8220;#FFFFFF&#8220; custom_padding=&#8220;0px||0px||true|false&#8220; global_colors_info=&#8220;{}&#8220;][dsm_breadcrumbs home_text=&#8220;Home&#8220; _builder_version=&#8220;4.9.4&#8243; _module_preset=&#8220;default&#8220; items_font=&#8220;Nunito|700|||||||&#8220; current_font=&#8220;Nunito||||||||&#8220; width=&#8220;75%&#8220; module_alignment=&#8220;center&#8220; custom_margin=&#8220;0px||0px||false|false&#8220; custom_padding=&#8220;0px||0px||false|false&#8220; global_colors_info=&#8220;{}&#8220;][\/dsm_breadcrumbs][et_pb_text _builder_version=&#8220;4.9.4&#8243; _module_preset=&#8220;default&#8220; header_font=&#8220;Nunito|700|||||||&#8220; header_font_size=&#8220;38px&#8220; header_line_height=&#8220;1.3em&#8220; global_colors_info=&#8220;{}&#8220;]<\/p>\n<h1>Technische und Fach\u00fcbersetzungen <span style=\"color: #8dc63f;\">beim \u00dcbersetzungsb\u00fcro SFX Translated in L\u00fcttich<\/span><\/h1>\n<p>[\/et_pb_text][et_pb_text _builder_version=&#8220;4.9.4&#8243; _module_preset=&#8220;default&#8220; text_font=&#8220;Nunito||||||||&#8220; text_text_color=&#8220;#000000&#8243; text_font_size=&#8220;16px&#8220; text_line_height=&#8220;1.8em&#8220; width=&#8220;75%&#8220; global_colors_info=&#8220;{}&#8220;]<\/p>\n<p><span>Technische <\/span><strong>sowie<\/strong><span>Fach\u00fcbersetzungen erfordern <strong>,<\/strong><\/span><strong>wie der Name es bereits sagt<span>,<\/span><\/strong><span>, einerseits sehr gute Sprachkenntnisse und andererseits exzellente Fachkenntnisse auf dem entsprechenden Gebiet. Fach\u00fcbersetzungen stehen mit einer  <\/span><strong>Wissenschaft<\/strong><span> (<\/span><a href=\"https:\/\/sfx.be\/de\/technisch\/uebersetzungen-im-bereich-medizin-wissenschaft-oder-pharmazie\/\">\u00dcbersetzungen im Bereich Medizin<\/a><span>, Pharmazie, Chemie, Werkstoffe etc..), <\/span><strong>einem T\u00e4tigkeitsbereich<\/strong><span> (Informatik, <\/span><a href=\"https:\/\/sfx.be\/de\/technisch\/juristische-uebersetzungen\/\">Recht<\/a><span>, Wirtschaft, Politik etc.) oder<\/span><strong>einem bestimmten Know-how in Verbindung<\/strong><span>.<\/span><\/p>\n<p>[\/et_pb_text][et_pb_text _builder_version=&#8220;4.9.4&#8243; _module_preset=&#8220;default&#8220; text_font=&#8220;Nunito||||||||&#8220; text_text_color=&#8220;#000000&#8243; text_font_size=&#8220;16px&#8220; text_line_height=&#8220;1.8em&#8220; header_2_font_size=&#8220;24px&#8220; header_2_line_height=&#8220;1.3em&#8220; header_3_font=&#8220;Nunito|700|||||||&#8220; header_3_line_height=&#8220;1.3em&#8220; width=&#8220;75%&#8220; global_colors_info=&#8220;{}&#8220;]<\/p>\n<h2>Fach\u00fcbersetzungen in L\u00fcttich mit SFX Translated<\/h2>\n<p>[\/et_pb_text][et_pb_text _builder_version=&#8220;4.9.4&#8243; _module_preset=&#8220;default&#8220; text_font=&#8220;Nunito||||||||&#8220; text_text_color=&#8220;#000000&#8243; text_font_size=&#8220;16px&#8220; text_line_height=&#8220;1.8em&#8220; header_2_font_size=&#8220;24px&#8220; header_2_line_height=&#8220;1.3em&#8220; header_3_font=&#8220;Nunito|700|||||||&#8220; header_3_line_height=&#8220;1.3em&#8220; width=&#8220;75%&#8220; global_colors_info=&#8220;{}&#8220;]<\/p>\n<h2>Unterschiede bei den verschiedenen technischen und Fach\u00fcbersetzungen<\/h2>\n<p>[\/et_pb_text][et_pb_text _builder_version=&#8220;4.9.4&#8243; _module_preset=&#8220;default&#8220; text_font=&#8220;Nunito||||||||&#8220; text_text_color=&#8220;#000000&#8243; text_font_size=&#8220;16px&#8220; text_line_height=&#8220;1.8em&#8220; width=&#8220;75%&#8220; global_colors_info=&#8220;{}&#8220;]<\/p>\n<p>Wie bereits erw\u00e4hnt, geht es bei Fach\u00fcbersetzungen darum, <span> <\/span><a href=\"https:\/\/sfx.be\/traduction-medicale-technique-juridique\/traduction-articles-scientifiques\/\">kommerzielle und wissenschaftliche Texte zu \u00fcbersetzen<\/a> und zwar f\u00fcr alle Zweige der Industrie, der Produktion, der Werkstofftechnologie etc.<\/p>\n<p>Auch wenn es viele Gemeinsamkeiten gibt, unterscheiden sich die<span> <\/span><strong>technische \u00dcbersetzungen<\/strong><span> <\/span>von den anderen<span> <\/span><strong>Fach\u00fcbersetzungen:<\/strong><span> <\/span>Technische \u00dcbersetzungen umfassen n\u00e4mlich nicht die Gesellschaftswissenschaften (etwa Wirtschaft oder Recht)<span>.<\/span>  <span> <\/span><strong>Technische \u00dcbersetzungen<\/strong> sind sowohl technisch als auch wissenschaftlich gepr\u00e4gt. Sie erfordern eine pr\u00e4zise und originalgetreue Entsprechung des Ausgangstexts. Im Gegensatz dazu muss bei den anderen Fach\u00fcbersetzungen der soziale, kulturelle und historische Kontext des Ausgangstexts ber\u00fccksichtigt werden.<\/p>\n<p>Im \u00dcbersetzungsb\u00fcro SFX Translated mit Sitz in L\u00fcttich k\u00f6nnen technische UND fachspezifische Dokumente in und aus zahlreiche(n) Sprachen \u00fcbersetzt werden, die nachfolgend aufgelistet werden, aber keinen Anspruch auf Vollst\u00e4ndigkeit erheben: Franz\u00f6sisch, Englisch, Arabisch, Niederl\u00e4ndisch, Deutsch, Spanisch, Italienisch, Griechisch, Rum\u00e4nisch, Russisch, Chinesisch, Japanisch, Schwedisch etc.<\/p>\n<p>[\/et_pb_text][et_pb_text _builder_version=&#8220;4.9.4&#8243; _module_preset=&#8220;default&#8220; text_font=&#8220;Nunito||||||||&#8220; text_text_color=&#8220;#000000&#8243; text_font_size=&#8220;16px&#8220; text_line_height=&#8220;1.8em&#8220; header_2_font_size=&#8220;24px&#8220; header_2_line_height=&#8220;1.3em&#8220; header_3_font=&#8220;Nunito|700|||||||&#8220; header_3_line_height=&#8220;1.3em&#8220; width=&#8220;75%&#8220; global_colors_info=&#8220;{}&#8220;]<\/p>\n<h2>Einige Beispiele f\u00fcr technische und Fach\u00fcbersetzungen bei SFX Translated <\/h2>\n<p>[\/et_pb_text][\/et_pb_column][\/et_pb_row][et_pb_row column_structure=&#8220;1_2,1_2&#8243; use_custom_gutter=&#8220;on&#8220; gutter_width=&#8220;1&#8243; _builder_version=&#8220;4.9.4&#8243; _module_preset=&#8220;default&#8220; custom_padding=&#8220;||3vh||false|false&#8220; global_colors_info=&#8220;{}&#8220;][et_pb_column type=&#8220;1_2&#8243; _builder_version=&#8220;4.9.4&#8243; _module_preset=&#8220;default&#8220; global_colors_info=&#8220;{}&#8220;][et_pb_text _builder_version=&#8220;4.9.4&#8243; _module_preset=&#8220;default&#8220; text_font=&#8220;Nunito||||||||&#8220; text_text_color=&#8220;#000000&#8243; text_font_size=&#8220;16px&#8220; text_line_height=&#8220;1.8em&#8220; header_3_font=&#8220;Nunito|600|||||||&#8220; header_3_text_color=&#8220;#8DC63F&#8220; header_3_font_size=&#8220;20px&#8220; width=&#8220;75%&#8220; global_colors_info=&#8220;{}&#8220;]<\/p>\n<h3>Technische \u00dcbersetzungen<br \/>\n<\/h3>\n<p>[\/et_pb_text][et_pb_text _builder_version=&#8220;4.9.4&#8243; _module_preset=&#8220;default&#8220; text_font=&#8220;Nunito||||||||&#8220; text_text_color=&#8220;#000000&#8243; text_font_size=&#8220;16px&#8220; text_line_height=&#8220;1.8em&#8220; width=&#8220;75%&#8220; global_colors_info=&#8220;{}&#8220;]<\/p>\n<ul>\n<li>\u00dcbersetzungen im Bereich Medizin<\/li>\n<li>\u00dcbersetzungen im Bereich Energie<\/li>\n<li>\u00dcbersetzungen im Bereich Bauwesen<\/li>\n<li>\u00dcbersetzungen im Bereich Chemie<\/li>\n<li>\u00dcbersetzungen im Bereich Landwirtschaft<\/li>\n<li><a href=\"https:\/\/sfx.be\/de\/technisch\/uebersetzungen-im-industriebereich\/\">\u00dcbersetzungen im Bereich der Industrie<\/a><\/li>\n<li>\u00dcbersetzungen im Bereich Informatik<\/li>\n<li>etc.<\/li>\n<\/ul>\n<p>[\/et_pb_text][\/et_pb_column][et_pb_column type=&#8220;1_2&#8243; _builder_version=&#8220;4.9.4&#8243; _module_preset=&#8220;default&#8220; global_colors_info=&#8220;{}&#8220;][et_pb_text _builder_version=&#8220;4.9.4&#8243; _module_preset=&#8220;default&#8220; text_font=&#8220;Nunito||||||||&#8220; text_text_color=&#8220;#000000&#8243; text_font_size=&#8220;16px&#8220; text_line_height=&#8220;1.8em&#8220; header_3_font=&#8220;Nunito|600|||||||&#8220; header_3_text_color=&#8220;#8DC63F&#8220; header_3_font_size=&#8220;20px&#8220; width=&#8220;75%&#8220; global_colors_info=&#8220;{}&#8220;]<\/p>\n<h3>Fach\u00fcbersetzungen<br \/>\n<\/h3>\n<p>[\/et_pb_text][et_pb_text _builder_version=&#8220;4.9.4&#8243; _module_preset=&#8220;default&#8220; text_font=&#8220;Nunito||||||||&#8220; text_text_color=&#8220;#000000&#8243; text_font_size=&#8220;16px&#8220; text_line_height=&#8220;1.8em&#8220; width=&#8220;75%&#8220; global_colors_info=&#8220;{}&#8220;]<\/p>\n<ul>\n<li>\u00dcbersetzungen im Bereich Recht<\/li>\n<li>\u00dcbersetzungen im Bereich Geisteswissenschaften<\/li>\n<li>\u00dcbersetzungen im Bereich Wirtschaft<\/li>\n<li>\u00dcbersetzungen im Bereich Marketing<\/li>\n<li>\u00dcbersetzungen im Bereich Literatur<\/li>\n<li><a href=\"https:\/\/sfx.be\/traduction-medicale-technique-juridique\/traduction-financiere\/\">\u00dcbersetzungen im Bereich Finanzwesen<\/a><\/li>\n<li>etc.<\/li>\n<\/ul>\n<p>[\/et_pb_text][\/et_pb_column][\/et_pb_row][et_pb_row _builder_version=&#8220;4.9.4&#8243; _module_preset=&#8220;default&#8220; width=&#8220;100%&#8220; max_width=&#8220;1477px&#8220; custom_padding=&#8220;0px||7vh||false|false&#8220; global_colors_info=&#8220;{}&#8220;][et_pb_column type=&#8220;4_4&#8243; _builder_version=&#8220;4.9.4&#8243; _module_preset=&#8220;default&#8220; background_color=&#8220;#FFFFFF&#8220; custom_padding=&#8220;0px||0px||true|false&#8220; global_colors_info=&#8220;{}&#8220;][et_pb_text _builder_version=&#8220;4.9.4&#8243; _module_preset=&#8220;default&#8220; text_font=&#8220;Nunito||||||||&#8220; text_text_color=&#8220;#000000&#8243; text_font_size=&#8220;16px&#8220; text_line_height=&#8220;1.8em&#8220; header_2_font_size=&#8220;24px&#8220; header_2_line_height=&#8220;1.3em&#8220; header_3_font=&#8220;Nunito|700|||||||&#8220; header_3_line_height=&#8220;1.3em&#8220; width=&#8220;75%&#8220; global_colors_info=&#8220;{}&#8220;]<\/p>\n<h2>Technische und Fach\u00fcbersetzungen von Profis<\/h2>\n<p>[\/et_pb_text][et_pb_text _builder_version=&#8220;4.9.4&#8243; _module_preset=&#8220;default&#8220; text_font=&#8220;Nunito||||||||&#8220; text_text_color=&#8220;#000000&#8243; text_font_size=&#8220;16px&#8220; text_line_height=&#8220;1.8em&#8220; width=&#8220;75%&#8220; global_colors_info=&#8220;{}&#8220;]<\/p>\n<p>Unser \u00dcbersetzungsb\u00fcro f\u00fcr Fach\u00fcbersetzungen zieht Berufs\u00fcbersetzer zu Rate, die sowohl Ausgangs- als auch Zielsprache perfekt beherrschen. F\u00fcr diese Art von \u00dcbersetzung ist es unerl\u00e4sslich, dass eine der beiden Sprachen die Muttersprache ist. Grammatik, Syntax, Redewendungen, Semantik beider Sprachen m\u00fcssen perfekt sitzen, damit die \u00dcbersetzung den h\u00f6chsten Anspr\u00fcchen gen\u00fcgt.  <\/p>\n<p>Unsere Angebote h\u00e4ngen vom Schwierigkeitsgrad des Textes, der Wortzahl, der Sprache und der Lieferfrist der \u00dcbersetzung ab.<\/p>\n<p>Alle \u00dcbersetzungen, die von SFX angefertigt werden, unterliegen <span>einer<\/span> <strong>ausf\u00fchrlichen \u00dcberpr\u00fcfung<\/strong><span>,<\/span> um sicherzustellen, dass das Dokument korrekt und genau interpretiert wird.<\/p>\n<p>[\/et_pb_text][\/et_pb_column][\/et_pb_row][\/et_pb_section][et_pb_section fb_built=&#8220;1&#8243; _builder_version=&#8220;4.9.4&#8243; _module_preset=&#8220;default&#8220; background_color=&#8220;#FFFFFF&#8220; width=&#8220;55%&#8220; width_tablet=&#8220;80%&#8220; width_phone=&#8220;&#8220; width_last_edited=&#8220;on|phone&#8220; module_alignment=&#8220;center&#8220; custom_margin=&#8220;6vh||15vh||false|false&#8220; border_radii=&#8220;on|3px|3px|3px|3px&#8220; box_shadow_style=&#8220;preset1&#8243; box_shadow_color=&#8220;rgba(0,0,0,0.06)&#8220; global_colors_info=&#8220;{}&#8220;][et_pb_row _builder_version=&#8220;4.9.4&#8243; _module_preset=&#8220;default&#8220; custom_padding=&#8220;0px||0px||false|false&#8220; global_colors_info=&#8220;{}&#8220;][et_pb_column type=&#8220;4_4&#8243; _builder_version=&#8220;4.9.4&#8243; _module_preset=&#8220;default&#8220; global_colors_info=&#8220;{}&#8220;][et_pb_text _builder_version=&#8220;4.9.4&#8243; _module_preset=&#8220;default&#8220; text_font=&#8220;Nunito|700|||||||&#8220; text_text_color=&#8220;#000000&#8243; text_font_size=&#8220;29px&#8220; text_line_height=&#8220;1.4em&#8220; text_orientation=&#8220;center&#8220; animation_style=&#8220;slide&#8220; animation_direction=&#8220;bottom&#8220; animation_intensity_slide=&#8220;10%&#8220; animation_speed_curve=&#8220;ease-out&#8220; global_colors_info=&#8220;{}&#8220;]<\/p>\n<p>Warten Sie nicht l\u00e4nger und profitieren Sie von professioneller Arbeit zum besten Preis. <span style=\"color: #8dc63f;\"><\/span><\/p>\n<p>[\/et_pb_text][et_pb_button button_url=&#8220;@ET-DC@eyJkeW5hbWljIjp0cnVlLCJjb250ZW50IjoicG9zdF9saW5rX3VybF9wYWdlIiwic2V0dGluZ3MiOnsicG9zdF9pZCI6IjIxIn19@&#8220; button_text=&#8220;Kostenloses Angebot&#8220; button_alignment=&#8220;center&#8220; _builder_version=&#8220;4.9.4&#8243; _dynamic_attributes=&#8220;button_url&#8220; _module_preset=&#8220;default&#8220; button_text_size=&#8220;26px&#8220; global_colors_info=&#8220;{}&#8220;][\/et_pb_button][\/et_pb_column][\/et_pb_row][\/et_pb_section]<\/p>\n","protected":false},"excerpt":{"rendered":"<p><div class=\"et_pb_module dsm_breadcrumbs dsm_breadcrumbs_0\">\n\t\t\t\t\n\t\t\t\t\n\t\t\t\t\n\t\t\t\t\n\t\t\t\t\n\t\t\t\t\n\t\t\t\t<div class=\"et_pb_module_inner\">\n\t\t\t\t\t<nav class=\"dsm_breadcrumbs_wrap\">\n\t\t\t\t<ul class=\"dsm_breadcrumbs\" itemscope itemtype=\"https:\/\/schema.org\/BreadcrumbList\">\t\t\t<li class=\"dsm_breadcrumbs_item dsm_home_item dsm_home_item_custom\" itemprop=\"itemListElement\" itemscope\n\t\t\titemtype=\"https:\/\/schema.org\/ListItem\">\n\t\t\t\t<a href=\"https:\/\/sfx.be\/de\/\" itemprop=\"item\" target=\"\">\n\t\t\t\t\t<span class='dsm_home_text_wrapper'>\n\t\t\t\t\t\t\t\t\t\t\t\t\t<span class=\"et-pb-icon dsm_home_icon\">\ue009<\/span>\n\t\t\t\t\t\t\t\t\t\t\t\t\t<span class=\"dsm_home_text\" itemprop=\"name\">\n\t\t\t\t\t\t\t\tHome\t\t\t\t\t\t\t<\/span>\n\t\t\t\t\t<\/span>\n\t\t\t\t<\/a>\n\t\t\t\t<meta itemprop=\"position\" content=\"1\" \/>\n\t\t\t<\/li>\n\n\t\t<li class=\"dsm_breadcrumbs_separator\"> <span class=\"et-pb-icon dsm_separator_icon\">5<\/span><\/li><\/ul>\n\t\t\t<\/nav>\n\t\t\t\t<\/div>\n\t\t\t<\/div>Technische und Fach\u00fcbersetzungen beim \u00dcbersetzungsb\u00fcro SFX Translated in L\u00fcttichTechnische sowieFach\u00fcbersetzungen erfordern ,wie der Name es bereits sagt,, einerseits sehr gute Sprachkenntnisse und andererseits exzellente Fachkenntnisse auf dem entsprechenden Gebiet. Fach\u00fcbersetzungen stehen mit einer Wissenschaft (\u00dcbersetzungen im Bereich Medizin, Pharmazie, Chemie, Werkstoffe etc..), einem T\u00e4tigkeitsbereich (Informatik, Recht, Wirtschaft, Politik etc.) odereinem bestimmten Know-how in Verbindung.Fach\u00fcbersetzungen in L\u00fcttich mit SFX TranslatedUnterschiede bei den verschiedenen technischen und Fach\u00fcbersetzungenWie bereits erw\u00e4hnt, geht es bei Fach\u00fcbersetzungen darum, kommerzielle und wissenschaftliche Texte zu \u00fcbersetzen und zwar f\u00fcr alle Zweige der Industrie, der Produktion, der Werkstofftechnologie etc. Auch wenn es viele Gemeinsamkeiten gibt, unterscheiden sich die technische \u00dcbersetzungen von den anderen Fach\u00fcbersetzungen: Technische \u00dcbersetzungen umfassen n\u00e4mlich nicht die Gesellschaftswissenschaften (etwa Wirtschaft oder Recht). Technische \u00dcbersetzungen sind sowohl technisch als auch wissenschaftlich gepr\u00e4gt. Sie erfordern eine pr\u00e4zise und originalgetreue Entsprechung des Ausgangstexts. Im Gegensatz dazu muss bei den anderen Fach\u00fcbersetzungen der soziale, kulturelle und historische Kontext des Ausgangstexts ber\u00fccksichtigt werden. Im \u00dcbersetzungsb\u00fcro SFX Translated mit Sitz in L\u00fcttich k\u00f6nnen technische UND fachspezifische Dokumente in und aus zahlreiche(n) Sprachen \u00fcbersetzt werden, die nachfolgend aufgelistet werden, aber keinen Anspruch auf Vollst\u00e4ndigkeit erheben: Franz\u00f6sisch, Englisch, Arabisch, Niederl\u00e4ndisch, Deutsch, Spanisch, Italienisch, Griechisch, [&hellip;]<\/p>\n","protected":false},"author":1,"featured_media":0,"parent":852,"menu_order":0,"comment_status":"closed","ping_status":"closed","template":"","meta":{"_et_pb_use_builder":"on","_et_pb_old_content":"","_et_gb_content_width":"","inline_featured_image":false,"footnotes":""},"class_list":["post-981","page","type-page","status-publish","hentry"],"yoast_head":"<!-- This site is optimized with the Yoast SEO plugin v27.3 - https:\/\/yoast.com\/product\/yoast-seo-wordpress\/ -->\n<title>Technische \u00dcbersetzungen - SFX<\/title>\n<meta name=\"robots\" content=\"index, follow, max-snippet:-1, max-image-preview:large, max-video-preview:-1\" \/>\n<link rel=\"canonical\" href=\"https:\/\/sfx.be\/de\/technisch\/technische-uebersetzungen\/\" \/>\n<meta property=\"og:locale\" content=\"de_DE\" \/>\n<meta property=\"og:type\" content=\"article\" \/>\n<meta property=\"og:title\" content=\"Technische \u00dcbersetzungen - SFX\" \/>\n<meta property=\"og:description\" content=\"Technische und Fach\u00fcbersetzungen beim \u00dcbersetzungsb\u00fcro SFX Translated in L\u00fcttichTechnische sowieFach\u00fcbersetzungen erfordern ,wie der Name es bereits sagt,, einerseits sehr gute Sprachkenntnisse und andererseits exzellente Fachkenntnisse auf dem entsprechenden Gebiet. Fach\u00fcbersetzungen stehen mit einer Wissenschaft (\u00dcbersetzungen im Bereich Medizin, Pharmazie, Chemie, Werkstoffe etc..), einem T\u00e4tigkeitsbereich (Informatik, Recht, Wirtschaft, Politik etc.) odereinem bestimmten Know-how in Verbindung.Fach\u00fcbersetzungen in L\u00fcttich mit SFX TranslatedUnterschiede bei den verschiedenen technischen und Fach\u00fcbersetzungenWie bereits erw\u00e4hnt, geht es bei Fach\u00fcbersetzungen darum, kommerzielle und wissenschaftliche Texte zu \u00fcbersetzen und zwar f\u00fcr alle Zweige der Industrie, der Produktion, der Werkstofftechnologie etc. Auch wenn es viele Gemeinsamkeiten gibt, unterscheiden sich die technische \u00dcbersetzungen von den anderen Fach\u00fcbersetzungen: Technische \u00dcbersetzungen umfassen n\u00e4mlich nicht die Gesellschaftswissenschaften (etwa Wirtschaft oder Recht). Technische \u00dcbersetzungen sind sowohl technisch als auch wissenschaftlich gepr\u00e4gt. Sie erfordern eine pr\u00e4zise und originalgetreue Entsprechung des Ausgangstexts. Im Gegensatz dazu muss bei den anderen Fach\u00fcbersetzungen der soziale, kulturelle und historische Kontext des Ausgangstexts ber\u00fccksichtigt werden. Im \u00dcbersetzungsb\u00fcro SFX Translated mit Sitz in L\u00fcttich k\u00f6nnen technische UND fachspezifische Dokumente in und aus zahlreiche(n) Sprachen \u00fcbersetzt werden, die nachfolgend aufgelistet werden, aber keinen Anspruch auf Vollst\u00e4ndigkeit erheben: Franz\u00f6sisch, Englisch, Arabisch, Niederl\u00e4ndisch, Deutsch, Spanisch, Italienisch, Griechisch, [&hellip;]\" \/>\n<meta property=\"og:url\" content=\"https:\/\/sfx.be\/de\/technisch\/technische-uebersetzungen\/\" \/>\n<meta property=\"og:site_name\" content=\"SFX\" \/>\n<meta property=\"article:modified_time\" content=\"2022-01-17T14:05:24+00:00\" \/>\n<meta name=\"twitter:card\" content=\"summary_large_image\" \/>\n<meta name=\"twitter:label1\" content=\"Gesch\u00e4tzte Lesezeit\" \/>\n\t<meta name=\"twitter:data1\" content=\"6\u00a0Minuten\" \/>\n<!-- \/ Yoast SEO plugin. -->","yoast_head_json":{"title":"Technische \u00dcbersetzungen - SFX","robots":{"index":"index","follow":"follow","max-snippet":"max-snippet:-1","max-image-preview":"max-image-preview:large","max-video-preview":"max-video-preview:-1"},"canonical":"https:\/\/sfx.be\/de\/technisch\/technische-uebersetzungen\/","og_locale":"de_DE","og_type":"article","og_title":"Technische \u00dcbersetzungen - SFX","og_description":"Technische und Fach\u00fcbersetzungen beim \u00dcbersetzungsb\u00fcro SFX Translated in L\u00fcttichTechnische sowieFach\u00fcbersetzungen erfordern ,wie der Name es bereits sagt,, einerseits sehr gute Sprachkenntnisse und andererseits exzellente Fachkenntnisse auf dem entsprechenden Gebiet. Fach\u00fcbersetzungen stehen mit einer Wissenschaft (\u00dcbersetzungen im Bereich Medizin, Pharmazie, Chemie, Werkstoffe etc..), einem T\u00e4tigkeitsbereich (Informatik, Recht, Wirtschaft, Politik etc.) odereinem bestimmten Know-how in Verbindung.Fach\u00fcbersetzungen in L\u00fcttich mit SFX TranslatedUnterschiede bei den verschiedenen technischen und Fach\u00fcbersetzungenWie bereits erw\u00e4hnt, geht es bei Fach\u00fcbersetzungen darum, kommerzielle und wissenschaftliche Texte zu \u00fcbersetzen und zwar f\u00fcr alle Zweige der Industrie, der Produktion, der Werkstofftechnologie etc. Auch wenn es viele Gemeinsamkeiten gibt, unterscheiden sich die technische \u00dcbersetzungen von den anderen Fach\u00fcbersetzungen: Technische \u00dcbersetzungen umfassen n\u00e4mlich nicht die Gesellschaftswissenschaften (etwa Wirtschaft oder Recht). Technische \u00dcbersetzungen sind sowohl technisch als auch wissenschaftlich gepr\u00e4gt. Sie erfordern eine pr\u00e4zise und originalgetreue Entsprechung des Ausgangstexts. Im Gegensatz dazu muss bei den anderen Fach\u00fcbersetzungen der soziale, kulturelle und historische Kontext des Ausgangstexts ber\u00fccksichtigt werden. Im \u00dcbersetzungsb\u00fcro SFX Translated mit Sitz in L\u00fcttich k\u00f6nnen technische UND fachspezifische Dokumente in und aus zahlreiche(n) Sprachen \u00fcbersetzt werden, die nachfolgend aufgelistet werden, aber keinen Anspruch auf Vollst\u00e4ndigkeit erheben: Franz\u00f6sisch, Englisch, Arabisch, Niederl\u00e4ndisch, Deutsch, Spanisch, Italienisch, Griechisch, [&hellip;]","og_url":"https:\/\/sfx.be\/de\/technisch\/technische-uebersetzungen\/","og_site_name":"SFX","article_modified_time":"2022-01-17T14:05:24+00:00","twitter_card":"summary_large_image","twitter_misc":{"Gesch\u00e4tzte Lesezeit":"6\u00a0Minuten"},"schema":{"@context":"https:\/\/schema.org","@graph":[{"@type":"WebPage","@id":"https:\/\/sfx.be\/de\/technisch\/technische-uebersetzungen\/","url":"https:\/\/sfx.be\/de\/technisch\/technische-uebersetzungen\/","name":"Technische \u00dcbersetzungen - SFX","isPartOf":{"@id":"https:\/\/sfx.be\/en\/#website"},"datePublished":"2022-01-17T14:05:22+00:00","dateModified":"2022-01-17T14:05:24+00:00","breadcrumb":{"@id":"https:\/\/sfx.be\/de\/technisch\/technische-uebersetzungen\/#breadcrumb"},"inLanguage":"de","potentialAction":[{"@type":"ReadAction","target":["https:\/\/sfx.be\/de\/technisch\/technische-uebersetzungen\/"]}]},{"@type":"BreadcrumbList","@id":"https:\/\/sfx.be\/de\/technisch\/technische-uebersetzungen\/#breadcrumb","itemListElement":[{"@type":"ListItem","position":1,"name":"Accueil","item":"https:\/\/sfx.be\/de\/"},{"@type":"ListItem","position":2,"name":"Technisch","item":"https:\/\/sfx.be\/de\/technisch\/"},{"@type":"ListItem","position":3,"name":"Technische \u00dcbersetzungen"}]},{"@type":"WebSite","@id":"https:\/\/sfx.be\/en\/#website","url":"https:\/\/sfx.be\/en\/","name":"SFX","description":"Agence de traduction multilingue","potentialAction":[{"@type":"SearchAction","target":{"@type":"EntryPoint","urlTemplate":"https:\/\/sfx.be\/en\/?s={search_term_string}"},"query-input":{"@type":"PropertyValueSpecification","valueRequired":true,"valueName":"search_term_string"}}],"inLanguage":"de"}]}},"_links":{"self":[{"href":"https:\/\/sfx.be\/de\/wp-json\/wp\/v2\/pages\/981","targetHints":{"allow":["GET"]}}],"collection":[{"href":"https:\/\/sfx.be\/de\/wp-json\/wp\/v2\/pages"}],"about":[{"href":"https:\/\/sfx.be\/de\/wp-json\/wp\/v2\/types\/page"}],"author":[{"embeddable":true,"href":"https:\/\/sfx.be\/de\/wp-json\/wp\/v2\/users\/1"}],"replies":[{"embeddable":true,"href":"https:\/\/sfx.be\/de\/wp-json\/wp\/v2\/comments?post=981"}],"version-history":[{"count":2,"href":"https:\/\/sfx.be\/de\/wp-json\/wp\/v2\/pages\/981\/revisions"}],"predecessor-version":[{"id":983,"href":"https:\/\/sfx.be\/de\/wp-json\/wp\/v2\/pages\/981\/revisions\/983"}],"up":[{"embeddable":true,"href":"https:\/\/sfx.be\/de\/wp-json\/wp\/v2\/pages\/852"}],"wp:attachment":[{"href":"https:\/\/sfx.be\/de\/wp-json\/wp\/v2\/media?parent=981"}],"curies":[{"name":"wp","href":"https:\/\/api.w.org\/{rel}","templated":true}]}}