{"id":991,"date":"2022-01-17T15:16:56","date_gmt":"2022-01-17T15:16:56","guid":{"rendered":"https:\/\/sfx.be\/professionelle-uebersetzungen\/"},"modified":"2022-01-17T15:16:59","modified_gmt":"2022-01-17T15:16:59","slug":"professionelle-uebersetzungen","status":"publish","type":"page","link":"https:\/\/sfx.be\/de\/professionelle-uebersetzungen\/","title":{"rendered":"Professionelle \u00dcbersetzungen"},"content":{"rendered":"<p>[et_pb_section fb_built=&#8220;1&#8243; _builder_version=&#8220;4.9.4&#8243; _module_preset=&#8220;default&#8220; background_color=&#8220;#FFFFFF&#8220; width=&#8220;60%&#8220; width_tablet=&#8220;90%&#8220; width_phone=&#8220;&#8220; width_last_edited=&#8220;on|tablet&#8220; module_alignment=&#8220;center&#8220; custom_margin=&#8220;5vh||||false|false&#8220; custom_padding=&#8220;||||false|false&#8220; border_radii=&#8220;on|3px|3px|3px|3px&#8220; box_shadow_style=&#8220;preset1&#8243; box_shadow_color=&#8220;rgba(0,0,0,0.06)&#8220; global_colors_info=&#8220;{}&#8220;][et_pb_row use_custom_gutter=&#8220;on&#8220; gutter_width=&#8220;4&#8243; _builder_version=&#8220;4.9.4&#8243; _module_preset=&#8220;default&#8220; custom_padding=&#8220;0px||0px||false|false&#8220; global_colors_info=&#8220;{}&#8220;][et_pb_column type=&#8220;4_4&#8243; _builder_version=&#8220;4.9.4&#8243; _module_preset=&#8220;default&#8220; global_colors_info=&#8220;{}&#8220;][dsm_breadcrumbs home_text=&#8220;Home&#8220; _builder_version=&#8220;4.9.4&#8243; _module_preset=&#8220;default&#8220; items_font=&#8220;Nunito|700|||||||&#8220; current_font=&#8220;Nunito||||||||&#8220; width=&#8220;100%&#8220; module_alignment=&#8220;center&#8220; custom_margin=&#8220;0px||0px||false|false&#8220; custom_padding=&#8220;0px||0px||false|false&#8220; global_colors_info=&#8220;{}&#8220;][\/dsm_breadcrumbs][et_pb_text _builder_version=&#8220;4.9.4&#8243; _module_preset=&#8220;default&#8220; header_font=&#8220;Nunito|700|||||||&#8220; header_font_size=&#8220;38px&#8220; header_line_height=&#8220;1.3em&#8220; width=&#8220;100%&#8220; global_colors_info=&#8220;{}&#8220;]<\/p>\n<h1><span style=\"color: #8dc63f;\">Professionelle<\/span> \u00dcbersetzungen<\/h1>\n<p>[\/et_pb_text][et_pb_text _builder_version=&#8220;4.9.4&#8243; _module_preset=&#8220;default&#8220; text_font=&#8220;Quicksand||||||||&#8220; text_text_color=&#8220;#8DC63F&#8220; text_font_size=&#8220;35px&#8220; header_font=&#8220;Nunito|700|||||||&#8220; header_text_align=&#8220;left&#8220; header_text_color=&#8220;#000000&#8243; header_font_size=&#8220;24px&#8220; header_line_height=&#8220;1.2em&#8220; width=&#8220;100%&#8220; global_colors_info=&#8220;{}&#8220;]<\/p>\n<h1 id=\"RESEAUtexte\"><span>SFX Translated ist der Garant f\u00fcr professionelle \u00dcbersetzungen<\/span><\/h1>\n<p>[\/et_pb_text][\/et_pb_column][\/et_pb_row][et_pb_row _builder_version=&#8220;4.9.4&#8243; _module_preset=&#8220;default&#8220; width=&#8220;100%&#8220; max_width=&#8220;1477px&#8220; custom_padding=&#8220;2vh||0px||false|false&#8220; global_colors_info=&#8220;{}&#8220;][et_pb_column type=&#8220;4_4&#8243; _builder_version=&#8220;4.9.4&#8243; _module_preset=&#8220;default&#8220; background_color=&#8220;#FFFFFF&#8220; custom_padding=&#8220;||||true|false&#8220; global_colors_info=&#8220;{}&#8220;][et_pb_text _builder_version=&#8220;4.9.4&#8243; _module_preset=&#8220;default&#8220; text_font=&#8220;Nunito|700|||||||&#8220; text_text_color=&#8220;#000000&#8243; text_font_size=&#8220;16px&#8220; text_line_height=&#8220;1.8em&#8220; header_2_line_height=&#8220;1.7em&#8220; width=&#8220;80%&#8220; global_colors_info=&#8220;{}&#8220;]<\/p>\n<p>Exzellente Sprach- und Fachkenntnisse sind n\u00f6tig, um<span> <\/span><strong>professionelle \u00dcbersetzungen<\/strong> zu erstellen. Deshalb hat <span> <\/span><strong>SFX Translated<\/strong><span> <\/span>seine Tore ge\u00f6ffnet und ein Netzwerk aus<span> <\/span><strong>professionellen \u00dcbersetzern,<\/strong><span> <\/span>auf der ganzen Welt aufgebaut. Dank dieses \u00e4u\u00dferst durchmischten Teams stellen<span> <\/span><a href=\"https:\/\/sfx.be\/de\/technisch\/juristische-uebersetzungen\/\">rechtliche Texte<\/a>, aber auch Texte aus der Wirtschaft, Medizin, Wissenschaft oder Politik kein Problem f\u00fcr die \u00dcbersetzer dar.<\/p>\n<p>Egal welche Sprachen, egal welches Sachgebiet:<span> <\/span><strong>SFX Translated<\/strong><span> <\/span>verb\u00fcrgt sich f\u00fcr eine<span> <\/span><strong>professionelle, einwandfreie \u00dcbersetzung<\/strong>. Sie ben\u00f6tigen eine professionelle \u00dcbersetzung aus oder in folgende(n) Sprachen: Englisch, Deutsch, Niederl\u00e4ndisch, Spanisch, Italienisch, Russisch oder sogar Chinesisch? Beauftragen Sie das \u00dcbersetzungsb\u00fcro<span> <\/span><strong>SFX Translated<\/strong><span> <\/span>mit der \u00dcbersetzung Ihrer Dokumente und Sie werden vom Ergebnis angetan sein.<\/p>\n<p>Die \u00dcbersetzer von <span> <\/span><strong>SFX Translated <\/strong><span> <\/span>haben umfassende Erfahrung mit \u00dcbersetzungen und k\u00f6nnen Ihnen so einen schnellen, genauen und qualitativ hochwertigen Service bieten.<\/p>\n<p>[\/et_pb_text][\/et_pb_column][\/et_pb_row][\/et_pb_section][et_pb_section fb_built=&#8220;1&#8243; _builder_version=&#8220;4.9.4&#8243; _module_preset=&#8220;default&#8220; background_color=&#8220;#FFFFFF&#8220; width=&#8220;55%&#8220; width_tablet=&#8220;80%&#8220; width_phone=&#8220;&#8220; width_last_edited=&#8220;on|phone&#8220; module_alignment=&#8220;center&#8220; custom_margin=&#8220;6vh||15vh||false|false&#8220; border_radii=&#8220;on|3px|3px|3px|3px&#8220; box_shadow_style=&#8220;preset1&#8243; box_shadow_color=&#8220;rgba(0,0,0,0.06)&#8220; global_colors_info=&#8220;{}&#8220;][et_pb_row _builder_version=&#8220;4.9.4&#8243; _module_preset=&#8220;default&#8220; custom_padding=&#8220;0px||0px||false|false&#8220; global_colors_info=&#8220;{}&#8220;][et_pb_column type=&#8220;4_4&#8243; _builder_version=&#8220;4.9.4&#8243; _module_preset=&#8220;default&#8220; global_colors_info=&#8220;{}&#8220;][et_pb_text _builder_version=&#8220;4.9.4&#8243; _module_preset=&#8220;default&#8220; text_font=&#8220;Nunito|700|||||||&#8220; text_text_color=&#8220;#000000&#8243; text_font_size=&#8220;29px&#8220; text_line_height=&#8220;1.4em&#8220; text_orientation=&#8220;center&#8220; animation_style=&#8220;slide&#8220; animation_direction=&#8220;bottom&#8220; animation_intensity_slide=&#8220;10%&#8220; animation_speed_curve=&#8220;ease-out&#8220; global_colors_info=&#8220;{}&#8220;]Warten Sie nicht l\u00e4nger und profitieren Sie von professioneller Arbeit zum besten Preis.[\/et_pb_text][et_pb_button button_url=&#8220;@ET-DC@eyJkeW5hbWljIjp0cnVlLCJjb250ZW50IjoicG9zdF9saW5rX3VybF9wYWdlIiwic2V0dGluZ3MiOnsicG9zdF9pZCI6IjIxIn19@&#8220; button_text=&#8220;Kostenloses Angebot&#8220; button_alignment=&#8220;center&#8220; _builder_version=&#8220;4.9.4&#8243; _dynamic_attributes=&#8220;button_url&#8220; _module_preset=&#8220;default&#8220; button_text_size=&#8220;26px&#8220; global_colors_info=&#8220;{}&#8220;][\/et_pb_button][\/et_pb_column][\/et_pb_row][\/et_pb_section]<\/p>\n","protected":false},"excerpt":{"rendered":"<p><div class=\"et_pb_module dsm_breadcrumbs dsm_breadcrumbs_0\">\n\t\t\t\t\n\t\t\t\t\n\t\t\t\t\n\t\t\t\t\n\t\t\t\t\n\t\t\t\t\n\t\t\t\t<div class=\"et_pb_module_inner\">\n\t\t\t\t\t<nav class=\"dsm_breadcrumbs_wrap\">\n\t\t\t\t<ul class=\"dsm_breadcrumbs\" itemscope itemtype=\"https:\/\/schema.org\/BreadcrumbList\">\t\t\t<li class=\"dsm_breadcrumbs_item dsm_home_item dsm_home_item_custom\" itemprop=\"itemListElement\" itemscope\n\t\t\titemtype=\"https:\/\/schema.org\/ListItem\">\n\t\t\t\t<a href=\"https:\/\/sfx.be\/de\/\" itemprop=\"item\" target=\"\">\n\t\t\t\t\t<span class='dsm_home_text_wrapper'>\n\t\t\t\t\t\t\t\t\t\t\t\t\t<span class=\"et-pb-icon dsm_home_icon\">\ue009<\/span>\n\t\t\t\t\t\t\t\t\t\t\t\t\t<span class=\"dsm_home_text\" itemprop=\"name\">\n\t\t\t\t\t\t\t\tHome\t\t\t\t\t\t\t<\/span>\n\t\t\t\t\t<\/span>\n\t\t\t\t<\/a>\n\t\t\t\t<meta itemprop=\"position\" content=\"1\" \/>\n\t\t\t<\/li>\n\n\t\t<li class=\"dsm_breadcrumbs_separator\"> <span class=\"et-pb-icon dsm_separator_icon\">5<\/span><\/li><\/ul>\n\t\t\t<\/nav>\n\t\t\t\t<\/div>\n\t\t\t<\/div>Professionelle \u00dcbersetzungenSFX Translated ist der Garant f\u00fcr professionelle \u00dcbersetzungenExzellente Sprach- und Fachkenntnisse sind n\u00f6tig, um professionelle \u00dcbersetzungen zu erstellen. Deshalb hat SFX Translated seine Tore ge\u00f6ffnet und ein Netzwerk aus professionellen \u00dcbersetzern, auf der ganzen Welt aufgebaut. Dank dieses \u00e4u\u00dferst durchmischten Teams stellen rechtliche Texte, aber auch Texte aus der Wirtschaft, Medizin, Wissenschaft oder Politik kein Problem f\u00fcr die \u00dcbersetzer dar. Egal welche Sprachen, egal welches Sachgebiet: SFX Translated verb\u00fcrgt sich f\u00fcr eine professionelle, einwandfreie \u00dcbersetzung. Sie ben\u00f6tigen eine professionelle \u00dcbersetzung aus oder in folgende(n) Sprachen: Englisch, Deutsch, Niederl\u00e4ndisch, Spanisch, Italienisch, Russisch oder sogar Chinesisch? Beauftragen Sie das \u00dcbersetzungsb\u00fcro SFX Translated mit der \u00dcbersetzung Ihrer Dokumente und Sie werden vom Ergebnis angetan sein. Die \u00dcbersetzer von SFX Translated haben umfassende Erfahrung mit \u00dcbersetzungen und k\u00f6nnen Ihnen so einen schnellen, genauen und qualitativ hochwertigen Service bieten.Warten Sie nicht l\u00e4nger und profitieren Sie von professioneller Arbeit zum besten Preis.<\/p>\n","protected":false},"author":1,"featured_media":0,"parent":0,"menu_order":0,"comment_status":"closed","ping_status":"closed","template":"","meta":{"_et_pb_use_builder":"on","_et_pb_old_content":"","_et_gb_content_width":"","inline_featured_image":false,"footnotes":""},"class_list":["post-991","page","type-page","status-publish","hentry"],"yoast_head":"<!-- This site is optimized with the Yoast SEO plugin v27.4 - https:\/\/yoast.com\/product\/yoast-seo-wordpress\/ -->\n<title>Professionelle \u00dcbersetzungen - SFX<\/title>\n<meta name=\"robots\" content=\"index, follow, max-snippet:-1, max-image-preview:large, max-video-preview:-1\" \/>\n<link rel=\"canonical\" href=\"https:\/\/sfx.be\/de\/professionelle-uebersetzungen\/\" \/>\n<meta property=\"og:locale\" content=\"de_DE\" \/>\n<meta property=\"og:type\" content=\"article\" \/>\n<meta property=\"og:title\" content=\"Professionelle \u00dcbersetzungen - SFX\" \/>\n<meta property=\"og:description\" content=\"Professionelle \u00dcbersetzungenSFX Translated ist der Garant f\u00fcr professionelle \u00dcbersetzungenExzellente Sprach- und Fachkenntnisse sind n\u00f6tig, um professionelle \u00dcbersetzungen zu erstellen. Deshalb hat SFX Translated seine Tore ge\u00f6ffnet und ein Netzwerk aus professionellen \u00dcbersetzern, auf der ganzen Welt aufgebaut. Dank dieses \u00e4u\u00dferst durchmischten Teams stellen rechtliche Texte, aber auch Texte aus der Wirtschaft, Medizin, Wissenschaft oder Politik kein Problem f\u00fcr die \u00dcbersetzer dar. Egal welche Sprachen, egal welches Sachgebiet: SFX Translated verb\u00fcrgt sich f\u00fcr eine professionelle, einwandfreie \u00dcbersetzung. Sie ben\u00f6tigen eine professionelle \u00dcbersetzung aus oder in folgende(n) Sprachen: Englisch, Deutsch, Niederl\u00e4ndisch, Spanisch, Italienisch, Russisch oder sogar Chinesisch? Beauftragen Sie das \u00dcbersetzungsb\u00fcro SFX Translated mit der \u00dcbersetzung Ihrer Dokumente und Sie werden vom Ergebnis angetan sein. Die \u00dcbersetzer von SFX Translated haben umfassende Erfahrung mit \u00dcbersetzungen und k\u00f6nnen Ihnen so einen schnellen, genauen und qualitativ hochwertigen Service bieten.Warten Sie nicht l\u00e4nger und profitieren Sie von professioneller Arbeit zum besten Preis.\" \/>\n<meta property=\"og:url\" content=\"https:\/\/sfx.be\/de\/professionelle-uebersetzungen\/\" \/>\n<meta property=\"og:site_name\" content=\"SFX\" \/>\n<meta property=\"article:modified_time\" content=\"2022-01-17T15:16:59+00:00\" \/>\n<meta name=\"twitter:card\" content=\"summary_large_image\" \/>\n<meta name=\"twitter:label1\" content=\"Gesch\u00e4tzte Lesezeit\" \/>\n\t<meta name=\"twitter:data1\" content=\"3\u00a0Minuten\" \/>\n<!-- \/ Yoast SEO plugin. -->","yoast_head_json":{"title":"Professionelle \u00dcbersetzungen - SFX","robots":{"index":"index","follow":"follow","max-snippet":"max-snippet:-1","max-image-preview":"max-image-preview:large","max-video-preview":"max-video-preview:-1"},"canonical":"https:\/\/sfx.be\/de\/professionelle-uebersetzungen\/","og_locale":"de_DE","og_type":"article","og_title":"Professionelle \u00dcbersetzungen - SFX","og_description":"Professionelle \u00dcbersetzungenSFX Translated ist der Garant f\u00fcr professionelle \u00dcbersetzungenExzellente Sprach- und Fachkenntnisse sind n\u00f6tig, um professionelle \u00dcbersetzungen zu erstellen. Deshalb hat SFX Translated seine Tore ge\u00f6ffnet und ein Netzwerk aus professionellen \u00dcbersetzern, auf der ganzen Welt aufgebaut. Dank dieses \u00e4u\u00dferst durchmischten Teams stellen rechtliche Texte, aber auch Texte aus der Wirtschaft, Medizin, Wissenschaft oder Politik kein Problem f\u00fcr die \u00dcbersetzer dar. Egal welche Sprachen, egal welches Sachgebiet: SFX Translated verb\u00fcrgt sich f\u00fcr eine professionelle, einwandfreie \u00dcbersetzung. Sie ben\u00f6tigen eine professionelle \u00dcbersetzung aus oder in folgende(n) Sprachen: Englisch, Deutsch, Niederl\u00e4ndisch, Spanisch, Italienisch, Russisch oder sogar Chinesisch? Beauftragen Sie das \u00dcbersetzungsb\u00fcro SFX Translated mit der \u00dcbersetzung Ihrer Dokumente und Sie werden vom Ergebnis angetan sein. Die \u00dcbersetzer von SFX Translated haben umfassende Erfahrung mit \u00dcbersetzungen und k\u00f6nnen Ihnen so einen schnellen, genauen und qualitativ hochwertigen Service bieten.Warten Sie nicht l\u00e4nger und profitieren Sie von professioneller Arbeit zum besten Preis.","og_url":"https:\/\/sfx.be\/de\/professionelle-uebersetzungen\/","og_site_name":"SFX","article_modified_time":"2022-01-17T15:16:59+00:00","twitter_card":"summary_large_image","twitter_misc":{"Gesch\u00e4tzte Lesezeit":"3\u00a0Minuten"},"schema":{"@context":"https:\/\/schema.org","@graph":[{"@type":"WebPage","@id":"https:\/\/sfx.be\/de\/professionelle-uebersetzungen\/","url":"https:\/\/sfx.be\/de\/professionelle-uebersetzungen\/","name":"Professionelle \u00dcbersetzungen - SFX","isPartOf":{"@id":"https:\/\/sfx.be\/en\/#website"},"datePublished":"2022-01-17T15:16:56+00:00","dateModified":"2022-01-17T15:16:59+00:00","breadcrumb":{"@id":"https:\/\/sfx.be\/de\/professionelle-uebersetzungen\/#breadcrumb"},"inLanguage":"de","potentialAction":[{"@type":"ReadAction","target":["https:\/\/sfx.be\/de\/professionelle-uebersetzungen\/"]}]},{"@type":"BreadcrumbList","@id":"https:\/\/sfx.be\/de\/professionelle-uebersetzungen\/#breadcrumb","itemListElement":[{"@type":"ListItem","position":1,"name":"Accueil","item":"https:\/\/sfx.be\/de\/"},{"@type":"ListItem","position":2,"name":"Professionelle \u00dcbersetzungen"}]},{"@type":"WebSite","@id":"https:\/\/sfx.be\/en\/#website","url":"https:\/\/sfx.be\/en\/","name":"SFX","description":"Agence de traduction multilingue","potentialAction":[{"@type":"SearchAction","target":{"@type":"EntryPoint","urlTemplate":"https:\/\/sfx.be\/en\/?s={search_term_string}"},"query-input":{"@type":"PropertyValueSpecification","valueRequired":true,"valueName":"search_term_string"}}],"inLanguage":"de"}]}},"_links":{"self":[{"href":"https:\/\/sfx.be\/de\/wp-json\/wp\/v2\/pages\/991","targetHints":{"allow":["GET"]}}],"collection":[{"href":"https:\/\/sfx.be\/de\/wp-json\/wp\/v2\/pages"}],"about":[{"href":"https:\/\/sfx.be\/de\/wp-json\/wp\/v2\/types\/page"}],"author":[{"embeddable":true,"href":"https:\/\/sfx.be\/de\/wp-json\/wp\/v2\/users\/1"}],"replies":[{"embeddable":true,"href":"https:\/\/sfx.be\/de\/wp-json\/wp\/v2\/comments?post=991"}],"version-history":[{"count":4,"href":"https:\/\/sfx.be\/de\/wp-json\/wp\/v2\/pages\/991\/revisions"}],"predecessor-version":[{"id":996,"href":"https:\/\/sfx.be\/de\/wp-json\/wp\/v2\/pages\/991\/revisions\/996"}],"wp:attachment":[{"href":"https:\/\/sfx.be\/de\/wp-json\/wp\/v2\/media?parent=991"}],"curies":[{"name":"wp","href":"https:\/\/api.w.org\/{rel}","templated":true}]}}