{"id":1007,"date":"2022-01-17T15:45:40","date_gmt":"2022-01-17T15:45:40","guid":{"rendered":"https:\/\/sfx.be\/technisch\/vertalingen-op-gebied-van-financien\/"},"modified":"2022-01-17T15:45:42","modified_gmt":"2022-01-17T15:45:42","slug":"vertalingen-op-gebied-van-financien","status":"publish","type":"page","link":"https:\/\/sfx.be\/nl\/technisch\/vertalingen-op-gebied-van-financien\/","title":{"rendered":"Vertalingen op gebied van financi\u00ebn"},"content":{"rendered":"<p>[et_pb_section fb_built=&#8221;1&#8243; _builder_version=&#8221;4.9.4&#8243; _module_preset=&#8221;default&#8221; background_color=&#8221;#FFFFFF&#8221; width=&#8221;60%&#8221; width_tablet=&#8221;90%&#8221; width_phone=&#8221;&#8221; width_last_edited=&#8221;on|tablet&#8221; module_alignment=&#8221;center&#8221; custom_margin=&#8221;5vh||||false|false&#8221; custom_padding=&#8221;0px||0px||false|false&#8221; animation_style=&#8221;slide&#8221; animation_direction=&#8221;left&#8221; animation_duration=&#8221;1500ms&#8221; animation_delay=&#8221;150ms&#8221; animation_intensity_slide=&#8221;5%&#8221; animation_speed_curve=&#8221;ease&#8221; border_radii=&#8221;on|3px|3px|3px|3px&#8221; box_shadow_style=&#8221;preset1&#8243; box_shadow_color=&#8221;rgba(0,0,0,0.06)&#8221; global_colors_info=&#8221;{}&#8221;][et_pb_row _builder_version=&#8221;4.9.4&#8243; _module_preset=&#8221;default&#8221; width=&#8221;100%&#8221; max_width=&#8221;1477px&#8221; custom_padding=&#8221;7vh||7vh||false|false&#8221; global_colors_info=&#8221;{}&#8221;][et_pb_column type=&#8221;4_4&#8243; _builder_version=&#8221;4.9.4&#8243; _module_preset=&#8221;default&#8221; background_color=&#8221;#FFFFFF&#8221; custom_padding=&#8221;0px||0px||true|false&#8221; global_colors_info=&#8221;{}&#8221;][dsm_breadcrumbs home_text=&#8221;Home&#8221; _builder_version=&#8221;4.9.4&#8243; _module_preset=&#8221;default&#8221; items_font=&#8221;Nunito|700|||||||&#8221; current_font=&#8221;Nunito||||||||&#8221; width=&#8221;75%&#8221; module_alignment=&#8221;center&#8221; custom_margin=&#8221;0px||0px||false|false&#8221; custom_padding=&#8221;0px||0px||false|false&#8221; global_colors_info=&#8221;{}&#8221;][\/dsm_breadcrumbs][et_pb_text _builder_version=&#8221;4.9.4&#8243; _module_preset=&#8221;default&#8221; header_font=&#8221;Nunito|700|||||||&#8221; header_font_size=&#8221;38px&#8221; header_line_height=&#8221;1.3em&#8221; global_colors_info=&#8221;{}&#8221;]<\/p>\n<h1>SFX Translated: <span style=\"color: #8dc63f;\">uw bondgenoot voor vertalingen op gebied van financi\u00ebn<\/span><\/h1>\n<p>[\/et_pb_text][et_pb_text _builder_version=&#8221;4.9.4&#8243; _module_preset=&#8221;default&#8221; text_font=&#8221;Nunito||||||||&#8221; text_text_color=&#8221;#000000&#8243; text_font_size=&#8221;16px&#8221; text_line_height=&#8221;1.8em&#8221; width=&#8221;75%&#8221; global_colors_info=&#8221;{}&#8221;]<\/p>\n<p><span>De financi\u00eble sector is zeer gespecialiseerd. Door een beroep te doen op deskundigen op dit gebied kunt u zeker zijn van de juiste specifieke terminologie. <\/span><\/p>\n<p>[\/et_pb_text][et_pb_text _builder_version=&#8221;4.9.4&#8243; _module_preset=&#8221;default&#8221; text_font=&#8221;Nunito||||||||&#8221; text_text_color=&#8221;#000000&#8243; text_font_size=&#8221;16px&#8221; text_line_height=&#8221;1.8em&#8221; header_2_font_size=&#8221;24px&#8221; header_2_line_height=&#8221;1.3em&#8221; header_3_font=&#8221;Nunito|700|||||||&#8221; header_3_line_height=&#8221;1.3em&#8221; width=&#8221;75%&#8221; global_colors_info=&#8221;{}&#8221;]<\/p>\n<h2>Financi\u00ebn: een complex vakgebied voor vertalingen<\/h2>\n<p>[\/et_pb_text][et_pb_text _builder_version=&#8221;4.14.4&#8243; _module_preset=&#8221;default&#8221; text_font=&#8221;Nunito||||||||&#8221; text_text_color=&#8221;#000000&#8243; text_font_size=&#8221;16px&#8221; text_line_height=&#8221;1.8em&#8221; width=&#8221;75%&#8221; hover_enabled=&#8221;0&#8243; global_colors_info=&#8221;{}&#8221; sticky_enabled=&#8221;0&#8243;]<\/p>\n<p>Financi\u00eble documenten veranderen voortdurend en moeten dus altijd worden bijgewerkt. Daarom moeten de verschillende vertalingen regelmatig worden aangepast. Dit is waar onze experts tussenkomen. Zij vertalen uw materiaal voor marketing en financi\u00ebn in de gewenste taal.   <\/p>\n<p>De complexiteit van het vakgebied vereist vele kwaliteiten, zoals grondigheid en nauwkeurigheid. De deskundigen die worden ingeschakeld voor uw projecten, zijn extra effici\u00ebnt omdat zij hun vakgebied door en door kennen. Het is duidelijk dat dit specifieke gebied geen ruimte voor fouten laat. SFX maakt er een erezaak van om voor een vlekkeloze vertaling te zorgen. Onze vertalers combineren dan ook hun taalkundige kennis met technische kennis.    <\/p>\n<p>[\/et_pb_text][et_pb_text _builder_version=&#8221;4.9.4&#8243; _module_preset=&#8221;default&#8221; text_font=&#8221;Nunito||||||||&#8221; text_text_color=&#8221;#000000&#8243; text_font_size=&#8221;16px&#8221; text_line_height=&#8221;1.8em&#8221; header_2_font_size=&#8221;24px&#8221; header_2_line_height=&#8221;1.3em&#8221; header_3_font=&#8221;Nunito|700|||||||&#8221; header_3_line_height=&#8221;1.3em&#8221; width=&#8221;75%&#8221; global_colors_info=&#8221;{}&#8221;]<\/p>\n<h2>Vertaling en revisie<\/h2>\n<p>[\/et_pb_text][et_pb_text _builder_version=&#8221;4.9.4&#8243; _module_preset=&#8221;default&#8221; text_font=&#8221;Nunito||||||||&#8221; text_text_color=&#8221;#000000&#8243; text_font_size=&#8221;16px&#8221; text_line_height=&#8221;1.8em&#8221; width=&#8221;75%&#8221; global_colors_info=&#8221;{}&#8221;]<\/p>\n<p>Naast zuivere vertaling verzorgen we ook de revisie van documenten. Dit garandeert werk van hoge kwaliteit dat klaar is voor verspreiding. U hoeft niet bang te zijn om uw documenten zelf te vertalen, maar laat ze wel door onze medewerkers controleren.  <\/p>\n<p>[\/et_pb_text][et_pb_text _builder_version=&#8221;4.9.4&#8243; _module_preset=&#8221;default&#8221; text_font=&#8221;Nunito||||||||&#8221; text_text_color=&#8221;#000000&#8243; text_font_size=&#8221;16px&#8221; text_line_height=&#8221;1.8em&#8221; header_2_font_size=&#8221;24px&#8221; header_2_line_height=&#8221;1.3em&#8221; header_3_font=&#8221;Nunito|700|||||||&#8221; header_3_line_height=&#8221;1.3em&#8221; width=&#8221;75%&#8221; global_colors_info=&#8221;{}&#8221;]<\/p>\n<h2>Wij staan voor u klaar<\/h2>\n<p>[\/et_pb_text][et_pb_text _builder_version=&#8221;4.14.4&#8243; _module_preset=&#8221;default&#8221; text_font=&#8221;Nunito||||||||&#8221; text_text_color=&#8221;#000000&#8243; text_font_size=&#8221;16px&#8221; text_line_height=&#8221;1.8em&#8221; width=&#8221;75%&#8221; hover_enabled=&#8221;0&#8243; global_colors_info=&#8221;{}&#8221; sticky_enabled=&#8221;0&#8243;]<\/p>\n<p>Het team van SFX onderhoudt een dialoog met onze klanten. Onze projectmanagers zijn de hele week 24 uur per dag beschikbaar. <\/p>\n<p>We zijn ons bewust van de behoefte aan snelheid en bezorgen<span> <\/span><a href=\"https:\/\/sfx.be\/nl\/offerte\/\">binnen 24 uur na aanvraag een gedetailleerde offerte.<\/a><span> <\/span>We werken met een wereldwijd netwerk van vertalers. Onze deskundigen beschikken over een degelijke kennis van de financi\u00eble sector. Onze dienstverlening is snel, nauwkeurig en effici\u00ebnt.   <\/p>\n<p>We garanderen u een perfecte kopie die de betekenis, vorm en inhoud van uw document behoudt. Het is belangrijk voor ons om werk af te leveren dat aan uw verwachtingen voldoet. <\/p>\n<p><a href=\"https:\/\/sfx.be\/nl\/contact\/\">Aarzel niet om contact met ons op te nemen voor aanvullende informatie!<\/a><\/p>\n<p>[\/et_pb_text][\/et_pb_column][\/et_pb_row][\/et_pb_section][et_pb_section fb_built=&#8221;1&#8243; _builder_version=&#8221;4.9.4&#8243; _module_preset=&#8221;default&#8221; background_color=&#8221;#FFFFFF&#8221; width=&#8221;55%&#8221; width_tablet=&#8221;80%&#8221; width_phone=&#8221;&#8221; width_last_edited=&#8221;on|phone&#8221; module_alignment=&#8221;center&#8221; custom_margin=&#8221;6vh||15vh||false|false&#8221; border_radii=&#8221;on|3px|3px|3px|3px&#8221; box_shadow_style=&#8221;preset1&#8243; box_shadow_color=&#8221;rgba(0,0,0,0.06)&#8221; global_colors_info=&#8221;{}&#8221;][et_pb_row _builder_version=&#8221;4.9.4&#8243; _module_preset=&#8221;default&#8221; custom_padding=&#8221;0px||0px||false|false&#8221; global_colors_info=&#8221;{}&#8221;][et_pb_column type=&#8221;4_4&#8243; _builder_version=&#8221;4.9.4&#8243; _module_preset=&#8221;default&#8221; global_colors_info=&#8221;{}&#8221;][et_pb_text _builder_version=&#8221;4.9.4&#8243; _module_preset=&#8221;default&#8221; text_font=&#8221;Nunito|700|||||||&#8221; text_text_color=&#8221;#000000&#8243; text_font_size=&#8221;29px&#8221; text_line_height=&#8221;1.4em&#8221; text_orientation=&#8221;center&#8221; animation_style=&#8221;slide&#8221; animation_direction=&#8221;bottom&#8221; animation_intensity_slide=&#8221;10%&#8221; animation_speed_curve=&#8221;ease-out&#8221; global_colors_info=&#8221;{}&#8221;]<\/p>\n<p>Wacht niet langer om professioneel werk te<br \/>laten uitvoeren tegen de beste prijs. <span style=\"color: #8dc63f;\"><\/span><\/p>\n<p>[\/et_pb_text][et_pb_button button_url=&#8221;@ET-DC@eyJkeW5hbWljIjp0cnVlLCJjb250ZW50IjoicG9zdF9saW5rX3VybF9wYWdlIiwic2V0dGluZ3MiOnsicG9zdF9pZCI6IjIxIn19@&#8221; button_text=&#8221;Gratis offerte&#8221; button_alignment=&#8221;center&#8221; _builder_version=&#8221;4.9.4&#8243; _dynamic_attributes=&#8221;button_url&#8221; _module_preset=&#8221;default&#8221; button_text_size=&#8221;26px&#8221; global_colors_info=&#8221;{}&#8221;][\/et_pb_button][\/et_pb_column][\/et_pb_row][\/et_pb_section]<\/p>\n","protected":false},"excerpt":{"rendered":"<p><div class=\"et_pb_module dsm_breadcrumbs dsm_breadcrumbs_0\">\n\t\t\t\t\n\t\t\t\t\n\t\t\t\t\n\t\t\t\t\n\t\t\t\t\n\t\t\t\t\n\t\t\t\t<div class=\"et_pb_module_inner\">\n\t\t\t\t\t<nav class=\"dsm_breadcrumbs_wrap\">\n\t\t\t\t<ul class=\"dsm_breadcrumbs\" itemscope itemtype=\"https:\/\/schema.org\/BreadcrumbList\">\t\t\t<li class=\"dsm_breadcrumbs_item dsm_home_item dsm_home_item_custom\" itemprop=\"itemListElement\" itemscope\n\t\t\titemtype=\"https:\/\/schema.org\/ListItem\">\n\t\t\t\t<a href=\"https:\/\/sfx.be\/nl\/\" itemprop=\"item\" target=\"\">\n\t\t\t\t\t<span class='dsm_home_text_wrapper'>\n\t\t\t\t\t\t\t\t\t\t\t\t\t<span class=\"et-pb-icon dsm_home_icon\">\ue009<\/span>\n\t\t\t\t\t\t\t\t\t\t\t\t\t<span class=\"dsm_home_text\" itemprop=\"name\">\n\t\t\t\t\t\t\t\tHome\t\t\t\t\t\t\t<\/span>\n\t\t\t\t\t<\/span>\n\t\t\t\t<\/a>\n\t\t\t\t<meta itemprop=\"position\" content=\"1\" \/>\n\t\t\t<\/li>\n\n\t\t<li class=\"dsm_breadcrumbs_separator\"> <span class=\"et-pb-icon dsm_separator_icon\">5<\/span><\/li><\/ul>\n\t\t\t<\/nav>\n\t\t\t\t<\/div>\n\t\t\t<\/div>SFX Translated: uw bondgenoot voor vertalingen op gebied van financi\u00ebnDe financi\u00eble sector is zeer gespecialiseerd. Door een beroep te doen op deskundigen op dit gebied kunt u zeker zijn van de juiste specifieke terminologie. Financi\u00ebn: een complex vakgebied voor vertalingenFinanci\u00eble documenten veranderen voortdurend en moeten dus altijd worden bijgewerkt. Daarom moeten de verschillende vertalingen regelmatig worden aangepast. Dit is waar onze experts tussenkomen. Zij vertalen uw materiaal voor marketing en financi\u00ebn in de gewenste taal. De complexiteit van het vakgebied vereist vele kwaliteiten, zoals grondigheid en nauwkeurigheid. De deskundigen die worden ingeschakeld voor uw projecten, zijn extra effici\u00ebnt omdat zij hun vakgebied door en door kennen. Het is duidelijk dat dit specifieke gebied geen ruimte voor fouten laat. SFX maakt er een erezaak van om voor een vlekkeloze vertaling te zorgen. Onze vertalers combineren dan ook hun taalkundige kennis met technische kennis. Vertaling en revisieNaast zuivere vertaling verzorgen we ook de revisie van documenten. Dit garandeert werk van hoge kwaliteit dat klaar is voor verspreiding. U hoeft niet bang te zijn om uw documenten zelf te vertalen, maar laat ze wel door onze medewerkers controleren. Wij staan voor u klaarHet [&hellip;]<\/p>\n","protected":false},"author":1,"featured_media":0,"parent":751,"menu_order":0,"comment_status":"closed","ping_status":"closed","template":"","meta":{"_et_pb_use_builder":"on","_et_pb_old_content":"","_et_gb_content_width":"","inline_featured_image":false,"footnotes":""},"class_list":["post-1007","page","type-page","status-publish","hentry"],"yoast_head":"<!-- This site is optimized with the Yoast SEO plugin v27.4 - https:\/\/yoast.com\/product\/yoast-seo-wordpress\/ -->\n<title>Vertalingen op gebied van financi\u00ebn - SFX<\/title>\n<meta name=\"robots\" content=\"index, follow, max-snippet:-1, max-image-preview:large, max-video-preview:-1\" \/>\n<link rel=\"canonical\" href=\"https:\/\/sfx.be\/nl\/technisch\/vertalingen-op-gebied-van-financien\/\" \/>\n<meta property=\"og:locale\" content=\"nl_NL\" \/>\n<meta property=\"og:type\" content=\"article\" \/>\n<meta property=\"og:title\" content=\"Vertalingen op gebied van financi\u00ebn - SFX\" \/>\n<meta property=\"og:description\" content=\"SFX Translated: uw bondgenoot voor vertalingen op gebied van financi\u00ebnDe financi\u00eble sector is zeer gespecialiseerd. Door een beroep te doen op deskundigen op dit gebied kunt u zeker zijn van de juiste specifieke terminologie. Financi\u00ebn: een complex vakgebied voor vertalingenFinanci\u00eble documenten veranderen voortdurend en moeten dus altijd worden bijgewerkt. Daarom moeten de verschillende vertalingen regelmatig worden aangepast. Dit is waar onze experts tussenkomen. Zij vertalen uw materiaal voor marketing en financi\u00ebn in de gewenste taal. De complexiteit van het vakgebied vereist vele kwaliteiten, zoals grondigheid en nauwkeurigheid. De deskundigen die worden ingeschakeld voor uw projecten, zijn extra effici\u00ebnt omdat zij hun vakgebied door en door kennen. Het is duidelijk dat dit specifieke gebied geen ruimte voor fouten laat. SFX maakt er een erezaak van om voor een vlekkeloze vertaling te zorgen. Onze vertalers combineren dan ook hun taalkundige kennis met technische kennis. Vertaling en revisieNaast zuivere vertaling verzorgen we ook de revisie van documenten. Dit garandeert werk van hoge kwaliteit dat klaar is voor verspreiding. U hoeft niet bang te zijn om uw documenten zelf te vertalen, maar laat ze wel door onze medewerkers controleren. Wij staan voor u klaarHet [&hellip;]\" \/>\n<meta property=\"og:url\" content=\"https:\/\/sfx.be\/nl\/technisch\/vertalingen-op-gebied-van-financien\/\" \/>\n<meta property=\"og:site_name\" content=\"SFX\" \/>\n<meta property=\"article:modified_time\" content=\"2022-01-17T15:45:42+00:00\" \/>\n<meta name=\"twitter:card\" content=\"summary_large_image\" \/>\n<meta name=\"twitter:label1\" content=\"Geschatte leestijd\" \/>\n\t<meta name=\"twitter:data1\" content=\"5 minuten\" \/>\n<!-- \/ Yoast SEO plugin. -->","yoast_head_json":{"title":"Vertalingen op gebied van financi\u00ebn - SFX","robots":{"index":"index","follow":"follow","max-snippet":"max-snippet:-1","max-image-preview":"max-image-preview:large","max-video-preview":"max-video-preview:-1"},"canonical":"https:\/\/sfx.be\/nl\/technisch\/vertalingen-op-gebied-van-financien\/","og_locale":"nl_NL","og_type":"article","og_title":"Vertalingen op gebied van financi\u00ebn - SFX","og_description":"SFX Translated: uw bondgenoot voor vertalingen op gebied van financi\u00ebnDe financi\u00eble sector is zeer gespecialiseerd. Door een beroep te doen op deskundigen op dit gebied kunt u zeker zijn van de juiste specifieke terminologie. Financi\u00ebn: een complex vakgebied voor vertalingenFinanci\u00eble documenten veranderen voortdurend en moeten dus altijd worden bijgewerkt. Daarom moeten de verschillende vertalingen regelmatig worden aangepast. Dit is waar onze experts tussenkomen. Zij vertalen uw materiaal voor marketing en financi\u00ebn in de gewenste taal. De complexiteit van het vakgebied vereist vele kwaliteiten, zoals grondigheid en nauwkeurigheid. De deskundigen die worden ingeschakeld voor uw projecten, zijn extra effici\u00ebnt omdat zij hun vakgebied door en door kennen. Het is duidelijk dat dit specifieke gebied geen ruimte voor fouten laat. SFX maakt er een erezaak van om voor een vlekkeloze vertaling te zorgen. Onze vertalers combineren dan ook hun taalkundige kennis met technische kennis. Vertaling en revisieNaast zuivere vertaling verzorgen we ook de revisie van documenten. Dit garandeert werk van hoge kwaliteit dat klaar is voor verspreiding. U hoeft niet bang te zijn om uw documenten zelf te vertalen, maar laat ze wel door onze medewerkers controleren. Wij staan voor u klaarHet [&hellip;]","og_url":"https:\/\/sfx.be\/nl\/technisch\/vertalingen-op-gebied-van-financien\/","og_site_name":"SFX","article_modified_time":"2022-01-17T15:45:42+00:00","twitter_card":"summary_large_image","twitter_misc":{"Geschatte leestijd":"5 minuten"},"schema":{"@context":"https:\/\/schema.org","@graph":[{"@type":"WebPage","@id":"https:\/\/sfx.be\/nl\/technisch\/vertalingen-op-gebied-van-financien\/","url":"https:\/\/sfx.be\/nl\/technisch\/vertalingen-op-gebied-van-financien\/","name":"Vertalingen op gebied van financi\u00ebn - SFX","isPartOf":{"@id":"https:\/\/sfx.be\/en\/#website"},"datePublished":"2022-01-17T15:45:40+00:00","dateModified":"2022-01-17T15:45:42+00:00","breadcrumb":{"@id":"https:\/\/sfx.be\/nl\/technisch\/vertalingen-op-gebied-van-financien\/#breadcrumb"},"inLanguage":"nl-NL","potentialAction":[{"@type":"ReadAction","target":["https:\/\/sfx.be\/nl\/technisch\/vertalingen-op-gebied-van-financien\/"]}]},{"@type":"BreadcrumbList","@id":"https:\/\/sfx.be\/nl\/technisch\/vertalingen-op-gebied-van-financien\/#breadcrumb","itemListElement":[{"@type":"ListItem","position":1,"name":"Accueil","item":"https:\/\/sfx.be\/nl\/"},{"@type":"ListItem","position":2,"name":"Technisch","item":"https:\/\/sfx.be\/nl\/technisch\/"},{"@type":"ListItem","position":3,"name":"Vertalingen op gebied van financi\u00ebn"}]},{"@type":"WebSite","@id":"https:\/\/sfx.be\/en\/#website","url":"https:\/\/sfx.be\/en\/","name":"SFX","description":"Agence de traduction multilingue","potentialAction":[{"@type":"SearchAction","target":{"@type":"EntryPoint","urlTemplate":"https:\/\/sfx.be\/en\/?s={search_term_string}"},"query-input":{"@type":"PropertyValueSpecification","valueRequired":true,"valueName":"search_term_string"}}],"inLanguage":"nl-NL"}]}},"_links":{"self":[{"href":"https:\/\/sfx.be\/nl\/wp-json\/wp\/v2\/pages\/1007","targetHints":{"allow":["GET"]}}],"collection":[{"href":"https:\/\/sfx.be\/nl\/wp-json\/wp\/v2\/pages"}],"about":[{"href":"https:\/\/sfx.be\/nl\/wp-json\/wp\/v2\/types\/page"}],"author":[{"embeddable":true,"href":"https:\/\/sfx.be\/nl\/wp-json\/wp\/v2\/users\/1"}],"replies":[{"embeddable":true,"href":"https:\/\/sfx.be\/nl\/wp-json\/wp\/v2\/comments?post=1007"}],"version-history":[{"count":2,"href":"https:\/\/sfx.be\/nl\/wp-json\/wp\/v2\/pages\/1007\/revisions"}],"predecessor-version":[{"id":1009,"href":"https:\/\/sfx.be\/nl\/wp-json\/wp\/v2\/pages\/1007\/revisions\/1009"}],"up":[{"embeddable":true,"href":"https:\/\/sfx.be\/nl\/wp-json\/wp\/v2\/pages\/751"}],"wp:attachment":[{"href":"https:\/\/sfx.be\/nl\/wp-json\/wp\/v2\/media?parent=1007"}],"curies":[{"name":"wp","href":"https:\/\/api.w.org\/{rel}","templated":true}]}}