{"id":918,"date":"2022-01-14T14:11:42","date_gmt":"2022-01-14T14:11:42","guid":{"rendered":"https:\/\/sfx.be\/technisch\/juridische-vertaling\/"},"modified":"2022-03-30T08:36:49","modified_gmt":"2022-03-30T08:36:49","slug":"wettelijke-vermeldingen","status":"publish","type":"page","link":"https:\/\/sfx.be\/nl\/technisch\/wettelijke-vermeldingen\/","title":{"rendered":"Wettelijke vermeldingen"},"content":{"rendered":"<p>[et_pb_section fb_built=&#8221;1&#8243; _builder_version=&#8221;4.9.4&#8243; _module_preset=&#8221;default&#8221; background_color=&#8221;#FFFFFF&#8221; width=&#8221;60%&#8221; width_tablet=&#8221;90%&#8221; width_phone=&#8221;&#8221; width_last_edited=&#8221;on|tablet&#8221; module_alignment=&#8221;center&#8221; custom_margin=&#8221;5vh||||false|false&#8221; custom_padding=&#8221;0px||0px||false|false&#8221; animation_style=&#8221;slide&#8221; animation_direction=&#8221;left&#8221; animation_duration=&#8221;1500ms&#8221; animation_delay=&#8221;150ms&#8221; animation_intensity_slide=&#8221;5%&#8221; animation_speed_curve=&#8221;ease&#8221; border_radii=&#8221;on|3px|3px|3px|3px&#8221; box_shadow_style=&#8221;preset1&#8243; box_shadow_color=&#8221;rgba(0,0,0,0.06)&#8221; global_colors_info=&#8221;{}&#8221;][et_pb_row _builder_version=&#8221;4.9.4&#8243; _module_preset=&#8221;default&#8221; width=&#8221;100%&#8221; max_width=&#8221;1477px&#8221; custom_padding=&#8221;7vh||0px||false|false&#8221; global_colors_info=&#8221;{}&#8221;][et_pb_column type=&#8221;4_4&#8243; _builder_version=&#8221;4.9.4&#8243; _module_preset=&#8221;default&#8221; background_color=&#8221;#FFFFFF&#8221; custom_padding=&#8221;0px||0px||true|false&#8221; global_colors_info=&#8221;{}&#8221;][dsm_breadcrumbs home_text=&#8221;Home&#8221; _builder_version=&#8221;4.9.4&#8243; _module_preset=&#8221;default&#8221; items_font=&#8221;Nunito|700|||||||&#8221; current_font=&#8221;Nunito||||||||&#8221; width=&#8221;75%&#8221; module_alignment=&#8221;center&#8221; custom_margin=&#8221;0px||0px||false|false&#8221; custom_padding=&#8221;0px||0px||false|false&#8221; global_colors_info=&#8221;{}&#8221;][\/dsm_breadcrumbs][et_pb_text _builder_version=&#8221;4.14.4&#8243; _module_preset=&#8221;default&#8221; header_font=&#8221;Nunito|700|||||||&#8221; header_font_size=&#8221;38px&#8221; header_line_height=&#8221;1.3em&#8221; hover_enabled=&#8221;0&#8243; global_colors_info=&#8221;{}&#8221; sticky_enabled=&#8221;0&#8243;]<\/p>\n<h1>Be\u00ebdigde <span style=\"color: #8dc63f\">vertalingen in Luik<\/span><\/h1>\n<p>[\/et_pb_text][et_pb_text _builder_version=&#8221;4.14.4&#8243; _module_preset=&#8221;default&#8221; text_font=&#8221;Nunito||||||||&#8221; text_text_color=&#8221;#000000&#8243; text_font_size=&#8221;16px&#8221; text_line_height=&#8221;1.8em&#8221; width=&#8221;75%&#8221; hover_enabled=&#8221;0&#8243; global_colors_info=&#8221;{}&#8221; sticky_enabled=&#8221;0&#8243;]<\/p>\n<p><span>Bent u op zoek naar een professionele vertaler voor uw<\/span> <strong>juridische, technische, commerci\u00eble of offici\u00eble documenten<\/strong><span> van of naar het Frans, Nederlands, Spaans, Engels, Russisch, Chinees, Italiaans, Zweeds, Arabisch, Portugees, Roemeens of een andere taal?  <\/span>Aarzel niet om rechtstreeks contact op te nemen <a href=\"https:\/\/sfx.be\/nl\/diensten\/\">met ons vertaalbureau<\/a>.<span><\/span><\/p>\n<p>[\/et_pb_text][et_pb_text _builder_version=&#8221;4.9.4&#8243; _module_preset=&#8221;default&#8221; text_font=&#8221;Nunito||||||||&#8221; text_text_color=&#8221;#000000&#8243; text_font_size=&#8221;16px&#8221; text_line_height=&#8221;1.8em&#8221; header_2_font_size=&#8221;24px&#8221; header_2_line_height=&#8221;1.3em&#8221; header_3_font=&#8221;Nunito|700|||||||&#8221; header_3_line_height=&#8221;1.3em&#8221; width=&#8221;75%&#8221; global_colors_info=&#8221;{}&#8221;]<\/p>\n<h2>Be\u00ebdigde en juridische vertalingen voor particulieren en bedrijven<br \/>\n<\/h2>\n<p>[\/et_pb_text][et_pb_text _builder_version=&#8221;4.9.4&#8243; _module_preset=&#8221;default&#8221; text_font=&#8221;Nunito||||||||&#8221; text_text_color=&#8221;#000000&#8243; text_font_size=&#8221;16px&#8221; text_line_height=&#8221;1.8em&#8221; width=&#8221;75%&#8221; global_colors_info=&#8221;{}&#8221;]<\/p>\n<p><span>We verzorgen<\/span> <strong>vertalingen voor bedrijven en particulieren<\/strong><span> dankzij onze nauwe samenwerking met talrijke professionele vertalers. Een greep uit de documenten die we regelmatig vertalen: <\/span><\/p>\n<p>[\/et_pb_text][\/et_pb_column][\/et_pb_row][et_pb_row column_structure=&#8221;1_2,1_2&#8243; use_custom_gutter=&#8221;on&#8221; gutter_width=&#8221;1&#8243; _builder_version=&#8221;4.9.4&#8243; _module_preset=&#8221;default&#8221; custom_padding=&#8221;||3vh||false|false&#8221; global_colors_info=&#8221;{}&#8221;][et_pb_column type=&#8221;1_2&#8243; _builder_version=&#8221;4.9.4&#8243; _module_preset=&#8221;default&#8221; global_colors_info=&#8221;{}&#8221;][et_pb_text _builder_version=&#8221;4.14.4&#8243; _module_preset=&#8221;default&#8221; text_font=&#8221;Nunito||||||||&#8221; text_text_color=&#8221;#000000&#8243; text_font_size=&#8221;16px&#8221; text_line_height=&#8221;1.8em&#8221; width=&#8221;75%&#8221; hover_enabled=&#8221;0&#8243; global_colors_info=&#8221;{}&#8221; sticky_enabled=&#8221;0&#8243;]<\/p>\n<ul>\n<li>Huurovereenkomsten<\/li>\n<li>Vonnissen<\/li>\n<li>Expertiseverslagen<\/li>\n<li>Arbeidsovereenkomsten<\/li>\n<li>Octrooien<\/li>\n<li>Huwelijksakten<\/li>\n<li>Contracten<\/li>\n<li>Loonstrookjes<\/li>\n<li>Algemene voorwaarden<\/li>\n<\/ul>\n<p>&nbsp;<\/p>\n<p>[\/et_pb_text][et_pb_text _builder_version=&#8221;4.14.4&#8243; _module_preset=&#8221;default&#8221; text_font=&#8221;Nunito||||||||&#8221; text_text_color=&#8221;#000000&#8243; text_font_size=&#8221;16px&#8221; text_line_height=&#8221;1.8em&#8221; width=&#8221;75%&#8221; hover_enabled=&#8221;0&#8243; global_colors_info=&#8221;{}&#8221; sticky_enabled=&#8221;0&#8243;]<\/p>\n<ul>\n<li>Werkattesten<\/li>\n<li>Vastgoedcontracten<\/li>\n<li>Asielaanvragen<\/li>\n<li>Immigratieaanvragen<\/li>\n<li>Diploma\u2019s<\/li>\n<li>Erfenissen<\/li>\n<li>Rechterlijke bevelen<\/li>\n<li>Legaten<\/li>\n<li>Gerechtelijke beschikkingen<\/li>\n<\/ul>\n<p>[\/et_pb_text][\/et_pb_column][et_pb_column type=&#8221;1_2&#8243; _builder_version=&#8221;4.9.4&#8243; _module_preset=&#8221;default&#8221; global_colors_info=&#8221;{}&#8221;][et_pb_text _builder_version=&#8221;4.14.4&#8243; _module_preset=&#8221;default&#8221; text_font=&#8221;Nunito||||||||&#8221; text_text_color=&#8221;#000000&#8243; text_font_size=&#8221;16px&#8221; text_line_height=&#8221;1.8em&#8221; width=&#8221;75%&#8221; hover_enabled=&#8221;0&#8243; global_colors_info=&#8221;{}&#8221; sticky_enabled=&#8221;0&#8243;]<\/p>\n<ul>\n<li>Overlijdensakten<\/li>\n<li><a href=\"https:\/\/sfx.be\/traduction-medicale-technique-juridique\/traduction-juridique\/traduction-actes-de-naissance\/\">Geboorteakten<\/a><\/li>\n<li>Notari\u00eble akten<\/li>\n<li>Dagvaardingen<\/li>\n<li>Verzekeringen<\/li>\n<li>Verblijfsvergunningen<\/li>\n<li>Verblijfskaarten<\/li>\n<li>Bewonerskaarten<\/li>\n<li>Identiteitskaarten<\/li>\n<\/ul>\n<p>&nbsp;<\/p>\n<p>[\/et_pb_text][et_pb_text _builder_version=&#8221;4.9.4&#8243; _module_preset=&#8221;default&#8221; text_font=&#8221;Nunito||||||||&#8221; text_text_color=&#8221;#000000&#8243; text_font_size=&#8221;16px&#8221; text_line_height=&#8221;1.8em&#8221; width=&#8221;75%&#8221; hover_enabled=&#8221;0&#8243; global_colors_info=&#8221;{}&#8221; sticky_enabled=&#8221;0&#8243;]<\/p>\n<ul>\n<li>Naturalisaties<\/li>\n<li>Paspoorten<\/li>\n<li>Rijbewijzen<\/li>\n<li>Adoptieprocedures<\/li>\n<li>Gerechtelijke procedures<\/li>\n<li>Politieverslagen<\/li>\n<li>Successies<\/li>\n<li>Testamenten<\/li>\n<li>Vertalingen door erkende vertalers<\/li>\n<\/ul>\n<p>[\/et_pb_text][\/et_pb_column][\/et_pb_row][et_pb_row _builder_version=&#8221;4.9.4&#8243; _module_preset=&#8221;default&#8221; width=&#8221;100%&#8221; max_width=&#8221;1477px&#8221; custom_padding=&#8221;0px||7vh||false|false&#8221; global_colors_info=&#8221;{}&#8221;][et_pb_column type=&#8221;4_4&#8243; _builder_version=&#8221;4.9.4&#8243; _module_preset=&#8221;default&#8221; background_color=&#8221;#FFFFFF&#8221; custom_padding=&#8221;0px||0px||true|false&#8221; global_colors_info=&#8221;{}&#8221;][et_pb_text _builder_version=&#8221;4.9.4&#8243; _module_preset=&#8221;default&#8221; text_font=&#8221;Nunito||||||||&#8221; text_text_color=&#8221;#000000&#8243; text_font_size=&#8221;16px&#8221; text_line_height=&#8221;1.8em&#8221; header_2_font_size=&#8221;24px&#8221; header_2_line_height=&#8221;1.3em&#8221; header_3_font=&#8221;Nunito|700|||||||&#8221; header_3_line_height=&#8221;1.3em&#8221; width=&#8221;75%&#8221; global_colors_info=&#8221;{}&#8221;]<\/p>\n<h2>Juridische vertalingen door professionele vertalers<br \/>\n<\/h2>\n<p>[\/et_pb_text][et_pb_text _builder_version=&#8221;4.9.4&#8243; _module_preset=&#8221;default&#8221; text_font=&#8221;Nunito||||||||&#8221; text_text_color=&#8221;#000000&#8243; text_font_size=&#8221;16px&#8221; text_line_height=&#8221;1.8em&#8221; width=&#8221;75%&#8221; global_colors_info=&#8221;{}&#8221;]<\/p>\n<p>Ons vertaalbureau vertaalt juridische teksten met de hulp van moedertaalsprekers uit en naar meer dan 30 talen. Wilt u een offerte voor een juridische vertaling? <span> <\/span><a href=\"https:\/\/sfx.be\/nl\/offerte\/\">Stuur ons nu uw bestand<\/a>. U ontvangt een gedetailleerde offerte binnen 24 uur na uw aanvraag! <\/p>\n<p>Onze offertes zijn afhankelijk van de moeilijkheidsgraad van de tekst, het aantal woorden, de taal en de termijn waarbinnen de vertaling klaar moet zijn.<\/p>\n<p>Alle door SFX uitgevoerde vertalingen <span>worden<\/span> <strong>grondig gereviseerd<\/strong> <span>om<\/span> er zeker van te zijn dat het document accuraat en grondig is ge\u00efnterpreteerd.<\/p>\n<p>[\/et_pb_text][\/et_pb_column][\/et_pb_row][\/et_pb_section][et_pb_section fb_built=&#8221;1&#8243; _builder_version=&#8221;4.9.4&#8243; _module_preset=&#8221;default&#8221; background_color=&#8221;#FFFFFF&#8221; width=&#8221;55%&#8221; width_tablet=&#8221;80%&#8221; width_phone=&#8221;&#8221; width_last_edited=&#8221;on|phone&#8221; module_alignment=&#8221;center&#8221; custom_margin=&#8221;6vh||15vh||false|false&#8221; border_radii=&#8221;on|3px|3px|3px|3px&#8221; box_shadow_style=&#8221;preset1&#8243; box_shadow_color=&#8221;rgba(0,0,0,0.06)&#8221; global_colors_info=&#8221;{}&#8221;][et_pb_row _builder_version=&#8221;4.9.4&#8243; _module_preset=&#8221;default&#8221; custom_padding=&#8221;0px||0px||false|false&#8221; global_colors_info=&#8221;{}&#8221;][et_pb_column type=&#8221;4_4&#8243; _builder_version=&#8221;4.9.4&#8243; _module_preset=&#8221;default&#8221; global_colors_info=&#8221;{}&#8221;][et_pb_text _builder_version=&#8221;4.14.4&#8243; _module_preset=&#8221;default&#8221; text_font=&#8221;Nunito|700|||||||&#8221; text_text_color=&#8221;#000000&#8243; text_font_size=&#8221;29px&#8221; text_line_height=&#8221;1.4em&#8221; text_orientation=&#8221;center&#8221; animation_style=&#8221;slide&#8221; animation_direction=&#8221;bottom&#8221; animation_intensity_slide=&#8221;10%&#8221; animation_speed_curve=&#8221;ease-out&#8221; hover_enabled=&#8221;0&#8243; global_colors_info=&#8221;{}&#8221; sticky_enabled=&#8221;0&#8243;]<\/p>\n<p>Wacht niet langer om professioneel werk te laten uitvoeren tegen de beste prijs. <span style=\"color: #8dc63f\"><\/span><\/p>\n<p>[\/et_pb_text][et_pb_button button_url=&#8221;@ET-DC@eyJkeW5hbWljIjp0cnVlLCJjb250ZW50IjoicG9zdF9saW5rX3VybF9wYWdlIiwic2V0dGluZ3MiOnsicG9zdF9pZCI6IjIxIn19@&#8221; button_text=&#8221;Gratis offerte&#8221; button_alignment=&#8221;center&#8221; _builder_version=&#8221;4.9.4&#8243; _dynamic_attributes=&#8221;button_url&#8221; _module_preset=&#8221;default&#8221; button_text_size=&#8221;26px&#8221; global_colors_info=&#8221;{}&#8221;][\/et_pb_button][\/et_pb_column][\/et_pb_row][\/et_pb_section]<\/p>\n","protected":false},"excerpt":{"rendered":"<p><div class=\"et_pb_module dsm_breadcrumbs dsm_breadcrumbs_0\">\n\t\t\t\t\n\t\t\t\t\n\t\t\t\t\n\t\t\t\t\n\t\t\t\t\n\t\t\t\t\n\t\t\t\t<div class=\"et_pb_module_inner\">\n\t\t\t\t\t<nav class=\"dsm_breadcrumbs_wrap\">\n\t\t\t\t<ul class=\"dsm_breadcrumbs\" itemscope itemtype=\"https:\/\/schema.org\/BreadcrumbList\">\t\t\t<li class=\"dsm_breadcrumbs_item dsm_home_item dsm_home_item_custom\" itemprop=\"itemListElement\" itemscope\n\t\t\titemtype=\"https:\/\/schema.org\/ListItem\">\n\t\t\t\t<a href=\"https:\/\/sfx.be\/nl\/\" itemprop=\"item\" target=\"\">\n\t\t\t\t\t<span class='dsm_home_text_wrapper'>\n\t\t\t\t\t\t\t\t\t\t\t\t\t<span class=\"et-pb-icon dsm_home_icon\">\ue009<\/span>\n\t\t\t\t\t\t\t\t\t\t\t\t\t<span class=\"dsm_home_text\" itemprop=\"name\">\n\t\t\t\t\t\t\t\tHome\t\t\t\t\t\t\t<\/span>\n\t\t\t\t\t<\/span>\n\t\t\t\t<\/a>\n\t\t\t\t<meta itemprop=\"position\" content=\"1\" \/>\n\t\t\t<\/li>\n\n\t\t<li class=\"dsm_breadcrumbs_separator\"> <span class=\"et-pb-icon dsm_separator_icon\">5<\/span><\/li><\/ul>\n\t\t\t<\/nav>\n\t\t\t\t<\/div>\n\t\t\t<\/div>Be\u00ebdigde vertalingen in LuikBent u op zoek naar een professionele vertaler voor uw juridische, technische, commerci\u00eble of offici\u00eble documenten van of naar het Frans, Nederlands, Spaans, Engels, Russisch, Chinees, Italiaans, Zweeds, Arabisch, Portugees, Roemeens of een andere taal? Aarzel niet om rechtstreeks contact op te nemen met ons vertaalbureau.Be\u00ebdigde en juridische vertalingen voor particulieren en bedrijven We verzorgen vertalingen voor bedrijven en particulieren dankzij onze nauwe samenwerking met talrijke professionele vertalers. Een greep uit de documenten die we regelmatig vertalen: Huurovereenkomsten Vonnissen Expertiseverslagen Arbeidsovereenkomsten Octrooien Huwelijksakten Contracten Loonstrookjes Algemene voorwaarden &nbsp; Werkattesten Vastgoedcontracten Asielaanvragen Immigratieaanvragen Diploma\u2019s Erfenissen Rechterlijke bevelen Legaten Gerechtelijke beschikkingen Overlijdensakten Geboorteakten Notari\u00eble akten Dagvaardingen Verzekeringen Verblijfsvergunningen Verblijfskaarten Bewonerskaarten Identiteitskaarten &nbsp; Naturalisaties Paspoorten Rijbewijzen Adoptieprocedures Gerechtelijke procedures Politieverslagen Successies Testamenten Vertalingen door erkende vertalers Juridische vertalingen door professionele vertalers Ons vertaalbureau vertaalt juridische teksten met de hulp van moedertaalsprekers uit en naar meer dan 30 talen. Wilt u een offerte voor een juridische vertaling? Stuur ons nu uw bestand. U ontvangt een gedetailleerde offerte binnen 24 uur na uw aanvraag! Onze offertes zijn afhankelijk van de moeilijkheidsgraad van de tekst, het aantal woorden, de taal en de termijn [&hellip;]<\/p>\n","protected":false},"author":1,"featured_media":0,"parent":751,"menu_order":0,"comment_status":"closed","ping_status":"closed","template":"","meta":{"_et_pb_use_builder":"on","_et_pb_old_content":"","_et_gb_content_width":"","inline_featured_image":false,"footnotes":""},"class_list":["post-918","page","type-page","status-publish","hentry"],"yoast_head":"<!-- This site is optimized with the Yoast SEO plugin v27.3 - https:\/\/yoast.com\/product\/yoast-seo-wordpress\/ -->\n<title>Wettelijke vermeldingen - SFX<\/title>\n<meta name=\"robots\" content=\"index, follow, max-snippet:-1, max-image-preview:large, max-video-preview:-1\" \/>\n<link rel=\"canonical\" href=\"https:\/\/sfx.be\/nl\/technisch\/wettelijke-vermeldingen\/\" \/>\n<meta property=\"og:locale\" content=\"nl_NL\" \/>\n<meta property=\"og:type\" content=\"article\" \/>\n<meta property=\"og:title\" content=\"Wettelijke vermeldingen - SFX\" \/>\n<meta property=\"og:description\" content=\"Be\u00ebdigde vertalingen in LuikBent u op zoek naar een professionele vertaler voor uw juridische, technische, commerci\u00eble of offici\u00eble documenten van of naar het Frans, Nederlands, Spaans, Engels, Russisch, Chinees, Italiaans, Zweeds, Arabisch, Portugees, Roemeens of een andere taal? Aarzel niet om rechtstreeks contact op te nemen met ons vertaalbureau.Be\u00ebdigde en juridische vertalingen voor particulieren en bedrijven We verzorgen vertalingen voor bedrijven en particulieren dankzij onze nauwe samenwerking met talrijke professionele vertalers. Een greep uit de documenten die we regelmatig vertalen: Huurovereenkomsten Vonnissen Expertiseverslagen Arbeidsovereenkomsten Octrooien Huwelijksakten Contracten Loonstrookjes Algemene voorwaarden &nbsp; Werkattesten Vastgoedcontracten Asielaanvragen Immigratieaanvragen Diploma\u2019s Erfenissen Rechterlijke bevelen Legaten Gerechtelijke beschikkingen Overlijdensakten Geboorteakten Notari\u00eble akten Dagvaardingen Verzekeringen Verblijfsvergunningen Verblijfskaarten Bewonerskaarten Identiteitskaarten &nbsp; Naturalisaties Paspoorten Rijbewijzen Adoptieprocedures Gerechtelijke procedures Politieverslagen Successies Testamenten Vertalingen door erkende vertalers Juridische vertalingen door professionele vertalers Ons vertaalbureau vertaalt juridische teksten met de hulp van moedertaalsprekers uit en naar meer dan 30 talen. Wilt u een offerte voor een juridische vertaling? Stuur ons nu uw bestand. U ontvangt een gedetailleerde offerte binnen 24 uur na uw aanvraag! Onze offertes zijn afhankelijk van de moeilijkheidsgraad van de tekst, het aantal woorden, de taal en de termijn [&hellip;]\" \/>\n<meta property=\"og:url\" content=\"https:\/\/sfx.be\/nl\/technisch\/wettelijke-vermeldingen\/\" \/>\n<meta property=\"og:site_name\" content=\"SFX\" \/>\n<meta property=\"article:modified_time\" content=\"2022-03-30T08:36:49+00:00\" \/>\n<meta name=\"twitter:card\" content=\"summary_large_image\" \/>\n<meta name=\"twitter:label1\" content=\"Geschatte leestijd\" \/>\n\t<meta name=\"twitter:data1\" content=\"5 minuten\" \/>\n<!-- \/ Yoast SEO plugin. -->","yoast_head_json":{"title":"Wettelijke vermeldingen - SFX","robots":{"index":"index","follow":"follow","max-snippet":"max-snippet:-1","max-image-preview":"max-image-preview:large","max-video-preview":"max-video-preview:-1"},"canonical":"https:\/\/sfx.be\/nl\/technisch\/wettelijke-vermeldingen\/","og_locale":"nl_NL","og_type":"article","og_title":"Wettelijke vermeldingen - SFX","og_description":"Be\u00ebdigde vertalingen in LuikBent u op zoek naar een professionele vertaler voor uw juridische, technische, commerci\u00eble of offici\u00eble documenten van of naar het Frans, Nederlands, Spaans, Engels, Russisch, Chinees, Italiaans, Zweeds, Arabisch, Portugees, Roemeens of een andere taal? Aarzel niet om rechtstreeks contact op te nemen met ons vertaalbureau.Be\u00ebdigde en juridische vertalingen voor particulieren en bedrijven We verzorgen vertalingen voor bedrijven en particulieren dankzij onze nauwe samenwerking met talrijke professionele vertalers. Een greep uit de documenten die we regelmatig vertalen: Huurovereenkomsten Vonnissen Expertiseverslagen Arbeidsovereenkomsten Octrooien Huwelijksakten Contracten Loonstrookjes Algemene voorwaarden &nbsp; Werkattesten Vastgoedcontracten Asielaanvragen Immigratieaanvragen Diploma\u2019s Erfenissen Rechterlijke bevelen Legaten Gerechtelijke beschikkingen Overlijdensakten Geboorteakten Notari\u00eble akten Dagvaardingen Verzekeringen Verblijfsvergunningen Verblijfskaarten Bewonerskaarten Identiteitskaarten &nbsp; Naturalisaties Paspoorten Rijbewijzen Adoptieprocedures Gerechtelijke procedures Politieverslagen Successies Testamenten Vertalingen door erkende vertalers Juridische vertalingen door professionele vertalers Ons vertaalbureau vertaalt juridische teksten met de hulp van moedertaalsprekers uit en naar meer dan 30 talen. Wilt u een offerte voor een juridische vertaling? Stuur ons nu uw bestand. U ontvangt een gedetailleerde offerte binnen 24 uur na uw aanvraag! Onze offertes zijn afhankelijk van de moeilijkheidsgraad van de tekst, het aantal woorden, de taal en de termijn [&hellip;]","og_url":"https:\/\/sfx.be\/nl\/technisch\/wettelijke-vermeldingen\/","og_site_name":"SFX","article_modified_time":"2022-03-30T08:36:49+00:00","twitter_card":"summary_large_image","twitter_misc":{"Geschatte leestijd":"5 minuten"},"schema":{"@context":"https:\/\/schema.org","@graph":[{"@type":"WebPage","@id":"https:\/\/sfx.be\/nl\/technisch\/wettelijke-vermeldingen\/","url":"https:\/\/sfx.be\/nl\/technisch\/wettelijke-vermeldingen\/","name":"Wettelijke vermeldingen - SFX","isPartOf":{"@id":"https:\/\/sfx.be\/en\/#website"},"datePublished":"2022-01-14T14:11:42+00:00","dateModified":"2022-03-30T08:36:49+00:00","breadcrumb":{"@id":"https:\/\/sfx.be\/nl\/technisch\/wettelijke-vermeldingen\/#breadcrumb"},"inLanguage":"nl-NL","potentialAction":[{"@type":"ReadAction","target":["https:\/\/sfx.be\/nl\/technisch\/wettelijke-vermeldingen\/"]}]},{"@type":"BreadcrumbList","@id":"https:\/\/sfx.be\/nl\/technisch\/wettelijke-vermeldingen\/#breadcrumb","itemListElement":[{"@type":"ListItem","position":1,"name":"Accueil","item":"https:\/\/sfx.be\/nl\/"},{"@type":"ListItem","position":2,"name":"Technisch","item":"https:\/\/sfx.be\/nl\/technisch\/"},{"@type":"ListItem","position":3,"name":"Wettelijke vermeldingen"}]},{"@type":"WebSite","@id":"https:\/\/sfx.be\/en\/#website","url":"https:\/\/sfx.be\/en\/","name":"SFX","description":"Agence de traduction multilingue","potentialAction":[{"@type":"SearchAction","target":{"@type":"EntryPoint","urlTemplate":"https:\/\/sfx.be\/en\/?s={search_term_string}"},"query-input":{"@type":"PropertyValueSpecification","valueRequired":true,"valueName":"search_term_string"}}],"inLanguage":"nl-NL"}]}},"_links":{"self":[{"href":"https:\/\/sfx.be\/nl\/wp-json\/wp\/v2\/pages\/918","targetHints":{"allow":["GET"]}}],"collection":[{"href":"https:\/\/sfx.be\/nl\/wp-json\/wp\/v2\/pages"}],"about":[{"href":"https:\/\/sfx.be\/nl\/wp-json\/wp\/v2\/types\/page"}],"author":[{"embeddable":true,"href":"https:\/\/sfx.be\/nl\/wp-json\/wp\/v2\/users\/1"}],"replies":[{"embeddable":true,"href":"https:\/\/sfx.be\/nl\/wp-json\/wp\/v2\/comments?post=918"}],"version-history":[{"count":11,"href":"https:\/\/sfx.be\/nl\/wp-json\/wp\/v2\/pages\/918\/revisions"}],"predecessor-version":[{"id":1099,"href":"https:\/\/sfx.be\/nl\/wp-json\/wp\/v2\/pages\/918\/revisions\/1099"}],"up":[{"embeddable":true,"href":"https:\/\/sfx.be\/nl\/wp-json\/wp\/v2\/pages\/751"}],"wp:attachment":[{"href":"https:\/\/sfx.be\/nl\/wp-json\/wp\/v2\/media?parent=918"}],"curies":[{"name":"wp","href":"https:\/\/api.w.org\/{rel}","templated":true}]}}